{"id":17700,"date":"2019-05-10T14:40:15","date_gmt":"2019-05-10T14:40:15","guid":{"rendered":"https:\/\/somme.com\/home\/"},"modified":"2021-09-23T14:50:59","modified_gmt":"2021-09-23T14:50:59","slug":"dosenverschliessmaschinen-jk-somme","status":"publish","type":"page","link":"https:\/\/somme.com\/de\/","title":{"rendered":"STARTSEITE"},"content":{"rendered":"<section class=\"l-section wpb_row height_auto\"><div class=\"l-section-h i-cf\"><div class=\"g-cols vc_row type_default valign_top\"><div class=\"vc_col-sm-12 wpb_column vc_column_container\"><div class=\"vc_column-inner\"><div class=\"wpb_wrapper\">[rev_slider_vc alias=&#8221;inicio-aleman&#8221;]<\/div><\/div><\/div><\/div><\/div><\/section><section class=\"l-section wpb_row height_auto\"><div class=\"l-section-h i-cf\" style=\"padding-top: 70px !important;\"><div class=\"g-cols vc_row type_default valign_top\"><div class=\"vc_col-sm-4 wpb_column vc_column_container\"><div class=\"vc_column-inner\"><div class=\"wpb_wrapper\"><div class=\"w-iconbox iconpos_top style_outlined color_primary align_center no_title no_text icontype_img\"><a class=\"w-iconbox-link\" href=\"https:\/\/somme.com\/de\/dosenverschliessautomaten\/\" rel=\"noopener nofollow\" aria-hidden=\"true\"><div class=\"w-iconbox-icon\" style=\"font-size:3rem;\"><img width=\"650\" height=\"455\" src=\"https:\/\/somme.com\/wp-content\/uploads\/2019\/08\/lata-1.png\" class=\"attachment-full size-full\" alt=\"\" loading=\"lazy\" srcset=\"https:\/\/somme.com\/wp-content\/uploads\/2019\/08\/lata-1.png 650w, https:\/\/somme.com\/wp-content\/uploads\/2019\/08\/lata-1-300x210.png 300w\" sizes=\"(max-width: 650px) 100vw, 650px\" \/><\/div><\/a><div class=\"w-iconbox-meta\"><\/div><\/div><div class=\"w-separator size_small\"><\/div>\r\n\t<div class=\"wpb_text_column \">\r\n\t\t<div class=\"wpb_wrapper\">\r\n\t\t\t<div id=\"comp-it5ljz67\" class=\"txtNew\" data-packed=\"true\">\n<h2 style=\"text-align: center;\"><strong><span style=\"font-size: 18pt;\">UN<\/span><\/strong><strong><span style=\"font-size: 18pt;\">RUNDE DOSEN<\/span><\/strong><strong><span style=\"font-size: 18pt;\">VERSCHLUSSMASCHINE<\/span><\/strong><\/h2>\n<\/div>\n\r\n\t\t<\/div>\r\n\t<\/div>\r\n<div class=\"w-separator size_small\"><\/div>\r\n\t<div class=\"wpb_text_column \">\r\n\t\t<div class=\"wpb_wrapper\">\r\n\t\t\t<div id=\"comp-it5ljz67\" class=\"txtNew\" data-packed=\"true\">\n<p style=\"text-align: justify;\"><span style=\"color: #999999;\">Die Verschlie\u00dfmaschinen f\u00fcr unrunde Dosen von JK Somme sind f\u00fcr Fisch-, Fleisch- und Gem\u00fcsekonservenhersteller weltweit zur ersten Wahl geworden.<\/span><\/p>\n<\/div>\n\r\n\t\t<\/div>\r\n\t<\/div>\r\n<\/div><\/div><\/div><div class=\"vc_col-sm-4 wpb_column vc_column_container\"><div class=\"vc_column-inner\"><div class=\"wpb_wrapper\"><div class=\"w-iconbox iconpos_top style_outlined color_secondary align_center no_title no_text icontype_img\"><a class=\"w-iconbox-link\" href=\"https:\/\/somme.com\/de\/dosenverschliessautomaten\/\" rel=\"noopener nofollow\" aria-hidden=\"true\"><div class=\"w-iconbox-icon\" style=\"font-size:3rem;\"><img width=\"512\" height=\"512\" src=\"https:\/\/somme.com\/wp-content\/uploads\/2019\/10\/alimentos-enlatados-1.png\" class=\"attachment-full size-full\" alt=\"\" loading=\"lazy\" srcset=\"https:\/\/somme.com\/wp-content\/uploads\/2019\/10\/alimentos-enlatados-1.png 512w, https:\/\/somme.com\/wp-content\/uploads\/2019\/10\/alimentos-enlatados-1-150x150.png 150w, https:\/\/somme.com\/wp-content\/uploads\/2019\/10\/alimentos-enlatados-1-300x300.png 300w\" sizes=\"(max-width: 512px) 100vw, 512px\" \/><\/div><\/a><div class=\"w-iconbox-meta\"><\/div><\/div><div class=\"w-separator size_small\"><\/div>\r\n\t<div class=\"wpb_text_column \">\r\n\t\t<div class=\"wpb_wrapper\">\r\n\t\t\t<div id=\"comp-ite5cn8c\" class=\"txtNew\" data-packed=\"true\">\n<h2 style=\"text-align: center;\"><strong><span style=\"font-size: 18pt;\">RUNDE DOSEN<\/span><\/strong><strong><span style=\"font-size: 18pt;\">VERSCHLUSSMASCHINE<\/span><\/strong><\/h2>\n<\/div>\n\r\n\t\t<\/div>\r\n\t<\/div>\r\n<div class=\"w-separator size_small\"><\/div>\r\n\t<div class=\"wpb_text_column \">\r\n\t\t<div class=\"wpb_wrapper\">\r\n\t\t\t<div id=\"comp-ite5cn8c\" class=\"txtNew\" data-packed=\"true\">\n<p class=\"font_6\" style=\"text-align: justify;\"><span style=\"color: #999999;\">Die Kombination aus hoher Effizienz, Flexibilit\u00e4t und optimierter Leistung gibt den Verschlie\u00dfmaschinen f\u00fcr runde Dosen von JK Somme einen sicheren Wert.<\/span><\/p>\n<\/div>\n\r\n\t\t<\/div>\r\n\t<\/div>\r\n<\/div><\/div><\/div><div class=\"vc_col-sm-4 wpb_column vc_column_container\"><div class=\"vc_column-inner\"><div class=\"wpb_wrapper\"><div class=\"w-iconbox iconpos_top style_outlined color_secondary align_center no_title icontype_img\"><a class=\"w-iconbox-link\" href=\"https:\/\/somme.com\/de\/dosenverschliessautomaten\/\" rel=\"noopener nofollow\" aria-hidden=\"true\"><div class=\"w-iconbox-icon\" style=\"font-size:3rem;\"><img width=\"512\" height=\"512\" src=\"https:\/\/somme.com\/wp-content\/uploads\/2019\/10\/medir.png\" class=\"attachment-full size-full\" alt=\"\" loading=\"lazy\" srcset=\"https:\/\/somme.com\/wp-content\/uploads\/2019\/10\/medir.png 512w, https:\/\/somme.com\/wp-content\/uploads\/2019\/10\/medir-150x150.png 150w, https:\/\/somme.com\/wp-content\/uploads\/2019\/10\/medir-300x300.png 300w\" sizes=\"(max-width: 512px) 100vw, 512px\" \/><\/div><\/a><div class=\"w-iconbox-meta\"><div class=\"w-iconbox-text\"><div id=\"comp-ite5d54o\" class=\"txtNew\" data-packed=\"true\">\n<h6 class=\"font_6\"><\/h6>\n<\/div>\n<div id=\"comp-jta5irqa\" class=\"txtNew\" data-packed=\"false\" data-min-height=\"34\">\n<p class=\"font_9\">\n<\/div>\n<\/div><\/div><\/div><div class=\"w-separator size_small\"><\/div>\r\n\t<div class=\"wpb_text_column \">\r\n\t\t<div class=\"wpb_wrapper\">\r\n\t\t\t<div id=\"comp-ite5d54o\" class=\"txtNew\" data-packed=\"true\">\n<h2 style=\"text-align: center;\"><strong><span style=\"font-size: 18pt;\">VAKUUM-DOSENVERSCHLUSSMASCHINE<\/span><\/strong><\/h2>\n<\/div>\n\r\n\t\t<\/div>\r\n\t<\/div>\r\n<div class=\"w-separator size_small\"><\/div>\r\n\t<div class=\"wpb_text_column \">\r\n\t\t<div class=\"wpb_wrapper\">\r\n\t\t\t<div id=\"comp-ite5d54o\" class=\"txtNew\" data-packed=\"true\">\n<p class=\"font_6\" style=\"text-align: justify;\"><span style=\"color: #999999;\">Unser Ingenieurteam arbeitet zur Zeit am revolution\u00e4ren Konzept einer Verschlie\u00dfmaschine f\u00fcr Dosen unter mechanischem Vakuum.<\/span><\/p>\n<\/div>\n\r\n\t\t<\/div>\r\n\t<\/div>\r\n<\/div><\/div><\/div><\/div><\/div><\/section><section class=\"l-section wpb_row height_auto\"><div class=\"l-section-h i-cf\" style=\"padding-top: 20px !important;padding-bottom: 70px !important;\"><div class=\"g-cols vc_row type_default valign_top\"><div class=\"vc_col-sm-4 vc_hidden-md vc_hidden-sm vc_hidden-xs wpb_column vc_column_container\"><div class=\"vc_column-inner\"><div class=\"wpb_wrapper\"><div class=\"w-btn-wrapper width_auto align_center\"><a class=\"w-btn us-btn-style_3\" href=\"https:\/\/somme.com\/de\/dosenverschliessautomaten\/\" target=\"_blank\" rel=\"noopener\" style=\"font-size:13px;\"><span class=\"w-btn-label\">MEHR INFORMATIONEN<\/span><\/a><\/div><\/div><\/div><\/div><div class=\"vc_col-sm-4 vc_hidden-md vc_hidden-sm vc_hidden-xs wpb_column vc_column_container\"><div class=\"vc_column-inner\"><div class=\"wpb_wrapper\"><div class=\"w-btn-wrapper width_auto align_center\"><a class=\"w-btn us-btn-style_3\" href=\"https:\/\/somme.com\/de\/dosenverschliessautomaten\/\" target=\"_blank\" rel=\"noopener\" style=\"font-size:13px;\"><span class=\"w-btn-label\">MEHR INFORMATIONEN<\/span><\/a><\/div><\/div><\/div><\/div><div class=\"vc_col-sm-4 vc_hidden-md vc_hidden-sm vc_hidden-xs wpb_column vc_column_container\"><div class=\"vc_column-inner\"><div class=\"wpb_wrapper\"><div class=\"w-btn-wrapper width_auto align_center\"><a class=\"w-btn us-btn-style_3\" href=\"https:\/\/somme.com\/de\/dosenverschliessautomaten\/\" target=\"_blank\" rel=\"noopener\" style=\"font-size:13px;\"><span class=\"w-btn-label\">MEHR INFORMATIONEN<\/span><\/a><\/div><\/div><\/div><\/div><\/div><\/div><\/section><section class=\"l-section wpb_row height_auto color_secondary\"><div class=\"l-section-h i-cf\"><div class=\"g-cols vc_row type_default valign_top\"><div class=\"vc_col-sm-12 wpb_column vc_column_container\"><div class=\"vc_column-inner\"><div class=\"wpb_wrapper\"><div class=\"w-separator size_medium\"><\/div>\r\n\t<div class=\"wpb_text_column \">\r\n\t\t<div class=\"wpb_wrapper\">\r\n\t\t\t<div id=\"comp-iye9ckv0\" class=\"txtNew\" data-packed=\"true\">\n<h2 class=\"font_6\" style=\"text-align: center;\"><span style=\"color: #e8e8e8;\"><span style=\"vertical-align: inherit;\"><span style=\"vertical-align: inherit;\">BEREITS MEHR ALS <strong>6.000<\/strong> DOSENVERSCHLIE\u00dfMASCHINEN VON JK SOMME<\/span><\/span><\/span><\/h2>\n<\/div>\n\r\n\t\t<\/div>\r\n\t<\/div>\r\n<div class=\"w-separator size_small\"><\/div>\r\n\t<div class=\"wpb_text_column \">\r\n\t\t<div class=\"wpb_wrapper\">\r\n\t\t\t<p class=\"font_6\" style=\"text-align: center;\"><span style=\"font-size: 18pt; color: #e8e8e8;\">die weltweit zur h\u00f6chsten Zufriedenheit arbeiten<\/span><\/p>\n\r\n\t\t<\/div>\r\n\t<\/div>\r\n<div class=\"w-image align_center\"><div class=\"w-image-h\"><img width=\"860\" height=\"525\" src=\"https:\/\/somme.com\/wp-content\/uploads\/2019\/11\/\u1109\u1166\u1100\u1168\u110c\u1175\u1103\u1169.png\" class=\"attachment-full size-full\" alt=\"\" loading=\"lazy\" srcset=\"https:\/\/somme.com\/wp-content\/uploads\/2019\/11\/\u1109\u1166\u1100\u1168\u110c\u1175\u1103\u1169.png 860w, https:\/\/somme.com\/wp-content\/uploads\/2019\/11\/\u1109\u1166\u1100\u1168\u110c\u1175\u1103\u1169-300x183.png 300w\" sizes=\"(max-width: 860px) 100vw, 860px\" \/><\/div><\/div><\/div><\/div><\/div><\/div><\/div><\/section><section class=\"l-section wpb_row height_medium color_custom with_img parallax_ver parallaxdir_reversed with_overlay\"><div class=\"l-section-img\" style=\"background-image: url(https:\/\/somme.com\/wp-content\/uploads\/2019\/08\/fn_somme_antiguo.jpg);background-repeat: no-repeat;\" data-img-width=\"1373\" data-img-height=\"390\"><\/div><div class=\"l-section-overlay\" style=\"background: rgba(255,255,255,0.4)\"><\/div><div class=\"l-section-h i-cf\"><div class=\"g-cols vc_row type_default valign_top\"><div class=\"vc_col-sm-12 wpb_column vc_column_container\"><div class=\"vc_column-inner\"><div class=\"wpb_wrapper\"><div class=\"g-cols wpb_row  type_default valign_top vc_inner  vc_custom_1565248752045\"><div class=\"vc_col-sm-12 wpb_column vc_column_container\"><div class=\"vc_column-inner\"><div class=\"wpb_wrapper\">\r\n\t<div class=\"wpb_text_column  vc_custom_1626862618612\">\r\n\t\t<div class=\"wpb_wrapper\">\r\n\t\t\t<h1 class=\"font_0\" style=\"text-align: center;\"><span style=\"color: #2b65a5;\">DOSENVERSCHLUSSMASCHINE <strong>SEIT<\/strong>\u00a0<strong>1905<\/strong><\/span><\/h1>\n\r\n\t\t<\/div>\r\n\t<\/div>\r\n<div class=\"w-separator size_medium\"><\/div><div class=\"w-image align_center\"><div class=\"w-image-h\"><img width=\"469\" height=\"244\" src=\"https:\/\/somme.com\/wp-content\/uploads\/2019\/07\/somme.png\" class=\"attachment-large size-large\" alt=\"Somme can seamers history\" loading=\"lazy\" srcset=\"https:\/\/somme.com\/wp-content\/uploads\/2019\/07\/somme.png 469w, https:\/\/somme.com\/wp-content\/uploads\/2019\/07\/somme-300x156.png 300w\" sizes=\"(max-width: 469px) 100vw, 469px\" \/><\/div><\/div><\/div><\/div><\/div><\/div><div class=\"g-cols wpb_row  type_default valign_top vc_inner  vc_custom_1565248787764\"><div class=\"vc_col-sm-4 wpb_column vc_column_container\"><div class=\"vc_column-inner\"><div class=\"wpb_wrapper\"><div class=\"w-iconbox iconpos_top style_default color_secondary align_center no_title no_text icontype_img\"><a class=\"w-iconbox-link\" href=\"#first\" aria-hidden=\"true\"><div class=\"w-iconbox-icon\" style=\"font-size:70px;\"><img width=\"413\" height=\"296\" src=\"https:\/\/somme.com\/wp-content\/uploads\/2019\/07\/libro.png\" class=\"attachment-full size-full\" alt=\"\" loading=\"lazy\" srcset=\"https:\/\/somme.com\/wp-content\/uploads\/2019\/07\/libro.png 413w, https:\/\/somme.com\/wp-content\/uploads\/2019\/07\/libro-300x215.png 300w\" sizes=\"(max-width: 413px) 100vw, 413px\" \/><\/div><\/a><div class=\"w-iconbox-meta\"><\/div><\/div><div class=\"w-separator size_small\"><\/div>\r\n\t<div class=\"wpb_text_column \">\r\n\t\t<div class=\"wpb_wrapper\">\r\n\t\t\t<div id=\"comp-it5ljz67\" class=\"txtNew\" data-packed=\"true\">\n<p style=\"text-align: center;\"><span style=\"color: #2b65a5; font-size: 14pt;\">GESCHICHTE<\/span><\/p>\n<\/div>\n\r\n\t\t<\/div>\r\n\t<\/div>\r\n<div class=\"w-separator size_small\"><\/div>\r\n\t<div class=\"wpb_text_column \">\r\n\t\t<div class=\"wpb_wrapper\">\r\n\t\t\t<div id=\"comp-it5ljz67\" class=\"txtNew\" data-packed=\"true\">\n<p class=\"font_6\" style=\"text-align: justify;\"><span style=\"color: #2b65a5;\"><strong>Norwegisches Familienunternehmen<\/strong>,<\/span> <span style=\"color: #999999;\">das seine T\u00e4tigkeit vor mehr als hundert Jahren in der spanischen Stadt Bilbao begann. Kreativit\u00e4t war immer schon eine tragende S\u00e4ule, die zur Herstellung jeder Art von Industriemaschinen f\u00fchrte. Schlie\u00dflich spezialisierten wir uns auf Dosenverschlussmaschinen und wurden damit weltweit bekannt.<\/span><\/p>\n<\/div>\n\r\n\t\t<\/div>\r\n\t<\/div>\r\n<\/div><\/div><\/div><div class=\"vc_col-sm-4 wpb_column vc_column_container\"><div class=\"vc_column-inner\"><div class=\"wpb_wrapper\"><div class=\"w-iconbox iconpos_top style_default color_secondary align_center no_title no_text\"><a class=\"w-iconbox-link\" href=\"#second\" aria-hidden=\"true\"><div class=\"w-iconbox-icon\" style=\"font-size:3.3rem;\"><i class=\"fal fa-pen-nib\"><\/i><\/div><\/a><div class=\"w-iconbox-meta\"><\/div><\/div><div class=\"w-separator size_small\"><\/div>\r\n\t<div class=\"wpb_text_column \">\r\n\t\t<div class=\"wpb_wrapper\">\r\n\t\t\t<div id=\"comp-ite5cn8c\" class=\"txtNew\" data-packed=\"true\">\n<p style=\"text-align: center;\"><span style=\"color: #2b65a5; font-size: 14pt;\">KUNDENDIENST<\/span><\/p>\n<\/div>\n\r\n\t\t<\/div>\r\n\t<\/div>\r\n<div class=\"w-separator size_small\"><\/div>\r\n\t<div class=\"wpb_text_column \">\r\n\t\t<div class=\"wpb_wrapper\">\r\n\t\t\t<div id=\"comp-ite5cn8c\" class=\"txtNew\" data-packed=\"true\">\n<p style=\"text-align: justify;\"><span style=\"color: #999999;\">JK Somme bietet seinen Kunden nicht nur moderne, robuste Dosenverschlie\u00dfmaschinen, sondern auch einen<\/span>\u00a0<span style=\"color: #447ab8;\"><strong>effizienten Kundendienst<\/strong><\/span>,\u00a0<span style=\"color: #999999;\">der viel mehr als nur ein Reparaturservice ist. Wir zeichnen uns als Spezialisten f\u00fcr Ferndiagnose, schnellen Versand von Ersatzteilen und Schulung f\u00fcr Mechaniker und Instandhaltungspersonal aus.<\/span><\/p>\n<\/div>\n\r\n\t\t<\/div>\r\n\t<\/div>\r\n<\/div><\/div><\/div><div class=\"vc_col-sm-4 wpb_column vc_column_container\"><div class=\"vc_column-inner\"><div class=\"wpb_wrapper\"><div class=\"w-iconbox iconpos_top style_default color_secondary align_center no_title\"><a class=\"w-iconbox-link\" href=\"#third\" aria-hidden=\"true\"><div class=\"w-iconbox-icon\" style=\"font-size:3.3rem;\"><i class=\"fal fa-wrench\"><\/i><\/div><\/a><div class=\"w-iconbox-meta\"><div class=\"w-iconbox-text\"><div id=\"comp-ite5d54o\" class=\"txtNew\" data-packed=\"true\">\n<h6 class=\"font_6\"><\/h6>\n<\/div>\n<div id=\"comp-jta5irqa\" class=\"txtNew\" data-packed=\"false\" data-min-height=\"34\">\n<p class=\"font_9\">\n<\/div>\n<\/div><\/div><\/div><div class=\"w-separator size_small\"><\/div>\r\n\t<div class=\"wpb_text_column \">\r\n\t\t<div class=\"wpb_wrapper\">\r\n\t\t\t<div id=\"comp-ite5d54o\" class=\"txtNew\" data-packed=\"true\">\n<p style=\"text-align: center;\"><span style=\"color: #2b65a5; font-size: 14pt;\">FERTIGUNG<\/span><\/p>\n<\/div>\n\r\n\t\t<\/div>\r\n\t<\/div>\r\n<div class=\"w-separator size_small\"><\/div>\r\n\t<div class=\"wpb_text_column \">\r\n\t\t<div class=\"wpb_wrapper\">\r\n\t\t\t<div id=\"comp-ite5d54o\" class=\"txtNew\" data-packed=\"true\">\n<p style=\"text-align: justify;\"><span style=\"color: #447ab8;\"><strong>Wir fertigen Dosenverschlie\u00dfmaschinen in Serie<\/strong>.<\/span>\u00a0<span style=\"color: #999999;\">Es gibt keine robotergest\u00fctzte Montagelinie: Der Prozess ist aufw\u00e4ndig und manuell. Er l\u00e4sst sich mit dem Zusammenbau einer Schweizer Uhr vergleichen, der der Handwerker nach ihrer Fertigstellung seinen Stempel aufdr\u00fcckt.<\/span><\/p>\n<\/div>\n\r\n\t\t<\/div>\r\n\t<\/div>\r\n<\/div><\/div><\/div><\/div><\/div><\/div><\/div><\/div><\/div><\/section><section class=\"l-section wpb_row height_auto width_full color_custom with_img\" style=\"background: #2b65a5;\"><div class=\"l-section-img\" style=\"background-image: url(https:\/\/somme.com\/wp-content\/uploads\/2019\/10\/equipo-expertos-fondo-1024x219.png);background-repeat: no-repeat;background-size: contain;\" data-img-width=\"1024\" data-img-height=\"194\"><\/div><div class=\"l-section-h i-cf\"><div class=\"g-cols vc_row type_default valign_top\"><div class=\"vc_col-sm-12 vc_hidden-md vc_hidden-sm vc_hidden-xs wpb_column vc_column_container has-fill\"><div class=\"vc_column-inner  vc_custom_1572870273017\"><div class=\"wpb_wrapper\"><div class=\"w-separator size_medium\"><\/div><div class=\"w-separator size_medium\"><\/div><div class=\"w-separator size_huge\"><\/div>\r\n\t<div class=\"wpb_text_column \">\r\n\t\t<div class=\"wpb_wrapper\">\r\n\t\t\t<p style=\"text-align: center;\"><strong><span style=\"color: #f5f5f5; font-size: 18pt;\">Sie m\u00f6chten mit einem Experten sprechen?<\/span><\/strong><\/p>\n\r\n\t\t<\/div>\r\n\t<\/div>\r\n<div class=\"w-separator size_small\"><\/div><div class=\"w-btn-wrapper width_auto align_center\"><a class=\"w-btn us-btn-style_7 icon_atleft\" href=\"https:\/\/somme.com\/de\/kontakt\/\" title=\"CONTACTO\"><i class=\"fas fa-envelope\"><\/i><span class=\"w-btn-label\">KONTAKTIEREN<\/span><\/a><\/div><\/div><\/div><\/div><\/div><\/div><\/section><section class=\"l-section wpb_row height_medium color_custom\" style=\"background: #ffffff;\"><div class=\"l-section-h i-cf\"><div class=\"g-cols vc_row type_default valign_top\"><div class=\"vc_col-sm-12 wpb_column vc_column_container\"><div class=\"vc_column-inner\"><div class=\"wpb_wrapper\">\r\n\t<div class=\"wpb_text_column \">\r\n\t\t<div class=\"wpb_wrapper\">\r\n\t\t\t<p class=\"font_2\" style=\"text-align: center;\"><span style=\"color: #2b65a6; font-size: 18pt;\">AKTUELLES<\/span><\/p>\n\r\n\t\t<\/div>\r\n\t<\/div>\r\n<div class=\"w-separator size_large\"><\/div><div class=\"w-grid type_grid layout_blog_10 cols_3 overflow_hidden\" id=\"us_grid_1\"><style id=\"us_grid_1_css\">#us_grid_1 .w-grid-item{padding:1.5rem}#us_grid_1 .w-grid-list{margin:-1.5rem}.w-grid + #us_grid_1 .w-grid-list{margin-top:1.5rem}.l-section.width_full>div>div>.vc_col-sm-12>div>div>#us_grid_1 .w-grid-list{margin-left:1.5rem;margin-right:1.5rem}.l-section.height_auto>div>div>.vc_col-sm-12>div>div>#us_grid_1:first-child .w-grid-list{margin-top:1.5rem}.l-section.height_auto>div>div>.vc_col-sm-12>div>div>#us_grid_1:last-child .w-grid-list{margin-bottom:1.5rem}@media (max-width:899px){#us_grid_1 .w-grid-item{width:50%}}@media (max-width:599px){#us_grid_1 .w-grid-list{margin:0}#us_grid_1 .w-grid-item{width:100%;padding:0;margin-bottom:1.5rem}}<\/style><style>#us_grid_1 .w-grid-item-h{background:#1e1e1e;border-radius:0.3rem;z-index:3;box-shadow:0 0.03rem 0.06rem rgba(0,0,0,0.1),0 0.10rem 0.30rem rgba(0,0,0,0.1);transition-duration:0.3s}.no-touch #us_grid_1 .w-grid-item-h:hover{box-shadow:0 0.12rem 0.24rem rgba(0,0,0,0.1),0 0.40rem 1.20rem rgba(0,0,0,0.15);z-index:4}#us_grid_1 .usg_post_image_1{}#us_grid_1 .usg_vwrapper_1{background:linear-gradient( transparent, rgba(30,30,30,0.8))}#us_grid_1 .usg_post_taxonomy_1{font-weight:700;text-transform:uppercase;font-size:10px}#us_grid_1 .usg_post_title_1{font-weight:700;font-size:1.4rem;color:#fff}@media (max-width:599px){#us_grid_1 .usg_post_title_1{font-size:1.2rem !important}}#us_grid_1 .usg_vwrapper_1{position:absolute;left:0;right:0;bottom:0;padding-top:4rem;padding-left:1.5rem;padding-right:1.5rem;padding-bottom:1.2rem}#us_grid_1 .usg_post_taxonomy_1{margin-bottom:0.5rem}<\/style><div class=\"w-grid-list\"><article class=\"w-grid-item ratio_1x1 size_1x1 post-18183 post type-post status-publish format-standard has-post-thumbnail hentry category-news-d37-de\" data-id=\"18183\">\r\n\t<div class=\"w-grid-item-h\">\r\n\t\t\t\t<div class=\"w-post-elm post_image usg_post_image_1 stretched\"><a href=\"https:\/\/somme.com\/de\/we-will-be-present-at-anuga-2019\/\" aria-label=\"WE WILL BE PRESENT AT ANUGA 2019\"><img width=\"815\" height=\"429\" src=\"https:\/\/somme.com\/wp-content\/uploads\/2019\/09\/post.jpg\" class=\"attachment-full size-full wp-post-image\" alt=\"\" loading=\"lazy\" srcset=\"https:\/\/somme.com\/wp-content\/uploads\/2019\/09\/post.jpg 815w, https:\/\/somme.com\/wp-content\/uploads\/2019\/09\/post-300x158.jpg 300w\" sizes=\"(max-width: 815px) 100vw, 815px\" \/><\/a><\/div><div class=\"w-vwrapper usg_vwrapper_1 align_left valign_top bg_gradient \"><div class=\"w-post-elm post_taxonomy usg_post_taxonomy_1 style_badge color_link_inherit\"><a class=\"w-btn us-btn-style_badge\" href=\"https:\/\/somme.com\/de\/category\/news-d37-de\/\">News<\/a><\/div><h2 class=\"w-post-elm post_title usg_post_title_1 with_text_color entry-title color_link_inherit\"><a href=\"https:\/\/somme.com\/de\/we-will-be-present-at-anuga-2019\/\">WE WILL BE PRESENT AT ANUGA 2019<\/a><\/h2><\/div>\t<\/div>\r\n<\/article>\r\n<article class=\"w-grid-item ratio_1x1 size_1x1 post-18186 post type-post status-publish format-standard has-post-thumbnail hentry category-news-d37-de\" data-id=\"18186\">\r\n\t<div class=\"w-grid-item-h\">\r\n\t\t\t\t<div class=\"w-post-elm post_image usg_post_image_1 stretched\"><a href=\"https:\/\/somme.com\/de\/exhibiting-at-iffa-frankfurt\/\" aria-label=\"EXHIBITING AT IFFA FRANKFURT\"><img width=\"815\" height=\"429\" src=\"https:\/\/somme.com\/wp-content\/uploads\/2019\/09\/Iffa-1.jpg\" class=\"attachment-full size-full wp-post-image\" alt=\"\" loading=\"lazy\" srcset=\"https:\/\/somme.com\/wp-content\/uploads\/2019\/09\/Iffa-1.jpg 815w, https:\/\/somme.com\/wp-content\/uploads\/2019\/09\/Iffa-1-300x158.jpg 300w\" sizes=\"(max-width: 815px) 100vw, 815px\" \/><\/a><\/div><div class=\"w-vwrapper usg_vwrapper_1 align_left valign_top bg_gradient \"><div class=\"w-post-elm post_taxonomy usg_post_taxonomy_1 style_badge color_link_inherit\"><a class=\"w-btn us-btn-style_badge\" href=\"https:\/\/somme.com\/de\/category\/news-d37-de\/\">News<\/a><\/div><h2 class=\"w-post-elm post_title usg_post_title_1 with_text_color entry-title color_link_inherit\"><a href=\"https:\/\/somme.com\/de\/exhibiting-at-iffa-frankfurt\/\">EXHIBITING AT IFFA FRANKFURT<\/a><\/h2><\/div>\t<\/div>\r\n<\/article>\r\n<article class=\"w-grid-item ratio_1x1 size_1x1 post-18190 post type-post status-publish format-standard has-post-thumbnail hentry category-news-d37-de category-news-de\" data-id=\"18190\">\r\n\t<div class=\"w-grid-item-h\">\r\n\t\t\t\t<div class=\"w-post-elm post_image usg_post_image_1 stretched\"><a href=\"https:\/\/somme.com\/de\/introducing-robot-round-can-seamer\/\" aria-label=\"INTRODUCING ROBOT ROUND CAN SEAMER\"><img width=\"815\" height=\"429\" src=\"https:\/\/somme.com\/wp-content\/uploads\/2019\/09\/post-2.jpg\" class=\"attachment-full size-full wp-post-image\" alt=\"\" loading=\"lazy\" srcset=\"https:\/\/somme.com\/wp-content\/uploads\/2019\/09\/post-2.jpg 815w, https:\/\/somme.com\/wp-content\/uploads\/2019\/09\/post-2-300x158.jpg 300w\" sizes=\"(max-width: 815px) 100vw, 815px\" \/><\/a><\/div><div class=\"w-vwrapper usg_vwrapper_1 align_left valign_top bg_gradient \"><div class=\"w-post-elm post_taxonomy usg_post_taxonomy_1 style_badge color_link_inherit\"><div class=\"w-post-elm-list\"><a class=\"w-btn us-btn-style_badge\" href=\"https:\/\/somme.com\/de\/category\/news-d37-de\/\">News<\/a><a class=\"w-btn us-btn-style_badge\" href=\"https:\/\/somme.com\/de\/category\/news-de\/\">News<\/a><\/div><\/div><h2 class=\"w-post-elm post_title usg_post_title_1 with_text_color entry-title color_link_inherit\"><a href=\"https:\/\/somme.com\/de\/introducing-robot-round-can-seamer\/\">INTRODUCING ROBOT ROUND CAN SEAMER<\/a><\/h2><\/div>\t<\/div>\r\n<\/article>\r\n<\/div>\t<div class=\"w-grid-json hidden\" onclick='return {&quot;ajax_url&quot;:&quot;https:\\\/\\\/somme.com\\\/wp-admin\\\/admin-ajax.php&quot;,&quot;permalink_url&quot;:&quot;https:\\\/\\\/somme.com\\\/de\\\/introducing-robot-round-can-seamer\\\/&quot;,&quot;action&quot;:&quot;us_ajax_grid&quot;,&quot;max_num_pages&quot;:1,&quot;infinite_scroll&quot;:0,&quot;template_vars&quot;:{&quot;query_args&quot;:{&quot;post_type&quot;:[&quot;post&quot;],&quot;post_status&quot;:[&quot;publish&quot;,&quot;acf-disabled&quot;],&quot;orderby&quot;:{&quot;date&quot;:&quot;DESC&quot;},&quot;posts_per_page&quot;:&quot;3&quot;},&quot;post_id&quot;:17700,&quot;us_grid_index&quot;:1,&quot;us_grid_ajax_index&quot;:1,&quot;exclude_items&quot;:&quot;none&quot;,&quot;items_offset&quot;:&quot;1&quot;,&quot;items_layout&quot;:&quot;blog_10&quot;,&quot;type&quot;:&quot;grid&quot;,&quot;columns&quot;:&quot;3&quot;,&quot;img_size&quot;:&quot;full&quot;,&quot;overriding_link&quot;:&quot;none&quot;,&quot;lang&quot;:&quot;de&quot;}}'><\/div>\r\n<\/div><\/div><\/div><\/div><\/div><\/div><\/section>\n","protected":false},"excerpt":{"rendered":"\/\/INTRODUCING ROBOT ROUND CAN SEAMER\/\/ JK SOMME is delighted to announce the commercial launch of the ROBOT round can seaming machine. This fully mechanical round can closer was designed having in mind modern canneries where stainless steel is a must have. It is ideal for special deli\/gourmet\/high-value canners demanding\u00a0a fully reliable seam\u00a0in small\u00a0batch productions. Main...","protected":false},"author":2,"featured_media":18977,"parent":0,"menu_order":0,"comment_status":"closed","ping_status":"closed","template":"","meta":{"sfsi_plus_gutenberg_text_before_share":"","sfsi_plus_gutenberg_show_text_before_share":"","sfsi_plus_gutenberg_icon_type":"","sfsi_plus_gutenberg_icon_alignemt":"","sfsi_plus_gutenburg_max_per_row":""},"_links":{"self":[{"href":"https:\/\/somme.com\/de\/wp-json\/wp\/v2\/pages\/17700"}],"collection":[{"href":"https:\/\/somme.com\/de\/wp-json\/wp\/v2\/pages"}],"about":[{"href":"https:\/\/somme.com\/de\/wp-json\/wp\/v2\/types\/page"}],"author":[{"embeddable":true,"href":"https:\/\/somme.com\/de\/wp-json\/wp\/v2\/users\/2"}],"replies":[{"embeddable":true,"href":"https:\/\/somme.com\/de\/wp-json\/wp\/v2\/comments?post=17700"}],"version-history":[{"count":15,"href":"https:\/\/somme.com\/de\/wp-json\/wp\/v2\/pages\/17700\/revisions"}],"predecessor-version":[{"id":18824,"href":"https:\/\/somme.com\/de\/wp-json\/wp\/v2\/pages\/17700\/revisions\/18824"}],"wp:featuredmedia":[{"embeddable":true,"href":"https:\/\/somme.com\/de\/wp-json\/wp\/v2\/media\/18977"}],"wp:attachment":[{"href":"https:\/\/somme.com\/de\/wp-json\/wp\/v2\/media?parent=17700"}],"curies":[{"name":"wp","href":"https:\/\/api.w.org\/{rel}","templated":true}]}}