{"id":18311,"date":"2015-12-28T15:09:36","date_gmt":"2015-12-28T15:09:36","guid":{"rendered":"https:\/\/somme.com\/unternehmen\/fabricacion\/"},"modified":"2020-07-16T13:09:11","modified_gmt":"2020-07-16T13:09:11","slug":"herstellungsprozess-einer-dosenverschliessmaschine-jk-somme","status":"publish","type":"page","link":"https:\/\/somme.com\/de\/unternehmen-jk-somme-dosenverschliessmaschinen\/herstellungsprozess-einer-dosenverschliessmaschine-jk-somme\/","title":{"rendered":"FERTIGUNG"},"content":{"rendered":"<section class=\"l-section wpb_row height_auto width_full parallax_ver\"><div class=\"l-section-h i-cf\"><div class=\"g-cols vc_row type_default valign_top\"><div class=\"vc_col-sm-12 wpb_column vc_column_container\"><div class=\"vc_column-inner\"><div class=\"wpb_wrapper\">[rev_slider_vc alias=&#8221;fabricacion&#8221;]<\/div><\/div><\/div><\/div><\/div><\/section><section class=\"l-section wpb_row height_auto color_custom\" style=\"background: #1c528b;\"><div class=\"l-section-h i-cf\"><div class=\"g-cols vc_row type_default valign_top\"><div class=\"vc_col-sm-12 wpb_column vc_column_container\"><div class=\"vc_column-inner\"><div class=\"wpb_wrapper\"><div class=\"g-cols wpb_row  type_default valign_top vc_inner \"><div class=\"vc_col-sm-12 wpb_column vc_column_container\"><div class=\"vc_column-inner\"><div class=\"wpb_wrapper\"><div class=\"w-separator size_medium\"><\/div>\r\n\t<div class=\"wpb_text_column \">\r\n\t\t<div class=\"wpb_wrapper\">\r\n\t\t\t<div id=\"comp-j09acica\" class=\"txtNew\" data-packed=\"true\">\n<h1 class=\"font_0\" style=\"text-align: center;\"><span style=\"color: #ffffff;\">HERSTELLUNGSPROZESS EINER DOSENVERSCHLIE\u00dfMASCHINE<\/span><\/h1>\n<\/div>\n\r\n\t\t<\/div>\r\n\t<\/div>\r\n<div class=\"w-separator size_small\"><\/div>\r\n\t<div class=\"wpb_text_column \">\r\n\t\t<div class=\"wpb_wrapper\">\r\n\t\t\t<p style=\"text-align: center;\"><span style=\"color: #ffffff;\">Eine Maschine zum Verschlie\u00dfen von Dosen wird vollst\u00e4ndig von Hand gefertigt und erfordert eine Feineinstellung. Man kann dies mit der Montage einer Schweizer Uhr vergleichen, bei der die Professionalit\u00e4t und das K\u00f6nnen des Monteurs eine entscheidende Rolle spielen. Alle Teile m\u00fcssen eine absolute Bearbeitungsgenauigkeit aufweisen und die Toleranzen so gering wie m\u00f6glich sein.<\/span><\/p>\n\r\n\t\t<\/div>\r\n\t<\/div>\r\n<\/div><\/div><\/div><\/div><div class=\"g-cols wpb_row  type_default valign_top vc_inner  vc_custom_1563870667329\"><div class=\"vc_col-sm-3 wpb_column vc_column_container\"><div class=\"vc_column-inner\"><div class=\"wpb_wrapper\"><div class=\"w-separator size_medium\"><\/div><div class=\"w-btn-wrapper width_auto align_center\"><a class=\"w-btn us-btn-style_8\" href=\"https:\/\/somme.com\/de\/unternehmen\/\" title=\"UNTERNEHMEN\"><span class=\"w-btn-label\">\u00dcBER UNS<\/span><\/a><\/div><\/div><\/div><\/div><div class=\"vc_col-sm-3 wpb_column vc_column_container\"><div class=\"vc_column-inner\"><div class=\"wpb_wrapper\"><div class=\"w-separator size_medium\"><\/div><div class=\"w-btn-wrapper width_auto align_center\"><a class=\"w-btn us-btn-style_8\" href=\"https:\/\/somme.com\/de\/unternehmen\/geschichte\/\" title=\"GESCHICHTE\"><span class=\"w-btn-label\">GESCHICHTE<\/span><\/a><\/div><\/div><\/div><\/div><div class=\"vc_col-sm-3 wpb_column vc_column_container\"><div class=\"vc_column-inner\"><div class=\"wpb_wrapper\"><div class=\"w-separator size_medium\"><\/div><div class=\"w-btn-wrapper width_auto align_center\"><a class=\"w-btn us-btn-style_4\" href=\"https:\/\/somme.com\/de\/unternehmen\/fertigung\/\" title=\"FERTIGUNG\"><span class=\"w-btn-label\">FERTIGUNG<\/span><\/a><\/div><\/div><\/div><\/div><div class=\"vc_col-sm-3 wpb_column vc_column_container\"><div class=\"vc_column-inner\"><div class=\"wpb_wrapper\"><div class=\"w-separator size_medium\"><\/div><div class=\"w-btn-wrapper width_auto align_center\"><a class=\"w-btn us-btn-style_8\" href=\"https:\/\/somme.com\/de\/unternehmen\/kundendienst\/\" title=\"KUNDENDIENST\"><span class=\"w-btn-label\">KUNDENDIENST<\/span><\/a><\/div><\/div><\/div><\/div><\/div><\/div><\/div><\/div><\/div><\/div><\/section><section class=\"l-section wpb_row height_medium with_overlay\"><div class=\"l-section-overlay\" style=\"background: #ededed\"><\/div><div class=\"l-section-h i-cf\"><div class=\"g-cols vc_row type_default valign_top\"><div class=\"vc_col-sm-12 wpb_column vc_column_container\"><div class=\"vc_column-inner\"><div class=\"wpb_wrapper\">\r\n\t<div class=\"wpb_text_column \">\r\n\t\t<div class=\"wpb_wrapper\">\r\n\t\t\t<h5 style=\"text-align: center;\"><span style=\"color: #1c528b;\"><strong>JK SOMME <\/strong><\/span>verf\u00fcgt \u00fcber eine breite Palette an Dosenverschlie\u00dfmaschinen. Eines unserer beliebtesten Modelle ist die MASTER 440. In diesem Abschnitt erl\u00e4utern wir den gesamten Herstellungsprozess im Detail.<\/h5>\n\r\n\t\t<\/div>\r\n\t<\/div>\r\n<\/div><\/div><\/div><\/div><\/div><\/section><section class=\"l-section wpb_row height_medium dotted-blue\"><div class=\"l-section-h i-cf\"><div class=\"g-cols vc_row type_default valign_top\"><div class=\"vc_col-sm-12 wpb_column vc_column_container\"><div class=\"vc_column-inner\"><div class=\"wpb_wrapper\">\r\n\t<div class=\"wpb_text_column \">\r\n\t\t<div class=\"wpb_wrapper\">\r\n\t\t\t<div id=\"comp-j3e6vtzy\" class=\"txtNew\" data-packed=\"true\">\n<h4 class=\"font_2\"><span style=\"color: #1c528b;\"><strong>MARKTEINF\u00dcHRUNG DER BAUREIHE<\/strong><\/span><\/h4>\n<\/div>\n\r\n\t\t<\/div>\r\n\t<\/div>\r\n<div class=\"w-separator size_small with_line width_default thick_1 style_solid color_custom align_center\" style=\"border-color:#2b65a6;color:#2b65a6;\"><div class=\"w-separator-h\"><\/div><\/div>\r\n\t<div class=\"wpb_text_column \">\r\n\t\t<div class=\"wpb_wrapper\">\r\n\t\t\t<div id=\"comp-j3e6vtzy\" class=\"txtNew\" data-packed=\"true\">\n<p class=\"font_2\"><span lang=\"DE\" style=\"font-size: 14pt;\">Die Bestellungen erfolgen f\u00fcr die Herstellung und Untervergabe von Teilen. Es gibt zwei Arten von Teilen.<\/span><\/p>\n<p>&nbsp;<\/p>\n<\/div>\n<div id=\"comp-j43zvwki\" class=\"txtNew\" data-packed=\"true\">\n<ul>\n<li><span style=\"color: #2b65a6;\"><strong>Individuell konstruierte Teile<\/strong><\/span>, die von JK SOMME und verbundenen Werkst\u00e4tten hergestellt werden. Unsere Versorgungszentren sind:\n<ul>\n<li>JK SOMME Bearbeitungswerkstatt<\/li>\n<li>Spanische Bearbeitungswerkst\u00e4tten<\/li>\n<li>Ausl\u00e4ndische Bearbeitungswerkst\u00e4tten<\/li>\n<li>Gie\u00dferei<\/li>\n<\/ul>\n<\/li>\n<\/ul>\n<ul>\n<li><span style=\"color: #2b65a6;\"><strong>Handels\u00fcbliche Teile<\/strong><\/span>, die von erstklassigen Herstellern geliefert werden. Dazu geh\u00f6ren etwa Lager, frequenzgesteuerte Motoren, SPS, Druckluftzylinder usw.<\/li>\n<\/ul>\n<p>&nbsp;<\/p>\n<\/div>\n\r\n\t\t<\/div>\r\n\t<\/div>\r\n<div class=\"w-separator size_large\"><\/div><div class=\"w-iconbox iconpos_left style_default color_custom align_center no_title\"><div class=\"w-iconbox-icon\" style=\"font-size:50px;color:#1c528b;\"><i class=\"fas fa-cog\"><\/i><\/div><div class=\"w-iconbox-meta\"><div class=\"w-iconbox-text\"><h5 style=\"text-align: justify;\"><strong>Die Dosenverschlie\u00dfmaschinen werden in Serie hergestellt. Die St\u00fcckzahl pro Serie h\u00e4ngt von der Prognose der Verkaufsabteilung ab. Auf diese Weise wird die Produktion wirtschaftlicher, da die Herstellung von Teilen f\u00fcr eine einzelne Maschine nicht rentabel ist.<\/strong><\/h5>\n<\/div><\/div><\/div><\/div><\/div><\/div><\/div><\/div><\/section><section class=\"l-section wpb_row height_auto\"><div class=\"l-section-h i-cf\"><div class=\"g-cols vc_row type_default valign_top\"><div class=\"vc_col-sm-6 wpb_column vc_column_container\"><div class=\"vc_column-inner\"><div class=\"wpb_wrapper\"><div class=\"w-image align_center\"><div class=\"w-image-h\"><img width=\"494\" height=\"324\" src=\"https:\/\/somme.com\/wp-content\/uploads\/2019\/07\/FOTO1.jpg\" class=\"attachment-large size-large\" alt=\"\" loading=\"lazy\" srcset=\"https:\/\/somme.com\/wp-content\/uploads\/2019\/07\/FOTO1.jpg 494w, https:\/\/somme.com\/wp-content\/uploads\/2019\/07\/FOTO1-300x197.jpg 300w\" sizes=\"(max-width: 494px) 100vw, 494px\" \/><\/div><\/div><\/div><\/div><\/div><div class=\"vc_col-sm-6 wpb_column vc_column_container\"><div class=\"vc_column-inner\"><div class=\"wpb_wrapper\"><div class=\"w-image align_center\"><div class=\"w-image-h\"><img width=\"484\" height=\"320\" src=\"https:\/\/somme.com\/wp-content\/uploads\/2019\/07\/FOTO2.jpg\" class=\"attachment-large size-large\" alt=\"\" loading=\"lazy\" srcset=\"https:\/\/somme.com\/wp-content\/uploads\/2019\/07\/FOTO2.jpg 484w, https:\/\/somme.com\/wp-content\/uploads\/2019\/07\/FOTO2-300x198.jpg 300w\" sizes=\"(max-width: 484px) 100vw, 484px\" \/><\/div><\/div><\/div><\/div><\/div><\/div><\/div><\/section><section class=\"l-section wpb_row height_medium\"><div class=\"l-section-h i-cf\"><div class=\"g-cols vc_row type_default valign_top\"><div class=\"vc_col-sm-12 wpb_column vc_column_container\"><div class=\"vc_column-inner\"><div class=\"wpb_wrapper\">\r\n\t<div class=\"wpb_text_column \">\r\n\t\t<div class=\"wpb_wrapper\">\r\n\t\t\t<div id=\"comp-j3e6x1ky\" class=\"txtNew\" data-packed=\"true\">\n<h4 class=\"font_2\"><span style=\"color: #1c528b;\"><strong>TEILEPR\u00dcFUNG UND MONTAGE VON BAUGRUPPEN<\/strong><\/span><\/h4>\n<\/div>\n\r\n\t\t<\/div>\r\n\t<\/div>\r\n<div class=\"w-separator size_small with_line width_default thick_1 style_solid color_custom align_center\" style=\"border-color:#2b65a6;color:#2b65a6;\"><div class=\"w-separator-h\"><\/div><\/div>\r\n\t<div class=\"wpb_text_column \">\r\n\t\t<div class=\"wpb_wrapper\">\r\n\t\t\t<div id=\"comp-j3e6x1ky\" class=\"txtNew\" data-packed=\"true\">\n<p>Sobald alle Teile fertig sind, erfolgt eine umfassende Qualit\u00e4tspr\u00fcfung. Danach werden sie in das Montagewerk gebracht, wo die 25 Unterbaugruppen zusammengesetzt werden. Hauptgeh\u00e4use, Getriebegeh\u00e4use, S\u00e4ule, Nocken und Hauptgetriebe werden lackiert.<\/p>\n<\/div>\n\r\n\t\t<\/div>\r\n\t<\/div>\r\n<\/div><\/div><\/div><\/div><\/div><\/section><section class=\"l-section wpb_row height_auto\"><div class=\"l-section-h i-cf\"><div class=\"g-cols vc_row type_default valign_top\"><div class=\"vc_col-sm-12 wpb_column vc_column_container\"><div class=\"vc_column-inner\"><div class=\"wpb_wrapper\"><div class=\"w-image align_center\"><div class=\"w-image-h\"><img width=\"640\" height=\"195\" src=\"https:\/\/somme.com\/wp-content\/uploads\/2019\/07\/FLARGA-1024x312.jpg\" class=\"attachment-large size-large\" alt=\"\" loading=\"lazy\" srcset=\"https:\/\/somme.com\/wp-content\/uploads\/2019\/07\/FLARGA-1024x312.jpg 1024w, https:\/\/somme.com\/wp-content\/uploads\/2019\/07\/FLARGA-300x91.jpg 300w, https:\/\/somme.com\/wp-content\/uploads\/2019\/07\/FLARGA.jpg 1124w\" sizes=\"(max-width: 640px) 100vw, 640px\" \/><\/div><\/div><\/div><\/div><\/div><\/div><\/div><\/section><section class=\"l-section wpb_row height_medium\"><div class=\"l-section-h i-cf\"><div class=\"g-cols vc_row type_default valign_top\"><div class=\"vc_col-sm-12 wpb_column vc_column_container\"><div class=\"vc_column-inner\"><div class=\"wpb_wrapper\">\r\n\t<div class=\"wpb_text_column \">\r\n\t\t<div class=\"wpb_wrapper\">\r\n\t\t\t<div id=\"comp-j3e71b8e\" class=\"txtNew\" data-packed=\"true\">\n<h4 class=\"font_2\"><span style=\"color: #1c528b;\"><strong>ENDMONTAGE<\/strong><\/span><\/h4>\n<\/div>\n\r\n\t\t<\/div>\r\n\t<\/div>\r\n<div class=\"w-separator size_small with_line width_default thick_1 style_solid color_custom align_center\" style=\"border-color:#2b65a6;color:#2b65a6;\"><div class=\"w-separator-h\"><\/div><\/div>\r\n\t<div class=\"wpb_text_column \">\r\n\t\t<div class=\"wpb_wrapper\">\r\n\t\t\t<div id=\"comp-j3e71b8e\" class=\"txtNew\" data-packed=\"true\">\n<p>Sobald alle Unterbaugruppen fertiggestellt sind, werden sie im Hauptgestell der Maschine zusammengebaut. In dieser Phase erfolgt eine wichtige Fertigungskontrolle, die darin besteht, den Rundlauf zwischen Verschlie\u00dfkopf und Hubteller zu \u00fcberpr\u00fcfen. Sobald diese Pr\u00fcfung bestanden ist, wird der Schaltschrank installiert.<\/p>\n<\/div>\n\r\n\t\t<\/div>\r\n\t<\/div>\r\n<div class=\"w-separator size_large\"><\/div><div class=\"w-iconbox iconpos_left style_default color_custom align_center no_title\"><div class=\"w-iconbox-icon\" style=\"font-size:50px;color:#1c528b;\"><i class=\"fas fa-cog\"><\/i><\/div><div class=\"w-iconbox-meta\"><div class=\"w-iconbox-text\"><h5 style=\"text-align: justify;\"><strong>Alle Elemente und Baugruppen sind durch Zahnr\u00e4der, Ketten und Ritzel verbunden. Alle Teile m\u00fcssen eine absolute Bearbeitungsgenauigkeit aufweisen und die Toleranzen so gering wie m\u00f6glich sein. CNC-Werkzeugmaschinen erm\u00f6glichen uns die Herstellung von Teilen h\u00f6chster Qualit\u00e4t.<\/strong><\/h5>\n<\/div><\/div><\/div><\/div><\/div><\/div><\/div><\/div><\/section><section class=\"l-section wpb_row height_auto\"><div class=\"l-section-h i-cf\"><div class=\"g-cols vc_row type_default valign_top\"><div class=\"vc_col-sm-6 wpb_column vc_column_container\"><div class=\"vc_column-inner\"><div class=\"wpb_wrapper\"><div class=\"w-image align_none\"><div class=\"w-image-h\"><img width=\"503\" height=\"338\" src=\"https:\/\/somme.com\/wp-content\/uploads\/2019\/07\/F1.jpg\" class=\"attachment-large size-large\" alt=\"\" loading=\"lazy\" srcset=\"https:\/\/somme.com\/wp-content\/uploads\/2019\/07\/F1.jpg 503w, https:\/\/somme.com\/wp-content\/uploads\/2019\/07\/F1-300x202.jpg 300w\" sizes=\"(max-width: 503px) 100vw, 503px\" \/><\/div><\/div><\/div><\/div><\/div><div class=\"vc_col-sm-6 wpb_column vc_column_container\"><div class=\"vc_column-inner\"><div class=\"wpb_wrapper\"><div class=\"w-image align_none\"><div class=\"w-image-h\"><img width=\"599\" height=\"342\" src=\"https:\/\/somme.com\/wp-content\/uploads\/2019\/07\/F2.jpg\" class=\"attachment-large size-large\" alt=\"\" loading=\"lazy\" srcset=\"https:\/\/somme.com\/wp-content\/uploads\/2019\/07\/F2.jpg 599w, https:\/\/somme.com\/wp-content\/uploads\/2019\/07\/F2-300x171.jpg 300w\" sizes=\"(max-width: 599px) 100vw, 599px\" \/><\/div><\/div><\/div><\/div><\/div><\/div><\/div><\/section><section class=\"l-section wpb_row height_medium\"><div class=\"l-section-h i-cf\"><div class=\"g-cols vc_row type_default valign_top\"><div class=\"vc_col-sm-12 wpb_column vc_column_container\"><div class=\"vc_column-inner\"><div class=\"wpb_wrapper\">\r\n\t<div class=\"wpb_text_column \">\r\n\t\t<div class=\"wpb_wrapper\">\r\n\t\t\t<div id=\"comp-j3e73tiu\" class=\"txtNew\" data-packed=\"true\">\n<h4 class=\"font_2\"><span style=\"color: #1c528b;\"><strong>FORMATEINBAU UND VERSCHLIE\u00dfTESTS<\/strong><\/span><\/h4>\n<\/div>\n<div id=\"comp-j0dop8qi\" class=\"txtNew\" data-packed=\"true\">\n<p class=\"font_6\">\n<\/div>\n\r\n\t\t<\/div>\r\n\t<\/div>\r\n<div class=\"w-separator size_small with_line width_default thick_1 style_solid color_custom align_center\" style=\"border-color:#2b65a6;color:#2b65a6;\"><div class=\"w-separator-h\"><\/div><\/div>\r\n\t<div class=\"wpb_text_column \">\r\n\t\t<div class=\"wpb_wrapper\">\r\n\t\t\t<div id=\"comp-j3e73tiu\" class=\"txtNew\" data-packed=\"true\">\n<p>Bis zu dieser Phase ist der Herstellungsprozess aller Verschlie\u00dfmaschinen identisch. An dieser Stelle wird ein differenzierendes Element hinzugef\u00fcgt: das Format.<\/p>\n<\/div>\n\r\n\t\t<\/div>\r\n\t<\/div>\r\n<div class=\"g-cols wpb_row  type_default valign_top vc_inner \"><div class=\"vc_col-sm-8 wpb_column vc_column_container\"><div class=\"vc_column-inner\"><div class=\"wpb_wrapper\"><div class=\"w-separator size_medium\"><\/div>\r\n\t<div class=\"wpb_text_column \">\r\n\t\t<div class=\"wpb_wrapper\">\r\n\t\t\t<p style=\"text-align: justify;\">Ein Format ist ein Satz von Teilen, die zum Verschlie\u00dfen einer bestimmten Form oder eines bestimmten Typs von Dosen hergestellt werden. Zu den Formatteilen geh\u00f6ren u. a. Verschlie\u00dfteller,\u00a0 Verschlie\u00dfrollen, Kurvenscheibe, Spannvorrichtung, Deckelmagazin, Deckelf\u00f6rderer, Deckel\u00fcbergaberampe, Synchronisierungsschnecke, Clinchplatten und F\u00fchrungen. Bei der Gestaltung des Formats wird der Dosenhersteller um technische Zeichnungen des Dosenrumpfes und des Deckels sowie seine Empfehlungen bez\u00fcglich der Profile der Verschlie\u00dfrollen gebeten.<\/p>\n<p style=\"text-align: justify;\">Nach der Herstellung wird das Format in die Verschlie\u00dfmaschine eingebaut und es erfolgen die entsprechenden Verschlie\u00dftests. Dies geschieht mit vom Kunden bereitgestellten Mustern leerer Dosen (300 Dosenr\u00fcmpfe und Deckel). Wir verifizieren die ermittelten Verschlie\u00dfparameter (\u00dcberlappung, Anrollung usw.) und nehmen Anpassungen vor, bis die Perfektion und die endg\u00fcltige Genehmigung erreicht ist. Dann werden die Schutzvorrichtung und die LED-Leuchten montiert und schlie\u00dflich die elektrische Installation abgeschlossen.<\/p>\n\r\n\t\t<\/div>\r\n\t<\/div>\r\n<\/div><\/div><\/div><div class=\"vc_col-sm-4 wpb_column vc_column_container\"><div class=\"vc_column-inner\"><div class=\"wpb_wrapper\"><div class=\"w-separator size_small\"><\/div><div class=\"w-image align_none\"><div class=\"w-image-h\"><img width=\"353\" height=\"389\" src=\"https:\/\/somme.com\/wp-content\/uploads\/2019\/07\/Captura-1.jpg\" class=\"attachment-large size-large\" alt=\"\" loading=\"lazy\" srcset=\"https:\/\/somme.com\/wp-content\/uploads\/2019\/07\/Captura-1.jpg 353w, https:\/\/somme.com\/wp-content\/uploads\/2019\/07\/Captura-1-272x300.jpg 272w\" sizes=\"(max-width: 353px) 100vw, 353px\" \/><\/div><\/div><\/div><\/div><\/div><\/div><\/div><\/div><\/div><\/div><\/div><\/section><section class=\"l-section wpb_row height_auto\"><div class=\"l-section-h i-cf\" style=\"padding-bottom: 50px !important;\"><div class=\"g-cols vc_row type_default valign_top\"><div class=\"vc_col-sm-12 wpb_column vc_column_container\"><div class=\"vc_column-inner\"><div class=\"wpb_wrapper\">\r\n\t<div class=\"wpb_text_column \">\r\n\t\t<div class=\"wpb_wrapper\">\r\n\t\t\t<div id=\"comp-j3e789gp1\" class=\"txtNew\" data-packed=\"true\">\n<h4 class=\"font_2\"><span style=\"color: #1c528b;\"><strong>FUNKTIONSPR\u00dcFUNG OHNE PRODUKT<\/strong><\/span><\/h4>\n<\/div>\n\r\n\t\t<\/div>\r\n\t<\/div>\r\n<div class=\"w-separator size_small with_line width_default thick_1 style_solid color_custom align_center\" style=\"border-color:#2b65a6;color:#2b65a6;\"><div class=\"w-separator-h\"><\/div><\/div>\r\n\t<div class=\"wpb_text_column \">\r\n\t\t<div class=\"wpb_wrapper\">\r\n\t\t\t<div id=\"comp-j3e789gp1\" class=\"txtNew\" data-packed=\"true\">\n<p>Die Verschlie\u00dfmaschine muss die Endpr\u00fcfung im Betrieb bestehen.\u00a0Sie besteht darin, die Maschine 24 Stunden lang bei einer mittleren Geschwindigkeit laufen zu lassen.<\/p>\n<\/div>\n\r\n\t\t<\/div>\r\n\t<\/div>\r\n<div class=\"g-cols wpb_row  type_default valign_top vc_inner \"><div class=\"vc_col-sm-6 wpb_column vc_column_container\"><div class=\"vc_column-inner\"><div class=\"wpb_wrapper\"><div class=\"w-separator size_small\"><\/div>\r\n\t<div class=\"wpb_text_column \">\r\n\t\t<div class=\"wpb_wrapper\">\r\n\t\t\t<p>Sobald die MASTER 440 die Pr\u00fcfung absolviert hat, wird sie mit einer Plastikschutzfolie abgedeckt und auf eine Holzplattform gestellt, sodass sie zur Abholung bereit ist.<\/p>\n\r\n\t\t<\/div>\r\n\t<\/div>\r\n<div class=\"w-separator size_medium\"><\/div><div class=\"w-iconbox iconpos_left style_default color_custom align_center no_title\"><div class=\"w-iconbox-icon\" style=\"font-size:50px;color:#1c528b;\"><i class=\"fas fa-cog\"><\/i><\/div><div class=\"w-iconbox-meta\"><div class=\"w-iconbox-text\"><h5 style=\"text-align: left;\"><strong>Zeit bis zum Ende des Prozesses: 5 Monate<\/strong><\/h5>\n<\/div><\/div><\/div><\/div><\/div><\/div><div class=\"vc_col-sm-6 wpb_column vc_column_container\"><div class=\"vc_column-inner\"><div class=\"wpb_wrapper\"><div class=\"w-separator size_small\"><\/div><div class=\"w-image align_none\"><div class=\"w-image-h\"><img width=\"627\" height=\"377\" src=\"https:\/\/somme.com\/wp-content\/uploads\/2019\/07\/ECO.jpg\" class=\"attachment-large size-large\" alt=\"\" loading=\"lazy\" srcset=\"https:\/\/somme.com\/wp-content\/uploads\/2019\/07\/ECO.jpg 627w, https:\/\/somme.com\/wp-content\/uploads\/2019\/07\/ECO-300x180.jpg 300w\" sizes=\"(max-width: 627px) 100vw, 627px\" \/><\/div><\/div><\/div><\/div><\/div><\/div><div class=\"w-separator size_large\"><\/div><\/div><\/div><\/div><\/div><\/div><\/section>\n","protected":false},"excerpt":{"rendered":"[rev_slider_vc alias=\"fabricacion\"] HERSTELLUNGSPROZESS EINER DOSENVERSCHLIE\u00dfMASCHINE Eine Maschine zum Verschlie\u00dfen von Dosen wird vollst\u00e4ndig von Hand gefertigt und erfordert eine Feineinstellung. Man kann dies mit der Montage einer Schweizer Uhr vergleichen, bei der die Professionalit\u00e4t und das K\u00f6nnen des Monteurs eine entscheidende Rolle spielen. Alle Teile m\u00fcssen eine absolute Bearbeitungsgenauigkeit aufweisen und die Toleranzen so gering...","protected":false},"author":2,"featured_media":0,"parent":18498,"menu_order":0,"comment_status":"closed","ping_status":"closed","template":"","meta":{"sfsi_plus_gutenberg_text_before_share":"","sfsi_plus_gutenberg_show_text_before_share":"","sfsi_plus_gutenberg_icon_type":"","sfsi_plus_gutenberg_icon_alignemt":"","sfsi_plus_gutenburg_max_per_row":""},"_links":{"self":[{"href":"https:\/\/somme.com\/de\/wp-json\/wp\/v2\/pages\/18311"}],"collection":[{"href":"https:\/\/somme.com\/de\/wp-json\/wp\/v2\/pages"}],"about":[{"href":"https:\/\/somme.com\/de\/wp-json\/wp\/v2\/types\/page"}],"author":[{"embeddable":true,"href":"https:\/\/somme.com\/de\/wp-json\/wp\/v2\/users\/2"}],"replies":[{"embeddable":true,"href":"https:\/\/somme.com\/de\/wp-json\/wp\/v2\/comments?post=18311"}],"version-history":[{"count":5,"href":"https:\/\/somme.com\/de\/wp-json\/wp\/v2\/pages\/18311\/revisions"}],"predecessor-version":[{"id":18515,"href":"https:\/\/somme.com\/de\/wp-json\/wp\/v2\/pages\/18311\/revisions\/18515"}],"up":[{"embeddable":true,"href":"https:\/\/somme.com\/de\/wp-json\/wp\/v2\/pages\/18498"}],"wp:attachment":[{"href":"https:\/\/somme.com\/de\/wp-json\/wp\/v2\/media?parent=18311"}],"curies":[{"name":"wp","href":"https:\/\/api.w.org\/{rel}","templated":true}]}}