{"id":18328,"date":"2015-10-13T09:04:06","date_gmt":"2015-10-13T09:04:06","guid":{"rendered":"https:\/\/somme.com\/unternehmen\/servicio-postventa-cerradoras-de-latas\/"},"modified":"2020-07-16T13:16:21","modified_gmt":"2020-07-16T13:16:21","slug":"effizienter-kundendienst-fur-dosenverschliessmaschinen-jk-somme","status":"publish","type":"page","link":"https:\/\/somme.com\/de\/unternehmen-jk-somme-dosenverschliessmaschinen\/effizienter-kundendienst-fur-dosenverschliessmaschinen-jk-somme\/","title":{"rendered":"KUNDENDIENST"},"content":{"rendered":"<section class=\"l-section wpb_row height_auto width_full parallax_fixed with_overlay\"><div class=\"l-section-overlay\" style=\"background: #1c528b\"><\/div><div class=\"l-section-h i-cf\"><div class=\"g-cols vc_row type_default valign_top\"><div class=\"vc_col-sm-12 wpb_column vc_column_container\"><div class=\"vc_column-inner\"><div class=\"wpb_wrapper\">[rev_slider_vc alias=&#8221;posventa&#8221;]<\/div><\/div><\/div><\/div><\/div><\/section><section class=\"l-section wpb_row height_auto color_custom\" style=\"background: #1c528b;\"><div class=\"l-section-h i-cf\"><div class=\"g-cols vc_row type_default valign_top\"><div class=\"vc_col-sm-12 wpb_column vc_column_container\"><div class=\"vc_column-inner\"><div class=\"wpb_wrapper\"><div class=\"g-cols wpb_row  type_default valign_top vc_inner \"><div class=\"vc_col-sm-12 wpb_column vc_column_container\"><div class=\"vc_column-inner\"><div class=\"wpb_wrapper\"><div class=\"w-separator size_medium\"><\/div>\r\n\t<div class=\"wpb_text_column \">\r\n\t\t<div class=\"wpb_wrapper\">\r\n\t\t\t<div id=\"comp-j0w3nua5\" class=\"txtNew\" data-packed=\"true\">\n<h1 style=\"text-align: center;\"><span style=\"color: #f5f5f5;\">EFFIZIENTER, SCHNELLER KUNDENDIENST<\/span><\/h1>\n<\/div>\n\r\n\t\t<\/div>\r\n\t<\/div>\r\n<div class=\"w-separator size_small\"><\/div>\r\n\t<div class=\"wpb_text_column \">\r\n\t\t<div class=\"wpb_wrapper\">\r\n\t\t\t<div id=\"comp-j0w3nua5\" class=\"txtNew\" style=\"text-align: center;\" data-packed=\"true\"><\/div>\n<div id=\"comp-j0w3nuab\" class=\"txtNew\" data-packed=\"true\">\n<p style=\"text-align: center;\"><span style=\"color: #ffffff;\"><span style=\"vertical-align: inherit;\"><span style=\"vertical-align: inherit;\">JK SOMME bietet seinen Kunden nicht nur moderne, robuste Dosenverschlie\u00dfmaschinen, sondern auch einen effizienten, schnellen Kundendienst, der viel mehr als nur ein blo\u00dfer Reparaturservice ist. <\/span><span style=\"vertical-align: inherit;\">Wir zeichnen uns als Spezialisten f\u00fcr Ferndiagnose, schnelle Auslieferung von Ersatzteilen und Aus- und Weiterbildung f\u00fcr Mechaniker und Wartungspersonal aus.<\/span><\/span><\/span><\/p>\n<\/div>\n\r\n\t\t<\/div>\r\n\t<\/div>\r\n<div class=\"w-separator size_medium\"><\/div><\/div><\/div><\/div><\/div><div class=\"g-cols wpb_row  type_default valign_top vc_inner \"><div class=\"vc_col-sm-3 wpb_column vc_column_container\"><div class=\"vc_column-inner\"><div class=\"wpb_wrapper\"><div class=\"w-btn-wrapper width_auto align_center\"><a class=\"w-btn us-btn-style_8\" href=\"https:\/\/somme.com\/de\/unternehmen\/\" title=\"Sobre nosotros\"><span class=\"w-btn-label\">\u00dcBER UNS<\/span><\/a><\/div><div class=\"w-separator size_medium\"><\/div><\/div><\/div><\/div><div class=\"vc_col-sm-3 wpb_column vc_column_container\"><div class=\"vc_column-inner\"><div class=\"wpb_wrapper\"><div class=\"w-btn-wrapper width_auto align_center\"><a class=\"w-btn us-btn-style_8\" href=\"https:\/\/somme.com\/de\/unternehmen\/geschichte\/\" title=\"Historia\"><span class=\"w-btn-label\">GESCHICHTE<\/span><\/a><\/div><div class=\"w-separator size_medium\"><\/div><\/div><\/div><\/div><div class=\"vc_col-sm-3 wpb_column vc_column_container\"><div class=\"vc_column-inner\"><div class=\"wpb_wrapper\"><div class=\"w-btn-wrapper width_auto align_center\"><a class=\"w-btn us-btn-style_8\" href=\"https:\/\/somme.com\/de\/unternehmen\/fertigung\/\" title=\"Fabricaci\u00f3n\"><span class=\"w-btn-label\">FERTIGUNG<\/span><\/a><\/div><div class=\"w-separator size_medium\"><\/div><\/div><\/div><\/div><div class=\"vc_col-sm-3 wpb_column vc_column_container\"><div class=\"vc_column-inner\"><div class=\"wpb_wrapper\"><div class=\"w-btn-wrapper width_auto align_center\"><a class=\"w-btn us-btn-style_4\" href=\"https:\/\/somme.com\/de\/unternehmen\/kundendienst\/\" title=\"KUNDENDIENST\"><span class=\"w-btn-label\">KUNDENDIENST<\/span><\/a><\/div><div class=\"w-separator size_medium\"><\/div><\/div><\/div><\/div><\/div><\/div><\/div><\/div><\/div><\/div><\/section><section class=\"l-section wpb_row height_medium\"><div class=\"l-section-h i-cf\"><div class=\"g-cols vc_row type_default valign_top\"><div class=\"vc_col-sm-12 wpb_column vc_column_container\"><div class=\"vc_column-inner\"><div class=\"wpb_wrapper\">\r\n\t<div class=\"wpb_text_column \">\r\n\t\t<div class=\"wpb_wrapper\">\r\n\t\t\t<div id=\"comp-j3jtzbm9\" class=\"txtNew\" data-packed=\"true\">\n<h5 class=\"font_2\"><span style=\"color: #1c528b;\"><strong><span style=\"vertical-align: inherit;\"><span style=\"vertical-align: inherit;\">WIR L\u00d6SEN IHRE PROBLEME<\/span><\/span><\/strong><\/span><\/h5>\n<\/div>\n\r\n\t\t<\/div>\r\n\t<\/div>\r\n<div class=\"w-separator size_small with_line width_default thick_1 style_solid color_custom align_center\" style=\"border-color:#2b65a6;color:#2b65a6;\"><div class=\"w-separator-h\"><\/div><\/div>\r\n\t<div class=\"wpb_text_column \">\r\n\t\t<div class=\"wpb_wrapper\">\r\n\t\t\t<div id=\"comp-j3jtzbm9\" class=\"txtNew\" data-packed=\"true\">\n<p style=\"text-align: justify;\">Wenn unsere Techniker zu Ihnen kommen m\u00fcssen, um ein Problem mit Ihrer Dosenverschlie\u00dfmaschine zu beheben, das nicht per Telefon gel\u00f6st werden kann, steht Ihnen der technische Kundendienst von JK SOMME garantiert in kurzer Zeit zur Verf\u00fcgung.<\/p>\n<p style=\"text-align: justify;\">\n<\/div>\n<div id=\"comp-j0w3nub0\" class=\"txtNew\" data-packed=\"true\">\n<p style=\"text-align: justify;\">F\u00fcr diesen Service stehen Fachtechniker mit langj\u00e4hriger Erfahrung im Bereich der Reparatur von Dosenverschlie\u00dfmaschinen bereit. Alle technischen Kundendiensteins\u00e4tze werden mit einem umfassenden Bericht abgeschlossen, der f\u00fcr die n\u00f6tige Transparenz sorgt.<\/p>\n<p>Haben Sie noch Fragen?<a href=\"https:\/\/somme.com\/de\/kontakt-bilden-jk-somme\/\">\u00a0Kontaktieren Sie uns<\/a><\/p>\n<\/div>\n\r\n\t\t<\/div>\r\n\t<\/div>\r\n<div class=\"w-separator size_large\"><\/div><div class=\"w-iconbox iconpos_left style_default color_custom align_left no_title\"><div class=\"w-iconbox-icon\" style=\"color:#1c528b;\"><i class=\"fas fa-tools\"><\/i><\/div><div class=\"w-iconbox-meta\"><div class=\"w-iconbox-text\"><h5 style=\"text-align: left;\"><strong>Die Problembehebung erfolgt schnell, effizient und in den zuvor festgelegten Schritten<\/strong><\/h5>\n<\/div><\/div><\/div><\/div><\/div><\/div><\/div><\/div><\/section><section class=\"l-section wpb_row height_auto\"><div class=\"l-section-h i-cf\"><div class=\"g-cols vc_row type_default valign_top\"><div class=\"vc_col-sm-12 wpb_column vc_column_container\"><div class=\"vc_column-inner\"><div class=\"wpb_wrapper\"><div class=\"w-grid type_grid layout_6041 cols_3 height_fixed\" id=\"us_grid_1\"><style id=\"us_grid_1_css\">#us_grid_1 .w-grid-item{padding:0.5rem}#us_grid_1 .w-grid-list{margin:-0.5rem}.w-grid + #us_grid_1 .w-grid-list{margin-top:0.5rem}.l-section.width_full>div>div>.vc_col-sm-12>div>div>#us_grid_1 .w-grid-list{margin-left:0.5rem;margin-right:0.5rem}.l-section.height_auto>div>div>.vc_col-sm-12>div>div>#us_grid_1:first-child .w-grid-list{margin-top:0.5rem}.l-section.height_auto>div>div>.vc_col-sm-12>div>div>#us_grid_1:last-child .w-grid-list{margin-bottom:0.5rem}@media (max-width:899px){#us_grid_1 .w-grid-item{width:50%}#us_grid_1 .w-grid-item.size_2x1,#us_grid_1 .w-grid-item.size_2x2{width:100%}}@media (max-width:599px){#us_grid_1 .w-grid-list{margin:0}#us_grid_1 .w-grid-item{width:100%;padding:0;margin-bottom:0.5rem}}<\/style><style>#us_grid_1 .w-grid-item-h:before{padding-bottom:75.0000%}@media (min-width:600px){#us_grid_1 .w-grid-item.size_1x2 .w-grid-item-h:before{padding-bottom:calc(150% + 0.5rem + 0.5rem)}#us_grid_1 .w-grid-item.size_2x1 .w-grid-item-h:before{padding-bottom:calc(37.5% - 0.5rem * 0.75)}#us_grid_1 .w-grid-item.size_2x2 .w-grid-item-h:before{padding-bottom:calc(75% - 0.5rem * -0.5)}}#us_grid_1 .w-grid-item-h{}#us_grid_1 .usg_post_image_1{border-radius:0}#us_grid_1 .usg_post_image_1{transition-duration:0.3s;transform:scale(1) translate(0%,0%)}#us_grid_1 .w-grid-item-h:hover .usg_post_image_1{transform:scale(1) translate(0%,0%);opacity:0.2}#us_grid_1 .usg_vwrapper_1{border-radius:0}#us_grid_1 .usg_post_title_1{font-weight:700;font-size:1.5rem;border-radius:0}#us_grid_1 .usg_post_title_1{transition-duration:0.35s;transform:scale(1) translate(0%,-60%);opacity:0}#us_grid_1 .w-grid-item-h:hover .usg_post_title_1{transform:scale(1) translate(0%,0%);opacity:1}#us_grid_1 .usg_post_image_1{position:absolute;top:0;right:0;bottom:0;left:0}#us_grid_1 .usg_vwrapper_1{position:absolute;top:0;right:0;bottom:0;left:0;padding:2rem}<\/style><div class=\"w-grid-list\"><article class=\"w-grid-item ratio_4x3 post-18335 attachment type-attachment status-inherit hentry\" data-id=\"18335\">\r\n\t<div class=\"w-grid-item-h\">\r\n\t\t\t\t<div class=\"w-post-elm post_image usg_post_image_1 stretched\"><img width=\"373\" height=\"239\" src=\"https:\/\/somme.com\/wp-content\/uploads\/2019\/07\/Javier.jpg\" class=\"attachment-medium_large size-medium_large\" alt=\"\" loading=\"lazy\" srcset=\"https:\/\/somme.com\/wp-content\/uploads\/2019\/07\/Javier.jpg 373w, https:\/\/somme.com\/wp-content\/uploads\/2019\/07\/Javier-300x192.jpg 300w\" sizes=\"(max-width: 373px) 100vw, 373px\" \/><\/div><div class=\"w-vwrapper usg_vwrapper_1 align_left valign_bottom \"><h2 class=\"w-post-elm post_title usg_post_title_1 entry-title\">Javier<\/h2><\/div>\t<\/div>\r\n<\/article>\r\n<article class=\"w-grid-item ratio_4x3 post-18334 attachment type-attachment status-inherit hentry\" data-id=\"18334\">\r\n\t<div class=\"w-grid-item-h\">\r\n\t\t\t\t<div class=\"w-post-elm post_image usg_post_image_1 stretched\"><img width=\"373\" height=\"238\" src=\"https:\/\/somme.com\/wp-content\/uploads\/2019\/07\/Juan.jpg\" class=\"attachment-medium_large size-medium_large\" alt=\"\" loading=\"lazy\" srcset=\"https:\/\/somme.com\/wp-content\/uploads\/2019\/07\/Juan.jpg 373w, https:\/\/somme.com\/wp-content\/uploads\/2019\/07\/Juan-300x191.jpg 300w\" sizes=\"(max-width: 373px) 100vw, 373px\" \/><\/div><div class=\"w-vwrapper usg_vwrapper_1 align_left valign_bottom \"><h2 class=\"w-post-elm post_title usg_post_title_1 entry-title\">Juan<\/h2><\/div>\t<\/div>\r\n<\/article>\r\n<article class=\"w-grid-item ratio_4x3 post-18333 attachment type-attachment status-inherit hentry\" data-id=\"18333\">\r\n\t<div class=\"w-grid-item-h\">\r\n\t\t\t\t<div class=\"w-post-elm post_image usg_post_image_1 stretched\"><img width=\"373\" height=\"238\" src=\"https:\/\/somme.com\/wp-content\/uploads\/2019\/07\/Dani.jpg\" class=\"attachment-medium_large size-medium_large\" alt=\"\" loading=\"lazy\" srcset=\"https:\/\/somme.com\/wp-content\/uploads\/2019\/07\/Dani.jpg 373w, https:\/\/somme.com\/wp-content\/uploads\/2019\/07\/Dani-300x191.jpg 300w\" sizes=\"(max-width: 373px) 100vw, 373px\" \/><\/div><div class=\"w-vwrapper usg_vwrapper_1 align_left valign_bottom \"><h2 class=\"w-post-elm post_title usg_post_title_1 entry-title\">Dani<\/h2><\/div>\t<\/div>\r\n<\/article>\r\n<article class=\"w-grid-item ratio_4x3 post-18332 attachment type-attachment status-inherit hentry\" data-id=\"18332\">\r\n\t<div class=\"w-grid-item-h\">\r\n\t\t\t\t<div class=\"w-post-elm post_image usg_post_image_1 stretched\"><img width=\"372\" height=\"238\" src=\"https:\/\/somme.com\/wp-content\/uploads\/2019\/07\/Luismi.jpg\" class=\"attachment-medium_large size-medium_large\" alt=\"\" loading=\"lazy\" srcset=\"https:\/\/somme.com\/wp-content\/uploads\/2019\/07\/Luismi.jpg 372w, https:\/\/somme.com\/wp-content\/uploads\/2019\/07\/Luismi-300x192.jpg 300w\" sizes=\"(max-width: 372px) 100vw, 372px\" \/><\/div><div class=\"w-vwrapper usg_vwrapper_1 align_left valign_bottom \"><h2 class=\"w-post-elm post_title usg_post_title_1 entry-title\">Luismi<\/h2><\/div>\t<\/div>\r\n<\/article>\r\n<article class=\"w-grid-item ratio_4x3 post-18331 attachment type-attachment status-inherit hentry\" data-id=\"18331\">\r\n\t<div class=\"w-grid-item-h\">\r\n\t\t\t\t<div class=\"w-post-elm post_image usg_post_image_1 stretched\"><img width=\"373\" height=\"239\" src=\"https:\/\/somme.com\/wp-content\/uploads\/2019\/07\/Brahim.jpg\" class=\"attachment-medium_large size-medium_large\" alt=\"\" loading=\"lazy\" srcset=\"https:\/\/somme.com\/wp-content\/uploads\/2019\/07\/Brahim.jpg 373w, https:\/\/somme.com\/wp-content\/uploads\/2019\/07\/Brahim-300x192.jpg 300w\" sizes=\"(max-width: 373px) 100vw, 373px\" \/><\/div><div class=\"w-vwrapper usg_vwrapper_1 align_left valign_bottom \"><h2 class=\"w-post-elm post_title usg_post_title_1 entry-title\">Brahim<\/h2><\/div>\t<\/div>\r\n<\/article>\r\n<article class=\"w-grid-item ratio_4x3 post-18329 attachment type-attachment status-inherit hentry\" data-id=\"18329\">\r\n\t<div class=\"w-grid-item-h\">\r\n\t\t\t\t<div class=\"w-post-elm post_image usg_post_image_1 stretched\"><img width=\"372\" height=\"237\" src=\"https:\/\/somme.com\/wp-content\/uploads\/2019\/07\/Joseluis.jpg\" class=\"attachment-medium_large size-medium_large\" alt=\"\" loading=\"lazy\" srcset=\"https:\/\/somme.com\/wp-content\/uploads\/2019\/07\/Joseluis.jpg 372w, https:\/\/somme.com\/wp-content\/uploads\/2019\/07\/Joseluis-300x191.jpg 300w\" sizes=\"(max-width: 372px) 100vw, 372px\" \/><\/div><div class=\"w-vwrapper usg_vwrapper_1 align_left valign_bottom \"><h2 class=\"w-post-elm post_title usg_post_title_1 entry-title\">Joseluis<\/h2><\/div>\t<\/div>\r\n<\/article>\r\n<\/div>\t<div class=\"w-grid-json hidden\" onclick='return {&quot;ajax_url&quot;:&quot;https:\\\/\\\/somme.com\\\/wp-admin\\\/admin-ajax.php&quot;,&quot;permalink_url&quot;:&quot;https:\\\/\\\/somme.com\\\/de\\\/unternehmen-jk-somme-dosenverschliessmaschinen\\\/effizienter-kundendienst-fur-dosenverschliessmaschinen-jk-somme\\\/joseluis-2\\\/&quot;,&quot;action&quot;:&quot;us_ajax_grid&quot;,&quot;max_num_pages&quot;:1,&quot;infinite_scroll&quot;:0,&quot;template_vars&quot;:{&quot;query_args&quot;:{&quot;post_type&quot;:[&quot;attachment&quot;],&quot;post__in&quot;:[&quot;8165&quot;,&quot;8166&quot;,&quot;8167&quot;,&quot;8168&quot;,&quot;8169&quot;,&quot;8170&quot;],&quot;post_status&quot;:&quot;inherit&quot;,&quot;post_mime_type&quot;:&quot;image&quot;,&quot;orderby&quot;:{&quot;date&quot;:&quot;DESC&quot;},&quot;posts_per_page&quot;:&quot;10&quot;},&quot;post_id&quot;:18328,&quot;us_grid_index&quot;:1,&quot;us_grid_ajax_index&quot;:1,&quot;exclude_items&quot;:&quot;none&quot;,&quot;items_offset&quot;:&quot;1&quot;,&quot;items_layout&quot;:&quot;6041&quot;,&quot;type&quot;:&quot;grid&quot;,&quot;columns&quot;:&quot;3&quot;,&quot;img_size&quot;:&quot;default&quot;,&quot;overriding_link&quot;:&quot;none&quot;,&quot;lang&quot;:&quot;de&quot;}}'><\/div>\r\n<\/div><\/div><\/div><\/div><\/div><\/div><\/section><section class=\"l-section wpb_row height_medium\"><div class=\"l-section-h i-cf\"><div class=\"g-cols vc_row type_default valign_top\"><div class=\"vc_col-sm-12 wpb_column vc_column_container\"><div class=\"vc_column-inner\"><div class=\"wpb_wrapper\">\r\n\t<div class=\"wpb_text_column \">\r\n\t\t<div class=\"wpb_wrapper\">\r\n\t\t\t<div id=\"comp-j3ju0y7j\" class=\"txtNew\" data-packed=\"true\">\n<h5 class=\"font_2\"><span style=\"color: #1c528b;\"><strong>PR\u00c4VENTIVE INSTANDHALTUNG<\/strong><\/span><\/h5>\n<\/div>\n<div id=\"comp-j0w5gylb\" class=\"txtNew\" data-packed=\"true\">\n<p class=\"font_8\">\n<\/div>\n\r\n\t\t<\/div>\r\n\t<\/div>\r\n<div class=\"w-separator size_small with_line width_default thick_1 style_solid color_custom align_center\" style=\"border-color:#2b65a6;color:#2b65a6;\"><div class=\"w-separator-h\"><\/div><\/div>\r\n\t<div class=\"wpb_text_column \">\r\n\t\t<div class=\"wpb_wrapper\">\r\n\t\t\t<div id=\"comp-j3ju0y7j\" class=\"txtNew\" data-packed=\"true\">\n<p style=\"text-align: justify;\">Die Dosenverschlie\u00dfmaschinen von JK SOMME sind au\u00dferordentlich zuverl\u00e4ssig. Sie sind so konzipiert, dass sie bei sachgem\u00e4\u00dfer Wartung langj\u00e4hrig hervorragende Dienste leisten.<\/p>\n<p style=\"text-align: justify;\">JK SOMME stellt verschiedene Instandhaltungsmodelle zur Wahl: vorbeugende \u00dcberpr\u00fcfungen zu Festpreisen, regelm\u00e4\u00dfige Eingriffe oder A-la-Carte-Instandhaltung. Die von uns angebotene Instandhaltung gilt f\u00fcr alle unsere Dosenverschlie\u00dfmaschinen (heutige und alte), selbst wenn sie nicht von uns geliefert wurden.<\/p>\n<\/div>\n\r\n\t\t<\/div>\r\n\t<\/div>\r\n<div class=\"w-separator size_large\"><\/div><div class=\"w-iconbox iconpos_left style_default color_custom align_left no_title\"><div class=\"w-iconbox-icon\" style=\"color:#1c528b;\"><i class=\"fas fa-tools\"><\/i><\/div><div class=\"w-iconbox-meta\"><div class=\"w-iconbox-text\"><h5 style=\"text-align: left;\"><strong>Die L\u00f6sung zur optimalen Nutzung Ihrer Dosenverschlie\u00dfmaschine<\/strong><\/h5>\n<\/div><\/div><\/div><div class=\"w-separator size_large\"><\/div>\r\n\t<div class=\"wpb_text_column \">\r\n\t\t<div class=\"wpb_wrapper\">\r\n\t\t\t<div id=\"comp-j3ju0y7j\" class=\"txtNew\" data-packed=\"true\">\n<p style=\"text-align: justify;\">W\u00e4hrend des Instandhaltungsverfahrens k\u00f6nnen m\u00f6gliche M\u00e4ngel behoben werden, und wenn n\u00f6tig, k\u00f6nnen wir Arbeiten und Pr\u00fcfungen im Zusammenhang mit der Unfallverh\u00fctung durchf\u00fchren. Auf diese Weise optimieren wir die Leistung der Anlage entsprechend den in den Einrichtungen zur Verf\u00fcgung stehenden M\u00f6glichkeiten.<\/p>\n<\/div>\n\r\n\t\t<\/div>\r\n\t<\/div>\r\n<\/div><\/div><\/div><\/div><\/div><\/section>\n","protected":false},"excerpt":{"rendered":"","protected":false},"author":2,"featured_media":0,"parent":18498,"menu_order":0,"comment_status":"closed","ping_status":"closed","template":"","meta":{"sfsi_plus_gutenberg_text_before_share":"","sfsi_plus_gutenberg_show_text_before_share":"","sfsi_plus_gutenberg_icon_type":"","sfsi_plus_gutenberg_icon_alignemt":"","sfsi_plus_gutenburg_max_per_row":""},"_links":{"self":[{"href":"https:\/\/somme.com\/de\/wp-json\/wp\/v2\/pages\/18328"}],"collection":[{"href":"https:\/\/somme.com\/de\/wp-json\/wp\/v2\/pages"}],"about":[{"href":"https:\/\/somme.com\/de\/wp-json\/wp\/v2\/types\/page"}],"author":[{"embeddable":true,"href":"https:\/\/somme.com\/de\/wp-json\/wp\/v2\/users\/2"}],"replies":[{"embeddable":true,"href":"https:\/\/somme.com\/de\/wp-json\/wp\/v2\/comments?post=18328"}],"version-history":[{"count":8,"href":"https:\/\/somme.com\/de\/wp-json\/wp\/v2\/pages\/18328\/revisions"}],"predecessor-version":[{"id":18560,"href":"https:\/\/somme.com\/de\/wp-json\/wp\/v2\/pages\/18328\/revisions\/18560"}],"up":[{"embeddable":true,"href":"https:\/\/somme.com\/de\/wp-json\/wp\/v2\/pages\/18498"}],"wp:attachment":[{"href":"https:\/\/somme.com\/de\/wp-json\/wp\/v2\/media?parent=18328"}],"curies":[{"name":"wp","href":"https:\/\/api.w.org\/{rel}","templated":true}]}}