{"id":18392,"date":"2013-05-31T11:58:45","date_gmt":"2013-05-31T11:58:45","guid":{"rendered":"https:\/\/somme.com\/dosenverschliessmaschinen\/cerradoras-de-latas-manuales\/"},"modified":"2020-06-02T10:02:11","modified_gmt":"2020-06-02T10:02:11","slug":"manuelle-maschinen","status":"publish","type":"page","link":"https:\/\/somme.com\/de\/hochwertiger-dosenverschlussmaschinen-jk-somme\/manuelle-maschinen\/","title":{"rendered":"Manuelle Maschinen"},"content":{"rendered":"<section class=\"l-section wpb_row height_auto with_overlay\"><div class=\"l-section-overlay\" style=\"background: #2b65a6\"><\/div><div class=\"l-section-h i-cf\"><div class=\"g-cols vc_row type_default valign_top\"><div class=\"vc_col-sm-12 wpb_column vc_column_container\"><div class=\"vc_column-inner\"><div class=\"wpb_wrapper\"><div class=\"w-separator size_medium\"><\/div>\r\n\t<div class=\"wpb_text_column \">\r\n\t\t<div class=\"wpb_wrapper\">\r\n\t\t\t<div id=\"comp-j21nngdf\" class=\"txtNew\" data-packed=\"true\">\n<h3 class=\"font_0\" style=\"text-align: center;\"><span style=\"color: #ffffff;\"><span class=\"color_11\">\u200b<\/span>HALBAUTOMATISCHE DOSENVERSCHLIE\u00dfMASCHINEN<\/span><\/h3>\n<p>&nbsp;<\/p>\n<\/div>\n<div id=\"comp-j21nngdi\" class=\"txtNew\" data-packed=\"true\">\n<p class=\"font_8\" style=\"text-align: center;\"><span style=\"color: #ffffff;\">Manuelle und halbautomatische Dosenverschlie\u00dfmaschinen eignen sich optimal f\u00fcr kleinere Industrieproduktionen, die Herstellung von Konserven zu Hause, Markttests, Labors, technische Hochschulen usw. Der Hauptvorteil dieser Art von Verschlie\u00dfmaschinen ist ihre gro\u00dfe Vielseitigkeit, die es erm\u00f6glicht, am gleichen Tag unterschiedliche Dosengr\u00f6\u00dfen (Durchmesser und H\u00f6hen) zu verschlie\u00dfen.\u00a0<\/span><\/p>\n<\/div>\n\r\n\t\t<\/div>\r\n\t<\/div>\r\n<div class=\"w-separator size_medium\"><\/div><\/div><\/div><\/div><\/div><\/div><\/section><section class=\"l-section wpb_row height_large\"><div class=\"l-section-h i-cf\"><div class=\"g-cols vc_row type_default valign_top\"><div class=\"vc_col-sm-6 vc_hidden-md vc_hidden-sm vc_hidden-xs wpb_column vc_column_container\"><div class=\"vc_column-inner  vc_custom_1572946020522\"><div class=\"wpb_wrapper\">\r\n\t<div class=\"wpb_text_column \">\r\n\t\t<div class=\"wpb_wrapper\">\r\n\t\t\t<div id=\"comp-jatfeedh\" class=\"txtNew\" data-packed=\"true\">\n<h3 class=\"font_2\"><span class=\"color_15\" style=\"color: #ffc400;\">S1<\/span><\/h3>\n<\/div>\n<div id=\"comp-jatfeedi\" class=\"txtNew\" data-packed=\"true\">\n<h5 class=\"font_6\"><span style=\"color: #ffc400;\">Manuelle Dosenverschlie\u00dfmaschine<\/span><\/h5>\n<div id=\"comp-jam7kx5f1\" class=\"txtNew\" data-packed=\"true\">\n<p>Bis zu<strong>\u00a010 Dosen\/Minute.<\/strong><\/p>\n<\/div>\n<div class=\"txtNew\" data-packed=\"true\">Maximaler Dosendurchmesser bis 214 mm.<\/div>\n<\/div>\n\r\n\t\t<\/div>\r\n\t<\/div>\r\n<div class=\"w-separator size_medium\"><\/div><div class=\"w-btn-wrapper width_auto align_left\"><a class=\"w-btn us-btn-style_3\" href=\"https:\/\/somme.com\/de\/dosenverschliessmaschinen\/s1\/\" title=\"S1\" style=\"font-size:13px;\"><span class=\"w-btn-label\">MEHR INFORMATIONEN<\/span><\/a><\/div><div class=\"w-separator size_small\"><\/div><div class=\"w-image align_right\"><div class=\"w-image-h\"><img width=\"450\" height=\"288\" src=\"https:\/\/somme.com\/wp-content\/uploads\/2019\/10\/Captura-2.jpg\" class=\"attachment-large size-large\" alt=\"\" loading=\"lazy\" srcset=\"https:\/\/somme.com\/wp-content\/uploads\/2019\/10\/Captura-2.jpg 450w, https:\/\/somme.com\/wp-content\/uploads\/2019\/10\/Captura-2-300x192.jpg 300w\" sizes=\"(max-width: 450px) 100vw, 450px\" \/><\/div><\/div><\/div><\/div><\/div><div class=\"vc_col-sm-6 vc_hidden-md vc_hidden-sm vc_hidden-xs wpb_column vc_column_container\"><div class=\"vc_column-inner\"><div class=\"wpb_wrapper\"><div class=\"w-image align_none\"><div class=\"w-image-h\"><img width=\"640\" height=\"543\" src=\"https:\/\/somme.com\/wp-content\/uploads\/2019\/07\/hombrebest.png\" class=\"attachment-large size-large\" alt=\"\" loading=\"lazy\" srcset=\"https:\/\/somme.com\/wp-content\/uploads\/2019\/07\/hombrebest.png 716w, https:\/\/somme.com\/wp-content\/uploads\/2019\/07\/hombrebest-300x254.png 300w\" sizes=\"(max-width: 640px) 100vw, 640px\" \/><\/div><\/div><\/div><\/div><\/div><\/div><\/div><\/section><section class=\"l-section wpb_row height_auto\"><div class=\"l-section-h i-cf\"><div class=\"g-cols vc_row type_default valign_top\"><div class=\"vc_col-sm-3 vc_hidden-lg wpb_column vc_column_container\"><div class=\"vc_column-inner  vc_custom_1572946123307\"><div class=\"wpb_wrapper\">\r\n\t<div class=\"wpb_text_column \">\r\n\t\t<div class=\"wpb_wrapper\">\r\n\t\t\t<div id=\"comp-jatfeedh\" class=\"txtNew\" data-packed=\"true\">\n<h3 class=\"font_2\"><span class=\"color_15\" style=\"color: #ffc400;\">S1<\/span><\/h3>\n<\/div>\n<div id=\"comp-jatfeedi\" class=\"txtNew\" data-packed=\"true\">\n<h5 class=\"font_6\"><span style=\"color: #ffc400;\">Manuelle Dosenverschlie\u00dfmaschine<\/span><\/h5>\n<div id=\"comp-jam7kx5f1\" class=\"txtNew\" data-packed=\"true\">\n<p>Bis zu<strong>\u00a010 Dosen\/Minute.<\/strong><\/p>\n<\/div>\n<div class=\"txtNew\" data-packed=\"true\">Maximaler Dosendurchmesser bis 214 mm.<\/div>\n<\/div>\n\r\n\t\t<\/div>\r\n\t<\/div>\r\n<div class=\"w-separator size_medium\"><\/div><div class=\"w-btn-wrapper width_auto align_left\"><a class=\"w-btn us-btn-style_3\" href=\"https:\/\/somme.com\/de\/dosenverschliessmaschinen\/s1\/\" title=\"S1\" style=\"font-size:13px;\"><span class=\"w-btn-label\">MEHR INFORMATIONEN<\/span><\/a><\/div><\/div><\/div><\/div><div class=\"vc_col-sm-9 vc_hidden-lg wpb_column vc_column_container\"><div class=\"vc_column-inner\"><div class=\"wpb_wrapper\"><div class=\"w-image align_none\"><div class=\"w-image-h\"><img width=\"640\" height=\"543\" src=\"https:\/\/somme.com\/wp-content\/uploads\/2019\/07\/hombrebest.png\" class=\"attachment-large size-large\" alt=\"\" loading=\"lazy\" srcset=\"https:\/\/somme.com\/wp-content\/uploads\/2019\/07\/hombrebest.png 716w, https:\/\/somme.com\/wp-content\/uploads\/2019\/07\/hombrebest-300x254.png 300w\" sizes=\"(max-width: 640px) 100vw, 640px\" \/><\/div><\/div><\/div><\/div><\/div><\/div><\/div><\/section>\n","protected":false},"excerpt":{"rendered":"\u200bHALBAUTOMATISCHE DOSENVERSCHLIE\u00dfMASCHINEN &nbsp; Manuelle und halbautomatische Dosenverschlie\u00dfmaschinen eignen sich optimal f\u00fcr kleinere Industrieproduktionen, die Herstellung von Konserven zu Hause, Markttests, Labors, technische Hochschulen usw. Der Hauptvorteil dieser Art von Verschlie\u00dfmaschinen ist ihre gro\u00dfe Vielseitigkeit, die es erm\u00f6glicht, am gleichen Tag unterschiedliche Dosengr\u00f6\u00dfen (Durchmesser und H\u00f6hen) zu verschlie\u00dfen.\u00a0 S1 Manuelle Dosenverschlie\u00dfmaschine Bis zu\u00a010 Dosen\/Minute. Maximaler Dosendurchmesser...","protected":false},"author":2,"featured_media":0,"parent":18376,"menu_order":0,"comment_status":"closed","ping_status":"closed","template":"","meta":{"sfsi_plus_gutenberg_text_before_share":"","sfsi_plus_gutenberg_show_text_before_share":"","sfsi_plus_gutenberg_icon_type":"","sfsi_plus_gutenberg_icon_alignemt":"","sfsi_plus_gutenburg_max_per_row":""},"_links":{"self":[{"href":"https:\/\/somme.com\/de\/wp-json\/wp\/v2\/pages\/18392"}],"collection":[{"href":"https:\/\/somme.com\/de\/wp-json\/wp\/v2\/pages"}],"about":[{"href":"https:\/\/somme.com\/de\/wp-json\/wp\/v2\/types\/page"}],"author":[{"embeddable":true,"href":"https:\/\/somme.com\/de\/wp-json\/wp\/v2\/users\/2"}],"replies":[{"embeddable":true,"href":"https:\/\/somme.com\/de\/wp-json\/wp\/v2\/comments?post=18392"}],"version-history":[{"count":4,"href":"https:\/\/somme.com\/de\/wp-json\/wp\/v2\/pages\/18392\/revisions"}],"predecessor-version":[{"id":18457,"href":"https:\/\/somme.com\/de\/wp-json\/wp\/v2\/pages\/18392\/revisions\/18457"}],"up":[{"embeddable":true,"href":"https:\/\/somme.com\/de\/wp-json\/wp\/v2\/pages\/18376"}],"wp:attachment":[{"href":"https:\/\/somme.com\/de\/wp-json\/wp\/v2\/media?parent=18392"}],"curies":[{"name":"wp","href":"https:\/\/api.w.org\/{rel}","templated":true}]}}