{"id":18490,"date":"2013-12-12T12:01:54","date_gmt":"2013-12-12T12:01:54","guid":{"rendered":"https:\/\/somme.com\/repuestos-para-cerradoras-de-latas\/"},"modified":"2020-07-14T16:09:32","modified_gmt":"2020-07-14T16:09:32","slug":"original-ersatzteile-fur-dosenverschliessmaschinen-jk-somme","status":"publish","type":"page","link":"https:\/\/somme.com\/de\/original-ersatzteile-fur-dosenverschliessmaschinen-jk-somme\/","title":{"rendered":"ERSATZTEILE"},"content":{"rendered":"<section class=\"l-section wpb_row height_huge with_img parallax_ver parallaxdir_reversed\"><div class=\"l-section-img\" style=\"background-image: url(https:\/\/somme.com\/wp-content\/uploads\/2019\/10\/gears.jpg);background-size: contain;\" data-img-width=\"2050\" data-img-height=\"900\"><\/div><div class=\"l-section-h i-cf\"><div class=\"g-cols vc_row type_default valign_top\"><div class=\"vc_col-sm-12 wpb_column vc_column_container\"><div class=\"vc_column-inner\"><div class=\"wpb_wrapper\"><div class=\"g-cols wpb_row  type_default valign_top vc_inner  vc_custom_1563533830701\"><div class=\"vc_col-sm-12 wpb_column vc_column_container\"><div class=\"vc_column-inner\"><div class=\"wpb_wrapper\"><div class=\"w-separator size_medium\"><\/div>\r\n\t<div class=\"wpb_text_column \">\r\n\t\t<div class=\"wpb_wrapper\">\r\n\t\t\t<div id=\"comp-j3v9ea5p\" class=\"txtNew\" data-packed=\"true\">\n<h1 style=\"text-align: center;\"><span style=\"color: #ffffff;\">ORIGINALERSATZTEILE F\u00dcR DOSENVERSCHLIE\u00dfMASCHINEN<\/span><\/h1>\n<p>&nbsp;<\/p>\n<\/div>\n\r\n\t\t<\/div>\r\n\t<\/div>\r\n<div class=\"w-separator size_small\"><\/div>\r\n\t<div class=\"wpb_text_column \">\r\n\t\t<div class=\"wpb_wrapper\">\r\n\t\t\t<p style=\"text-align: center;\"><span style=\"color: #ffffff;\">Original-Ersatzteile sind die beste M\u00f6glichkeit, Ihre Dosenverschlie\u00dfmaschine zu sch\u00fctzen und die maximale Rendite Ihrer Investition in Bezug auf Leistung und Lebensdauer gleicherma\u00dfen zu gew\u00e4hrleisten. Durch Verwendung von Original-Ersatzteilen von JK SOMME maximieren Sie die Betriebslebensdauer Ihrer Maschine.<\/span><\/p>\n\r\n\t\t<\/div>\r\n\t<\/div>\r\n<div class=\"w-separator size_medium\"><\/div><\/div><\/div><\/div><\/div><\/div><\/div><\/div><\/div><\/div><\/section><section class=\"l-section wpb_row height_medium dotted-blue\"><div class=\"l-section-h i-cf\"><div class=\"g-cols vc_row type_default valign_top\"><div class=\"vc_col-sm-12 wpb_column vc_column_container\"><div class=\"vc_column-inner\"><div class=\"wpb_wrapper\">\r\n\t<div class=\"wpb_text_column \">\r\n\t\t<div class=\"wpb_wrapper\">\r\n\t\t\t<div id=\"comp-j82rvbgz\" class=\"txtNew\" data-packed=\"true\">\n<h4 class=\"font_2\"><span style=\"color: #2b65a6;\"><strong>VOLLST\u00c4NDIG JK SOMME: 100 % LEISTUNG<\/strong><\/span><\/h4>\n<\/div>\n\r\n\t\t<\/div>\r\n\t<\/div>\r\n<div class=\"w-separator size_small with_line width_default thick_1 style_solid color_custom align_center\" style=\"border-color:#2b65a6;color:#2b65a6;\"><div class=\"w-separator-h\"><\/div><\/div>\r\n\t<div class=\"wpb_text_column \">\r\n\t\t<div class=\"wpb_wrapper\">\r\n\t\t\t<div id=\"comp-j82rvbgz\" class=\"txtNew\" data-packed=\"true\">\n<h5 style=\"text-align: justify;\"><span style=\"font-size: 12pt;\">Nichts geht \u00fcber das Original, wenn es sich um JK SOMME Teile und Ersatzteile handelt. Wer sonst garantiert Ihnen h\u00f6chste Qualit\u00e4t, effizienten Betrieb, gepr\u00fcfte Sicherheit und maximale Zuverl\u00e4ssigkeit f\u00fcr ein optimales Ergebnis? Genau: nur das Original, nur von JK SOMME.<\/span><\/h5>\n<\/div>\n\r\n\t\t<\/div>\r\n\t<\/div>\r\n<div class=\"w-separator size_medium\"><\/div><div class=\"w-iconbox iconpos_left style_default color_custom align_left no_title\"><div class=\"w-iconbox-icon\" style=\"color:#2b65a6;\"><i class=\"fas fa-cogs\"><\/i><\/div><div class=\"w-iconbox-meta\"><div class=\"w-iconbox-text\"><h6 style=\"text-align: justify;\"><strong>Originalteile von JK SOMME: Die Gew\u00e4hr f\u00fcr die Zuverl\u00e4ssigkeit und Qualit\u00e4t Ihrer Anlage<\/strong><\/h6>\n<\/div><\/div><\/div><div class=\"w-separator size_medium\"><\/div>\r\n\t<div class=\"wpb_text_column \">\r\n\t\t<div class=\"wpb_wrapper\">\r\n\t\t\t<p style=\"text-align: justify;\">Durch Verwendung von Original-Ersatzteilen von JK SOMME maximieren Sie die Lebenserwartung Ihrer Maschine. Nur Original-Ersatzteile von JK SOMME k\u00f6nnen die Qualit\u00e4t und Zuverl\u00e4ssigkeit Ihrer Anlage gew\u00e4hrleisten. Unsere Original-Ersatzteile sind so konzipiert, dass sie strengen Betriebsbeschr\u00e4nkungen standhalten. Instandhaltungskosten werden optimiert und die Arbeiten durch ein gro\u00dfes Netzwerk an exklusiven lokalen Vertretern durchgef\u00fchrt. Profitieren Sie von unserem schnellen Lieferservice, egal ob Sie in Spanien oder anderswo sind.<\/p>\n\r\n\t\t<\/div>\r\n\t<\/div>\r\n<div class=\"w-separator size_medium\"><\/div>[rev_slider_vc alias=&#8221;repuestos-galeria43&#8243;]<div class=\"w-separator size_medium\"><\/div><div class=\"g-cols wpb_row  type_default valign_top vc_inner \"><div class=\"vc_col-sm-12 wpb_column vc_column_container\"><div class=\"vc_column-inner\"><div class=\"wpb_wrapper\"><div class=\"w-separator size_large\"><\/div>\r\n\t<div class=\"wpb_text_column \">\r\n\t\t<div class=\"wpb_wrapper\">\r\n\t\t\t<div id=\"comp-j82rvbgz\" class=\"txtNew\" data-packed=\"true\">\n<h4><span style=\"color: #2b65a6;\"><strong>ERSATZTEILE F\u00dcR BESTANDSMASCHINEN VON SOMME<\/strong><\/span><\/h4>\n<\/div>\n\r\n\t\t<\/div>\r\n\t<\/div>\r\n<div class=\"w-separator size_small with_line width_default thick_1 style_solid color_custom align_center\" style=\"border-color:#2b65a6;color:#2b65a6;\"><div class=\"w-separator-h\"><\/div><\/div>\r\n\t<div class=\"wpb_text_column \">\r\n\t\t<div class=\"wpb_wrapper\">\r\n\t\t\t<div id=\"comp-j82rvbgz\" class=\"txtNew\" data-packed=\"true\">\n<h5><span style=\"font-size: 16px;\">JK SOMME<\/span>\u00a0<span style=\"font-size: 12pt;\">ist Ihr idealer Partner, wenn Sie Ersatzteile f\u00fcr Ihre bew\u00e4hrte, gebrauchte Dosenverschlie\u00dfmaschine von SOMME ben\u00f6tigen.<\/span><\/h5>\n<div id=\"comp-j82rxi7r\" class=\"txtNew\" data-packed=\"true\">\n<p>Wenn Ihre Dosenverschlie\u00dfmaschine schon l\u00e4ngere Zeit l\u00e4uft, haben Sie bereits einen klaren Hinweis auf ihre hervorragende Qualit\u00e4t und Haltbarkeit. Gleichzeitig erfordern Maschinen, die ein bestimmtes Alter erreicht haben, auch eine besonders umfassende Wartung, was h\u00e4ufig dazu f\u00fchrt, dass man das eine oder andere Ersatzteil ben\u00f6tigt. Eben hier kommt JK SOMME ins Spiel.<\/p>\n<\/div>\n<\/div>\n\r\n\t\t<\/div>\r\n\t<\/div>\r\n<div class=\"w-separator size_medium\"><\/div><div class=\"w-iconbox iconpos_left style_default color_custom align_center no_title\"><div class=\"w-iconbox-icon\" style=\"font-size:50px;color:#2b65a6;\"><i class=\"fas fa-cogs\"><\/i><\/div><div class=\"w-iconbox-meta\"><div class=\"w-iconbox-text\"><h6 style=\"text-align: justify;\"><strong>Wir sind der einzige Lieferant, der Ersatzteile von bew\u00e4hrter Qualit\u00e4t und Anerkennung anbietet. Wir liefern Original-Ersatzteile f\u00fcr bestehende Maschinen von SOMME, die von unserer Vorg\u00e4ngerfirma SOMME S.A. hergestellt wurden.<\/strong><\/h6>\n<\/div><\/div><\/div><div class=\"w-separator size_medium\"><\/div><\/div><\/div><\/div><\/div>\r\n\t<div class=\"wpb_text_column \">\r\n\t\t<div class=\"wpb_wrapper\">\r\n\t\t\t<p>Wir liefern nicht nur die Originalteile selbst, sondern wir bieten auch einen kompletten \u00dcberholungsservice auf der Grundlage der Originalunterlagen und -zeichnungen.<\/p>\n<p>Sachkenntnis: Vertrauen Sie der Erfahrung unserer Mitarbeiter bei JK SOMME, da diese seit vielen Jahren mit den Maschinen unserer Vorg\u00e4ngerfirma vertraut sind und in manchen F\u00e4llen sogar bei deren Bau mitgeholfen haben.<\/p>\n<p>Denken Sie immer an die Modernisierung Ihrer Produktionslinien und profitieren Sie von Original-Ersatzteilen und einem Kundendienst aus erster Hand. F\u00fcr weitere Informationen steht Ihnen JK SOMME gerne zur Verf\u00fcgung &#8211; ganz unverbindlich.<\/p>\n\r\n\t\t<\/div>\r\n\t<\/div>\r\n<div class=\"w-separator size_large\"><\/div>\r\n\t<div class=\"wpb_text_column \">\r\n\t\t<div class=\"wpb_wrapper\">\r\n\t\t\t<div id=\"comp-j82rvbgz\" class=\"txtNew\" data-packed=\"true\">\n<div id=\"comp-j8cusey3\" class=\"txtNew\" data-packed=\"true\">\n<div id=\"comp-jrhofc6t\" class=\"txtNew\" data-packed=\"true\">\n<h4 class=\"font_2\"><span style=\"color: #2b65a6;\"><strong>VORTEILE VON ORIGINAL-ERSATZTEILEN VON JK SOMME<\/strong><\/span><\/h4>\n<\/div>\n<\/div>\n<\/div>\n\r\n\t\t<\/div>\r\n\t<\/div>\r\n<div class=\"w-separator size_small with_line width_default thick_1 style_solid color_custom align_center\" style=\"border-color:#2b65a6;color:#2b65a6;\"><div class=\"w-separator-h\"><\/div><\/div>\r\n\t<div class=\"wpb_text_column \">\r\n\t\t<div class=\"wpb_wrapper\">\r\n\t\t\t<div id=\"comp-j82rvbgz\" class=\"txtNew\" data-packed=\"true\">\n<div id=\"comp-j8cusey3\" class=\"txtNew\" data-packed=\"true\">\n<div id=\"comp-jrhofc6t\" class=\"txtNew\" data-packed=\"true\">\n<p>&nbsp;<\/p>\n<\/div>\n<div id=\"comp-jrhofc6j\" class=\"txtNew\" data-packed=\"true\">\n<ul>\n<li>\u00dcberlegene Qualit\u00e4t, bew\u00e4hrte Sicherheit mit pr\u00e4ziser Passform und Funktionalit\u00e4t<\/li>\n<li>Gr\u00f6\u00dfte Leistung und Kontinuit\u00e4t der modernsten Technologie<\/li>\n<li>Problemloser Einbau, lange Lebensdauer, was die Gew\u00e4hrleistung von JK SOMME auf Neuteile umfasst.<\/li>\n<li>Maximale Verf\u00fcgbarkeit aufgrund der kurzen Reaktionszeit im Werk<\/li>\n<li>Schnelle Lieferung \u00fcber das Servicenetzwerk von JK SOMME, das auch nach 30 Jahren noch verf\u00fcgbar ist.<\/li>\n<li>Ersatzteillieferung f\u00fcr Zukaufbaugruppen, die nicht mehr auf dem Markt erh\u00e4ltlich sind.<\/li>\n<\/ul>\n<\/div>\n<\/div>\n<\/div>\n\r\n\t\t<\/div>\r\n\t<\/div>\r\n<\/div><\/div><\/div><\/div><\/div><\/section>\n","protected":false},"excerpt":{"rendered":"ORIGINALERSATZTEILE F\u00dcR DOSENVERSCHLIE\u00dfMASCHINEN &nbsp; Original-Ersatzteile sind die beste M\u00f6glichkeit, Ihre Dosenverschlie\u00dfmaschine zu sch\u00fctzen und die maximale Rendite Ihrer Investition in Bezug auf Leistung und Lebensdauer gleicherma\u00dfen zu gew\u00e4hrleisten. Durch Verwendung von Original-Ersatzteilen von JK SOMME maximieren Sie die Betriebslebensdauer Ihrer Maschine. VOLLST\u00c4NDIG JK SOMME: 100 % LEISTUNG Nichts geht \u00fcber das Original, wenn es sich...","protected":false},"author":2,"featured_media":0,"parent":0,"menu_order":0,"comment_status":"closed","ping_status":"closed","template":"","meta":{"sfsi_plus_gutenberg_text_before_share":"","sfsi_plus_gutenberg_show_text_before_share":"","sfsi_plus_gutenberg_icon_type":"","sfsi_plus_gutenberg_icon_alignemt":"","sfsi_plus_gutenburg_max_per_row":""},"_links":{"self":[{"href":"https:\/\/somme.com\/de\/wp-json\/wp\/v2\/pages\/18490"}],"collection":[{"href":"https:\/\/somme.com\/de\/wp-json\/wp\/v2\/pages"}],"about":[{"href":"https:\/\/somme.com\/de\/wp-json\/wp\/v2\/types\/page"}],"author":[{"embeddable":true,"href":"https:\/\/somme.com\/de\/wp-json\/wp\/v2\/users\/2"}],"replies":[{"embeddable":true,"href":"https:\/\/somme.com\/de\/wp-json\/wp\/v2\/comments?post=18490"}],"version-history":[{"count":4,"href":"https:\/\/somme.com\/de\/wp-json\/wp\/v2\/pages\/18490\/revisions"}],"predecessor-version":[{"id":18555,"href":"https:\/\/somme.com\/de\/wp-json\/wp\/v2\/pages\/18490\/revisions\/18555"}],"wp:attachment":[{"href":"https:\/\/somme.com\/de\/wp-json\/wp\/v2\/media?parent=18490"}],"curies":[{"name":"wp","href":"https:\/\/api.w.org\/{rel}","templated":true}]}}