{"id":18498,"date":"2013-12-16T20:02:11","date_gmt":"2013-12-16T20:02:11","guid":{"rendered":"https:\/\/somme.com\/empresa\/"},"modified":"2020-07-14T16:27:18","modified_gmt":"2020-07-14T16:27:18","slug":"unternehmen-jk-somme-dosenverschliessmaschinen","status":"publish","type":"page","link":"https:\/\/somme.com\/de\/unternehmen-jk-somme-dosenverschliessmaschinen\/","title":{"rendered":"UNTERNEHMEN"},"content":{"rendered":"<section class=\"l-section wpb_row height_auto width_full parallax_fixed\"><div class=\"l-section-h i-cf\"><div class=\"g-cols vc_row type_default valign_top\"><div class=\"vc_col-sm-12 wpb_column vc_column_container\"><div class=\"vc_column-inner\"><div class=\"wpb_wrapper\">[rev_slider_vc alias=&#8221;empresa&#8221;]<\/div><\/div><\/div><\/div><\/div><\/section><section class=\"l-section wpb_row height_auto color_custom\" style=\"background: #1c528b; color: #ffffff;\"><div class=\"l-section-h i-cf\"><div class=\"g-cols vc_row type_default valign_top\"><div class=\"vc_col-sm-12 wpb_column vc_column_container\"><div class=\"vc_column-inner\"><div class=\"wpb_wrapper\"><div class=\"g-cols wpb_row  type_default valign_top vc_inner  vc_custom_1565252013423\"><div class=\"vc_col-sm-12 wpb_column vc_column_container\"><div class=\"vc_column-inner\"><div class=\"wpb_wrapper\"><div class=\"w-separator size_medium\"><\/div>\r\n\t<div class=\"wpb_text_column \">\r\n\t\t<div class=\"wpb_wrapper\">\r\n\t\t\t<h1 style=\"text-align: center;\"><span style=\"color: #ffffff;\">HIGHTECH-DOSENVERSCHLIE\u00dfMASCHINEN AUS BILBAO IN DIE WELT<\/span><\/h1>\n\r\n\t\t<\/div>\r\n\t<\/div>\r\n<div class=\"w-separator size_small\"><\/div>\r\n\t<div class=\"wpb_text_column \">\r\n\t\t<div class=\"wpb_wrapper\">\r\n\t\t\t<p style=\"text-align: center;\"><span style=\"color: #f5f5f5;\">H\u00f6chste technische Standards, dauerhafte Qualit\u00e4t und maximale Effizienz sind die Grundlage f\u00fcr unseren ausgezeichneten weltweiten Ruf. Wir bieten hochwertige L\u00f6sungen f\u00fcr das Verschlie\u00dfen jeder Art runder und unrunder Dosen, von Halbautomaten bis hin zu Vollautomaten, in Geschwindigkeiten von 10 bis 600 Dosen pro Minute.<\/span><\/p>\n\r\n\t\t<\/div>\r\n\t<\/div>\r\n<div class=\"w-separator size_medium\"><\/div><\/div><\/div><\/div><\/div><div class=\"g-cols wpb_row  type_default valign_top vc_inner  vc_custom_1565252021590\"><div class=\"vc_col-sm-3 wpb_column vc_column_container\"><div class=\"vc_column-inner\"><div class=\"wpb_wrapper\"><div class=\"w-btn-wrapper width_auto align_center\"><a class=\"w-btn us-btn-style_4\" href=\"https:\/\/somme.com\/de\/unternehmen\/\" title=\"Sobre nosotros\"><span class=\"w-btn-label\">\u00dcBER UNS<\/span><\/a><\/div><div class=\"w-separator size_medium\"><\/div><\/div><\/div><\/div><div class=\"vc_col-sm-3 wpb_column vc_column_container\"><div class=\"vc_column-inner\"><div class=\"wpb_wrapper\"><div class=\"w-btn-wrapper width_auto align_center\"><a class=\"w-btn us-btn-style_8\" href=\"https:\/\/somme.com\/de\/unternehmen\/geschichte\/\" title=\"GESCHICHTE\"><span class=\"w-btn-label\">GESCHICHTE<\/span><\/a><\/div><div class=\"w-separator size_medium\"><\/div><\/div><\/div><\/div><div class=\"vc_col-sm-3 wpb_column vc_column_container\"><div class=\"vc_column-inner\"><div class=\"wpb_wrapper\"><div class=\"w-btn-wrapper width_auto align_center\"><a class=\"w-btn us-btn-style_8\" href=\"https:\/\/somme.com\/de\/unternehmen\/fertigung\/\" title=\"FERTIGUNG\"><span class=\"w-btn-label\">FERTIGUNG<\/span><\/a><\/div><div class=\"w-separator size_medium\"><\/div><\/div><\/div><\/div><div class=\"vc_col-sm-3 wpb_column vc_column_container\"><div class=\"vc_column-inner\"><div class=\"wpb_wrapper\"><div class=\"w-btn-wrapper width_auto align_center\"><a class=\"w-btn us-btn-style_8\" href=\"https:\/\/somme.com\/de\/unternehmen\/kundendienst\/\" title=\"KUNDENDIENST\"><span class=\"w-btn-label\">KUNDENDIENST<\/span><\/a><\/div><div class=\"w-separator size_medium\"><\/div><\/div><\/div><\/div><\/div><\/div><\/div><\/div><\/div><\/div><\/section><section class=\"l-section wpb_row height_medium\"><div class=\"l-section-h i-cf\"><div class=\"g-cols vc_row type_default valign_top\"><div class=\"vc_col-sm-12 wpb_column vc_column_container\"><div class=\"vc_column-inner\"><div class=\"wpb_wrapper\">\r\n\t<div class=\"wpb_text_column \">\r\n\t\t<div class=\"wpb_wrapper\">\r\n\t\t\t<h5 class=\"font_2\"><span style=\"color: #2b65a6;\"><strong>\u00dcBER UNS<\/strong><\/span><\/h5>\n\r\n\t\t<\/div>\r\n\t<\/div>\r\n<div class=\"w-separator size_small with_line width_default thick_1 style_solid color_custom align_center\" style=\"border-color:#2b65a6;color:#2b65a6;\"><div class=\"w-separator-h\"><\/div><\/div><div class=\"g-cols wpb_row  type_default valign_top vc_inner \"><div class=\"vc_col-sm-8 wpb_column vc_column_container\"><div class=\"vc_column-inner\"><div class=\"wpb_wrapper\"><div class=\"w-separator size_large\"><\/div>\r\n\t<div class=\"wpb_text_column \">\r\n\t\t<div class=\"wpb_wrapper\">\r\n\t\t\t<div id=\"comp-j0t7vu1k\" class=\"txtNew\" data-packed=\"true\">\n<p style=\"text-align: justify;\">JK SOMME bietet seit seiner Gr\u00fcndung im Jahre 1905 weiter seine langj\u00e4hrige Erfahrung als Hersteller einer der umfassendsten Paletten\u00a0 solider, hochwertiger und kosteneffizienter Dosenverschlie\u00dfmaschinen der Welt an. Entwickelt f\u00fcr kleine Handwerksbetriebe, mittelst\u00e4ndische\u00a0 Konservenfabriken oder gro\u00dfe multinationale Unternehmen.<\/p>\n<\/div>\n\r\n\t\t<\/div>\r\n\t<\/div>\r\n<\/div><\/div><\/div><div class=\"vc_col-sm-4 wpb_column vc_column_container\"><div class=\"vc_column-inner\"><div class=\"wpb_wrapper\"><div class=\"w-image align_none\"><div class=\"w-image-h\"><img width=\"395\" height=\"255\" src=\"https:\/\/somme.com\/wp-content\/uploads\/2019\/07\/madespain.jpg\" class=\"attachment-large size-large\" alt=\"\" loading=\"lazy\" srcset=\"https:\/\/somme.com\/wp-content\/uploads\/2019\/07\/madespain.jpg 395w, https:\/\/somme.com\/wp-content\/uploads\/2019\/07\/madespain-300x194.jpg 300w\" sizes=\"(max-width: 395px) 100vw, 395px\" \/><\/div><\/div><\/div><\/div><\/div><\/div><div class=\"g-cols wpb_row  type_default valign_top vc_inner \"><div class=\"vc_col-sm-6 wpb_column vc_column_container\"><div class=\"vc_column-inner\"><div class=\"wpb_wrapper\"><div class=\"w-image align_none\"><div class=\"w-image-h\"><img width=\"640\" height=\"352\" src=\"https:\/\/somme.com\/wp-content\/uploads\/2019\/07\/EMPRESA1.jpg\" class=\"attachment-large size-large\" alt=\"\" loading=\"lazy\" srcset=\"https:\/\/somme.com\/wp-content\/uploads\/2019\/07\/EMPRESA1.jpg 711w, https:\/\/somme.com\/wp-content\/uploads\/2019\/07\/EMPRESA1-300x165.jpg 300w\" sizes=\"(max-width: 640px) 100vw, 640px\" \/><\/div><\/div><\/div><\/div><\/div><div class=\"vc_col-sm-6 wpb_column vc_column_container\"><div class=\"vc_column-inner\"><div class=\"wpb_wrapper\"><div class=\"w-image align_none\"><div class=\"w-image-h\"><img width=\"640\" height=\"352\" src=\"https:\/\/somme.com\/wp-content\/uploads\/2019\/10\/empresapadre-1.png\" class=\"attachment-large size-large\" alt=\"\" loading=\"lazy\" srcset=\"https:\/\/somme.com\/wp-content\/uploads\/2019\/10\/empresapadre-1.png 711w, https:\/\/somme.com\/wp-content\/uploads\/2019\/10\/empresapadre-1-300x165.png 300w\" sizes=\"(max-width: 640px) 100vw, 640px\" \/><\/div><\/div><\/div><\/div><\/div><\/div><div class=\"g-cols wpb_row  type_default valign_top vc_inner \"><div class=\"vc_col-sm-12 wpb_column vc_column_container\"><div class=\"vc_column-inner\"><div class=\"wpb_wrapper\"><div class=\"w-separator size_medium\"><\/div>\r\n\t<div class=\"wpb_text_column \">\r\n\t\t<div class=\"wpb_wrapper\">\r\n\t\t\t<p style=\"text-align: justify;\">Wir bieten hochwertige Total Quality-L\u00f6sungen f\u00fcr das Verschlie\u00dfen jeder Art runder und unrunder Dosen, von Halbautomaten bis hin zu Vollautomaten, mit Geschwindigkeiten von 10 bis 600 Dosen pro Minute. Unsere Produktpalette umfasst Dosenverschlie\u00dfmaschinen f\u00fcr unrunde Dosen, Dosenverschlie\u00dfmaschinen f\u00fcr runde Dosen und Vakuum-Dosenverschlie\u00dfmaschinen.<\/p>\n\r\n\t\t<\/div>\r\n\t<\/div>\r\n<div class=\"w-separator size_small\"><\/div><\/div><\/div><\/div><\/div><div class=\"g-cols wpb_row  type_default valign_top vc_inner \"><div class=\"vc_col-sm-6 wpb_column vc_column_container\"><div class=\"vc_column-inner\"><div class=\"wpb_wrapper\"><div class=\"w-separator size_large\"><\/div><div class=\"w-iconbox iconpos_left style_default color_custom align_left no_title icontype_img\"><div class=\"w-iconbox-icon\" style=\"font-size:60px;color:#2b65a6;\"><img width=\"512\" height=\"512\" src=\"https:\/\/somme.com\/wp-content\/uploads\/2019\/07\/alimentos-enlatados.png\" class=\"attachment-full size-full\" alt=\"\" loading=\"lazy\" srcset=\"https:\/\/somme.com\/wp-content\/uploads\/2019\/07\/alimentos-enlatados.png 512w, https:\/\/somme.com\/wp-content\/uploads\/2019\/07\/alimentos-enlatados-150x150.png 150w, https:\/\/somme.com\/wp-content\/uploads\/2019\/07\/alimentos-enlatados-300x300.png 300w\" sizes=\"(max-width: 512px) 100vw, 512px\" \/><\/div><div class=\"w-iconbox-meta\"><div class=\"w-iconbox-text\"><h5 style=\"text-align: justify;\"><strong>JK SOMME h\u00e4lt heute mit mehr als 6000 verkauften Maschinen einen bedeutenden Marktanteil an Dosenverschlie\u00dfmaschinen f\u00fcr unrunde Dosen<\/strong><\/h5>\n<\/div><\/div><\/div><\/div><\/div><\/div><div class=\"vc_col-sm-6 wpb_column vc_column_container\"><div class=\"vc_column-inner\"><div class=\"wpb_wrapper\"><div class=\"w-image align_none\"><div class=\"w-image-h\"><img width=\"640\" height=\"283\" src=\"https:\/\/somme.com\/wp-content\/uploads\/2019\/07\/LATAS-IRREGULARES.jpg\" class=\"attachment-large size-large\" alt=\"\" loading=\"lazy\" srcset=\"https:\/\/somme.com\/wp-content\/uploads\/2019\/07\/LATAS-IRREGULARES.jpg 645w, https:\/\/somme.com\/wp-content\/uploads\/2019\/07\/LATAS-IRREGULARES-300x133.jpg 300w\" sizes=\"(max-width: 640px) 100vw, 640px\" \/><\/div><\/div><\/div><\/div><\/div><\/div><div class=\"g-cols wpb_row  type_default valign_top vc_inner \"><div class=\"vc_col-sm-12 wpb_column vc_column_container\"><div class=\"vc_column-inner\"><div class=\"wpb_wrapper\"><div class=\"w-separator size_small\"><\/div>\r\n\t<div class=\"wpb_text_column \">\r\n\t\t<div class=\"wpb_wrapper\">\r\n\t\t\t<div id=\"comp-j2k9x3st\" class=\"txtNew\" data-packed=\"true\">\n<p style=\"text-align: justify;\">Wir sind renommierter Spezialist f\u00fcr das Verschlie\u00dfen unrunder Dosen wie 1\/4 Club, Dingley, Hansa, 1\/15, 1\/4 Oval, 1 Pfund Oval, 1\/4 P-long, 4\/4, 1-2-3, Kaffeedose, Jockey, Birnenform, Snack, Fiesta, Spam usw.\u00a0Der spanische Hauptsitz von JK SOMME befindet sich in Santecilla de Mena, nahe Bilbao. Das Geb\u00e4ude hat eine Fl\u00e4che von 2000 m\u00b2 und beherbergt alle Abteilungen des Unternehmens: Verkaufsb\u00fcro, technisches B\u00fcro, Teilebearbeitungswerkstatt und Maschinenmontagehalle. Das Unternehmen hat heute eine rund 30-k\u00f6pfige Belegschaft.<\/p>\n<\/div>\n\r\n\t\t<\/div>\r\n\t<\/div>\r\n<\/div><\/div><\/div><\/div><\/div><\/div><\/div><\/div><\/div><\/section><section class=\"l-section wpb_row height_auto\"><div class=\"l-section-h i-cf\"><div class=\"g-cols vc_row type_default valign_top\"><div class=\"vc_col-sm-12 wpb_column vc_column_container\"><div class=\"vc_column-inner\"><div class=\"wpb_wrapper\"><div class=\"w-grid type_grid layout_gallery_default cols_3\" id=\"us_grid_1\"><style id=\"us_grid_1_css\">#us_grid_1 .w-grid-item{padding:0.5rem}#us_grid_1 .w-grid-list{margin:-0.5rem}.w-grid + #us_grid_1 .w-grid-list{margin-top:0.5rem}.l-section.width_full>div>div>.vc_col-sm-12>div>div>#us_grid_1 .w-grid-list{margin-left:0.5rem;margin-right:0.5rem}.l-section.height_auto>div>div>.vc_col-sm-12>div>div>#us_grid_1:first-child .w-grid-list{margin-top:0.5rem}.l-section.height_auto>div>div>.vc_col-sm-12>div>div>#us_grid_1:last-child .w-grid-list{margin-bottom:0.5rem}@media (max-width:899px){#us_grid_1 .w-grid-item{width:50%}}@media (max-width:599px){#us_grid_1 .w-grid-list{margin:0}#us_grid_1 .w-grid-item{width:100%;padding:0;margin-bottom:0.5rem}}<\/style><style>#us_grid_1 .w-grid-item-h{}#us_grid_1 .usg_post_image_1{}#us_grid_1 .usg_post_image_1{transition-duration:0.3s;transform:scale(1) translate(0,0)}#us_grid_1 .w-grid-item-h:hover .usg_post_image_1{transform:scale(1) translate(0,0);opacity:0.5}<\/style><div class=\"w-grid-list\"><article class=\"w-grid-item ratio_1x1 post-18263 attachment type-attachment status-inherit hentry\" data-id=\"18263\">\r\n\t<div class=\"w-grid-item-h\">\r\n\t\t\t\t<div class=\"w-post-elm post_image usg_post_image_1 stretched\"><img width=\"640\" height=\"479\" src=\"https:\/\/somme.com\/wp-content\/uploads\/2019\/07\/empresa1.png\" class=\"attachment-large size-large\" alt=\"\" loading=\"lazy\" srcset=\"https:\/\/somme.com\/wp-content\/uploads\/2019\/07\/empresa1.png 749w, https:\/\/somme.com\/wp-content\/uploads\/2019\/07\/empresa1-300x224.png 300w\" sizes=\"(max-width: 640px) 100vw, 640px\" \/><\/div>\t<\/div>\r\n<\/article>\r\n<article class=\"w-grid-item ratio_1x1 post-18250 attachment type-attachment status-inherit hentry\" data-id=\"18250\">\r\n\t<div class=\"w-grid-item-h\">\r\n\t\t\t\t<div class=\"w-post-elm post_image usg_post_image_1 stretched\"><img width=\"640\" height=\"288\" src=\"https:\/\/somme.com\/wp-content\/uploads\/2019\/07\/emprensa2.png\" class=\"attachment-large size-large\" alt=\"\" loading=\"lazy\" srcset=\"https:\/\/somme.com\/wp-content\/uploads\/2019\/07\/emprensa2.png 1010w, https:\/\/somme.com\/wp-content\/uploads\/2019\/07\/emprensa2-300x135.png 300w\" sizes=\"(max-width: 640px) 100vw, 640px\" \/><\/div>\t<\/div>\r\n<\/article>\r\n<article class=\"w-grid-item ratio_1x1 post-18251 attachment type-attachment status-inherit hentry\" data-id=\"18251\">\r\n\t<div class=\"w-grid-item-h\">\r\n\t\t\t\t<div class=\"w-post-elm post_image usg_post_image_1 stretched\"><img width=\"640\" height=\"473\" src=\"https:\/\/somme.com\/wp-content\/uploads\/2019\/07\/emprensa3.png\" class=\"attachment-large size-large\" alt=\"\" loading=\"lazy\" srcset=\"https:\/\/somme.com\/wp-content\/uploads\/2019\/07\/emprensa3.png 759w, https:\/\/somme.com\/wp-content\/uploads\/2019\/07\/emprensa3-300x222.png 300w\" sizes=\"(max-width: 640px) 100vw, 640px\" \/><\/div>\t<\/div>\r\n<\/article>\r\n<article class=\"w-grid-item ratio_1x1 post-18252 attachment type-attachment status-inherit hentry\" data-id=\"18252\">\r\n\t<div class=\"w-grid-item-h\">\r\n\t\t\t\t<div class=\"w-post-elm post_image usg_post_image_1 stretched\"><img width=\"640\" height=\"473\" src=\"https:\/\/somme.com\/wp-content\/uploads\/2019\/07\/emprensa4.png\" class=\"attachment-large size-large\" alt=\"\" loading=\"lazy\" srcset=\"https:\/\/somme.com\/wp-content\/uploads\/2019\/07\/emprensa4.png 759w, https:\/\/somme.com\/wp-content\/uploads\/2019\/07\/emprensa4-300x222.png 300w\" sizes=\"(max-width: 640px) 100vw, 640px\" \/><\/div>\t<\/div>\r\n<\/article>\r\n<article class=\"w-grid-item ratio_1x1 post-18253 attachment type-attachment status-inherit hentry\" data-id=\"18253\">\r\n\t<div class=\"w-grid-item-h\">\r\n\t\t\t\t<div class=\"w-post-elm post_image usg_post_image_1 stretched\"><img width=\"640\" height=\"474\" src=\"https:\/\/somme.com\/wp-content\/uploads\/2019\/07\/emprensa5JPG.png\" class=\"attachment-large size-large\" alt=\"\" loading=\"lazy\" srcset=\"https:\/\/somme.com\/wp-content\/uploads\/2019\/07\/emprensa5JPG.png 766w, https:\/\/somme.com\/wp-content\/uploads\/2019\/07\/emprensa5JPG-300x222.png 300w\" sizes=\"(max-width: 640px) 100vw, 640px\" \/><\/div>\t<\/div>\r\n<\/article>\r\n<article class=\"w-grid-item ratio_1x1 post-18264 attachment type-attachment status-inherit hentry\" data-id=\"18264\">\r\n\t<div class=\"w-grid-item-h\">\r\n\t\t\t\t<div class=\"w-post-elm post_image usg_post_image_1 stretched\"><img width=\"640\" height=\"485\" src=\"https:\/\/somme.com\/wp-content\/uploads\/2019\/07\/emprensa6.png\" class=\"attachment-large size-large\" alt=\"\" loading=\"lazy\" srcset=\"https:\/\/somme.com\/wp-content\/uploads\/2019\/07\/emprensa6.png 758w, https:\/\/somme.com\/wp-content\/uploads\/2019\/07\/emprensa6-300x227.png 300w\" sizes=\"(max-width: 640px) 100vw, 640px\" \/><\/div>\t<\/div>\r\n<\/article>\r\n<\/div>\t<div class=\"w-grid-json hidden\" onclick='return {&quot;ajax_url&quot;:&quot;https:\\\/\\\/somme.com\\\/wp-admin\\\/admin-ajax.php&quot;,&quot;permalink_url&quot;:&quot;https:\\\/\\\/somme.com\\\/de\\\/emprensa6-3\\\/&quot;,&quot;action&quot;:&quot;us_ajax_grid&quot;,&quot;max_num_pages&quot;:1,&quot;infinite_scroll&quot;:0,&quot;template_vars&quot;:{&quot;query_args&quot;:{&quot;post_type&quot;:[&quot;attachment&quot;],&quot;post__in&quot;:[&quot;7826&quot;,&quot;7842&quot;,&quot;7841&quot;,&quot;7840&quot;,&quot;7839&quot;,&quot;7828&quot;],&quot;post_status&quot;:&quot;inherit&quot;,&quot;post_mime_type&quot;:&quot;image&quot;,&quot;orderby&quot;:{&quot;post__in&quot;:&quot;DESC&quot;},&quot;posts_per_page&quot;:&quot;6&quot;},&quot;post_id&quot;:18498,&quot;us_grid_index&quot;:1,&quot;us_grid_ajax_index&quot;:1,&quot;exclude_items&quot;:&quot;none&quot;,&quot;items_offset&quot;:&quot;1&quot;,&quot;items_layout&quot;:&quot;gallery_default&quot;,&quot;type&quot;:&quot;grid&quot;,&quot;columns&quot;:&quot;3&quot;,&quot;img_size&quot;:&quot;default&quot;,&quot;overriding_link&quot;:&quot;none&quot;,&quot;lang&quot;:&quot;de&quot;}}'><\/div>\r\n<\/div><\/div><\/div><\/div><\/div><\/div><\/section><section class=\"l-section wpb_row height_medium dotted-blue\"><div class=\"l-section-h i-cf\"><div class=\"g-cols vc_row type_default valign_top\"><div class=\"vc_col-sm-12 wpb_column vc_column_container\"><div class=\"vc_column-inner\"><div class=\"wpb_wrapper\">\r\n\t<div class=\"wpb_text_column \">\r\n\t\t<div class=\"wpb_wrapper\">\r\n\t\t\t<h5 class=\"font_2\"><span style=\"color: #2b65a6;\"><strong>UNSERE MISSION<\/strong><\/span><\/h5>\n\r\n\t\t<\/div>\r\n\t<\/div>\r\n<div class=\"w-separator size_small with_line width_default thick_1 style_solid color_custom align_center\" style=\"border-color:#2b65a6;color:#2b65a6;\"><div class=\"w-separator-h\"><\/div><\/div>\r\n\t<div class=\"wpb_text_column \">\r\n\t\t<div class=\"wpb_wrapper\">\r\n\t\t\t<div id=\"comp-j0t84jka\" class=\"txtNew\" data-packed=\"true\">\n<p>&nbsp;<\/p>\n<\/div>\n<div id=\"comp-j0t84jka1\" class=\"txtNew\" data-packed=\"true\">\n<ul>\n<li>Aufbau einer besonderen Bindung zu unseren Kunden, indem wir eine schnelle Reaktion auf deren Anforderungen und Bedarf und Dosenverschlie\u00dfmaschinen bieten, die innovativ und effizient sind.<\/li>\n<\/ul>\n<ul>\n<li>Aufrechterhaltung der Wirtschaftlichkeit, ohne dabei Qualit\u00e4t, Service und Zuverl\u00e4ssigkeit zu opfern. Ferner Schaffung einer sicheren Arbeitsumgebung f\u00fcr unsere Mitarbeiter, in der diese ihre F\u00e4higkeiten weiterentwickeln k\u00f6nnen und besonderes Engagement gew\u00fcrdigt und belohnt wird.<\/li>\n<\/ul>\n<ul>\n<li>Konzentration auf den Bedarf unserer Kunden, was durch unser Engagement f\u00fcr Qualit\u00e4t, Flexibilit\u00e4t, Verantwortung und Kompetenz belegt wird.<\/li>\n<\/ul>\n<\/div>\n\r\n\t\t<\/div>\r\n\t<\/div>\r\n<div class=\"w-separator size_huge\"><\/div>\r\n\t<div class=\"wpb_text_column \">\r\n\t\t<div class=\"wpb_wrapper\">\r\n\t\t\t<h5 class=\"font_2\"><span style=\"color: #2b65a6;\"><strong>UNSERE WERTE<\/strong><\/span><\/h5>\n\r\n\t\t<\/div>\r\n\t<\/div>\r\n<div class=\"w-separator size_small with_line width_default thick_1 style_solid color_custom align_center\" style=\"border-color:#2b65a6;color:#2b65a6;\"><div class=\"w-separator-h\"><\/div><\/div>\r\n\t<div class=\"wpb_text_column \">\r\n\t\t<div class=\"wpb_wrapper\">\r\n\t\t\t<div id=\"comp-j0t84jka\" class=\"txtNew\" data-packed=\"true\">\n<p>&nbsp;<\/p>\n<div id=\"comp-j0t8drmn1\" class=\"txtNew\" data-packed=\"true\">\n<ul>\n<li><span style=\"color: #2b65a6;\"><strong>Innovation und Technologie:<\/strong><\/span>\u00a0Wir h\u00f6ren unseren Kunden zu und reagieren proaktiv auf Ver\u00e4nderungen, indem wir in Forschung und Entwicklung investieren und st\u00e4ndig Innovationen einf\u00fchren, um sicherzustellen, dass unsere Dosenverschlie\u00dfmaschinen modernster Technik entsprechen.<\/li>\n<\/ul>\n<ul>\n<li><span style=\"color: #2b65a6;\"><strong>Kundenserviceprogramm:<\/strong>\u00a0<\/span>Ein Unternehmen, das einen hervorragenden Kundenservice anstrebt und imstande ist, sich einfach an den individuellen Bedarf des Kunden anzupassen.<\/li>\n<\/ul>\n<ul>\n<li><span style=\"color: #2b65a6;\"><strong>Der Faktor Mensch:<\/strong><\/span>\u00a0Arbeit mit hochqualifizierten, begeisterten Mitarbeitern, die beste L\u00f6sungen f\u00fcr Ihren Bedarf gew\u00e4hrleisten k\u00f6nnen.<\/li>\n<\/ul>\n<ul>\n<li><span style=\"color: #2b65a6;\"><strong>Hervorragende Qualit\u00e4t:<\/strong><\/span>\u00a0Qualit\u00e4t ist die Grundlage aller Aspekte unseres Unternehmens, vom ersten Kontakt mit unserem Verkaufsteam bis zum Service f\u00fcr eine Maschine, die noch 50 Jahre sp\u00e4ter betriebsf\u00e4hig ist.<\/li>\n<\/ul>\n<\/div>\n<\/div>\n\r\n\t\t<\/div>\r\n\t<\/div>\r\n<div class=\"w-separator size_large\"><\/div><div class=\"g-cols wpb_row  type_default valign_top vc_inner \"><div class=\"vc_col-sm-12 wpb_column vc_column_container\"><div class=\"vc_column-inner\"><div class=\"wpb_wrapper\">\r\n\t<div class=\"wpb_text_column \">\r\n\t\t<div class=\"wpb_wrapper\">\r\n\t\t\t<h5 class=\"font_2\"><span style=\"color: #2b65a6;\"><strong>UNSERE VISION<\/strong><\/span><\/h5>\n\r\n\t\t<\/div>\r\n\t<\/div>\r\n<div class=\"w-separator size_small with_line width_default thick_1 style_solid color_custom align_center\" style=\"border-color:#2b65a6;color:#2b65a6;\"><div class=\"w-separator-h\"><\/div><\/div>\r\n\t<div class=\"wpb_text_column \">\r\n\t\t<div class=\"wpb_wrapper\">\r\n\t\t\t<div id=\"comp-j0t84jka\" class=\"txtNew\" data-packed=\"true\">\n<div id=\"comp-j2k9gbaj\" class=\"txtNew\" data-packed=\"true\">\n<p>&nbsp;<\/p>\n<\/div>\n<div id=\"comp-j0t8appb\" class=\"txtNew\" data-packed=\"true\">\n<ul class=\"font_8\">\n<li class=\"font_8\"><span class=\"color_14\">Llegar a ser el fabricante de cerradoras de latas n\u00famero uno.<\/span><\/li>\n<\/ul>\n<ul class=\"font_8\">\n<li class=\"font_8\"><span class=\"color_14\">Convertirse en l\u00edderes tecnol\u00f3gicos impulsados por un equipo apasionado que siempre buscar\u00e1 la excelencia en nuestro servicio al cliente.<\/span><\/li>\n<\/ul>\n<\/div>\n<\/div>\n\r\n\t\t<\/div>\r\n\t<\/div>\r\n<\/div><\/div><\/div><\/div><\/div><\/div><\/div><\/div><\/div><\/section>\n","protected":false},"excerpt":{"rendered":"","protected":false},"author":2,"featured_media":0,"parent":0,"menu_order":0,"comment_status":"closed","ping_status":"closed","template":"","meta":{"sfsi_plus_gutenberg_text_before_share":"","sfsi_plus_gutenberg_show_text_before_share":"","sfsi_plus_gutenberg_icon_type":"","sfsi_plus_gutenberg_icon_alignemt":"","sfsi_plus_gutenburg_max_per_row":""},"_links":{"self":[{"href":"https:\/\/somme.com\/de\/wp-json\/wp\/v2\/pages\/18498"}],"collection":[{"href":"https:\/\/somme.com\/de\/wp-json\/wp\/v2\/pages"}],"about":[{"href":"https:\/\/somme.com\/de\/wp-json\/wp\/v2\/types\/page"}],"author":[{"embeddable":true,"href":"https:\/\/somme.com\/de\/wp-json\/wp\/v2\/users\/2"}],"replies":[{"embeddable":true,"href":"https:\/\/somme.com\/de\/wp-json\/wp\/v2\/comments?post=18498"}],"version-history":[{"count":9,"href":"https:\/\/somme.com\/de\/wp-json\/wp\/v2\/pages\/18498\/revisions"}],"predecessor-version":[{"id":18514,"href":"https:\/\/somme.com\/de\/wp-json\/wp\/v2\/pages\/18498\/revisions\/18514"}],"wp:attachment":[{"href":"https:\/\/somme.com\/de\/wp-json\/wp\/v2\/media?parent=18498"}],"curies":[{"name":"wp","href":"https:\/\/api.w.org\/{rel}","templated":true}]}}