{"id":1042,"date":"2013-09-02T18:27:44","date_gmt":"2013-09-02T18:27:44","guid":{"rendered":"https:\/\/impreza.us-themes.net\/pages\/pricing\/"},"modified":"2019-12-20T17:47:27","modified_gmt":"2019-12-20T17:47:27","slug":"cerradoras-de-latas-reacondicionadas","status":"publish","type":"page","link":"https:\/\/somme.com\/es\/cerradoras-de-latas\/cerradoras-de-latas-reacondicionadas\/","title":{"rendered":"Cerradoras de segunda mano"},"content":{"rendered":"<section class=\"l-section wpb_row height_auto with_slider with_overlay\"><div class=\"l-section-slider\">\t\t<div style=\"width:800px;height:300px;margin-bottom:10px;margin:0px auto;\">\r\n\t\t\t<div style=\"margin: auto; line-height: 40px; font-size: 14px; color: #FFF; padding: 15px; background: #E74C3C; margin: 20px 0px;\">\r\n\t\t\t\tRevolution Slider Error: Slider with alias <strong>somme<\/strong> not found. <br>Maybe you mean: 'inicio' or 'producto-master-340' or 'producto-robot' or 'producto-robot-galeria' or 'producto-saga' or 'producto-saga-galeria'\t\t\t<\/div>\r\n\t\t<\/div>\r\n\t\t<script type=\"text\/javascript\">\r\n\t\t\tjQuery(document).ready(function(){\r\n\t\t\t\tjQuery(\".rev_slider\").show();\r\n\t\t\t});\r\n\t\t<\/script>\r\n\t\t<\/div><div class=\"l-section-overlay\" style=\"background: #2b65a6\"><\/div><div class=\"l-section-h i-cf\"><div class=\"g-cols vc_row type_default valign_top\"><div class=\"vc_col-sm-12 wpb_column vc_column_container\"><div class=\"vc_column-inner\"><div class=\"wpb_wrapper\"><div class=\"w-separator size_medium\"><\/div>\r\n\t<div class=\"wpb_text_column \">\r\n\t\t<div class=\"wpb_wrapper\">\r\n\t\t\t<h1 class=\"font_0\" style=\"text-align: center;\"><span class=\"color_11\" style=\"color: #f5f5f5;\">CERRADORAS DE LATAS REACONDICIONADAS<\/span><\/h1>\n\r\n\t\t<\/div>\r\n\t<\/div>\r\n<div class=\"w-separator size_small\"><\/div>\r\n\t<div class=\"wpb_text_column \">\r\n\t\t<div class=\"wpb_wrapper\">\r\n\t\t\t<div id=\"comp-j1xceqin\" class=\"txtNew\" data-packed=\"true\">\n<p class=\"font_8\" style=\"text-align: center;\"><span style=\"color: #f5f5f5;\">De vez en cuando, recibimos m\u00e1quinas cerradoras de latas usadas que pueden revisarse perfectamente para satisfacer las necesidades de nuestros clientes. En la parte inferior encontrar\u00e1 una lista de m\u00e1quinas disponibles en este momento. Puede contactar con nosotros para m\u00e1s informaci\u00f3n<\/span><\/p>\n<\/div>\n\r\n\t\t<\/div>\r\n\t<\/div>\r\n<div class=\"w-separator size_medium\"><\/div><\/div><\/div><\/div><\/div><\/div><\/section>\n","protected":false},"excerpt":{"rendered":"Revolution Slider Error: Slider with alias somme not found. Maybe you mean: 'inicio' or 'producto-master-340' or 'producto-robot' or 'producto-robot-galeria' or 'producto-saga' or 'producto-saga-galeria' CERRADORAS DE LATAS REACONDICIONADAS De vez en cuando, recibimos m\u00e1quinas cerradoras de latas usadas que pueden revisarse perfectamente para satisfacer las necesidades de nuestros clientes. En la parte inferior encontrar\u00e1 una lista...","protected":false},"author":2,"featured_media":0,"parent":1106,"menu_order":0,"comment_status":"closed","ping_status":"closed","template":"","meta":{"sfsi_plus_gutenberg_text_before_share":"","sfsi_plus_gutenberg_show_text_before_share":"","sfsi_plus_gutenberg_icon_type":"","sfsi_plus_gutenberg_icon_alignemt":"","sfsi_plus_gutenburg_max_per_row":""},"_links":{"self":[{"href":"https:\/\/somme.com\/es\/wp-json\/wp\/v2\/pages\/1042"}],"collection":[{"href":"https:\/\/somme.com\/es\/wp-json\/wp\/v2\/pages"}],"about":[{"href":"https:\/\/somme.com\/es\/wp-json\/wp\/v2\/types\/page"}],"author":[{"embeddable":true,"href":"https:\/\/somme.com\/es\/wp-json\/wp\/v2\/users\/2"}],"replies":[{"embeddable":true,"href":"https:\/\/somme.com\/es\/wp-json\/wp\/v2\/comments?post=1042"}],"version-history":[{"count":11,"href":"https:\/\/somme.com\/es\/wp-json\/wp\/v2\/pages\/1042\/revisions"}],"predecessor-version":[{"id":8460,"href":"https:\/\/somme.com\/es\/wp-json\/wp\/v2\/pages\/1042\/revisions\/8460"}],"up":[{"embeddable":true,"href":"https:\/\/somme.com\/es\/wp-json\/wp\/v2\/pages\/1106"}],"wp:attachment":[{"href":"https:\/\/somme.com\/es\/wp-json\/wp\/v2\/media?parent=1042"}],"curies":[{"name":"wp","href":"https:\/\/api.w.org\/{rel}","templated":true}]}}