{"id":13474,"date":"2019-10-03T09:05:36","date_gmt":"2019-10-03T09:05:36","guid":{"rendered":"https:\/\/somme.com\/?page_id=13474"},"modified":"2023-01-05T10:15:56","modified_gmt":"2023-01-05T10:15:56","slug":"agentes-y-servicio-tecnico","status":"publish","type":"page","link":"https:\/\/somme.com\/es\/agentes-y-servicio-tecnico\/","title":{"rendered":"Agentes y servicio t\u00e9cnico"},"content":{"rendered":"<section class=\"l-section wpb_row height_auto\"><div class=\"l-section-h i-cf\"><div class=\"g-cols vc_row type_default valign_top\"><div class=\"vc_col-sm-12 wpb_column vc_column_container\"><div class=\"vc_column-inner\"><div class=\"wpb_wrapper\">[rev_slider_vc alias=&#8221;news&#8221;]<\/div><\/div><\/div><\/div><\/div><\/section><section class=\"l-section wpb_row height_auto with_overlay\"><div class=\"l-section-overlay\" style=\"background: #1c528b\"><\/div><div class=\"l-section-h i-cf\"><div class=\"g-cols vc_row type_default valign_top\"><div class=\"vc_col-sm-12 wpb_column vc_column_container\"><div class=\"vc_column-inner\"><div class=\"wpb_wrapper\"><div class=\"g-cols wpb_row  type_default valign_top vc_inner \"><div class=\"vc_col-sm-12 wpb_column vc_column_container\"><div class=\"vc_column-inner\"><div class=\"wpb_wrapper\"><div class=\"w-separator size_medium\"><\/div>\r\n\t<div class=\"wpb_text_column \">\r\n\t\t<div class=\"wpb_wrapper\">\r\n\t\t\t<h1 class=\"font_2\" style=\"text-align: center;\"><strong><span style=\"color: #f5f5f5;\">AGENTES &amp; SERVICIO T\u00c9CNICO EN EL MUNDO<\/span><\/strong><\/h1>\n\r\n\t\t<\/div>\r\n\t<\/div>\r\n<\/div><\/div><\/div><\/div><div class=\"w-separator size_medium\"><\/div><\/div><\/div><\/div><\/div><\/div><\/section><section class=\"l-section wpb_row height_medium\"><div class=\"l-section-h i-cf\"><div class=\"g-cols vc_row type_default valign_top\"><div class=\"vc_col-sm-12 wpb_column vc_column_container\"><div class=\"vc_column-inner\"><div class=\"wpb_wrapper\"><div class=\"w-tabs layout_hor style_modern switch_click icon_chevron iconpos_right \"><div class=\"w-tabs-list hidden items_6\"><div class=\"w-tabs-list-h\"><div class=\"w-tabs-item active with_icon\"><div class=\"w-tabs-item-h\"><i class=\"fas fa-map-marker-alt\"><\/i><span class=\"w-tabs-item-title\">GALICIA<\/span><\/div><\/div><div class=\"w-tabs-item\"><div class=\"w-tabs-item-h\"><span class=\"w-tabs-item-title\">MURCIA<\/span><\/div><\/div><div class=\"w-tabs-item\"><div class=\"w-tabs-item-h\"><span class=\"w-tabs-item-title\">PORTUGAL<\/span><\/div><\/div><div class=\"w-tabs-item\"><div class=\"w-tabs-item-h\"><span class=\"w-tabs-item-title\">FRANCIA<\/span><\/div><\/div><div class=\"w-tabs-item\"><div class=\"w-tabs-item-h\"><span class=\"w-tabs-item-title\">ALEMANIA<\/span><\/div><\/div><div class=\"w-tabs-item\"><div class=\"w-tabs-item-h\"><span class=\"w-tabs-item-title\">PA\u00cdSES B\u00c1LTICOS<\/span><\/div><\/div><\/div><\/div><div class=\"w-tabs-sections\"><div class=\"w-tabs-sections-h\"><div class=\"w-tabs-section with_icon active\" id=\"1570094901805-18a848c2-8498\"><a href=\"#1570094901805-18a848c2-8498\" class=\"w-tabs-section-header\"><div class=\"w-tabs-section-header-h\"><i class=\"fas fa-map-marker-alt\"><\/i><div class=\"w-tabs-section-title\">GALICIA<\/div><div class=\"w-tabs-section-control\"><\/div><\/div><\/a><div class=\"w-tabs-section-content\"><div class=\"w-tabs-section-content-h i-cf\"><div class=\"g-cols wpb_row  type_default valign_top vc_inner \"><div class=\"vc_col-sm-3 wpb_column vc_column_container\"><div class=\"vc_column-inner\"><div class=\"wpb_wrapper\"><div class=\"w-image align_center\"><div class=\"w-image-h\"><img width=\"150\" height=\"150\" src=\"https:\/\/somme.com\/wp-content\/uploads\/2019\/09\/calmear-150x150.png\" class=\"attachment-thumbnail size-thumbnail\" alt=\"\" loading=\"lazy\" \/><\/div><\/div><\/div><\/div><\/div><div class=\"vc_col-sm-9 wpb_column vc_column_container\"><div class=\"vc_column-inner\"><div class=\"wpb_wrapper\">\r\n\t<div class=\"wpb_text_column \">\r\n\t\t<div class=\"wpb_wrapper\">\r\n\t\t\t<h6><strong>CALMEAR S.L.<\/strong><\/h6>\n<p><a href=\"https:\/\/www.calmear.es\"><strong>https:\/\/www.calmear.es<\/strong><\/a><\/p>\n<p><a href=\"mailto:calmear@calmear.es\">calmear@calmear.es<\/a><\/p>\n<p>T: 986504711<\/p>\n<p>Sr. Joaqu\u00edn Hern\u00e1ndez R\u00faa Albarr\u00e1n 6 36613<\/p>\n<p>Vilagarc\u00eda de Arousa Pontevedra &#8211; Galicia &#8211; ESPA\u00d1A<\/p>\n\r\n\t\t<\/div>\r\n\t<\/div>\r\n<\/div><\/div><\/div><\/div><\/div><\/div><\/div><div class=\"w-tabs-section\" id=\"1570094901844-598851d5-2dc5\"><a href=\"#1570094901844-598851d5-2dc5\" class=\"w-tabs-section-header\"><div class=\"w-tabs-section-header-h\"><div class=\"w-tabs-section-title\">MURCIA<\/div><div class=\"w-tabs-section-control\"><\/div><\/div><\/a><div class=\"w-tabs-section-content\"><div class=\"w-tabs-section-content-h i-cf\"><div class=\"g-cols wpb_row  type_default valign_top vc_inner \"><div class=\"vc_col-sm-3 wpb_column vc_column_container\"><div class=\"vc_column-inner\"><div class=\"wpb_wrapper\"><div class=\"w-image align_center\"><div class=\"w-image-h\"><img width=\"107\" height=\"99\" src=\"https:\/\/somme.com\/wp-content\/uploads\/2019\/09\/tecnyant.png\" class=\"attachment-large size-large\" alt=\"\" loading=\"lazy\" \/><\/div><\/div><\/div><\/div><\/div><div class=\"vc_col-sm-9 wpb_column vc_column_container\"><div class=\"vc_column-inner\"><div class=\"wpb_wrapper\">\r\n\t<div class=\"wpb_text_column \">\r\n\t\t<div class=\"wpb_wrapper\">\r\n\t\t\t<h6><strong>TECNYANT MAQUINARIA S.L.<\/strong><\/h6>\n<p><a href=\"http:\/\/tecnyantmaquinaria.com\"><strong>http:\/\/tecnyantmaquinaria.com<\/strong><\/a><\/p>\n<p><a href=\"mailto:info@tecnyantmaquinaria.com\">info@tecnyantmaquinaria.com<\/a><\/p>\n<p><a href=\"mailto:tecnyantmaquinaria@yahoo.es\">tecnyantmaquinaria@yahoo.es<\/a><\/p>\n<p>T: 672 493 979<\/p>\n<p>Sr. Jos\u00e9 Antolinos<\/p>\n<p>Paraje de Lopalarea Pol\u00edgono 2 \u2013 La Pilica<br \/>\n30565 Las Torres de Cotillas<br \/>\nMurcia &#8211; ESPA\u00d1A<\/p>\n\r\n\t\t<\/div>\r\n\t<\/div>\r\n<\/div><\/div><\/div><\/div><\/div><\/div><\/div><div class=\"w-tabs-section\" id=\"1570098409888-c8ec543b-b517\"><a href=\"#1570098409888-c8ec543b-b517\" class=\"w-tabs-section-header\"><div class=\"w-tabs-section-header-h\"><div class=\"w-tabs-section-title\">PORTUGAL<\/div><div class=\"w-tabs-section-control\"><\/div><\/div><\/a><div class=\"w-tabs-section-content\"><div class=\"w-tabs-section-content-h i-cf\"><div class=\"g-cols wpb_row  type_default valign_top vc_inner \"><div class=\"vc_col-sm-3 wpb_column vc_column_container\"><div class=\"vc_column-inner\"><div class=\"wpb_wrapper\"><div class=\"w-image align_center\"><div class=\"w-image-h\"><img width=\"112\" height=\"124\" src=\"https:\/\/somme.com\/wp-content\/uploads\/2019\/09\/logotipo.png\" class=\"attachment-large size-large\" alt=\"\" loading=\"lazy\" \/><\/div><\/div><\/div><\/div><\/div><div class=\"vc_col-sm-9 wpb_column vc_column_container\"><div class=\"vc_column-inner\"><div class=\"wpb_wrapper\">\r\n\t<div class=\"wpb_text_column \">\r\n\t\t<div class=\"wpb_wrapper\">\r\n\t\t\t<h6><strong>ESTEVES ALVES &amp; CARVALHO LDA<\/strong><\/h6>\n<p><a href=\"https:\/\/www.estevesalvescarvalho.pt\"><strong>https:\/\/www.estevesalvescarvalho.pt<\/strong><\/a><\/p>\n<p><a href=\"mailto:alves@estevesalvescarvalho.pt\">alves@estevesalvescarvalho.pt<\/a><\/p>\n<p>T: +351 253814911<\/p>\n<p>Sr. Ra\u00fal Alves<\/p>\n<p>Rua Alexandre Herculano n\u00ba 97<br \/>\n4750-107 Arcozelo \u2013 Barcelos<\/p>\n<p>PORTUGAL<\/p>\n\r\n\t\t<\/div>\r\n\t<\/div>\r\n<\/div><\/div><\/div><\/div><\/div><\/div><\/div><div class=\"w-tabs-section\" id=\"1570098531166-180f86ac-c0bd\"><a href=\"#1570098531166-180f86ac-c0bd\" class=\"w-tabs-section-header\"><div class=\"w-tabs-section-header-h\"><div class=\"w-tabs-section-title\">FRANCIA<\/div><div class=\"w-tabs-section-control\"><\/div><\/div><\/a><div class=\"w-tabs-section-content\"><div class=\"w-tabs-section-content-h i-cf\"><div class=\"g-cols wpb_row  type_default valign_top vc_inner \"><div class=\"vc_col-sm-3 wpb_column vc_column_container\"><div class=\"vc_column-inner\"><div class=\"wpb_wrapper\"><div class=\"w-image align_none\"><div class=\"w-image-h\"><img width=\"230\" height=\"133\" src=\"https:\/\/somme.com\/wp-content\/uploads\/2019\/09\/snm.jpg\" class=\"attachment-large size-large\" alt=\"\" loading=\"lazy\" \/><\/div><\/div><\/div><\/div><\/div><div class=\"vc_col-sm-9 wpb_column vc_column_container\"><div class=\"vc_column-inner\"><div class=\"wpb_wrapper\">\r\n\t<div class=\"wpb_text_column \">\r\n\t\t<div class=\"wpb_wrapper\">\r\n\t\t\t<h6><strong>SOCI\u00c9T\u00c9 NOUVELLE DE M\u00c9CANIQUE<\/strong><\/h6>\n<p><strong><a href=\"http:\/\/www.s-n-m.com%0d\">http:\/\/www.s-n-m.com<\/a><\/strong><\/p>\n<p><a href=\"mailto:contact@s-n-m.com\">contact@s-n-m.com<\/a><\/p>\n<p>T: +39 298350900<\/p>\n<p>Sr. Gilles Le Gall<\/p>\n<p>Z.I Villeneuve Braouic BP13<br \/>\n29 300 QUIMPERL\u00c9 CEDEX<br \/>\nFinist\u00e8re \u2013 29 &#8211; FRANCIA<\/p>\n\r\n\t\t<\/div>\r\n\t<\/div>\r\n<\/div><\/div><\/div><\/div><\/div><\/div><\/div><div class=\"w-tabs-section\" id=\"1570098926650-26122962-7eeb\"><a href=\"#1570098926650-26122962-7eeb\" class=\"w-tabs-section-header\"><div class=\"w-tabs-section-header-h\"><div class=\"w-tabs-section-title\">ALEMANIA<\/div><div class=\"w-tabs-section-control\"><\/div><\/div><\/a><div class=\"w-tabs-section-content\"><div class=\"w-tabs-section-content-h i-cf\"><div class=\"g-cols wpb_row  type_default valign_top vc_inner \"><div class=\"vc_col-sm-3 wpb_column vc_column_container\"><div class=\"vc_column-inner\"><div class=\"wpb_wrapper\"><div class=\"w-image align_none\"><div class=\"w-image-h\"><img width=\"640\" height=\"187\" src=\"https:\/\/somme.com\/wp-content\/uploads\/2021\/02\/voss_logo_42mm-breit_2020_2c_JM_DPA.png\" class=\"attachment-large size-large\" alt=\"\" loading=\"lazy\" srcset=\"https:\/\/somme.com\/wp-content\/uploads\/2021\/02\/voss_logo_42mm-breit_2020_2c_JM_DPA.png 754w, https:\/\/somme.com\/wp-content\/uploads\/2021\/02\/voss_logo_42mm-breit_2020_2c_JM_DPA-300x88.png 300w\" sizes=\"(max-width: 640px) 100vw, 640px\" \/><\/div><\/div><\/div><\/div><\/div><div class=\"vc_col-sm-9 wpb_column vc_column_container\"><div class=\"vc_column-inner\"><div class=\"wpb_wrapper\">\r\n\t<div class=\"wpb_text_column \">\r\n\t\t<div class=\"wpb_wrapper\">\r\n\t\t\t<h6><strong>VOS Schott GmbH<\/strong><\/h6>\n<p><a href=\"https:\/\/www.vosspro.de\"><strong>http:\/\/www.vosspro.de<\/strong><\/a><\/p>\n<p><a href=\"mailto:k.bergner@vos-schott.com\">vertrieb@vosspro.de<\/a><\/p>\n<p>T: +49 6033 91900<\/p>\n<p>Movil: +49 1520 7868996<\/p>\n<p>Sr. Kai Bergner<\/p>\n<p>Am Seefeld 3<\/p>\n<p>35510 Butzbach &#8211; Nieder-Weisel<\/p>\n<p>ALEMANIA<\/p>\n\r\n\t\t<\/div>\r\n\t<\/div>\r\n<\/div><\/div><\/div><\/div><\/div><\/div><\/div><div class=\"w-tabs-section\" id=\"1570099140584-f1182684-f8b0\"><a href=\"#1570099140584-f1182684-f8b0\" class=\"w-tabs-section-header\"><div class=\"w-tabs-section-header-h\"><div class=\"w-tabs-section-title\">PA\u00cdSES B\u00c1LTICOS<\/div><div class=\"w-tabs-section-control\"><\/div><\/div><\/a><div class=\"w-tabs-section-content\"><div class=\"w-tabs-section-content-h i-cf\"><div class=\"g-cols wpb_row  type_default valign_top vc_inner \"><div class=\"vc_col-sm-3 wpb_column vc_column_container\"><div class=\"vc_column-inner\"><div class=\"wpb_wrapper\"><div class=\"w-image align_none\"><div class=\"w-image-h\"><img width=\"213\" height=\"73\" src=\"https:\/\/somme.com\/wp-content\/uploads\/2023\/01\/tanter_consulting.jpg\" class=\"attachment-large size-large\" alt=\"\" loading=\"lazy\" \/><\/div><\/div><\/div><\/div><\/div><div class=\"vc_col-sm-9 wpb_column vc_column_container\"><div class=\"vc_column-inner\"><div class=\"wpb_wrapper\">\r\n\t<div class=\"wpb_text_column \">\r\n\t\t<div class=\"wpb_wrapper\">\r\n\t\t\t<h6><strong>TANTER CONSULTING LTD<\/strong><\/h6>\n<p><a href=\"https:\/\/www.tanter.ee\/\"><strong>https:\/\/www.tanter.ee<\/strong><\/a><\/p>\n<p><a href=\"mailto:tanter@tanter.ee\">tanter@tanter.ee<\/a><\/p>\n<p>T: +372 6566 555<\/p>\n<p><strong>Mr. Andrei Torp \/ Mr. Temmo Terasv\u00e4li<\/strong><\/p>\n<p>Mustamae tee 5 &#8211; Tallinn &#8211; ESTONIA<\/p>\n\r\n\t\t<\/div>\r\n\t<\/div>\r\n<\/div><\/div><\/div><\/div><\/div><\/div><\/div><\/div><\/div><\/div><\/div><\/div><\/div><\/div><\/div><\/section><section class=\"l-section wpb_row height_medium\"><div class=\"l-section-h i-cf\"><div class=\"g-cols vc_row type_default valign_top\"><div class=\"vc_col-sm-12 wpb_column vc_column_container\"><div class=\"vc_column-inner\"><div class=\"wpb_wrapper\"><div class=\"w-tabs layout_hor style_modern switch_click icon_chevron iconpos_right \"><div class=\"w-tabs-list hidden items_7\"><div class=\"w-tabs-list-h\"><div class=\"w-tabs-item active with_icon\"><div class=\"w-tabs-item-h\"><i class=\"fas fa-map-marker-alt\"><\/i><span class=\"w-tabs-item-title\">RUSIA<\/span><\/div><\/div><div class=\"w-tabs-item\"><div class=\"w-tabs-item-h\"><span class=\"w-tabs-item-title\">ISRAEL<\/span><\/div><\/div><div class=\"w-tabs-item\"><div class=\"w-tabs-item-h\"><span class=\"w-tabs-item-title\">MARRUECOS<\/span><\/div><\/div><div class=\"w-tabs-item\"><div class=\"w-tabs-item-h\"><span class=\"w-tabs-item-title\">PER\u00da<\/span><\/div><\/div><div class=\"w-tabs-item\"><div class=\"w-tabs-item-h\"><span class=\"w-tabs-item-title\">BRASIL<\/span><\/div><\/div><div class=\"w-tabs-item\"><div class=\"w-tabs-item-h\"><span class=\"w-tabs-item-title\">TAILANDIA<\/span><\/div><\/div><div class=\"w-tabs-item\"><div class=\"w-tabs-item-h\"><span class=\"w-tabs-item-title\">FILIPINAS<\/span><\/div><\/div><\/div><\/div><div class=\"w-tabs-sections\"><div class=\"w-tabs-sections-h\"><div class=\"w-tabs-section with_icon active\" id=\"1570099295646-b88b6108-9fb0\"><a href=\"#1570099295646-b88b6108-9fb0\" class=\"w-tabs-section-header\"><div class=\"w-tabs-section-header-h\"><i class=\"fas fa-map-marker-alt\"><\/i><div class=\"w-tabs-section-title\">RUSIA<\/div><div class=\"w-tabs-section-control\"><\/div><\/div><\/a><div class=\"w-tabs-section-content\"><div class=\"w-tabs-section-content-h i-cf\"><div class=\"g-cols wpb_row  type_default valign_top vc_inner \"><div class=\"vc_col-sm-3 wpb_column vc_column_container\"><div class=\"vc_column-inner\"><div class=\"wpb_wrapper\"><div class=\"w-image align_none\"><div class=\"w-image-h\"><img width=\"640\" height=\"494\" src=\"https:\/\/somme.com\/wp-content\/uploads\/2020\/02\/logo-\u0445\u043e\u0440-\u043a\u0430\u0447\u0435\u0441\u0442\u0432\u043e-1024x791.jpg\" class=\"attachment-large size-large\" alt=\"\" loading=\"lazy\" srcset=\"https:\/\/somme.com\/wp-content\/uploads\/2020\/02\/logo-\u0445\u043e\u0440-\u043a\u0430\u0447\u0435\u0441\u0442\u0432\u043e-1024x791.jpg 1024w, https:\/\/somme.com\/wp-content\/uploads\/2020\/02\/logo-\u0445\u043e\u0440-\u043a\u0430\u0447\u0435\u0441\u0442\u0432\u043e-300x232.jpg 300w, https:\/\/somme.com\/wp-content\/uploads\/2020\/02\/logo-\u0445\u043e\u0440-\u043a\u0430\u0447\u0435\u0441\u0442\u0432\u043e.jpg 1700w\" sizes=\"(max-width: 640px) 100vw, 640px\" \/><\/div><\/div><\/div><\/div><\/div><div class=\"vc_col-sm-9 wpb_column vc_column_container\"><div class=\"vc_column-inner\"><div class=\"wpb_wrapper\">\r\n\t<div class=\"wpb_text_column \">\r\n\t\t<div class=\"wpb_wrapper\">\r\n\t\t\t<h6><strong>EKSPOMARKET<\/strong><\/h6>\n<p><strong>https:\/\/www.espomarket.ru<\/strong><\/p>\n<p><strong>\u00a0<\/strong>mozalevskaya@espomarket.ru<\/p>\n<p>T: +7 9164440797<\/p>\n<p>Sra. Galina Mozalevskaya<\/p>\n<p>Novomeshcherskiy Proyezd, 9, Mosc\u00fa, 119618 &#8211; RUSIA<\/p>\n\r\n\t\t<\/div>\r\n\t<\/div>\r\n<\/div><\/div><\/div><\/div><\/div><\/div><\/div><div class=\"w-tabs-section\" id=\"1570099295932-d84dd3f1-dfa9\"><a href=\"#1570099295932-d84dd3f1-dfa9\" class=\"w-tabs-section-header\"><div class=\"w-tabs-section-header-h\"><div class=\"w-tabs-section-title\">ISRAEL<\/div><div class=\"w-tabs-section-control\"><\/div><\/div><\/a><div class=\"w-tabs-section-content\"><div class=\"w-tabs-section-content-h i-cf\"><div class=\"g-cols wpb_row  type_default valign_top vc_inner \"><div class=\"vc_col-sm-3 wpb_column vc_column_container\"><div class=\"vc_column-inner\"><div class=\"wpb_wrapper\"><div class=\"w-image align_none\"><div class=\"w-image-h\"><img width=\"254\" height=\"67\" src=\"https:\/\/somme.com\/wp-content\/uploads\/2019\/09\/rosenfeld.png\" class=\"attachment-large size-large\" alt=\"\" loading=\"lazy\" \/><\/div><\/div><\/div><\/div><\/div><div class=\"vc_col-sm-9 wpb_column vc_column_container\"><div class=\"vc_column-inner\"><div class=\"wpb_wrapper\">\r\n\t<div class=\"wpb_text_column \">\r\n\t\t<div class=\"wpb_wrapper\">\r\n\t\t\t<h6><strong>ROSENFELD INDUSTRIAL PACKAGING LTD<\/strong><\/h6>\n<p><strong>http:\/\/www.rosenfeld-d.com<\/strong><\/p>\n<p>david@rosenfled-d.com<\/p>\n<p>T: +972 4 8525777 ext. 2<\/p>\n<p>Sr. David Rosenfeld<\/p>\n<p>HaBankim St 8<\/p>\n<p>Haifa &#8211; ISRAEL<\/p>\n\r\n\t\t<\/div>\r\n\t<\/div>\r\n<\/div><\/div><\/div><\/div><\/div><\/div><\/div><div class=\"w-tabs-section\" id=\"1570099296227-b5872674-a4f5\"><a href=\"#1570099296227-b5872674-a4f5\" class=\"w-tabs-section-header\"><div class=\"w-tabs-section-header-h\"><div class=\"w-tabs-section-title\">MARRUECOS<\/div><div class=\"w-tabs-section-control\"><\/div><\/div><\/a><div class=\"w-tabs-section-content\"><div class=\"w-tabs-section-content-h i-cf\"><div class=\"g-cols wpb_row  type_default valign_top vc_inner \"><div class=\"vc_col-sm-3 wpb_column vc_column_container\"><div class=\"vc_column-inner\"><div class=\"wpb_wrapper\"><div class=\"w-image align_none\"><div class=\"w-image-h\"><img width=\"169\" height=\"69\" src=\"https:\/\/somme.com\/wp-content\/uploads\/2019\/09\/pacte.png\" class=\"attachment-large size-large\" alt=\"\" loading=\"lazy\" \/><\/div><\/div><\/div><\/div><\/div><div class=\"vc_col-sm-9 wpb_column vc_column_container\"><div class=\"vc_column-inner\"><div class=\"wpb_wrapper\">\r\n\t<div class=\"wpb_text_column \">\r\n\t\t<div class=\"wpb_wrapper\">\r\n\t\t\t<h6><strong>PACTE MAROC<\/strong><\/h6>\n<p><a href=\"http:\/\/www.pacte-maroc.com\/\"><strong>http:\/\/www.pacte-maroc.com<\/strong><\/a><\/p>\n<p><a href=\"mailto:a.habib@pacte-maroc.com\">a.habib@pacte-maroc.com<\/a><\/p>\n<p>T: +212 05 22 43 05 07\/08\/09\/10<\/p>\n<p>Sr. Abdelaziz HABIB<\/p>\n<p>3, rue Amp\u00e8re, Bourgogne<\/p>\n<p>Casablanca &#8211; MARRUECOS<\/p>\n\r\n\t\t<\/div>\r\n\t<\/div>\r\n<\/div><\/div><\/div><\/div><\/div><\/div><\/div><div class=\"w-tabs-section\" id=\"1570099296551-c190dfeb-9dae\"><a href=\"#1570099296551-c190dfeb-9dae\" class=\"w-tabs-section-header\"><div class=\"w-tabs-section-header-h\"><div class=\"w-tabs-section-title\">PER\u00da<\/div><div class=\"w-tabs-section-control\"><\/div><\/div><\/a><div class=\"w-tabs-section-content\"><div class=\"w-tabs-section-content-h i-cf\"><div class=\"g-cols wpb_row  type_default valign_top vc_inner \"><div class=\"vc_col-sm-3 wpb_column vc_column_container\"><div class=\"vc_column-inner\"><div class=\"wpb_wrapper\"><\/div><\/div><\/div><div class=\"vc_col-sm-9 wpb_column vc_column_container\"><div class=\"vc_column-inner\"><div class=\"wpb_wrapper\">\r\n\t<div class=\"wpb_text_column \">\r\n\t\t<div class=\"wpb_wrapper\">\r\n\t\t\t<h6><strong>RAMSA<\/strong><\/h6>\n<p><a href=\"mailto:aramoros@ramsa.com.pe\">aramoros@ramsa.com.pe<\/a><\/p>\n<p>T: +212 05 22 43 05 07 \/08 \/09 \/10<\/p>\n<p>Sr. Ra\u00fal Amor\u00f3s<\/p>\n<p>Av. Aramburu 166, of. 4C<\/p>\n<p>MIRAFLORES \u2013 LIMA 18<\/p>\n<p>PERU<\/p>\n\r\n\t\t<\/div>\r\n\t<\/div>\r\n<\/div><\/div><\/div><\/div><\/div><\/div><\/div><div class=\"w-tabs-section\" id=\"1570099296878-92611fe0-b52f\"><a href=\"#1570099296878-92611fe0-b52f\" class=\"w-tabs-section-header\"><div class=\"w-tabs-section-header-h\"><div class=\"w-tabs-section-title\">BRASIL<\/div><div class=\"w-tabs-section-control\"><\/div><\/div><\/a><div class=\"w-tabs-section-content\"><div class=\"w-tabs-section-content-h i-cf\"><div class=\"g-cols wpb_row  type_default valign_top vc_inner \"><div class=\"vc_col-sm-3 wpb_column vc_column_container\"><div class=\"vc_column-inner\"><div class=\"wpb_wrapper\"><div class=\"w-image align_none\"><div class=\"w-image-h\"><img width=\"320\" height=\"89\" src=\"https:\/\/somme.com\/wp-content\/uploads\/2019\/09\/mguarda.png\" class=\"attachment-large size-large\" alt=\"\" loading=\"lazy\" srcset=\"https:\/\/somme.com\/wp-content\/uploads\/2019\/09\/mguarda.png 320w, https:\/\/somme.com\/wp-content\/uploads\/2019\/09\/mguarda-300x83.png 300w\" sizes=\"(max-width: 320px) 100vw, 320px\" \/><\/div><\/div><\/div><\/div><\/div><div class=\"vc_col-sm-9 wpb_column vc_column_container\"><div class=\"vc_column-inner\"><div class=\"wpb_wrapper\">\r\n\t<div class=\"wpb_text_column \">\r\n\t\t<div class=\"wpb_wrapper\">\r\n\t\t\t<h6><strong>M. GUARDA COM\u00c9RCIO E REPRESENTA\u00c7\u00d5ES LTDA<\/strong><\/h6>\n<p><a href=\"https:\/\/www.mguarda.com.br\"><strong>https:\/\/www.mguarda.com.br<\/strong><\/a><\/p>\n<p><a href=\"mailto:vendas@mguarda.com.br\">vendas@mguarda.com.br<\/a><\/p>\n<p>T: +55 (11) 2979-7465<\/p>\n<p>Sr. Rafael Guarda<\/p>\n<p>Rua Dr. Cesar, 1368 Salas 1507\/1508 02332-000<\/p>\n<p>S\u00e3o Paulo &#8211; SP<\/p>\n<p>BRASIL<\/p>\n\r\n\t\t<\/div>\r\n\t<\/div>\r\n<\/div><\/div><\/div><\/div><\/div><\/div><\/div><div class=\"w-tabs-section\" id=\"1570099297241-2e64447f-0fc9\"><a href=\"#1570099297241-2e64447f-0fc9\" class=\"w-tabs-section-header\"><div class=\"w-tabs-section-header-h\"><div class=\"w-tabs-section-title\">TAILANDIA<\/div><div class=\"w-tabs-section-control\"><\/div><\/div><\/a><div class=\"w-tabs-section-content\"><div class=\"w-tabs-section-content-h i-cf\"><div class=\"g-cols wpb_row  type_default valign_top vc_inner \"><div class=\"vc_col-sm-3 wpb_column vc_column_container\"><div class=\"vc_column-inner\"><div class=\"wpb_wrapper\"><div class=\"w-image align_none\"><div class=\"w-image-h\"><img width=\"202\" height=\"85\" src=\"https:\/\/somme.com\/wp-content\/uploads\/2019\/09\/mplogo.png\" class=\"attachment-large size-large\" alt=\"\" loading=\"lazy\" \/><\/div><\/div><\/div><\/div><\/div><div class=\"vc_col-sm-9 wpb_column vc_column_container\"><div class=\"vc_column-inner\"><div class=\"wpb_wrapper\">\r\n\t<div class=\"wpb_text_column \">\r\n\t\t<div class=\"wpb_wrapper\">\r\n\t\t\t<h6><strong>MATHER &amp; PLATT (ASIA) LTD.<\/strong><\/h6>\n<p><a href=\"https:\/\/www.mpasia.co.th\/\"><strong>https:\/\/www.mpasia.com.th<\/strong><\/a><\/p>\n<p><a href=\"mailto:mpasia@loxinfo.co.th\">mpasia@loxinfo.co.th<\/a><\/p>\n<p>T: +66(0)2 291 9558<\/p>\n<p>Sr. Frank Berry<\/p>\n<p>101\/1 Rama III Rd.,Bangkorlam<\/p>\n<p>Bangkok 10120 &#8211; TAILANDIA<\/p>\n\r\n\t\t<\/div>\r\n\t<\/div>\r\n<\/div><\/div><\/div><\/div><\/div><\/div><\/div><div class=\"w-tabs-section\" id=\"1570099995564-ad8aa821-652b\"><a href=\"#1570099995564-ad8aa821-652b\" class=\"w-tabs-section-header\"><div class=\"w-tabs-section-header-h\"><div class=\"w-tabs-section-title\">FILIPINAS<\/div><div class=\"w-tabs-section-control\"><\/div><\/div><\/a><div class=\"w-tabs-section-content\"><div class=\"w-tabs-section-content-h i-cf\"><div class=\"g-cols wpb_row  type_default valign_top vc_inner \"><div class=\"vc_col-sm-3 wpb_column vc_column_container\"><div class=\"vc_column-inner\"><div class=\"wpb_wrapper\"><div class=\"w-image align_none\"><div class=\"w-image-h\"><img width=\"288\" height=\"51\" src=\"https:\/\/somme.com\/wp-content\/uploads\/2019\/09\/fnb.png\" class=\"attachment-large size-large\" alt=\"\" loading=\"lazy\" \/><\/div><\/div><\/div><\/div><\/div><div class=\"vc_col-sm-9 wpb_column vc_column_container\"><div class=\"vc_column-inner\"><div class=\"wpb_wrapper\">\r\n\t<div class=\"wpb_text_column \">\r\n\t\t<div class=\"wpb_wrapper\">\r\n\t\t\t<h6><strong>F&amp;B PACKAGING TECH INC.<\/strong><\/h6>\n<p><a href=\"http:\/\/www.fnbpackagingtech.com\"><strong>http:\/\/www.fnbpackagingtech.com<\/strong><strong>\u00a0<\/strong><\/a><\/p>\n<p><a href=\"mailto:vince@fnbpackagingtech.com\">vince@fnbpackagingtech.com<\/a><\/p>\n<p>T: +63 9209700358<\/p>\n<p>Sr. Vince Bernardino<\/p>\n<p>#8 Kalaw Hill cor Tandang Sora Ave. Quezon City 1128<\/p>\n<p>FILIPINAS<\/p>\n\r\n\t\t<\/div>\r\n\t<\/div>\r\n<\/div><\/div><\/div><\/div><\/div><\/div><\/div><\/div><\/div><\/div><\/div><\/div><\/div><\/div><\/div><\/section>\n","protected":false},"excerpt":{"rendered":"[rev_slider_vc alias=\"news\"] AGENTES &amp; SERVICIO T\u00c9CNICO EN EL MUNDO GALICIAMURCIAPORTUGALFRANCIAALEMANIAPA\u00cdSES B\u00c1LTICOSGALICIA CALMEAR S.L. https:\/\/www.calmear.es calmear@calmear.es T: 986504711 Sr. Joaqu\u00edn Hern\u00e1ndez R\u00faa Albarr\u00e1n 6 36613 Vilagarc\u00eda de Arousa Pontevedra - Galicia - ESPA\u00d1A MURCIA TECNYANT MAQUINARIA S.L. http:\/\/tecnyantmaquinaria.com info@tecnyantmaquinaria.com tecnyantmaquinaria@yahoo.es T: 672 493 979 Sr. Jos\u00e9 Antolinos Paraje de Lopalarea Pol\u00edgono 2 \u2013 La Pilica 30565...","protected":false},"author":2,"featured_media":0,"parent":0,"menu_order":0,"comment_status":"closed","ping_status":"closed","template":"","meta":{"sfsi_plus_gutenberg_text_before_share":"","sfsi_plus_gutenberg_show_text_before_share":"","sfsi_plus_gutenberg_icon_type":"","sfsi_plus_gutenberg_icon_alignemt":"","sfsi_plus_gutenburg_max_per_row":""},"_links":{"self":[{"href":"https:\/\/somme.com\/es\/wp-json\/wp\/v2\/pages\/13474"}],"collection":[{"href":"https:\/\/somme.com\/es\/wp-json\/wp\/v2\/pages"}],"about":[{"href":"https:\/\/somme.com\/es\/wp-json\/wp\/v2\/types\/page"}],"author":[{"embeddable":true,"href":"https:\/\/somme.com\/es\/wp-json\/wp\/v2\/users\/2"}],"replies":[{"embeddable":true,"href":"https:\/\/somme.com\/es\/wp-json\/wp\/v2\/comments?post=13474"}],"version-history":[{"count":94,"href":"https:\/\/somme.com\/es\/wp-json\/wp\/v2\/pages\/13474\/revisions"}],"predecessor-version":[{"id":19239,"href":"https:\/\/somme.com\/es\/wp-json\/wp\/v2\/pages\/13474\/revisions\/19239"}],"wp:attachment":[{"href":"https:\/\/somme.com\/es\/wp-json\/wp\/v2\/media?parent=13474"}],"curies":[{"name":"wp","href":"https:\/\/api.w.org\/{rel}","templated":true}]}}