{"id":15,"date":"2013-05-31T11:58:45","date_gmt":"2013-05-31T11:58:45","guid":{"rendered":"https:\/\/impreza.us-themes.net\/pages\/services\/"},"modified":"2020-02-14T11:08:30","modified_gmt":"2020-02-14T11:08:30","slug":"cerradoras-de-latas-manuales","status":"publish","type":"page","link":"https:\/\/somme.com\/es\/cerradoras-de-latas\/cerradoras-de-latas-manuales\/","title":{"rendered":"Semiautom\u00e1ticas y manuales"},"content":{"rendered":"<section class=\"l-section wpb_row height_auto with_overlay\"><div class=\"l-section-overlay\" style=\"background: #2b65a6\"><\/div><div class=\"l-section-h i-cf\"><div class=\"g-cols vc_row type_default valign_top\"><div class=\"vc_col-sm-12 wpb_column vc_column_container\"><div class=\"vc_column-inner\"><div class=\"wpb_wrapper\"><div class=\"w-separator size_medium\"><\/div>\r\n\t<div class=\"wpb_text_column \">\r\n\t\t<div class=\"wpb_wrapper\">\r\n\t\t\t<div id=\"comp-j21nngdf\" class=\"txtNew\" data-packed=\"true\">\n<h3 class=\"font_0\" style=\"text-align: center;\"><span class=\"color_11\" style=\"color: #f5f5f5;\">\u200bCERRADORAS DE LATAS MANUALES Y SEMIAUTOM\u00c1TICAS<\/span><\/h3>\n<p>&nbsp;<\/p>\n<\/div>\n<div id=\"comp-j21nngdi\" class=\"txtNew\" data-packed=\"true\">\n<p class=\"font_8\" style=\"text-align: center;\"><span style=\"color: #f5f5f5;\">Las cerradoras de latas semiautom\u00e1ticas y manuales son perfectas para producciones industriales peque\u00f1as, enlatado dom\u00e9stico, pruebas de mercado, laboratorios, escuelas t\u00e9cnicas \/ universidades, etc. La principal ventaja de este tipo de cerradoras es su gran versatilidad, lo que permite cerrar diferentes tama\u00f1os de latas (di\u00e1metros &amp; alturas) durante el mismo d\u00eda.<\/span><\/p>\n<\/div>\n\r\n\t\t<\/div>\r\n\t<\/div>\r\n<div class=\"w-separator size_medium\"><\/div><\/div><\/div><\/div><\/div><\/div><\/section><section class=\"l-section wpb_row height_large\"><div class=\"l-section-h i-cf\"><div class=\"g-cols vc_row type_default valign_top\"><div class=\"vc_col-sm-6 vc_hidden-md vc_hidden-sm vc_hidden-xs wpb_column vc_column_container\"><div class=\"vc_column-inner  vc_custom_1572946020522\"><div class=\"wpb_wrapper\">\r\n\t<div class=\"wpb_text_column \">\r\n\t\t<div class=\"wpb_wrapper\">\r\n\t\t\t<div id=\"comp-jatfeedh\" class=\"txtNew\" data-packed=\"true\">\n<h3 class=\"font_2\"><span class=\"color_15\" style=\"color: #ffc400;\">S1<\/span><\/h3>\n<\/div>\n<div id=\"comp-jatfeedi\" class=\"txtNew\" data-packed=\"true\">\n<h5 class=\"font_6\"><span style=\"color: #ffc400;\">Cerradora de latas manual<\/span><\/h5>\n<div id=\"comp-jam7kx5f1\" class=\"txtNew\" data-packed=\"true\">\n<p>Hasta<strong> 10 latas\/minuto.<\/strong><\/p>\n<\/div>\n<div class=\"txtNew\" data-packed=\"true\">Di\u00e1metro de lata m\u00e1ximo de 214 mm.<\/div>\n<\/div>\n\r\n\t\t<\/div>\r\n\t<\/div>\r\n<div class=\"w-separator size_medium\"><\/div><div class=\"w-btn-wrapper width_auto align_left\"><a class=\"w-btn us-btn-style_3\" href=\"https:\/\/somme.com\/es\/cerradoras-de-latas\/s1\/\" style=\"font-size:13px;\"><span class=\"w-btn-label\">M\u00e1s informaci\u00f3n<\/span><\/a><\/div><div class=\"w-separator size_small\"><\/div><div class=\"w-image align_right\"><div class=\"w-image-h\"><img width=\"450\" height=\"288\" src=\"https:\/\/somme.com\/wp-content\/uploads\/2019\/10\/Captura-2.jpg\" class=\"attachment-large size-large\" alt=\"\" loading=\"lazy\" srcset=\"https:\/\/somme.com\/wp-content\/uploads\/2019\/10\/Captura-2.jpg 450w, https:\/\/somme.com\/wp-content\/uploads\/2019\/10\/Captura-2-300x192.jpg 300w\" sizes=\"(max-width: 450px) 100vw, 450px\" \/><\/div><\/div><\/div><\/div><\/div><div class=\"vc_col-sm-6 vc_hidden-md vc_hidden-sm vc_hidden-xs wpb_column vc_column_container\"><div class=\"vc_column-inner\"><div class=\"wpb_wrapper\"><div class=\"w-image align_none\"><div class=\"w-image-h\"><img width=\"640\" height=\"543\" src=\"https:\/\/somme.com\/wp-content\/uploads\/2019\/07\/hombrebest.png\" class=\"attachment-large size-large\" alt=\"\" loading=\"lazy\" srcset=\"https:\/\/somme.com\/wp-content\/uploads\/2019\/07\/hombrebest.png 716w, https:\/\/somme.com\/wp-content\/uploads\/2019\/07\/hombrebest-300x254.png 300w\" sizes=\"(max-width: 640px) 100vw, 640px\" \/><\/div><\/div><\/div><\/div><\/div><\/div><\/div><\/section><section class=\"l-section wpb_row height_auto\"><div class=\"l-section-h i-cf\"><div class=\"g-cols vc_row type_default valign_top\"><div class=\"vc_col-sm-3 vc_hidden-lg wpb_column vc_column_container\"><div class=\"vc_column-inner  vc_custom_1572946123307\"><div class=\"wpb_wrapper\">\r\n\t<div class=\"wpb_text_column \">\r\n\t\t<div class=\"wpb_wrapper\">\r\n\t\t\t<div id=\"comp-jatfeedh\" class=\"txtNew\" data-packed=\"true\">\n<h3 class=\"font_2\"><span class=\"color_15\" style=\"color: #ffc400;\">S1<\/span><\/h3>\n<\/div>\n<div id=\"comp-jatfeedi\" class=\"txtNew\" data-packed=\"true\">\n<h5 class=\"font_6\"><span style=\"color: #ffc400;\">Cerradora de latas manual<\/span><\/h5>\n<div id=\"comp-jam7kx5f1\" class=\"txtNew\" data-packed=\"true\">\n<p>Hasta<strong> 10 latas\/minuto.<\/strong><\/p>\n<\/div>\n<div class=\"txtNew\" data-packed=\"true\">Di\u00e1metro de lata m\u00e1ximo de 214 mm.<\/div>\n<\/div>\n\r\n\t\t<\/div>\r\n\t<\/div>\r\n<div class=\"w-separator size_medium\"><\/div><div class=\"w-btn-wrapper width_auto align_left\"><a class=\"w-btn us-btn-style_3\" href=\"https:\/\/somme.com\/es\/cerradoras-de-latas\/s1\/\" style=\"font-size:13px;\"><span class=\"w-btn-label\">M\u00e1s informaci\u00f3n<\/span><\/a><\/div><\/div><\/div><\/div><div class=\"vc_col-sm-9 vc_hidden-lg wpb_column vc_column_container\"><div class=\"vc_column-inner\"><div class=\"wpb_wrapper\"><div class=\"w-image align_none\"><div class=\"w-image-h\"><img width=\"640\" height=\"543\" src=\"https:\/\/somme.com\/wp-content\/uploads\/2019\/07\/hombrebest.png\" class=\"attachment-large size-large\" alt=\"\" loading=\"lazy\" srcset=\"https:\/\/somme.com\/wp-content\/uploads\/2019\/07\/hombrebest.png 716w, https:\/\/somme.com\/wp-content\/uploads\/2019\/07\/hombrebest-300x254.png 300w\" sizes=\"(max-width: 640px) 100vw, 640px\" \/><\/div><\/div><\/div><\/div><\/div><\/div><\/div><\/section>\n","protected":false},"excerpt":{"rendered":"\u200bCERRADORAS DE LATAS MANUALES Y SEMIAUTOM\u00c1TICAS &nbsp; Las cerradoras de latas semiautom\u00e1ticas y manuales son perfectas para producciones industriales peque\u00f1as, enlatado dom\u00e9stico, pruebas de mercado, laboratorios, escuelas t\u00e9cnicas \/ universidades, etc. La principal ventaja de este tipo de cerradoras es su gran versatilidad, lo que permite cerrar diferentes tama\u00f1os de latas (di\u00e1metros &amp; alturas) durante...","protected":false},"author":2,"featured_media":0,"parent":1106,"menu_order":0,"comment_status":"closed","ping_status":"closed","template":"","meta":{"sfsi_plus_gutenberg_text_before_share":"","sfsi_plus_gutenberg_show_text_before_share":"","sfsi_plus_gutenberg_icon_type":"","sfsi_plus_gutenberg_icon_alignemt":"","sfsi_plus_gutenburg_max_per_row":""},"_links":{"self":[{"href":"https:\/\/somme.com\/es\/wp-json\/wp\/v2\/pages\/15"}],"collection":[{"href":"https:\/\/somme.com\/es\/wp-json\/wp\/v2\/pages"}],"about":[{"href":"https:\/\/somme.com\/es\/wp-json\/wp\/v2\/types\/page"}],"author":[{"embeddable":true,"href":"https:\/\/somme.com\/es\/wp-json\/wp\/v2\/users\/2"}],"replies":[{"embeddable":true,"href":"https:\/\/somme.com\/es\/wp-json\/wp\/v2\/comments?post=15"}],"version-history":[{"count":32,"href":"https:\/\/somme.com\/es\/wp-json\/wp\/v2\/pages\/15\/revisions"}],"predecessor-version":[{"id":17538,"href":"https:\/\/somme.com\/es\/wp-json\/wp\/v2\/pages\/15\/revisions\/17538"}],"up":[{"embeddable":true,"href":"https:\/\/somme.com\/es\/wp-json\/wp\/v2\/pages\/1106"}],"wp:attachment":[{"href":"https:\/\/somme.com\/es\/wp-json\/wp\/v2\/media?parent=15"}],"curies":[{"name":"wp","href":"https:\/\/api.w.org\/{rel}","templated":true}]}}