{"id":2253,"date":"2013-12-12T12:01:54","date_gmt":"2013-12-12T12:01:54","guid":{"rendered":"https:\/\/impreza.us-themes.net\/?page_id=2253"},"modified":"2020-02-14T11:04:24","modified_gmt":"2020-02-14T11:04:24","slug":"repuestos-para-cerradoras-de-latas","status":"publish","type":"page","link":"https:\/\/somme.com\/es\/repuestos-para-cerradoras-de-latas\/","title":{"rendered":"REPUESTOS"},"content":{"rendered":"<section class=\"l-section wpb_row height_huge with_img parallax_ver parallaxdir_reversed\"><div class=\"l-section-img\" style=\"background-image: url(https:\/\/somme.com\/wp-content\/uploads\/2019\/10\/gears.jpg);background-size: contain;\" data-img-width=\"2050\" data-img-height=\"900\"><\/div><div class=\"l-section-h i-cf\"><div class=\"g-cols vc_row type_default valign_top\"><div class=\"vc_col-sm-12 wpb_column vc_column_container\"><div class=\"vc_column-inner\"><div class=\"wpb_wrapper\"><div class=\"g-cols wpb_row  type_default valign_top vc_inner  vc_custom_1563533830701\"><div class=\"vc_col-sm-12 wpb_column vc_column_container\"><div class=\"vc_column-inner\"><div class=\"wpb_wrapper\"><div class=\"w-separator size_medium\"><\/div>\r\n\t<div class=\"wpb_text_column \">\r\n\t\t<div class=\"wpb_wrapper\">\r\n\t\t\t<div id=\"comp-j3v9ea5p\" class=\"txtNew\" data-packed=\"true\">\n<h1 class=\"font_0\" style=\"text-align: center;\"><span class=\"color_11\" style=\"color: #f5f5f5;\">REPUESTOS PARA CERRADORAS DE LATAS ORIGINALES<\/span><\/h1>\n<\/div>\n\r\n\t\t<\/div>\r\n\t<\/div>\r\n<div class=\"w-separator size_small\"><\/div>\r\n\t<div class=\"wpb_text_column \">\r\n\t\t<div class=\"wpb_wrapper\">\r\n\t\t\t<p><span style=\"color: #f5f5f5;\">Los repuestos originales son la mejor forma de proteger su cerradora de latas y garantizar el m\u00e1ximo rendimiento de su inversi\u00f3n en t\u00e9rminos tanto de desempe\u00f1o como de vida \u00fatil. Usando repuestos originales de JK SOMME usted est\u00e1 maximizando la vida en servicio de su m\u00e1quina.<\/span><\/p>\n\r\n\t\t<\/div>\r\n\t<\/div>\r\n<div class=\"w-separator size_medium\"><\/div><\/div><\/div><\/div><\/div><\/div><\/div><\/div><\/div><\/div><\/section><section class=\"l-section wpb_row height_medium dotted-blue\"><div class=\"l-section-h i-cf\"><div class=\"g-cols vc_row type_default valign_top\"><div class=\"vc_col-sm-12 wpb_column vc_column_container\"><div class=\"vc_column-inner\"><div class=\"wpb_wrapper\">\r\n\t<div class=\"wpb_text_column \">\r\n\t\t<div class=\"wpb_wrapper\">\r\n\t\t\t<div id=\"comp-j82rvbgz\" class=\"txtNew\" data-packed=\"true\">\n<h4 class=\"font_2\"><strong><span style=\"color: #2b65a6;\">COMPLETAMENTE JK SOMME: 100% DE RENDIMIENTO<\/span><\/strong><\/h4>\n<\/div>\n\r\n\t\t<\/div>\r\n\t<\/div>\r\n<div class=\"w-separator size_small with_line width_default thick_1 style_solid color_custom align_center\" style=\"border-color:#2b65a6;color:#2b65a6;\"><div class=\"w-separator-h\"><\/div><\/div>\r\n\t<div class=\"wpb_text_column \">\r\n\t\t<div class=\"wpb_wrapper\">\r\n\t\t\t<div id=\"comp-j82rvbgz\" class=\"txtNew\" data-packed=\"true\">\n<h5 class=\"font_2\"><span style=\"font-size: 16px;\">\u200bNo hay nada como el original cuando se trata de repuestos y recambios JK SOMME. \u00bfQui\u00e9n m\u00e1s le garantiza la m\u00e1s alta calidad, funcionamiento efectivo, seguridad probada y m\u00e1xima confianza para un resultado perfecto? Precisamente: s\u00f3lo el original, s\u00f3lo de JK SOMME.<\/span><\/h5>\n<\/div>\n\r\n\t\t<\/div>\r\n\t<\/div>\r\n<div class=\"w-separator size_medium\"><\/div><div class=\"w-iconbox iconpos_left style_default color_custom align_left no_title\"><div class=\"w-iconbox-icon\" style=\"color:#2b65a6;\"><i class=\"fas fa-cogs\"><\/i><\/div><div class=\"w-iconbox-meta\"><div class=\"w-iconbox-text\"><h6 style=\"text-align: justify;\"><strong><span style=\"color: #000000; font-size: 14pt;\">Piezas originales JK SOMME: La garant\u00eda de confianza y calidad para su equipo<\/span><\/strong><\/h6>\n<\/div><\/div><\/div><div class=\"w-separator size_medium\"><\/div>\r\n\t<div class=\"wpb_text_column \">\r\n\t\t<div class=\"wpb_wrapper\">\r\n\t\t\t<p style=\"text-align: justify;\">Usando recambios originales JK SOMME usted est\u00e1 maximizando la expectativa de vida de su m\u00e1quina. S\u00f3lo los recambios originales de JK SOMME pueden garantizar la calidad y la confianza de su equipo. Nuestros recambios originales est\u00e1n dise\u00f1adas para aguantar rigurosas restricciones operativas. Los costes de mantenimiento son optimizados y sus labores realizadas por una extensa red de representantes locales en exclusiva. Benef\u00edciese de nuestro servicio de entrega r\u00e1pida, est\u00e9 usted en Espa\u00f1a u otro sitio.<\/p>\n\r\n\t\t<\/div>\r\n\t<\/div>\r\n<div class=\"w-separator size_medium\"><\/div>[rev_slider_vc alias=&#8221;repuestos-galeria43&#8243;]<div class=\"w-separator size_medium\"><\/div><div class=\"g-cols wpb_row  type_default valign_top vc_inner \"><div class=\"vc_col-sm-12 wpb_column vc_column_container\"><div class=\"vc_column-inner\"><div class=\"wpb_wrapper\"><div class=\"w-separator size_large\"><\/div>\r\n\t<div class=\"wpb_text_column \">\r\n\t\t<div class=\"wpb_wrapper\">\r\n\t\t\t<div id=\"comp-j82rvbgz\" class=\"txtNew\" data-packed=\"true\">\n<h4><strong><span style=\"color: #2b65a6;\">REPUESTOS PARA M\u00c1QUINAS SOMME EXISTENTES<\/span><\/strong><\/h4>\n<\/div>\n\r\n\t\t<\/div>\r\n\t<\/div>\r\n<div class=\"w-separator size_small with_line width_default thick_1 style_solid color_custom align_center\" style=\"border-color:#2b65a6;color:#2b65a6;\"><div class=\"w-separator-h\"><\/div><\/div>\r\n\t<div class=\"wpb_text_column \">\r\n\t\t<div class=\"wpb_wrapper\">\r\n\t\t\t<div id=\"comp-j82rvbgz\" class=\"txtNew\" data-packed=\"true\">\n<h5><span style=\"font-size: 16px;\">JK SOMME es su socio ideal cuando usted necesita obtener piezas de recambio para su probada y utilizada cerradora de latas SOMME preexistente.<\/span><\/h5>\n<div id=\"comp-j82rxi7r\" class=\"txtNew\" data-packed=\"true\">\n<p class=\"font_8\">\u200bSi sus cerradoras de latas han estado trabajando por un largo periodo de tiempo, ya posee un claro indicador de su sobresaliente calidad y durabilidad. Al mismo tiempo m\u00e1quinas que hayan alcanzado una cierta edad tambi\u00e9n requieren en especial un mantenimiento exhaustivo, frecuentemente con el resultado de la necesidad de una o m\u00e1s repuestos. Aqu\u00ed es donde JK SOMME interviene.<\/p>\n<\/div>\n<\/div>\n\r\n\t\t<\/div>\r\n\t<\/div>\r\n<div class=\"w-separator size_medium\"><\/div><div class=\"w-iconbox iconpos_left style_default color_custom align_center no_title\"><div class=\"w-iconbox-icon\" style=\"font-size:50px;color:#2b65a6;\"><i class=\"fas fa-cogs\"><\/i><\/div><div class=\"w-iconbox-meta\"><div class=\"w-iconbox-text\"><h6 style=\"text-align: justify;\"><span style=\"color: #000000;\"><strong>Nosotros somos los \u00fanicos proveedores que suministran piezas de repuesto de calidad probada y reconocimiento. Nosotros suministramos piezas de repuesto originales para las m\u00e1quinas SOMME existentes que han sido fabricadas por nuestra empresa predecesora SOMME S.A.<\/strong><\/span><\/h6>\n<\/div><\/div><\/div><div class=\"w-separator size_medium\"><\/div><\/div><\/div><\/div><\/div>\r\n\t<div class=\"wpb_text_column \">\r\n\t\t<div class=\"wpb_wrapper\">\r\n\t\t\t<p class=\"font_8\">Nosotros no s\u00f3lo suministramos las propias piezas originales sino que tambi\u00e9n ofrecemos un servicio completo de revisi\u00f3n basado en la documentaci\u00f3n y los planos originales.<\/p>\n<p class=\"font_8\">Conocimiento: Conf\u00eda en la experiencia de nuestros empleados en JK SOMME ya que han estado familiarizados con las m\u00e1quinas de nuestro empresa predecesora durante muchos a\u00f1os y en algunos casos incluso han ayudado a construirlas.<\/p>\n<p class=\"font_8\">Tenga siempre en mente la modernizaci\u00f3n de sus l\u00edneas de producci\u00f3n y benef\u00edciese de piezas de repuesto originales y de una fuente de servicio de primera mano. Para informaci\u00f3n adicional no dude por favor en contactar con JK SOMME \u2013 sin compromiso.<\/p>\n\r\n\t\t<\/div>\r\n\t<\/div>\r\n<div class=\"w-separator size_large\"><\/div>\r\n\t<div class=\"wpb_text_column \">\r\n\t\t<div class=\"wpb_wrapper\">\r\n\t\t\t<div id=\"comp-j82rvbgz\" class=\"txtNew\" data-packed=\"true\">\n<div id=\"comp-j8cusey3\" class=\"txtNew\" data-packed=\"true\">\n<div id=\"comp-jrhofc6t\" class=\"txtNew\" data-packed=\"true\">\n<h4 class=\"font_2\"><strong><span style=\"color: #2b65a6;\">BENEFICIOS DE LOS REPUESTOS ORIGINALES JK SOMME<\/span><\/strong><\/h4>\n<\/div>\n<\/div>\n<\/div>\n\r\n\t\t<\/div>\r\n\t<\/div>\r\n<div class=\"w-separator size_small with_line width_default thick_1 style_solid color_custom align_center\" style=\"border-color:#2b65a6;color:#2b65a6;\"><div class=\"w-separator-h\"><\/div><\/div>\r\n\t<div class=\"wpb_text_column \">\r\n\t\t<div class=\"wpb_wrapper\">\r\n\t\t\t<div id=\"comp-j82rvbgz\" class=\"txtNew\" data-packed=\"true\">\n<div id=\"comp-j8cusey3\" class=\"txtNew\" data-packed=\"true\">\n<div id=\"comp-jrhofc6t\" class=\"txtNew\" data-packed=\"true\">\n<p>&nbsp;<\/p>\n<\/div>\n<div id=\"comp-jrhofc6j\" class=\"txtNew\" data-packed=\"true\">\n<ul class=\"font_8\">\n<li class=\"font_8\">Calidad superior, aseguramiento probado con ajuste preciso y funcionalidad.<\/li>\n<li class=\"font_8\">El m\u00e1s grande de los desempe\u00f1os y continuidad de la tecnolog\u00eda de \u00faltima generaci\u00f3n.<\/li>\n<li class=\"font_8\">Instalaci\u00f3n no problem\u00e1tica, largo periodo de vida, el cual incluya la garant\u00eda JK\u00a0SOMME de pieza nueva.<\/li>\n<li class=\"font_8\">M\u00e1xima disponibilidad debida al reducido tiempo de respuesta en planta.<\/li>\n<li class=\"font_8\">R\u00e1pido suministro v\u00eda la red de servicio JK SOMME, en disposici\u00f3n incluso despu\u00e9s de 30 a\u00f1os.<\/li>\n<li class=\"font_8\">Disposici\u00f3n de repuestos para conjuntos adquiridos y ya no disponibles en el mercado.<\/li>\n<\/ul>\n<\/div>\n<\/div>\n<\/div>\n\r\n\t\t<\/div>\r\n\t<\/div>\r\n<\/div><\/div><\/div><\/div><\/div><\/section>\n","protected":false},"excerpt":{"rendered":"REPUESTOS PARA CERRADORAS DE LATAS ORIGINALES Los repuestos originales son la mejor forma de proteger su cerradora de latas y garantizar el m\u00e1ximo rendimiento de su inversi\u00f3n en t\u00e9rminos tanto de desempe\u00f1o como de vida \u00fatil. Usando repuestos originales de JK SOMME usted est\u00e1 maximizando la vida en servicio de su m\u00e1quina. COMPLETAMENTE JK SOMME:...","protected":false},"author":2,"featured_media":0,"parent":0,"menu_order":0,"comment_status":"closed","ping_status":"closed","template":"","meta":{"sfsi_plus_gutenberg_text_before_share":"","sfsi_plus_gutenberg_show_text_before_share":"","sfsi_plus_gutenberg_icon_type":"","sfsi_plus_gutenberg_icon_alignemt":"","sfsi_plus_gutenburg_max_per_row":""},"_links":{"self":[{"href":"https:\/\/somme.com\/es\/wp-json\/wp\/v2\/pages\/2253"}],"collection":[{"href":"https:\/\/somme.com\/es\/wp-json\/wp\/v2\/pages"}],"about":[{"href":"https:\/\/somme.com\/es\/wp-json\/wp\/v2\/types\/page"}],"author":[{"embeddable":true,"href":"https:\/\/somme.com\/es\/wp-json\/wp\/v2\/users\/2"}],"replies":[{"embeddable":true,"href":"https:\/\/somme.com\/es\/wp-json\/wp\/v2\/comments?post=2253"}],"version-history":[{"count":88,"href":"https:\/\/somme.com\/es\/wp-json\/wp\/v2\/pages\/2253\/revisions"}],"predecessor-version":[{"id":16501,"href":"https:\/\/somme.com\/es\/wp-json\/wp\/v2\/pages\/2253\/revisions\/16501"}],"wp:attachment":[{"href":"https:\/\/somme.com\/es\/wp-json\/wp\/v2\/media?parent=2253"}],"curies":[{"name":"wp","href":"https:\/\/api.w.org\/{rel}","templated":true}]}}