{"id":2520,"date":"2013-12-16T20:02:11","date_gmt":"2013-12-16T20:02:11","guid":{"rendered":"https:\/\/impreza.us-themes.net\/?page_id=2520"},"modified":"2020-02-14T11:07:29","modified_gmt":"2020-02-14T11:07:29","slug":"empresa","status":"publish","type":"page","link":"https:\/\/somme.com\/es\/empresa\/","title":{"rendered":"EMPRESA"},"content":{"rendered":"<section class=\"l-section wpb_row height_auto width_full parallax_fixed\"><div class=\"l-section-h i-cf\"><div class=\"g-cols vc_row type_default valign_top\"><div class=\"vc_col-sm-12 wpb_column vc_column_container\"><div class=\"vc_column-inner\"><div class=\"wpb_wrapper\">[rev_slider_vc alias=&#8221;empresa&#8221;]<\/div><\/div><\/div><\/div><\/div><\/section><section class=\"l-section wpb_row height_auto color_custom\" style=\"background: #1c528b; color: #ffffff;\"><div class=\"l-section-h i-cf\"><div class=\"g-cols vc_row type_default valign_top\"><div class=\"vc_col-sm-12 wpb_column vc_column_container\"><div class=\"vc_column-inner\"><div class=\"wpb_wrapper\"><div class=\"g-cols wpb_row  type_default valign_top vc_inner  vc_custom_1565252013423\"><div class=\"vc_col-sm-12 wpb_column vc_column_container\"><div class=\"vc_column-inner\"><div class=\"wpb_wrapper\"><div class=\"w-separator size_medium\"><\/div>\r\n\t<div class=\"wpb_text_column \">\r\n\t\t<div class=\"wpb_wrapper\">\r\n\t\t\t<h1 class=\"font_0\" style=\"text-align: center;\"><span class=\"color_11\" style=\"color: #f5f5f5;\">CERRADORAS DE LATAS DESDE BILBAO AL MUNDO<\/span><\/h1>\n\r\n\t\t<\/div>\r\n\t<\/div>\r\n<div class=\"w-separator size_small\"><\/div>\r\n\t<div class=\"wpb_text_column \">\r\n\t\t<div class=\"wpb_wrapper\">\r\n\t\t\t<p class=\"font_0\" style=\"text-align: center;\"><span style=\"font-size: 16px; color: #f5f5f5;\">Los est\u00e1ndares de ingenier\u00eda m\u00e1s altos, la calidad duradera y la m\u00e1xima eficiencia son la base de nuestra excelente reputaci\u00f3n en todo el mundo. Ofrecemos soluciones de calidad para el cierre de todo tipo de latas irregulares y redondas, desde m\u00e1quinas semiautom\u00e1ticas hasta m\u00e1quinas autom\u00e1ticas, con velocidades de 10 a 600 latas por minuto.<\/span><\/p>\n\r\n\t\t<\/div>\r\n\t<\/div>\r\n<div class=\"w-separator size_medium\"><\/div><\/div><\/div><\/div><\/div><div class=\"g-cols wpb_row  type_default valign_top vc_inner  vc_custom_1565252021590\"><div class=\"vc_col-sm-3 wpb_column vc_column_container\"><div class=\"vc_column-inner\"><div class=\"wpb_wrapper\"><div class=\"w-btn-wrapper width_auto align_center\"><a class=\"w-btn us-btn-style_4\" href=\"https:\/\/somme.com\/es\/empresa\/quienes-somos\/\" title=\"Sobre nosotros\"><span class=\"w-btn-label\">SOBRE NOSOTROS<\/span><\/a><\/div><div class=\"w-separator size_medium\"><\/div><\/div><\/div><\/div><div class=\"vc_col-sm-3 wpb_column vc_column_container\"><div class=\"vc_column-inner\"><div class=\"wpb_wrapper\"><div class=\"w-btn-wrapper width_auto align_center\"><a class=\"w-btn us-btn-style_8\" href=\"https:\/\/somme.com\/es\/empresa\/historia\/\"><span class=\"w-btn-label\">HISTORIA<\/span><\/a><\/div><div class=\"w-separator size_medium\"><\/div><\/div><\/div><\/div><div class=\"vc_col-sm-3 wpb_column vc_column_container\"><div class=\"vc_column-inner\"><div class=\"wpb_wrapper\"><div class=\"w-btn-wrapper width_auto align_center\"><a class=\"w-btn us-btn-style_8\" href=\"https:\/\/somme.com\/es\/empresa\/fabricacion\/\"><span class=\"w-btn-label\">FABRICACI\u00d3N<\/span><\/a><\/div><div class=\"w-separator size_medium\"><\/div><\/div><\/div><\/div><div class=\"vc_col-sm-3 wpb_column vc_column_container\"><div class=\"vc_column-inner\"><div class=\"wpb_wrapper\"><div class=\"w-btn-wrapper width_auto align_center\"><a class=\"w-btn us-btn-style_8\" href=\"https:\/\/somme.com\/es\/empresa\/servicio-postventa-cerradoras-de-latas\/\"><span class=\"w-btn-label\">POSVENTA<\/span><\/a><\/div><div class=\"w-separator size_medium\"><\/div><\/div><\/div><\/div><\/div><\/div><\/div><\/div><\/div><\/div><\/section><section class=\"l-section wpb_row height_medium\"><div class=\"l-section-h i-cf\"><div class=\"g-cols vc_row type_default valign_top\"><div class=\"vc_col-sm-12 wpb_column vc_column_container\"><div class=\"vc_column-inner\"><div class=\"wpb_wrapper\">\r\n\t<div class=\"wpb_text_column \">\r\n\t\t<div class=\"wpb_wrapper\">\r\n\t\t\t<h5 class=\"font_2\"><strong><span class=\"\" style=\"color: #2b65a6;\">QUI\u00c9NES SOMOS<\/span><\/strong><\/h5>\n\r\n\t\t<\/div>\r\n\t<\/div>\r\n<div class=\"w-separator size_small with_line width_default thick_1 style_solid color_custom align_center\" style=\"border-color:#2b65a6;color:#2b65a6;\"><div class=\"w-separator-h\"><\/div><\/div><div class=\"g-cols wpb_row  type_default valign_top vc_inner \"><div class=\"vc_col-sm-8 wpb_column vc_column_container\"><div class=\"vc_column-inner\"><div class=\"wpb_wrapper\"><div class=\"w-separator size_large\"><\/div>\r\n\t<div class=\"wpb_text_column \">\r\n\t\t<div class=\"wpb_wrapper\">\r\n\t\t\t<div id=\"comp-j0t7vu1k\" class=\"txtNew\" data-packed=\"true\">\n<p class=\"font_2\" style=\"text-align: justify;\">Desde nuestra fundaci\u00f3n en el a\u00f1o 1905 JK SOMME pone a su disposici\u00f3n su larga experiencia como fabricante de las m\u00e1s reconocidas, s\u00f3lidas y eficientes cerradoras de latas. Dise\u00f1adas para trabajar en peque\u00f1as empresas artesanales, conserveras de tama\u00f1o medio o en grandes multinacionales.<\/p>\n<\/div>\n\r\n\t\t<\/div>\r\n\t<\/div>\r\n<\/div><\/div><\/div><div class=\"vc_col-sm-4 wpb_column vc_column_container\"><div class=\"vc_column-inner\"><div class=\"wpb_wrapper\"><div class=\"w-image align_none\"><div class=\"w-image-h\"><img width=\"395\" height=\"255\" src=\"https:\/\/somme.com\/wp-content\/uploads\/2019\/07\/madespain.jpg\" class=\"attachment-large size-large\" alt=\"\" loading=\"lazy\" srcset=\"https:\/\/somme.com\/wp-content\/uploads\/2019\/07\/madespain.jpg 395w, https:\/\/somme.com\/wp-content\/uploads\/2019\/07\/madespain-300x194.jpg 300w\" sizes=\"(max-width: 395px) 100vw, 395px\" \/><\/div><\/div><\/div><\/div><\/div><\/div><div class=\"g-cols wpb_row  type_default valign_top vc_inner \"><div class=\"vc_col-sm-6 wpb_column vc_column_container\"><div class=\"vc_column-inner\"><div class=\"wpb_wrapper\"><div class=\"w-image align_none\"><div class=\"w-image-h\"><img width=\"640\" height=\"352\" src=\"https:\/\/somme.com\/wp-content\/uploads\/2019\/07\/EMPRESA1.jpg\" class=\"attachment-large size-large\" alt=\"\" loading=\"lazy\" srcset=\"https:\/\/somme.com\/wp-content\/uploads\/2019\/07\/EMPRESA1.jpg 711w, https:\/\/somme.com\/wp-content\/uploads\/2019\/07\/EMPRESA1-300x165.jpg 300w\" sizes=\"(max-width: 640px) 100vw, 640px\" \/><\/div><\/div><\/div><\/div><\/div><div class=\"vc_col-sm-6 wpb_column vc_column_container\"><div class=\"vc_column-inner\"><div class=\"wpb_wrapper\"><div class=\"w-image align_none\"><div class=\"w-image-h\"><img width=\"640\" height=\"352\" src=\"https:\/\/somme.com\/wp-content\/uploads\/2019\/10\/empresapadre-1.png\" class=\"attachment-large size-large\" alt=\"\" loading=\"lazy\" srcset=\"https:\/\/somme.com\/wp-content\/uploads\/2019\/10\/empresapadre-1.png 711w, https:\/\/somme.com\/wp-content\/uploads\/2019\/10\/empresapadre-1-300x165.png 300w\" sizes=\"(max-width: 640px) 100vw, 640px\" \/><\/div><\/div><\/div><\/div><\/div><\/div><div class=\"g-cols wpb_row  type_default valign_top vc_inner \"><div class=\"vc_col-sm-12 wpb_column vc_column_container\"><div class=\"vc_column-inner\"><div class=\"wpb_wrapper\"><div class=\"w-separator size_medium\"><\/div>\r\n\t<div class=\"wpb_text_column \">\r\n\t\t<div class=\"wpb_wrapper\">\r\n\t\t\t<p style=\"text-align: justify;\">Ofrecemos soluciones de calidad total para el cierre de todo tipo de latas irregulares y redondas, desde m\u00e1quinas semiautom\u00e1ticas hasta m\u00e1quinas completamente autom\u00e1ticas, con velocidades de 10 a 600 latas por minuto. Nuestra gama de productos incluye cerradoras de latas no redondas-irregulares, cerradoras de latas redondas y cerradoras de latas bajo vac\u00edo mec\u00e1nico.<\/p>\n\r\n\t\t<\/div>\r\n\t<\/div>\r\n<div class=\"w-separator size_small\"><\/div><\/div><\/div><\/div><\/div><div class=\"g-cols wpb_row  type_default valign_top vc_inner \"><div class=\"vc_col-sm-6 wpb_column vc_column_container\"><div class=\"vc_column-inner\"><div class=\"wpb_wrapper\"><div class=\"w-separator size_large\"><\/div><div class=\"w-iconbox iconpos_left style_default color_custom align_left no_title icontype_img\"><div class=\"w-iconbox-icon\" style=\"font-size:60px;color:#2b65a6;\"><img width=\"512\" height=\"512\" src=\"https:\/\/somme.com\/wp-content\/uploads\/2019\/07\/alimentos-enlatados.png\" class=\"attachment-full size-full\" alt=\"\" loading=\"lazy\" srcset=\"https:\/\/somme.com\/wp-content\/uploads\/2019\/07\/alimentos-enlatados.png 512w, https:\/\/somme.com\/wp-content\/uploads\/2019\/07\/alimentos-enlatados-150x150.png 150w, https:\/\/somme.com\/wp-content\/uploads\/2019\/07\/alimentos-enlatados-300x300.png 300w\" sizes=\"(max-width: 512px) 100vw, 512px\" \/><\/div><div class=\"w-iconbox-meta\"><div class=\"w-iconbox-text\"><h5><strong>Con m\u00e1s de 6000 m\u00e1quinas vendidas, a d\u00eda de hoy JK SOMME posee una importante cuota de mercado en m\u00e1quinas cerradoras de latas irregulares<\/strong><\/h5>\n<\/div><\/div><\/div><\/div><\/div><\/div><div class=\"vc_col-sm-6 wpb_column vc_column_container\"><div class=\"vc_column-inner\"><div class=\"wpb_wrapper\"><div class=\"w-image align_none\"><div class=\"w-image-h\"><img width=\"640\" height=\"283\" src=\"https:\/\/somme.com\/wp-content\/uploads\/2019\/07\/LATAS-IRREGULARES.jpg\" class=\"attachment-large size-large\" alt=\"\" loading=\"lazy\" srcset=\"https:\/\/somme.com\/wp-content\/uploads\/2019\/07\/LATAS-IRREGULARES.jpg 645w, https:\/\/somme.com\/wp-content\/uploads\/2019\/07\/LATAS-IRREGULARES-300x133.jpg 300w\" sizes=\"(max-width: 640px) 100vw, 640px\" \/><\/div><\/div><\/div><\/div><\/div><\/div><div class=\"g-cols wpb_row  type_default valign_top vc_inner \"><div class=\"vc_col-sm-12 wpb_column vc_column_container\"><div class=\"vc_column-inner\"><div class=\"wpb_wrapper\"><div class=\"w-separator size_small\"><\/div>\r\n\t<div class=\"wpb_text_column \">\r\n\t\t<div class=\"wpb_wrapper\">\r\n\t\t\t<div id=\"comp-j2k9x3st\" class=\"txtNew\" data-packed=\"true\">\n<p class=\"font_8\" style=\"text-align: justify;\"><span class=\"color_14\">Especialistas reconocidos en cerrar latas como 1\/4 club, dingley, hansa, 1\/15, 1\/4 oval, 1 libra oval, 1\/4 P-long, 4\/4, 1-2-3, cafetera, jockey, tipo pera, snack, fiesta, spam, etc. <\/span>La sede espa\u00f1ola de JK SOMME se encuentra en Santecilla de Mena, cerca de Bilbao. El edificio tiene 2000 m\u00b2 y alberga todos los departamentos de la empresa: oficina comercial, oficina t\u00e9cnica, taller de mecanizado de piezas y sala de montaje de maquinaria. En la actualidad, la empresa cuenta con una plantilla de unas 30 personas.<\/p>\n<\/div>\n\r\n\t\t<\/div>\r\n\t<\/div>\r\n<\/div><\/div><\/div><\/div><\/div><\/div><\/div><\/div><\/div><\/section><section class=\"l-section wpb_row height_auto\"><div class=\"l-section-h i-cf\"><div class=\"g-cols vc_row type_default valign_top\"><div class=\"vc_col-sm-12 wpb_column vc_column_container\"><div class=\"vc_column-inner\"><div class=\"wpb_wrapper\"><div class=\"w-grid type_grid layout_6041 cols_3 height_fixed\" id=\"us_grid_1\"><style id=\"us_grid_1_css\">#us_grid_1 .w-grid-item{padding:0.5rem}#us_grid_1 .w-grid-list{margin:-0.5rem}.w-grid + #us_grid_1 .w-grid-list{margin-top:0.5rem}.l-section.width_full>div>div>.vc_col-sm-12>div>div>#us_grid_1 .w-grid-list{margin-left:0.5rem;margin-right:0.5rem}.l-section.height_auto>div>div>.vc_col-sm-12>div>div>#us_grid_1:first-child .w-grid-list{margin-top:0.5rem}.l-section.height_auto>div>div>.vc_col-sm-12>div>div>#us_grid_1:last-child .w-grid-list{margin-bottom:0.5rem}@media (max-width:899px){#us_grid_1 .w-grid-item{width:50%}#us_grid_1 .w-grid-item.size_2x1,#us_grid_1 .w-grid-item.size_2x2{width:100%}}@media (max-width:599px){#us_grid_1 .w-grid-list{margin:0}#us_grid_1 .w-grid-item{width:100%;padding:0;margin-bottom:0.5rem}}<\/style><style>#us_grid_1 .w-grid-item-h:before{padding-bottom:75.0000%}@media (min-width:600px){#us_grid_1 .w-grid-item.size_1x2 .w-grid-item-h:before{padding-bottom:calc(150% + 0.5rem + 0.5rem)}#us_grid_1 .w-grid-item.size_2x1 .w-grid-item-h:before{padding-bottom:calc(37.5% - 0.5rem * 0.75)}#us_grid_1 .w-grid-item.size_2x2 .w-grid-item-h:before{padding-bottom:calc(75% - 0.5rem * -0.5)}}#us_grid_1 .w-grid-item-h{}#us_grid_1 .usg_post_image_1{border-radius:0}#us_grid_1 .usg_post_image_1{transition-duration:0.3s;transform:scale(1) translate(0%,0%)}#us_grid_1 .w-grid-item-h:hover .usg_post_image_1{transform:scale(1) translate(0%,0%);opacity:0.2}#us_grid_1 .usg_vwrapper_1{border-radius:0}#us_grid_1 .usg_post_title_1{font-weight:700;font-size:1.5rem;border-radius:0}#us_grid_1 .usg_post_title_1{transition-duration:0.35s;transform:scale(1) translate(0%,-60%);opacity:0}#us_grid_1 .w-grid-item-h:hover .usg_post_title_1{transform:scale(1) translate(0%,0%);opacity:1}#us_grid_1 .usg_post_image_1{position:absolute;top:0;right:0;bottom:0;left:0}#us_grid_1 .usg_vwrapper_1{position:absolute;top:0;right:0;bottom:0;left:0;padding:2rem}<\/style><div class=\"w-grid-list\"><article class=\"w-grid-item ratio_4x3 post-7828 attachment type-attachment status-inherit hentry\" data-id=\"7828\">\r\n\t<div class=\"w-grid-item-h\">\r\n\t\t\t\t<div class=\"w-post-elm post_image usg_post_image_1 stretched\"><img width=\"640\" height=\"479\" src=\"https:\/\/somme.com\/wp-content\/uploads\/2019\/07\/empresa1.png\" class=\"attachment-medium_large size-medium_large\" alt=\"\" loading=\"lazy\" srcset=\"https:\/\/somme.com\/wp-content\/uploads\/2019\/07\/empresa1.png 749w, https:\/\/somme.com\/wp-content\/uploads\/2019\/07\/empresa1-300x224.png 300w\" sizes=\"(max-width: 640px) 100vw, 640px\" \/><\/div><div class=\"w-vwrapper usg_vwrapper_1 align_left valign_bottom \"><h2 class=\"w-post-elm post_title usg_post_title_1 entry-title\"><\/h2><\/div>\t<\/div>\r\n<\/article>\r\n<article class=\"w-grid-item ratio_4x3 post-7839 attachment type-attachment status-inherit hentry\" data-id=\"7839\">\r\n\t<div class=\"w-grid-item-h\">\r\n\t\t\t\t<div class=\"w-post-elm post_image usg_post_image_1 stretched\"><img width=\"640\" height=\"288\" src=\"https:\/\/somme.com\/wp-content\/uploads\/2019\/07\/emprensa2.png\" class=\"attachment-medium_large size-medium_large\" alt=\"\" loading=\"lazy\" srcset=\"https:\/\/somme.com\/wp-content\/uploads\/2019\/07\/emprensa2.png 1010w, https:\/\/somme.com\/wp-content\/uploads\/2019\/07\/emprensa2-300x135.png 300w\" sizes=\"(max-width: 640px) 100vw, 640px\" \/><\/div><div class=\"w-vwrapper usg_vwrapper_1 align_left valign_bottom \"><h2 class=\"w-post-elm post_title usg_post_title_1 entry-title\"><\/h2><\/div>\t<\/div>\r\n<\/article>\r\n<article class=\"w-grid-item ratio_4x3 post-7840 attachment type-attachment status-inherit hentry\" data-id=\"7840\">\r\n\t<div class=\"w-grid-item-h\">\r\n\t\t\t\t<div class=\"w-post-elm post_image usg_post_image_1 stretched\"><img width=\"640\" height=\"473\" src=\"https:\/\/somme.com\/wp-content\/uploads\/2019\/07\/emprensa3.png\" class=\"attachment-medium_large size-medium_large\" alt=\"\" loading=\"lazy\" srcset=\"https:\/\/somme.com\/wp-content\/uploads\/2019\/07\/emprensa3.png 759w, https:\/\/somme.com\/wp-content\/uploads\/2019\/07\/emprensa3-300x222.png 300w\" sizes=\"(max-width: 640px) 100vw, 640px\" \/><\/div><div class=\"w-vwrapper usg_vwrapper_1 align_left valign_bottom \"><h2 class=\"w-post-elm post_title usg_post_title_1 entry-title\"><\/h2><\/div>\t<\/div>\r\n<\/article>\r\n<article class=\"w-grid-item ratio_4x3 post-7841 attachment type-attachment status-inherit hentry\" data-id=\"7841\">\r\n\t<div class=\"w-grid-item-h\">\r\n\t\t\t\t<div class=\"w-post-elm post_image usg_post_image_1 stretched\"><img width=\"640\" height=\"473\" src=\"https:\/\/somme.com\/wp-content\/uploads\/2019\/07\/emprensa4.png\" class=\"attachment-medium_large size-medium_large\" alt=\"\" loading=\"lazy\" srcset=\"https:\/\/somme.com\/wp-content\/uploads\/2019\/07\/emprensa4.png 759w, https:\/\/somme.com\/wp-content\/uploads\/2019\/07\/emprensa4-300x222.png 300w\" sizes=\"(max-width: 640px) 100vw, 640px\" \/><\/div><div class=\"w-vwrapper usg_vwrapper_1 align_left valign_bottom \"><h2 class=\"w-post-elm post_title usg_post_title_1 entry-title\"><\/h2><\/div>\t<\/div>\r\n<\/article>\r\n<article class=\"w-grid-item ratio_4x3 post-7842 attachment type-attachment status-inherit hentry\" data-id=\"7842\">\r\n\t<div class=\"w-grid-item-h\">\r\n\t\t\t\t<div class=\"w-post-elm post_image usg_post_image_1 stretched\"><img width=\"640\" height=\"474\" src=\"https:\/\/somme.com\/wp-content\/uploads\/2019\/07\/emprensa5JPG.png\" class=\"attachment-medium_large size-medium_large\" alt=\"\" loading=\"lazy\" srcset=\"https:\/\/somme.com\/wp-content\/uploads\/2019\/07\/emprensa5JPG.png 766w, https:\/\/somme.com\/wp-content\/uploads\/2019\/07\/emprensa5JPG-300x222.png 300w\" sizes=\"(max-width: 640px) 100vw, 640px\" \/><\/div><div class=\"w-vwrapper usg_vwrapper_1 align_left valign_bottom \"><h2 class=\"w-post-elm post_title usg_post_title_1 entry-title\"><\/h2><\/div>\t<\/div>\r\n<\/article>\r\n<article class=\"w-grid-item ratio_4x3 post-7826 attachment type-attachment status-inherit hentry\" data-id=\"7826\">\r\n\t<div class=\"w-grid-item-h\">\r\n\t\t\t\t<div class=\"w-post-elm post_image usg_post_image_1 stretched\"><img width=\"640\" height=\"485\" src=\"https:\/\/somme.com\/wp-content\/uploads\/2019\/07\/emprensa6.png\" class=\"attachment-medium_large size-medium_large\" alt=\"\" loading=\"lazy\" srcset=\"https:\/\/somme.com\/wp-content\/uploads\/2019\/07\/emprensa6.png 758w, https:\/\/somme.com\/wp-content\/uploads\/2019\/07\/emprensa6-300x227.png 300w\" sizes=\"(max-width: 640px) 100vw, 640px\" \/><\/div><div class=\"w-vwrapper usg_vwrapper_1 align_left valign_bottom \"><h2 class=\"w-post-elm post_title usg_post_title_1 entry-title\"><\/h2><\/div>\t<\/div>\r\n<\/article>\r\n<\/div>\t<div class=\"w-grid-json hidden\" onclick='return {&quot;ajax_url&quot;:&quot;https:\\\/\\\/somme.com\\\/wp-admin\\\/admin-ajax.php&quot;,&quot;permalink_url&quot;:&quot;https:\\\/\\\/somme.com\\\/es\\\/emprensa6\\\/&quot;,&quot;action&quot;:&quot;us_ajax_grid&quot;,&quot;max_num_pages&quot;:1,&quot;infinite_scroll&quot;:0,&quot;template_vars&quot;:{&quot;query_args&quot;:{&quot;post_type&quot;:[&quot;attachment&quot;],&quot;post__in&quot;:[&quot;7826&quot;,&quot;7842&quot;,&quot;7841&quot;,&quot;7840&quot;,&quot;7839&quot;,&quot;7828&quot;],&quot;post_status&quot;:&quot;inherit&quot;,&quot;post_mime_type&quot;:&quot;image&quot;,&quot;orderby&quot;:{&quot;post__in&quot;:&quot;DESC&quot;},&quot;posts_per_page&quot;:&quot;6&quot;},&quot;post_id&quot;:2520,&quot;us_grid_index&quot;:1,&quot;us_grid_ajax_index&quot;:1,&quot;exclude_items&quot;:&quot;none&quot;,&quot;items_offset&quot;:&quot;1&quot;,&quot;items_layout&quot;:&quot;6041&quot;,&quot;type&quot;:&quot;grid&quot;,&quot;columns&quot;:&quot;3&quot;,&quot;img_size&quot;:&quot;default&quot;,&quot;overriding_link&quot;:&quot;none&quot;,&quot;lang&quot;:&quot;es&quot;}}'><\/div>\r\n<\/div><\/div><\/div><\/div><\/div><\/div><\/section><section class=\"l-section wpb_row height_medium dotted-blue\"><div class=\"l-section-h i-cf\"><div class=\"g-cols vc_row type_default valign_top\"><div class=\"vc_col-sm-12 wpb_column vc_column_container\"><div class=\"vc_column-inner\"><div class=\"wpb_wrapper\">\r\n\t<div class=\"wpb_text_column \">\r\n\t\t<div class=\"wpb_wrapper\">\r\n\t\t\t<h5 class=\"font_2\"><strong><span style=\"color: #2b65a6;\">NUESTRA MISI\u00d3N<\/span><\/strong><\/h5>\n\r\n\t\t<\/div>\r\n\t<\/div>\r\n<div class=\"w-separator size_small with_line width_default thick_1 style_solid color_custom align_center\" style=\"border-color:#2b65a6;color:#2b65a6;\"><div class=\"w-separator-h\"><\/div><\/div>\r\n\t<div class=\"wpb_text_column \">\r\n\t\t<div class=\"wpb_wrapper\">\r\n\t\t\t<div id=\"comp-j0t84jka\" class=\"txtNew\" data-packed=\"true\">\n<p>&nbsp;<\/p>\n<\/div>\n<div id=\"comp-j0t84jka1\" class=\"txtNew\" data-packed=\"true\">\n<ul class=\"font_8\">\n<li class=\"font_8\"><span class=\"color_14\">Crear un v\u00ednculo especial con nuestros clientes, ofreciendo una respuesta r\u00e1pida a sus demandas y necesidades al proporcionar m\u00e1quinas de cierre de latas que sean innovadoras y eficientes.<\/span><\/li>\n<\/ul>\n<ul class=\"font_8\">\n<li class=\"font_8\"><span class=\"color_14\">Mantener la rentabilidad sin sacrificar calidad, servicio y fiabilidad. Adem\u00e1s de proporcionar un entorno de trabajo seguro para nuestros empleados, donde pueden desarrollar sus habilidades, se reconoce y recompensa la excelencia.<\/span><\/li>\n<\/ul>\n<ul class=\"font_8\">\n<li class=\"font_8\"><span class=\"color_14\">Centrarnos en las necesidades de nuestros clientes, demostr\u00e1ndolo por nuestro compromiso con la calidad, la flexibilidad, la responsabilidad y la excelencia.<\/span><\/li>\n<\/ul>\n<\/div>\n\r\n\t\t<\/div>\r\n\t<\/div>\r\n<div class=\"w-separator size_huge\"><\/div>\r\n\t<div class=\"wpb_text_column \">\r\n\t\t<div class=\"wpb_wrapper\">\r\n\t\t\t<h5 class=\"font_2\"><strong><span style=\"color: #2b65a6;\">NUESTROS VALORES<\/span><\/strong><\/h5>\n\r\n\t\t<\/div>\r\n\t<\/div>\r\n<div class=\"w-separator size_small with_line width_default thick_1 style_solid color_custom align_center\" style=\"border-color:#2b65a6;color:#2b65a6;\"><div class=\"w-separator-h\"><\/div><\/div>\r\n\t<div class=\"wpb_text_column \">\r\n\t\t<div class=\"wpb_wrapper\">\r\n\t\t\t<div id=\"comp-j0t84jka\" class=\"txtNew\" data-packed=\"true\">\n<div id=\"comp-j2k9oeze\" class=\"txtNew\" data-packed=\"true\">\n<p>&nbsp;<\/p>\n<\/div>\n<div id=\"comp-j0t8drmn1\" class=\"txtNew\" data-packed=\"true\">\n<ul class=\"font_8\">\n<li class=\"font_8\"><span class=\"color_14\"><span style=\"color: #2b65a6;\"><strong>Innovaci\u00f3n y tecnolog\u00eda:<\/strong><\/span> escuchar a nuestros clientes y ser proactivos a los cambios mediante la inversi\u00f3n en I + D, innovando constantemente para asegurarnos de que nuestras cerradoras de latas representen la tecnolog\u00eda m\u00e1s avanzada.<\/span><\/li>\n<\/ul>\n<ul class=\"font_8\">\n<li class=\"font_8\"><span class=\"color_14\"><span style=\"color: #2b65a6;\"><strong>Programa de servicio al cliente:<\/strong><\/span> una compa\u00f1\u00eda cuyo objetivo es la excelencia en el servicio al cliente y que es f\u00e1cilmente capaz de adaptarse a los requisitos individuales del cliente.<\/span><\/li>\n<\/ul>\n<ul class=\"font_8\">\n<li class=\"font_8\"><span class=\"color_14\"><span style=\"color: #2b65a6;\"><strong>El factor humano:<\/strong><\/span> Trabajar con empleados altamente calificados y apasionados que pueden garantizar las mejores soluciones para sus necesidades.<\/span><\/li>\n<\/ul>\n<ul class=\"font_8\">\n<li class=\"font_8\"><span class=\"color_14\"><span style=\"color: #2b65a6;\"><strong>Excelencia en la calidad:<\/strong><\/span>\u00a0la calidad es la base de todos los aspectos de nuestro negocio, desde el contacto inicial con nuestro equipo de ventas hasta el servicio para una m\u00e1quina operativa 50 a\u00f1os despu\u00e9s.<\/span><\/li>\n<\/ul>\n<\/div>\n<\/div>\n\r\n\t\t<\/div>\r\n\t<\/div>\r\n<div class=\"w-separator size_large\"><\/div><div class=\"g-cols wpb_row  type_default valign_top vc_inner \"><div class=\"vc_col-sm-12 wpb_column vc_column_container\"><div class=\"vc_column-inner\"><div class=\"wpb_wrapper\">\r\n\t<div class=\"wpb_text_column \">\r\n\t\t<div class=\"wpb_wrapper\">\r\n\t\t\t<h5 class=\"font_2\"><strong><span style=\"color: #2b65a6;\">NUESTRA VISI\u00d3N<\/span><\/strong><\/h5>\n\r\n\t\t<\/div>\r\n\t<\/div>\r\n<div class=\"w-separator size_small with_line width_default thick_1 style_solid color_custom align_center\" style=\"border-color:#2b65a6;color:#2b65a6;\"><div class=\"w-separator-h\"><\/div><\/div>\r\n\t<div class=\"wpb_text_column \">\r\n\t\t<div class=\"wpb_wrapper\">\r\n\t\t\t<div id=\"comp-j0t84jka\" class=\"txtNew\" data-packed=\"true\">\n<div id=\"comp-j2k9gbaj\" class=\"txtNew\" data-packed=\"true\">\n<p>&nbsp;<\/p>\n<\/div>\n<div id=\"comp-j0t8appb\" class=\"txtNew\" data-packed=\"true\">\n<ul class=\"font_8\">\n<li class=\"font_8\"><span class=\"color_14\">Llegar a ser el fabricante de cerradoras de latas n\u00famero uno.<\/span><\/li>\n<\/ul>\n<ul class=\"font_8\">\n<li class=\"font_8\"><span class=\"color_14\">Convertirse en l\u00edderes tecnol\u00f3gicos impulsados por un equipo apasionado que siempre buscar\u00e1 la excelencia en nuestro servicio al cliente.<\/span><\/li>\n<\/ul>\n<\/div>\n<\/div>\n\r\n\t\t<\/div>\r\n\t<\/div>\r\n<\/div><\/div><\/div><\/div><\/div><\/div><\/div><\/div><\/div><\/section>\n","protected":false},"excerpt":{"rendered":"","protected":false},"author":2,"featured_media":0,"parent":0,"menu_order":0,"comment_status":"closed","ping_status":"closed","template":"","meta":{"sfsi_plus_gutenberg_text_before_share":"","sfsi_plus_gutenberg_show_text_before_share":"","sfsi_plus_gutenberg_icon_type":"","sfsi_plus_gutenberg_icon_alignemt":"","sfsi_plus_gutenburg_max_per_row":""},"_links":{"self":[{"href":"https:\/\/somme.com\/es\/wp-json\/wp\/v2\/pages\/2520"}],"collection":[{"href":"https:\/\/somme.com\/es\/wp-json\/wp\/v2\/pages"}],"about":[{"href":"https:\/\/somme.com\/es\/wp-json\/wp\/v2\/types\/page"}],"author":[{"embeddable":true,"href":"https:\/\/somme.com\/es\/wp-json\/wp\/v2\/users\/2"}],"replies":[{"embeddable":true,"href":"https:\/\/somme.com\/es\/wp-json\/wp\/v2\/comments?post=2520"}],"version-history":[{"count":213,"href":"https:\/\/somme.com\/es\/wp-json\/wp\/v2\/pages\/2520\/revisions"}],"predecessor-version":[{"id":16759,"href":"https:\/\/somme.com\/es\/wp-json\/wp\/v2\/pages\/2520\/revisions\/16759"}],"wp:attachment":[{"href":"https:\/\/somme.com\/es\/wp-json\/wp\/v2\/media?parent=2520"}],"curies":[{"name":"wp","href":"https:\/\/api.w.org\/{rel}","templated":true}]}}