{"id":3971,"date":"2015-10-13T09:04:06","date_gmt":"2015-10-13T09:04:06","guid":{"rendered":"https:\/\/impreza.us-themes.net\/?page_id=3971"},"modified":"2020-02-15T18:33:29","modified_gmt":"2020-02-15T18:33:29","slug":"servicio-postventa-cerradoras-de-latas","status":"publish","type":"page","link":"https:\/\/somme.com\/es\/empresa\/servicio-postventa-cerradoras-de-latas\/","title":{"rendered":"Posventa"},"content":{"rendered":"<section class=\"l-section wpb_row height_auto width_full parallax_fixed with_overlay\"><div class=\"l-section-overlay\" style=\"background: #1c528b\"><\/div><div class=\"l-section-h i-cf\"><div class=\"g-cols vc_row type_default valign_top\"><div class=\"vc_col-sm-12 wpb_column vc_column_container\"><div class=\"vc_column-inner\"><div class=\"wpb_wrapper\">[rev_slider_vc alias=&#8221;posventa&#8221;]<\/div><\/div><\/div><\/div><\/div><\/section><section class=\"l-section wpb_row height_auto color_custom\" style=\"background: #1c528b;\"><div class=\"l-section-h i-cf\"><div class=\"g-cols vc_row type_default valign_top\"><div class=\"vc_col-sm-12 wpb_column vc_column_container\"><div class=\"vc_column-inner\"><div class=\"wpb_wrapper\"><div class=\"g-cols wpb_row  type_default valign_top vc_inner \"><div class=\"vc_col-sm-12 wpb_column vc_column_container\"><div class=\"vc_column-inner\"><div class=\"wpb_wrapper\"><div class=\"w-separator size_medium\"><\/div>\r\n\t<div class=\"wpb_text_column \">\r\n\t\t<div class=\"wpb_wrapper\">\r\n\t\t\t<div id=\"comp-j0w3nua5\" class=\"txtNew\" data-packed=\"true\">\n<h1 class=\"font_0\" style=\"text-align: center;\"><span class=\"color_11\" style=\"color: #f5f5f5;\">EFICIENTE Y R\u00c1PIDO SOPORTE POS-VENTA AL CLIENTE<\/span><\/h1>\n<\/div>\n\r\n\t\t<\/div>\r\n\t<\/div>\r\n<div class=\"w-separator size_small\"><\/div>\r\n\t<div class=\"wpb_text_column \">\r\n\t\t<div class=\"wpb_wrapper\">\r\n\t\t\t<div id=\"comp-j0w3nua5\" class=\"txtNew\" data-packed=\"true\"><\/div>\n<div id=\"comp-j0w3nuab\" class=\"txtNew\" data-packed=\"true\">\n<p class=\"font_8\" style=\"text-align: center;\"><span class=\"color_11\" style=\"color: #f5f5f5;\">JK SOMME ofrece a sus clientes no s\u00f3lo robustas y modernas cerradoras de latas, sino que tambi\u00e9n un eficiente y r\u00e1pido soporte post-venta a cliente que es mucho m\u00e1s que un simple servicio de reparaci\u00f3n. Sobresalimos por ser especialistas en diagn\u00f3stico remoto, r\u00e1pida entrega \u00a0de repuestos y formaci\u00f3n para mec\u00e1nicos y plantilla de mantenimiento<\/span><\/p>\n<\/div>\n\r\n\t\t<\/div>\r\n\t<\/div>\r\n<div class=\"w-separator size_medium\"><\/div><\/div><\/div><\/div><\/div><div class=\"g-cols wpb_row  type_default valign_top vc_inner \"><div class=\"vc_col-sm-3 wpb_column vc_column_container\"><div class=\"vc_column-inner\"><div class=\"wpb_wrapper\"><div class=\"w-btn-wrapper width_auto align_center\"><a class=\"w-btn us-btn-style_8\" href=\"https:\/\/somme.com\/es\/empresa\/quienes-somos\/\" title=\"Sobre nosotros\"><span class=\"w-btn-label\">SOBRE NOSOTROS<\/span><\/a><\/div><div class=\"w-separator size_medium\"><\/div><\/div><\/div><\/div><div class=\"vc_col-sm-3 wpb_column vc_column_container\"><div class=\"vc_column-inner\"><div class=\"wpb_wrapper\"><div class=\"w-btn-wrapper width_auto align_center\"><a class=\"w-btn us-btn-style_8\" href=\"https:\/\/somme.com\/es\/empresa\/historia\/\" title=\"Historia\"><span class=\"w-btn-label\">HISTORIA<\/span><\/a><\/div><div class=\"w-separator size_medium\"><\/div><\/div><\/div><\/div><div class=\"vc_col-sm-3 wpb_column vc_column_container\"><div class=\"vc_column-inner\"><div class=\"wpb_wrapper\"><div class=\"w-btn-wrapper width_auto align_center\"><a class=\"w-btn us-btn-style_8\" href=\"https:\/\/somme.com\/es\/empresa\/fabricacion\/\" title=\"Fabricaci\u00f3n\"><span class=\"w-btn-label\">FABRICACION<\/span><\/a><\/div><div class=\"w-separator size_medium\"><\/div><\/div><\/div><\/div><div class=\"vc_col-sm-3 wpb_column vc_column_container\"><div class=\"vc_column-inner\"><div class=\"wpb_wrapper\"><div class=\"w-btn-wrapper width_auto align_center\"><a class=\"w-btn us-btn-style_4\" href=\"https:\/\/somme.com\/es\/empresa\/servicio-postventa-cerradoras-de-latas\/\"><span class=\"w-btn-label\">POSVENTA<\/span><\/a><\/div><div class=\"w-separator size_medium\"><\/div><\/div><\/div><\/div><\/div><\/div><\/div><\/div><\/div><\/div><\/section><section class=\"l-section wpb_row height_medium\"><div class=\"l-section-h i-cf\"><div class=\"g-cols vc_row type_default valign_top\"><div class=\"vc_col-sm-12 wpb_column vc_column_container\"><div class=\"vc_column-inner\"><div class=\"wpb_wrapper\">\r\n\t<div class=\"wpb_text_column \">\r\n\t\t<div class=\"wpb_wrapper\">\r\n\t\t\t<div id=\"comp-j3jtzbm9\" class=\"txtNew\" data-packed=\"true\">\n<h5 class=\"font_2\"><span style=\"color: #1c528b;\">SOLUCIONAMOS SUS PROBLEMAS<\/span><\/h5>\n<\/div>\n\r\n\t\t<\/div>\r\n\t<\/div>\r\n<div class=\"w-separator size_small with_line width_default thick_1 style_solid color_custom align_center\" style=\"border-color:#2b65a6;color:#2b65a6;\"><div class=\"w-separator-h\"><\/div><\/div>\r\n\t<div class=\"wpb_text_column \">\r\n\t\t<div class=\"wpb_wrapper\">\r\n\t\t\t<div id=\"comp-j3jtzbm9\" class=\"txtNew\" data-packed=\"true\">\n<p class=\"font_2\" style=\"text-align: justify;\"><span style=\"font-size: 16px;\">Si nuestros t\u00e9cnicos necesitan acudir a sus instalaciones por un problema con su cerradora de latas que no puede ser resuelto por tel\u00e9fono, el servicio de asistencia t\u00e9cnica de JK SOMME estar\u00e1 a su disposici\u00f3n en un corto espacio de tiempo, garantizado.<\/span><\/p>\n<p style=\"text-align: justify;\">\n<\/div>\n<div id=\"comp-j0w3nub0\" class=\"txtNew\" data-packed=\"true\">\n<p class=\"font_8\" style=\"text-align: justify;\">Para facilitar este servicio, disponemos de t\u00e9cnicos especialistas con muchos a\u00f1os de experiencia arreglando m\u00e1quinas de cierre de latas. Todas las intervenciones de asistencia t\u00e9cnica son completadas con un exhaustivo informe que aporta la transparencia necesaria.<\/p>\n<p>Tiene cualquier cuesti\u00f3n?<a href=\"https:\/\/somme.com\/es\/contact-2\/\">\u00a0Contactanos<\/a><\/p>\n<\/div>\n\r\n\t\t<\/div>\r\n\t<\/div>\r\n<div class=\"w-separator size_large\"><\/div><div class=\"w-iconbox iconpos_left style_default color_custom align_center no_title\"><div class=\"w-iconbox-icon\" style=\"color:#1c528b;\"><i class=\"fas fa-tools\"><\/i><\/div><div class=\"w-iconbox-meta\"><div class=\"w-iconbox-text\"><h5 style=\"text-align: justify;\"><strong><span style=\"color: #000000;\">La resoluci\u00f3n de problemas tiene lugar r\u00e1pidamente, eficientemente y atendiendo los pasos a seguir definidos previamente<\/span><\/strong><\/h5>\n<\/div><\/div><\/div><\/div><\/div><\/div><\/div><\/div><\/section><section class=\"l-section wpb_row height_auto\"><div class=\"l-section-h i-cf\"><div class=\"g-cols vc_row type_default valign_top\"><div class=\"vc_col-sm-12 wpb_column vc_column_container\"><div class=\"vc_column-inner\"><div class=\"wpb_wrapper\"><div class=\"w-grid type_grid layout_6041 cols_3 height_fixed\" id=\"us_grid_1\"><style id=\"us_grid_1_css\">#us_grid_1 .w-grid-item{padding:0.5rem}#us_grid_1 .w-grid-list{margin:-0.5rem}.w-grid + #us_grid_1 .w-grid-list{margin-top:0.5rem}.l-section.width_full>div>div>.vc_col-sm-12>div>div>#us_grid_1 .w-grid-list{margin-left:0.5rem;margin-right:0.5rem}.l-section.height_auto>div>div>.vc_col-sm-12>div>div>#us_grid_1:first-child .w-grid-list{margin-top:0.5rem}.l-section.height_auto>div>div>.vc_col-sm-12>div>div>#us_grid_1:last-child .w-grid-list{margin-bottom:0.5rem}@media (max-width:899px){#us_grid_1 .w-grid-item{width:50%}#us_grid_1 .w-grid-item.size_2x1,#us_grid_1 .w-grid-item.size_2x2{width:100%}}@media (max-width:599px){#us_grid_1 .w-grid-list{margin:0}#us_grid_1 .w-grid-item{width:100%;padding:0;margin-bottom:0.5rem}}<\/style><style>#us_grid_1 .w-grid-item-h:before{padding-bottom:75.0000%}@media (min-width:600px){#us_grid_1 .w-grid-item.size_1x2 .w-grid-item-h:before{padding-bottom:calc(150% + 0.5rem + 0.5rem)}#us_grid_1 .w-grid-item.size_2x1 .w-grid-item-h:before{padding-bottom:calc(37.5% - 0.5rem * 0.75)}#us_grid_1 .w-grid-item.size_2x2 .w-grid-item-h:before{padding-bottom:calc(75% - 0.5rem * -0.5)}}#us_grid_1 .w-grid-item-h{}#us_grid_1 .usg_post_image_1{border-radius:0}#us_grid_1 .usg_post_image_1{transition-duration:0.3s;transform:scale(1) translate(0%,0%)}#us_grid_1 .w-grid-item-h:hover .usg_post_image_1{transform:scale(1) translate(0%,0%);opacity:0.2}#us_grid_1 .usg_vwrapper_1{border-radius:0}#us_grid_1 .usg_post_title_1{font-weight:700;font-size:1.5rem;border-radius:0}#us_grid_1 .usg_post_title_1{transition-duration:0.35s;transform:scale(1) translate(0%,-60%);opacity:0}#us_grid_1 .w-grid-item-h:hover .usg_post_title_1{transform:scale(1) translate(0%,0%);opacity:1}#us_grid_1 .usg_post_image_1{position:absolute;top:0;right:0;bottom:0;left:0}#us_grid_1 .usg_vwrapper_1{position:absolute;top:0;right:0;bottom:0;left:0;padding:2rem}<\/style><div class=\"w-grid-list\"><article class=\"w-grid-item ratio_4x3 post-8170 attachment type-attachment status-inherit hentry\" data-id=\"8170\">\r\n\t<div class=\"w-grid-item-h\">\r\n\t\t\t\t<div class=\"w-post-elm post_image usg_post_image_1 stretched\"><img width=\"373\" height=\"239\" src=\"https:\/\/somme.com\/wp-content\/uploads\/2019\/07\/Javier.jpg\" class=\"attachment-medium_large size-medium_large\" alt=\"\" loading=\"lazy\" srcset=\"https:\/\/somme.com\/wp-content\/uploads\/2019\/07\/Javier.jpg 373w, https:\/\/somme.com\/wp-content\/uploads\/2019\/07\/Javier-300x192.jpg 300w\" sizes=\"(max-width: 373px) 100vw, 373px\" \/><\/div><div class=\"w-vwrapper usg_vwrapper_1 align_left valign_bottom \"><h2 class=\"w-post-elm post_title usg_post_title_1 entry-title\">Javier<\/h2><\/div>\t<\/div>\r\n<\/article>\r\n<article class=\"w-grid-item ratio_4x3 post-8169 attachment type-attachment status-inherit hentry\" data-id=\"8169\">\r\n\t<div class=\"w-grid-item-h\">\r\n\t\t\t\t<div class=\"w-post-elm post_image usg_post_image_1 stretched\"><img width=\"373\" height=\"238\" src=\"https:\/\/somme.com\/wp-content\/uploads\/2019\/07\/Juan.jpg\" class=\"attachment-medium_large size-medium_large\" alt=\"\" loading=\"lazy\" srcset=\"https:\/\/somme.com\/wp-content\/uploads\/2019\/07\/Juan.jpg 373w, https:\/\/somme.com\/wp-content\/uploads\/2019\/07\/Juan-300x191.jpg 300w\" sizes=\"(max-width: 373px) 100vw, 373px\" \/><\/div><div class=\"w-vwrapper usg_vwrapper_1 align_left valign_bottom \"><h2 class=\"w-post-elm post_title usg_post_title_1 entry-title\">Juan<\/h2><\/div>\t<\/div>\r\n<\/article>\r\n<article class=\"w-grid-item ratio_4x3 post-8168 attachment type-attachment status-inherit hentry\" data-id=\"8168\">\r\n\t<div class=\"w-grid-item-h\">\r\n\t\t\t\t<div class=\"w-post-elm post_image usg_post_image_1 stretched\"><img width=\"373\" height=\"238\" src=\"https:\/\/somme.com\/wp-content\/uploads\/2019\/07\/Dani.jpg\" class=\"attachment-medium_large size-medium_large\" alt=\"\" loading=\"lazy\" srcset=\"https:\/\/somme.com\/wp-content\/uploads\/2019\/07\/Dani.jpg 373w, https:\/\/somme.com\/wp-content\/uploads\/2019\/07\/Dani-300x191.jpg 300w\" sizes=\"(max-width: 373px) 100vw, 373px\" \/><\/div><div class=\"w-vwrapper usg_vwrapper_1 align_left valign_bottom \"><h2 class=\"w-post-elm post_title usg_post_title_1 entry-title\">Dani<\/h2><\/div>\t<\/div>\r\n<\/article>\r\n<article class=\"w-grid-item ratio_4x3 post-8167 attachment type-attachment status-inherit hentry\" data-id=\"8167\">\r\n\t<div class=\"w-grid-item-h\">\r\n\t\t\t\t<div class=\"w-post-elm post_image usg_post_image_1 stretched\"><img width=\"372\" height=\"238\" src=\"https:\/\/somme.com\/wp-content\/uploads\/2019\/07\/Luismi.jpg\" class=\"attachment-medium_large size-medium_large\" alt=\"\" loading=\"lazy\" srcset=\"https:\/\/somme.com\/wp-content\/uploads\/2019\/07\/Luismi.jpg 372w, https:\/\/somme.com\/wp-content\/uploads\/2019\/07\/Luismi-300x192.jpg 300w\" sizes=\"(max-width: 372px) 100vw, 372px\" \/><\/div><div class=\"w-vwrapper usg_vwrapper_1 align_left valign_bottom \"><h2 class=\"w-post-elm post_title usg_post_title_1 entry-title\">Luismi<\/h2><\/div>\t<\/div>\r\n<\/article>\r\n<article class=\"w-grid-item ratio_4x3 post-8166 attachment type-attachment status-inherit hentry\" data-id=\"8166\">\r\n\t<div class=\"w-grid-item-h\">\r\n\t\t\t\t<div class=\"w-post-elm post_image usg_post_image_1 stretched\"><img width=\"373\" height=\"239\" src=\"https:\/\/somme.com\/wp-content\/uploads\/2019\/07\/Brahim.jpg\" class=\"attachment-medium_large size-medium_large\" alt=\"\" loading=\"lazy\" srcset=\"https:\/\/somme.com\/wp-content\/uploads\/2019\/07\/Brahim.jpg 373w, https:\/\/somme.com\/wp-content\/uploads\/2019\/07\/Brahim-300x192.jpg 300w\" sizes=\"(max-width: 373px) 100vw, 373px\" \/><\/div><div class=\"w-vwrapper usg_vwrapper_1 align_left valign_bottom \"><h2 class=\"w-post-elm post_title usg_post_title_1 entry-title\">Brahim<\/h2><\/div>\t<\/div>\r\n<\/article>\r\n<article class=\"w-grid-item ratio_4x3 post-8165 attachment type-attachment status-inherit hentry\" data-id=\"8165\">\r\n\t<div class=\"w-grid-item-h\">\r\n\t\t\t\t<div class=\"w-post-elm post_image usg_post_image_1 stretched\"><img width=\"372\" height=\"237\" src=\"https:\/\/somme.com\/wp-content\/uploads\/2019\/07\/Joseluis.jpg\" class=\"attachment-medium_large size-medium_large\" alt=\"\" loading=\"lazy\" srcset=\"https:\/\/somme.com\/wp-content\/uploads\/2019\/07\/Joseluis.jpg 372w, https:\/\/somme.com\/wp-content\/uploads\/2019\/07\/Joseluis-300x191.jpg 300w\" sizes=\"(max-width: 372px) 100vw, 372px\" \/><\/div><div class=\"w-vwrapper usg_vwrapper_1 align_left valign_bottom \"><h2 class=\"w-post-elm post_title usg_post_title_1 entry-title\">Joseluis<\/h2><\/div>\t<\/div>\r\n<\/article>\r\n<\/div>\t<div class=\"w-grid-json hidden\" onclick='return {&quot;ajax_url&quot;:&quot;https:\\\/\\\/somme.com\\\/wp-admin\\\/admin-ajax.php&quot;,&quot;permalink_url&quot;:&quot;https:\\\/\\\/somme.com\\\/es\\\/empresa\\\/servicio-postventa-cerradoras-de-latas\\\/joseluis\\\/&quot;,&quot;action&quot;:&quot;us_ajax_grid&quot;,&quot;max_num_pages&quot;:1,&quot;infinite_scroll&quot;:0,&quot;template_vars&quot;:{&quot;query_args&quot;:{&quot;post_type&quot;:[&quot;attachment&quot;],&quot;post__in&quot;:[&quot;8165&quot;,&quot;8166&quot;,&quot;8167&quot;,&quot;8168&quot;,&quot;8169&quot;,&quot;8170&quot;],&quot;post_status&quot;:&quot;inherit&quot;,&quot;post_mime_type&quot;:&quot;image&quot;,&quot;orderby&quot;:{&quot;date&quot;:&quot;DESC&quot;},&quot;posts_per_page&quot;:&quot;10&quot;},&quot;post_id&quot;:3971,&quot;us_grid_index&quot;:1,&quot;us_grid_ajax_index&quot;:1,&quot;exclude_items&quot;:&quot;none&quot;,&quot;items_offset&quot;:&quot;1&quot;,&quot;items_layout&quot;:&quot;6041&quot;,&quot;type&quot;:&quot;grid&quot;,&quot;columns&quot;:&quot;3&quot;,&quot;img_size&quot;:&quot;default&quot;,&quot;overriding_link&quot;:&quot;none&quot;,&quot;lang&quot;:&quot;es&quot;}}'><\/div>\r\n<\/div><\/div><\/div><\/div><\/div><\/div><\/section><section class=\"l-section wpb_row height_medium\"><div class=\"l-section-h i-cf\"><div class=\"g-cols vc_row type_default valign_top\"><div class=\"vc_col-sm-12 wpb_column vc_column_container\"><div class=\"vc_column-inner\"><div class=\"wpb_wrapper\">\r\n\t<div class=\"wpb_text_column \">\r\n\t\t<div class=\"wpb_wrapper\">\r\n\t\t\t<div id=\"comp-j3ju0y7j\" class=\"txtNew\" data-packed=\"true\">\n<h5 class=\"font_2\"><span style=\"color: #1c528b;\">MANTENIMIENTO PREVENTIVO<\/span><\/h5>\n<\/div>\n<div id=\"comp-j0w5gylb\" class=\"txtNew\" data-packed=\"true\">\n<p class=\"font_8\">\n<\/div>\n\r\n\t\t<\/div>\r\n\t<\/div>\r\n<div class=\"w-separator size_small with_line width_default thick_1 style_solid color_custom align_center\" style=\"border-color:#2b65a6;color:#2b65a6;\"><div class=\"w-separator-h\"><\/div><\/div>\r\n\t<div class=\"wpb_text_column \">\r\n\t\t<div class=\"wpb_wrapper\">\r\n\t\t\t<div id=\"comp-j3ju0y7j\" class=\"txtNew\" data-packed=\"true\">\n<p class=\"font_2\" style=\"text-align: justify;\">\u200bLas cerradoras de latas JK SOMME tiene una excepcional fiabilidad. Con el mantenimiento adecuado, est\u00e1n dise\u00f1adas para aportar muchos a\u00f1os de servicio excelente.<\/p>\n<\/div>\n<div id=\"comp-j0w5gylb\" class=\"txtNew\" data-packed=\"true\">\n<p class=\"font_8\" style=\"text-align: justify;\">JK SOMME facilita la elecci\u00f3n entre varios modelos de mantenimiento: revisiones preventivas a precios cerrados, intervenciones peri\u00f3dicas o mantenimiento a la carta. El mantenimiento que nosotros ofrecemos es facilitado para todas nuestras cerradoras de latas (actuales y antiguas) incluso si no fueron suministradas por nosotros.<\/p>\n<\/div>\n\r\n\t\t<\/div>\r\n\t<\/div>\r\n<div class=\"w-separator size_large\"><\/div><div class=\"w-iconbox iconpos_left style_default color_custom align_center no_title\"><div class=\"w-iconbox-icon\" style=\"color:#1c528b;\"><i class=\"fas fa-tools\"><\/i><\/div><div class=\"w-iconbox-meta\"><div class=\"w-iconbox-text\"><h5><strong><span style=\"color: #000000;\">La soluci\u00f3n para hacer el mejor usos de su cerradora de latas<\/span><\/strong><\/h5>\n<\/div><\/div><\/div><div class=\"w-separator size_large\"><\/div>\r\n\t<div class=\"wpb_text_column \">\r\n\t\t<div class=\"wpb_wrapper\">\r\n\t\t\t<div id=\"comp-j3ju0y7j\" class=\"txtNew\" data-packed=\"true\">\n<p class=\"font_2\" style=\"text-align: justify;\">Durante el proceso de mantenimiento, los posibles defectos pueden ser corregidos y, siempre que sea necesario, podemos realizar el trabajo y comprobaciones relacionadas con la prevenci\u00f3n de accidentes. As\u00ed optimizamos el desempe\u00f1o de la planta de acuerdo a las opciones disponibles en las instalaciones.<\/p>\n<\/div>\n\r\n\t\t<\/div>\r\n\t<\/div>\r\n<\/div><\/div><\/div><\/div><\/div><\/section>\n","protected":false},"excerpt":{"rendered":"","protected":false},"author":2,"featured_media":0,"parent":2520,"menu_order":0,"comment_status":"closed","ping_status":"closed","template":"","meta":{"sfsi_plus_gutenberg_text_before_share":"","sfsi_plus_gutenberg_show_text_before_share":"","sfsi_plus_gutenberg_icon_type":"","sfsi_plus_gutenberg_icon_alignemt":"","sfsi_plus_gutenburg_max_per_row":""},"_links":{"self":[{"href":"https:\/\/somme.com\/es\/wp-json\/wp\/v2\/pages\/3971"}],"collection":[{"href":"https:\/\/somme.com\/es\/wp-json\/wp\/v2\/pages"}],"about":[{"href":"https:\/\/somme.com\/es\/wp-json\/wp\/v2\/types\/page"}],"author":[{"embeddable":true,"href":"https:\/\/somme.com\/es\/wp-json\/wp\/v2\/users\/2"}],"replies":[{"embeddable":true,"href":"https:\/\/somme.com\/es\/wp-json\/wp\/v2\/comments?post=3971"}],"version-history":[{"count":107,"href":"https:\/\/somme.com\/es\/wp-json\/wp\/v2\/pages\/3971\/revisions"}],"predecessor-version":[{"id":17645,"href":"https:\/\/somme.com\/es\/wp-json\/wp\/v2\/pages\/3971\/revisions\/17645"}],"up":[{"embeddable":true,"href":"https:\/\/somme.com\/es\/wp-json\/wp\/v2\/pages\/2520"}],"wp:attachment":[{"href":"https:\/\/somme.com\/es\/wp-json\/wp\/v2\/media?parent=3971"}],"curies":[{"name":"wp","href":"https:\/\/api.w.org\/{rel}","templated":true}]}}