{"id":4552,"date":"2015-12-28T15:09:36","date_gmt":"2015-12-28T15:09:36","guid":{"rendered":"https:\/\/impreza.us-themes.net\/?page_id=4552"},"modified":"2020-02-14T11:24:25","modified_gmt":"2020-02-14T11:24:25","slug":"fabricacion","status":"publish","type":"page","link":"https:\/\/somme.com\/es\/empresa\/fabricacion\/","title":{"rendered":"Fabricaci\u00f3n"},"content":{"rendered":"<section class=\"l-section wpb_row height_auto width_full parallax_ver\"><div class=\"l-section-h i-cf\"><div class=\"g-cols vc_row type_default valign_top\"><div class=\"vc_col-sm-12 wpb_column vc_column_container\"><div class=\"vc_column-inner\"><div class=\"wpb_wrapper\">[rev_slider_vc alias=&#8221;fabricacion&#8221;]<\/div><\/div><\/div><\/div><\/div><\/section><section class=\"l-section wpb_row height_auto color_custom\" style=\"background: #1c528b;\"><div class=\"l-section-h i-cf\"><div class=\"g-cols vc_row type_default valign_top\"><div class=\"vc_col-sm-12 wpb_column vc_column_container\"><div class=\"vc_column-inner\"><div class=\"wpb_wrapper\"><div class=\"g-cols wpb_row  type_default valign_top vc_inner \"><div class=\"vc_col-sm-12 wpb_column vc_column_container\"><div class=\"vc_column-inner\"><div class=\"wpb_wrapper\"><div class=\"w-separator size_medium\"><\/div>\r\n\t<div class=\"wpb_text_column \">\r\n\t\t<div class=\"wpb_wrapper\">\r\n\t\t\t<div id=\"comp-j09acica\" class=\"txtNew\" data-packed=\"true\">\n<h1 class=\"font_0\" style=\"text-align: center;\"><span class=\"color_11\" style=\"color: #f5f5f5;\">PROCESO DE FABRICACI\u00d3N DE UNA CERRADORA DE LATAS<\/span><\/h1>\n<\/div>\n\r\n\t\t<\/div>\r\n\t<\/div>\r\n<div class=\"w-separator size_small\"><\/div>\r\n\t<div class=\"wpb_text_column \">\r\n\t\t<div class=\"wpb_wrapper\">\r\n\t\t\t<p style=\"text-align: center;\"><span style=\"color: #f5f5f5;\">Una m\u00e1quina para cerrar latas se fabrica completamente a mano y requiere un ajuste fino. Puede compararse con el montaje de un reloj suizo donde el profesionalismo y la habilidad del montador desempe\u00f1an un papel vital. La precisi\u00f3n en el mecanizado de todas las piezas debe ser total y las tolerancias lo m\u00e1s bajas posible<\/span><\/p>\n\r\n\t\t<\/div>\r\n\t<\/div>\r\n<\/div><\/div><\/div><\/div><div class=\"g-cols wpb_row  type_default valign_top vc_inner  vc_custom_1563870667329\"><div class=\"vc_col-sm-3 wpb_column vc_column_container\"><div class=\"vc_column-inner\"><div class=\"wpb_wrapper\"><div class=\"w-separator size_medium\"><\/div><div class=\"w-btn-wrapper width_auto align_center\"><a class=\"w-btn us-btn-style_8\" href=\"https:\/\/somme.com\/es\/empresa\/quienes-somos\/\"><span class=\"w-btn-label\">SOBRE NOSOTROS<\/span><\/a><\/div><\/div><\/div><\/div><div class=\"vc_col-sm-3 wpb_column vc_column_container\"><div class=\"vc_column-inner\"><div class=\"wpb_wrapper\"><div class=\"w-separator size_medium\"><\/div><div class=\"w-btn-wrapper width_auto align_center\"><a class=\"w-btn us-btn-style_8\" href=\"https:\/\/somme.com\/es\/empresa\/historia\/\"><span class=\"w-btn-label\">HISTORIA<\/span><\/a><\/div><\/div><\/div><\/div><div class=\"vc_col-sm-3 wpb_column vc_column_container\"><div class=\"vc_column-inner\"><div class=\"wpb_wrapper\"><div class=\"w-separator size_medium\"><\/div><div class=\"w-btn-wrapper width_auto align_center\"><a class=\"w-btn us-btn-style_4\" href=\"https:\/\/somme.com\/es\/empresa\/fabricacion\/\"><span class=\"w-btn-label\">FABRICACION<\/span><\/a><\/div><\/div><\/div><\/div><div class=\"vc_col-sm-3 wpb_column vc_column_container\"><div class=\"vc_column-inner\"><div class=\"wpb_wrapper\"><div class=\"w-separator size_medium\"><\/div><div class=\"w-btn-wrapper width_auto align_center\"><a class=\"w-btn us-btn-style_8\" href=\"https:\/\/somme.com\/es\/empresa\/servicio-postventa-cerradoras-de-latas\/\"><span class=\"w-btn-label\">POSVENTA<\/span><\/a><\/div><\/div><\/div><\/div><\/div><\/div><\/div><\/div><\/div><\/div><\/section><section class=\"l-section wpb_row height_medium with_overlay\"><div class=\"l-section-overlay\" style=\"background: #ededed\"><\/div><div class=\"l-section-h i-cf\"><div class=\"g-cols vc_row type_default valign_top\"><div class=\"vc_col-sm-12 wpb_column vc_column_container\"><div class=\"vc_column-inner\"><div class=\"wpb_wrapper\">\r\n\t<div class=\"wpb_text_column \">\r\n\t\t<div class=\"wpb_wrapper\">\r\n\t\t\t<h5 style=\"text-align: center;\"><span style=\"color: #1c528b;\"><strong>JK SOMME<\/strong> <span style=\"color: #000000;\">tiene una amplia gama de m\u00e1quinas para cerrar latas. Uno de nuestros modelos m\u00e1s populares es la MASTER 440. En esta secci\u00f3n explicaremos en detalle todo su proceso de fabricaci\u00f3n.<\/span><\/span><\/h5>\n\r\n\t\t<\/div>\r\n\t<\/div>\r\n<\/div><\/div><\/div><\/div><\/div><\/section><section class=\"l-section wpb_row height_medium dotted-blue\"><div class=\"l-section-h i-cf\"><div class=\"g-cols vc_row type_default valign_top\"><div class=\"vc_col-sm-12 wpb_column vc_column_container\"><div class=\"vc_column-inner\"><div class=\"wpb_wrapper\">\r\n\t<div class=\"wpb_text_column \">\r\n\t\t<div class=\"wpb_wrapper\">\r\n\t\t\t<div id=\"comp-j3e6vtzy\" class=\"txtNew\" data-packed=\"true\">\n<h4 class=\"font_2\"><strong><span style=\"color: #1c528b;\">LANZAMIENTO DE LA SERIE<\/span><\/strong><\/h4>\n<\/div>\n\r\n\t\t<\/div>\r\n\t<\/div>\r\n<div class=\"w-separator size_small with_line width_default thick_1 style_solid color_custom align_center\" style=\"border-color:#2b65a6;color:#2b65a6;\"><div class=\"w-separator-h\"><\/div><\/div>\r\n\t<div class=\"wpb_text_column \">\r\n\t\t<div class=\"wpb_wrapper\">\r\n\t\t\t<div id=\"comp-j3e6vtzy\" class=\"txtNew\" data-packed=\"true\">\n<p class=\"font_2\"><span style=\"font-size: 18px;\">Los pedidos se realizan para la fabricaci\u00f3n y subcontrataci\u00f3n de piezas. Hay dos tipos de piezas.<\/span><\/p>\n<\/div>\n<p>&nbsp;<\/p>\n<div id=\"comp-j43zvwki\" class=\"txtNew\" data-packed=\"true\">\n<ul class=\"font_6\">\n<li class=\"font_6\"><span class=\"color_14\"><span style=\"color: #2b65a6;\"><strong>Piezas de dise\u00f1o personalizado<\/strong><\/span>\u00a0fabricadas por JK SOMME y talleres asociados. Nuestros centros de abastecimiento son:<\/span>\n<ul>\n<li class=\"font_8\"><span class=\"color_14\">Taller de mecanizado JK SOMME<\/span><\/li>\n<li class=\"font_8\"><span class=\"color_14\">Talleres de mecanizado nacionales<\/span><\/li>\n<li class=\"font_8\"><span class=\"color_14\">Talleres de mecanizado en el extranjero<\/span><\/li>\n<li class=\"font_8\"><span class=\"color_14\">Fundici\u00f3n<\/span><\/li>\n<\/ul>\n<\/li>\n<\/ul>\n<ul class=\"font_6\">\n<li class=\"font_6\"><span class=\"color_14\"><span style=\"color: #2b65a6;\"><strong>Piezas comerciales<\/strong><\/span>, suministradas por fabricantes de primera clase, tales como: rodamientos, moto-variadores, PLC, cilindros neum\u00e1ticos, etc.<\/span><\/li>\n<\/ul>\n<\/div>\n\r\n\t\t<\/div>\r\n\t<\/div>\r\n<div class=\"w-separator size_large\"><\/div><div class=\"w-iconbox iconpos_left style_default color_custom align_center no_title\"><div class=\"w-iconbox-icon\" style=\"font-size:50px;color:#1c528b;\"><i class=\"fas fa-cog\"><\/i><\/div><div class=\"w-iconbox-meta\"><div class=\"w-iconbox-text\"><h5 style=\"text-align: justify;\"><strong><span style=\"color: #000000;\">Las cerradoras de latas se fabrican en serie. El n\u00famero de unidades por serie depende de la previsi\u00f3n proporcionada por el departamento de ventas. De esta manera podemos economizar en la producci\u00f3n, ya que la fabricaci\u00f3n de piezas para una sola m\u00e1quina no es rentable<\/span><\/strong><\/h5>\n<\/div><\/div><\/div><\/div><\/div><\/div><\/div><\/div><\/section><section class=\"l-section wpb_row height_auto\"><div class=\"l-section-h i-cf\"><div class=\"g-cols vc_row type_default valign_top\"><div class=\"vc_col-sm-6 wpb_column vc_column_container\"><div class=\"vc_column-inner\"><div class=\"wpb_wrapper\"><div class=\"w-image align_center\"><div class=\"w-image-h\"><img width=\"494\" height=\"324\" src=\"https:\/\/somme.com\/wp-content\/uploads\/2019\/07\/FOTO1.jpg\" class=\"attachment-large size-large\" alt=\"\" loading=\"lazy\" srcset=\"https:\/\/somme.com\/wp-content\/uploads\/2019\/07\/FOTO1.jpg 494w, https:\/\/somme.com\/wp-content\/uploads\/2019\/07\/FOTO1-300x197.jpg 300w\" sizes=\"(max-width: 494px) 100vw, 494px\" \/><\/div><\/div><\/div><\/div><\/div><div class=\"vc_col-sm-6 wpb_column vc_column_container\"><div class=\"vc_column-inner\"><div class=\"wpb_wrapper\"><div class=\"w-image align_center\"><div class=\"w-image-h\"><img width=\"484\" height=\"320\" src=\"https:\/\/somme.com\/wp-content\/uploads\/2019\/07\/FOTO2.jpg\" class=\"attachment-large size-large\" alt=\"\" loading=\"lazy\" srcset=\"https:\/\/somme.com\/wp-content\/uploads\/2019\/07\/FOTO2.jpg 484w, https:\/\/somme.com\/wp-content\/uploads\/2019\/07\/FOTO2-300x198.jpg 300w\" sizes=\"(max-width: 484px) 100vw, 484px\" \/><\/div><\/div><\/div><\/div><\/div><\/div><\/div><\/section><section class=\"l-section wpb_row height_medium\"><div class=\"l-section-h i-cf\"><div class=\"g-cols vc_row type_default valign_top\"><div class=\"vc_col-sm-12 wpb_column vc_column_container\"><div class=\"vc_column-inner\"><div class=\"wpb_wrapper\">\r\n\t<div class=\"wpb_text_column \">\r\n\t\t<div class=\"wpb_wrapper\">\r\n\t\t\t<div id=\"comp-j3e6x1ky\" class=\"txtNew\" data-packed=\"true\">\n<h4 class=\"font_2\"><strong><span style=\"color: #1c528b;\">INSPECCI\u00d3N DE PIEZAS Y MONTAJE DE GRUPOS<\/span><\/strong><\/h4>\n<\/div>\n\r\n\t\t<\/div>\r\n\t<\/div>\r\n<div class=\"w-separator size_small with_line width_default thick_1 style_solid color_custom align_center\" style=\"border-color:#2b65a6;color:#2b65a6;\"><div class=\"w-separator-h\"><\/div><\/div>\r\n\t<div class=\"wpb_text_column \">\r\n\t\t<div class=\"wpb_wrapper\">\r\n\t\t\t<div id=\"comp-j3e6x1ky\" class=\"txtNew\" data-packed=\"true\">\n<p class=\"font_2\"><span style=\"font-size: 16px;\">Una vez que todas las piezas est\u00e1n listas, se lleva a cabo una inspecci\u00f3n de calidad exhaustiva. Luego, se trasladan a la planta de ensamblaje, donde se ensamblan los 25 subconjuntos de piezas. Se pintan el cuerpo principal, la caja de engranajes, la columna, levas y los engranajes principales<\/span><\/p>\n<\/div>\n\r\n\t\t<\/div>\r\n\t<\/div>\r\n<\/div><\/div><\/div><\/div><\/div><\/section><section class=\"l-section wpb_row height_auto\"><div class=\"l-section-h i-cf\"><div class=\"g-cols vc_row type_default valign_top\"><div class=\"vc_col-sm-12 wpb_column vc_column_container\"><div class=\"vc_column-inner\"><div class=\"wpb_wrapper\"><div class=\"w-image align_center\"><div class=\"w-image-h\"><img width=\"640\" height=\"195\" src=\"https:\/\/somme.com\/wp-content\/uploads\/2019\/07\/FLARGA-1024x312.jpg\" class=\"attachment-large size-large\" alt=\"\" loading=\"lazy\" srcset=\"https:\/\/somme.com\/wp-content\/uploads\/2019\/07\/FLARGA-1024x312.jpg 1024w, https:\/\/somme.com\/wp-content\/uploads\/2019\/07\/FLARGA-300x91.jpg 300w, https:\/\/somme.com\/wp-content\/uploads\/2019\/07\/FLARGA.jpg 1124w\" sizes=\"(max-width: 640px) 100vw, 640px\" \/><\/div><\/div><\/div><\/div><\/div><\/div><\/div><\/section><section class=\"l-section wpb_row height_medium\"><div class=\"l-section-h i-cf\"><div class=\"g-cols vc_row type_default valign_top\"><div class=\"vc_col-sm-12 wpb_column vc_column_container\"><div class=\"vc_column-inner\"><div class=\"wpb_wrapper\">\r\n\t<div class=\"wpb_text_column \">\r\n\t\t<div class=\"wpb_wrapper\">\r\n\t\t\t<div id=\"comp-j3e71b8e\" class=\"txtNew\" data-packed=\"true\">\n<h4 class=\"font_2\"><strong><span style=\"color: #1c528b;\">MONTAJE FINAL<\/span><\/strong><\/h4>\n<\/div>\n\r\n\t\t<\/div>\r\n\t<\/div>\r\n<div class=\"w-separator size_small with_line width_default thick_1 style_solid color_custom align_center\" style=\"border-color:#2b65a6;color:#2b65a6;\"><div class=\"w-separator-h\"><\/div><\/div>\r\n\t<div class=\"wpb_text_column \">\r\n\t\t<div class=\"wpb_wrapper\">\r\n\t\t\t<div id=\"comp-j3e71b8e\" class=\"txtNew\" data-packed=\"true\">\n<p class=\"font_2\"><span style=\"font-size: 16px;\">Una vez que todos los subconjuntos est\u00e1n terminados, se ensamblan juntos dentro del bastidor principal de la m\u00e1quina. En esta etapa se realiza un importante control de fabricaci\u00f3n, que consiste en verificar la concentricidad entre el cabezal de cierre y el platillo elevador. Una vez superada esta prueba, se instala el cuadro el\u00e9ctrico.<\/span><\/p>\n<\/div>\n\r\n\t\t<\/div>\r\n\t<\/div>\r\n<div class=\"w-separator size_large\"><\/div><div class=\"w-iconbox iconpos_left style_default color_custom align_center no_title\"><div class=\"w-iconbox-icon\" style=\"font-size:50px;color:#1c528b;\"><i class=\"fas fa-cog\"><\/i><\/div><div class=\"w-iconbox-meta\"><div class=\"w-iconbox-text\"><h5 style=\"text-align: justify;\"><strong><span style=\"color: #000000;\">Todos los elementos y conjuntos est\u00e1n conectados mediante engranajes, cadenas y pi\u00f1ones. La precisi\u00f3n en el mecanizado de todas las piezas debe ser total y las tolerancias lo m\u00e1s bajas posible. Las m\u00e1quinas herramienta CNC nos permiten fabricar piezas de la m\u00e1s alta calidad<\/span><\/strong><\/h5>\n<\/div><\/div><\/div><\/div><\/div><\/div><\/div><\/div><\/section><section class=\"l-section wpb_row height_auto\"><div class=\"l-section-h i-cf\"><div class=\"g-cols vc_row type_default valign_top\"><div class=\"vc_col-sm-6 wpb_column vc_column_container\"><div class=\"vc_column-inner\"><div class=\"wpb_wrapper\"><div class=\"w-image align_none\"><div class=\"w-image-h\"><img width=\"503\" height=\"338\" src=\"https:\/\/somme.com\/wp-content\/uploads\/2019\/07\/F1.jpg\" class=\"attachment-large size-large\" alt=\"\" loading=\"lazy\" srcset=\"https:\/\/somme.com\/wp-content\/uploads\/2019\/07\/F1.jpg 503w, https:\/\/somme.com\/wp-content\/uploads\/2019\/07\/F1-300x202.jpg 300w\" sizes=\"(max-width: 503px) 100vw, 503px\" \/><\/div><\/div><\/div><\/div><\/div><div class=\"vc_col-sm-6 wpb_column vc_column_container\"><div class=\"vc_column-inner\"><div class=\"wpb_wrapper\"><div class=\"w-image align_none\"><div class=\"w-image-h\"><img width=\"599\" height=\"342\" src=\"https:\/\/somme.com\/wp-content\/uploads\/2019\/07\/F2.jpg\" class=\"attachment-large size-large\" alt=\"\" loading=\"lazy\" srcset=\"https:\/\/somme.com\/wp-content\/uploads\/2019\/07\/F2.jpg 599w, https:\/\/somme.com\/wp-content\/uploads\/2019\/07\/F2-300x171.jpg 300w\" sizes=\"(max-width: 599px) 100vw, 599px\" \/><\/div><\/div><\/div><\/div><\/div><\/div><\/div><\/section><section class=\"l-section wpb_row height_medium\"><div class=\"l-section-h i-cf\"><div class=\"g-cols vc_row type_default valign_top\"><div class=\"vc_col-sm-12 wpb_column vc_column_container\"><div class=\"vc_column-inner\"><div class=\"wpb_wrapper\">\r\n\t<div class=\"wpb_text_column \">\r\n\t\t<div class=\"wpb_wrapper\">\r\n\t\t\t<div id=\"comp-j3e73tiu\" class=\"txtNew\" data-packed=\"true\">\n<h4 class=\"font_2\"><strong><span style=\"color: #1c528b;\">INSTALACI\u00d3N DEL FORMATO Y PRUEBAS DE CIERRE<\/span><\/strong><\/h4>\n<\/div>\n<div id=\"comp-j0dop8qi\" class=\"txtNew\" data-packed=\"true\">\n<p class=\"font_6\">\n<\/div>\n\r\n\t\t<\/div>\r\n\t<\/div>\r\n<div class=\"w-separator size_small with_line width_default thick_1 style_solid color_custom align_center\" style=\"border-color:#2b65a6;color:#2b65a6;\"><div class=\"w-separator-h\"><\/div><\/div>\r\n\t<div class=\"wpb_text_column \">\r\n\t\t<div class=\"wpb_wrapper\">\r\n\t\t\t<div id=\"comp-j3e73tiu\" class=\"txtNew\" data-packed=\"true\">\n<p class=\"font_2\"><span style=\"font-size: 16px;\">Hasta esta etapa, el proceso de fabricaci\u00f3n de todas las cerradoras es id\u00e9ntico. Es en este punto cuando se agrega un elemento diferenciador: el formato.<\/span><\/p>\n<\/div>\n\r\n\t\t<\/div>\r\n\t<\/div>\r\n<div class=\"g-cols wpb_row  type_default valign_top vc_inner \"><div class=\"vc_col-sm-8 wpb_column vc_column_container\"><div class=\"vc_column-inner\"><div class=\"wpb_wrapper\"><div class=\"w-separator size_medium\"><\/div>\r\n\t<div class=\"wpb_text_column \">\r\n\t\t<div class=\"wpb_wrapper\">\r\n\t\t\t<p class=\"font_6\" style=\"text-align: justify;\">Un formato es un conjunto de piezas fabricadas para cerrar una forma o tipo espec\u00edfico de lata. Las piezas que conforman un formato son el la placa de cierre, las ruedas de cierre, el disco copiador, las garras de sujeci\u00f3n, el dep\u00f3sito de tapas, la cadena de tapas, la rampa de entrega de tapas, el sinf\u00edn de sincronizaci\u00f3n, las placas de clinchado, las gu\u00edas, etc. Cuando se dise\u00f1a el formato se pide al fabricante de las latas que suministre dibujos t\u00e9cnicos del cuerpo y la tapa de la lata y sus recomendaciones con respecto a los perfiles de las ruedas de cierre.<\/p>\n<p class=\"font_8\" style=\"text-align: justify;\">Una vez fabricado, se instala en la cerradora y se realizan pruebas de cierre. Esto se hace con muestras de latas vac\u00edas enviadas por el cliente (300 latas y cuerpos). Verificamos los par\u00e1metros de cierre obtenidos (superposici\u00f3n, ondulaciones, etc.) y hacemos ajustes hasta lograr la perfecci\u00f3n y la aprobaci\u00f3n final. Luego se montan la protecci\u00f3n de seguridad y las luces LED y finalmente se termina la instalaci\u00f3n el\u00e9ctrica.<\/p>\n\r\n\t\t<\/div>\r\n\t<\/div>\r\n<\/div><\/div><\/div><div class=\"vc_col-sm-4 wpb_column vc_column_container\"><div class=\"vc_column-inner\"><div class=\"wpb_wrapper\"><div class=\"w-separator size_small\"><\/div><div class=\"w-image align_none\"><div class=\"w-image-h\"><img width=\"353\" height=\"389\" src=\"https:\/\/somme.com\/wp-content\/uploads\/2019\/07\/Captura-1.jpg\" class=\"attachment-large size-large\" alt=\"\" loading=\"lazy\" srcset=\"https:\/\/somme.com\/wp-content\/uploads\/2019\/07\/Captura-1.jpg 353w, https:\/\/somme.com\/wp-content\/uploads\/2019\/07\/Captura-1-272x300.jpg 272w\" sizes=\"(max-width: 353px) 100vw, 353px\" \/><\/div><\/div><\/div><\/div><\/div><\/div><\/div><\/div><\/div><\/div><\/div><\/section><section class=\"l-section wpb_row height_auto\"><div class=\"l-section-h i-cf\" style=\"padding-bottom: 50px !important;\"><div class=\"g-cols vc_row type_default valign_top\"><div class=\"vc_col-sm-12 wpb_column vc_column_container\"><div class=\"vc_column-inner\"><div class=\"wpb_wrapper\">\r\n\t<div class=\"wpb_text_column \">\r\n\t\t<div class=\"wpb_wrapper\">\r\n\t\t\t<div id=\"comp-j3e789gp1\" class=\"txtNew\" data-packed=\"true\">\n<h4 class=\"font_2\"><strong><span style=\"color: #1c528b;\">PRUEBA DE FUNCIONAMIENTO SIN PRODUCTO<\/span><\/strong><\/h4>\n<\/div>\n\r\n\t\t<\/div>\r\n\t<\/div>\r\n<div class=\"w-separator size_small with_line width_default thick_1 style_solid color_custom align_center\" style=\"border-color:#2b65a6;color:#2b65a6;\"><div class=\"w-separator-h\"><\/div><\/div>\r\n\t<div class=\"wpb_text_column \">\r\n\t\t<div class=\"wpb_wrapper\">\r\n\t\t\t<div id=\"comp-j3e789gp1\" class=\"txtNew\" data-packed=\"true\">\n<p class=\"font_2\">La cerradora debe pasar la prueba final de marcha.\u00a0Consiste en mantener la m\u00e1quina funcionando sin interrupci\u00f3n a una velocidad media durante 24 hora<\/p>\n<\/div>\n\r\n\t\t<\/div>\r\n\t<\/div>\r\n<div class=\"g-cols wpb_row  type_default valign_top vc_inner \"><div class=\"vc_col-sm-6 wpb_column vc_column_container\"><div class=\"vc_column-inner\"><div class=\"wpb_wrapper\"><div class=\"w-separator size_small\"><\/div>\r\n\t<div class=\"wpb_text_column \">\r\n\t\t<div class=\"wpb_wrapper\">\r\n\t\t\t<p>Una vez que pasa esta prueba, la MASTER 440 se cubre con una funda protectora de pl\u00e1stico y se coloca en una plataforma de madera lista para ser recogida.<\/p>\n\r\n\t\t<\/div>\r\n\t<\/div>\r\n<div class=\"w-separator size_medium\"><\/div><div class=\"w-iconbox iconpos_left style_default color_custom align_center no_title\"><div class=\"w-iconbox-icon\" style=\"font-size:50px;color:#1c528b;\"><i class=\"fas fa-cog\"><\/i><\/div><div class=\"w-iconbox-meta\"><div class=\"w-iconbox-text\"><h5 style=\"text-align: left;\"><strong><span style=\"color: #000000;\">Tiempo hasta el final del proceso: 5 meses<\/span><\/strong><\/h5>\n<\/div><\/div><\/div><\/div><\/div><\/div><div class=\"vc_col-sm-6 wpb_column vc_column_container\"><div class=\"vc_column-inner\"><div class=\"wpb_wrapper\"><div class=\"w-separator size_small\"><\/div><div class=\"w-image align_none\"><div class=\"w-image-h\"><img width=\"627\" height=\"377\" src=\"https:\/\/somme.com\/wp-content\/uploads\/2019\/07\/ECO.jpg\" class=\"attachment-large size-large\" alt=\"\" loading=\"lazy\" srcset=\"https:\/\/somme.com\/wp-content\/uploads\/2019\/07\/ECO.jpg 627w, https:\/\/somme.com\/wp-content\/uploads\/2019\/07\/ECO-300x180.jpg 300w\" sizes=\"(max-width: 627px) 100vw, 627px\" \/><\/div><\/div><\/div><\/div><\/div><\/div><div class=\"w-separator size_large\"><\/div><\/div><\/div><\/div><\/div><\/div><\/section>\n","protected":false},"excerpt":{"rendered":"[rev_slider_vc alias=\"fabricacion\"] PROCESO DE FABRICACI\u00d3N DE UNA CERRADORA DE LATAS Una m\u00e1quina para cerrar latas se fabrica completamente a mano y requiere un ajuste fino. Puede compararse con el montaje de un reloj suizo donde el profesionalismo y la habilidad del montador desempe\u00f1an un papel vital. La precisi\u00f3n en el mecanizado de todas las piezas...","protected":false},"author":2,"featured_media":0,"parent":2520,"menu_order":0,"comment_status":"closed","ping_status":"closed","template":"","meta":{"sfsi_plus_gutenberg_text_before_share":"","sfsi_plus_gutenberg_show_text_before_share":"","sfsi_plus_gutenberg_icon_type":"","sfsi_plus_gutenberg_icon_alignemt":"","sfsi_plus_gutenburg_max_per_row":""},"_links":{"self":[{"href":"https:\/\/somme.com\/es\/wp-json\/wp\/v2\/pages\/4552"}],"collection":[{"href":"https:\/\/somme.com\/es\/wp-json\/wp\/v2\/pages"}],"about":[{"href":"https:\/\/somme.com\/es\/wp-json\/wp\/v2\/types\/page"}],"author":[{"embeddable":true,"href":"https:\/\/somme.com\/es\/wp-json\/wp\/v2\/users\/2"}],"replies":[{"embeddable":true,"href":"https:\/\/somme.com\/es\/wp-json\/wp\/v2\/comments?post=4552"}],"version-history":[{"count":106,"href":"https:\/\/somme.com\/es\/wp-json\/wp\/v2\/pages\/4552\/revisions"}],"predecessor-version":[{"id":16767,"href":"https:\/\/somme.com\/es\/wp-json\/wp\/v2\/pages\/4552\/revisions\/16767"}],"up":[{"embeddable":true,"href":"https:\/\/somme.com\/es\/wp-json\/wp\/v2\/pages\/2520"}],"wp:attachment":[{"href":"https:\/\/somme.com\/es\/wp-json\/wp\/v2\/media?parent=4552"}],"curies":[{"name":"wp","href":"https:\/\/api.w.org\/{rel}","templated":true}]}}