{"id":6635,"date":"2019-05-10T14:40:15","date_gmt":"2019-05-10T14:40:15","guid":{"rendered":"https:\/\/impreza.us-themes.com\/?page_id=6635"},"modified":"2022-04-20T09:49:02","modified_gmt":"2022-04-20T09:49:02","slug":"home","status":"publish","type":"page","link":"https:\/\/somme.com\/es\/","title":{"rendered":"INICIO"},"content":{"rendered":"<section class=\"l-section wpb_row height_auto\"><div class=\"l-section-h i-cf\"><div class=\"g-cols vc_row type_default valign_top\"><div class=\"vc_col-sm-12 wpb_column vc_column_container\"><div class=\"vc_column-inner\"><div class=\"wpb_wrapper\">[rev_slider_vc alias=&#8221;inicio&#8221;]<\/div><\/div><\/div><\/div><\/div><\/section><section class=\"l-section wpb_row height_auto\"><div class=\"l-section-h i-cf\" style=\"padding-top: 70px !important;\"><div class=\"g-cols vc_row type_default valign_top\"><div class=\"vc_col-sm-4 wpb_column vc_column_container\"><div class=\"vc_column-inner\"><div class=\"wpb_wrapper\"><div class=\"w-iconbox iconpos_top style_outlined color_primary align_center no_title no_text icontype_img\"><a class=\"w-iconbox-link\" href=\"https:\/\/somme.com\/es\/cerradoras-de-latas-automaticas\/\" rel=\"noopener nofollow\" aria-hidden=\"true\"><div class=\"w-iconbox-icon\" style=\"font-size:3rem;\"><img width=\"650\" height=\"455\" src=\"https:\/\/somme.com\/wp-content\/uploads\/2019\/08\/lata-1.png\" class=\"attachment-full size-full\" alt=\"\" loading=\"lazy\" srcset=\"https:\/\/somme.com\/wp-content\/uploads\/2019\/08\/lata-1.png 650w, https:\/\/somme.com\/wp-content\/uploads\/2019\/08\/lata-1-300x210.png 300w\" sizes=\"(max-width: 650px) 100vw, 650px\" \/><\/div><\/a><div class=\"w-iconbox-meta\"><\/div><\/div><div class=\"w-separator size_small\"><\/div>\r\n\t<div class=\"wpb_text_column \">\r\n\t\t<div class=\"wpb_wrapper\">\r\n\t\t\t<div id=\"comp-it5ljz67\" class=\"txtNew\" data-packed=\"true\">\n<h2 style=\"text-align: center;\"><strong><span style=\"font-size: 18pt;\">CERRADORA DE LATAS IRREGULARES<\/span><\/strong><\/h2>\n<\/div>\n\r\n\t\t<\/div>\r\n\t<\/div>\r\n<div class=\"w-separator size_small\"><\/div>\r\n\t<div class=\"wpb_text_column \">\r\n\t\t<div class=\"wpb_wrapper\">\r\n\t\t\t<div id=\"comp-it5ljz67\" class=\"txtNew\" data-packed=\"true\">\n<p style=\"text-align: justify;\"><span class=\"color_14\" style=\"color: #999999;\">Las cerradoras de botes irregulares JK Somme han pasado a convertirse en la elecci\u00f3n por excelencia de los conserveros de pescado, carne y vegetales a nivel mundial.<\/span><\/p>\n<\/div>\n\r\n\t\t<\/div>\r\n\t<\/div>\r\n<\/div><\/div><\/div><div class=\"vc_col-sm-4 wpb_column vc_column_container\"><div class=\"vc_column-inner\"><div class=\"wpb_wrapper\"><div class=\"w-iconbox iconpos_top style_outlined color_secondary align_center no_title no_text icontype_img\"><a class=\"w-iconbox-link\" href=\"https:\/\/somme.com\/es\/cerradoras-de-latas-automaticas\/\" rel=\"noopener nofollow\" aria-hidden=\"true\"><div class=\"w-iconbox-icon\" style=\"font-size:3rem;\"><img width=\"512\" height=\"512\" src=\"https:\/\/somme.com\/wp-content\/uploads\/2019\/10\/alimentos-enlatados-1.png\" class=\"attachment-full size-full\" alt=\"\" loading=\"lazy\" srcset=\"https:\/\/somme.com\/wp-content\/uploads\/2019\/10\/alimentos-enlatados-1.png 512w, https:\/\/somme.com\/wp-content\/uploads\/2019\/10\/alimentos-enlatados-1-150x150.png 150w, https:\/\/somme.com\/wp-content\/uploads\/2019\/10\/alimentos-enlatados-1-300x300.png 300w\" sizes=\"(max-width: 512px) 100vw, 512px\" \/><\/div><\/a><div class=\"w-iconbox-meta\"><\/div><\/div><div class=\"w-separator size_small\"><\/div>\r\n\t<div class=\"wpb_text_column \">\r\n\t\t<div class=\"wpb_wrapper\">\r\n\t\t\t<div id=\"comp-ite5cn8c\" class=\"txtNew\" data-packed=\"true\">\n<h2 style=\"text-align: center;\"><strong><span style=\"font-size: 18pt;\">CERRADORA DE LATAS REDONDAS<\/span><\/strong><\/h2>\n<\/div>\n\r\n\t\t<\/div>\r\n\t<\/div>\r\n<div class=\"w-separator size_small\"><\/div>\r\n\t<div class=\"wpb_text_column \">\r\n\t\t<div class=\"wpb_wrapper\">\r\n\t\t\t<div id=\"comp-ite5cn8c\" class=\"txtNew\" data-packed=\"true\">\n<p class=\"font_6\" style=\"text-align: justify;\"><span class=\"color_14\" style=\"color: #999999;\">La combinaci\u00f3n entre su alto grado de eficiencia, flexibilidad y rendimiento optimizado confieren a las cerradoras de botes redondas JK Somme un valor seguro.<\/span><\/p>\n<\/div>\n\r\n\t\t<\/div>\r\n\t<\/div>\r\n<\/div><\/div><\/div><div class=\"vc_col-sm-4 wpb_column vc_column_container\"><div class=\"vc_column-inner\"><div class=\"wpb_wrapper\"><div class=\"w-iconbox iconpos_top style_outlined color_secondary align_center no_title icontype_img\"><a class=\"w-iconbox-link\" href=\"https:\/\/somme.com\/es\/cerradoras-de-latas-automaticas\/\" rel=\"noopener nofollow\" aria-hidden=\"true\"><div class=\"w-iconbox-icon\" style=\"font-size:3rem;\"><img width=\"512\" height=\"512\" src=\"https:\/\/somme.com\/wp-content\/uploads\/2019\/10\/medir.png\" class=\"attachment-full size-full\" alt=\"\" loading=\"lazy\" srcset=\"https:\/\/somme.com\/wp-content\/uploads\/2019\/10\/medir.png 512w, https:\/\/somme.com\/wp-content\/uploads\/2019\/10\/medir-150x150.png 150w, https:\/\/somme.com\/wp-content\/uploads\/2019\/10\/medir-300x300.png 300w\" sizes=\"(max-width: 512px) 100vw, 512px\" \/><\/div><\/a><div class=\"w-iconbox-meta\"><div class=\"w-iconbox-text\"><div id=\"comp-ite5d54o\" class=\"txtNew\" data-packed=\"true\">\n<h6 class=\"font_6\"><\/h6>\n<\/div>\n<div id=\"comp-jta5irqa\" class=\"txtNew\" data-packed=\"false\" data-min-height=\"34\">\n<p class=\"font_9\">\n<\/div>\n<\/div><\/div><\/div><div class=\"w-separator size_small\"><\/div>\r\n\t<div class=\"wpb_text_column \">\r\n\t\t<div class=\"wpb_wrapper\">\r\n\t\t\t<div id=\"comp-ite5d54o\" class=\"txtNew\" data-packed=\"true\">\n<h2 style=\"text-align: center;\"><strong><span style=\"font-size: 18pt;\">CERRADORA DE LATAS BAJO VAC\u00cdO<\/span><\/strong><\/h2>\n<\/div>\n\r\n\t\t<\/div>\r\n\t<\/div>\r\n<div class=\"w-separator size_small\"><\/div>\r\n\t<div class=\"wpb_text_column \">\r\n\t\t<div class=\"wpb_wrapper\">\r\n\t\t\t<div id=\"comp-ite5d54o\" class=\"txtNew\" data-packed=\"true\">\n<p class=\"font_6\" style=\"text-align: justify;\"><span class=\"color_14\" style=\"color: #999999;\">En estos momentos nuestro equipo de ingenier\u00eda est\u00e1 trabajando en un revolucionario concepto de cerradora de botes bajo vac\u00edo mec\u00e1nico.<\/span><\/p>\n<\/div>\n\r\n\t\t<\/div>\r\n\t<\/div>\r\n<\/div><\/div><\/div><\/div><\/div><\/section><section class=\"l-section wpb_row height_auto\"><div class=\"l-section-h i-cf\" style=\"padding-top: 20px !important;padding-bottom: 70px !important;\"><div class=\"g-cols vc_row type_default valign_top\"><div class=\"vc_col-sm-4 vc_hidden-md vc_hidden-sm vc_hidden-xs wpb_column vc_column_container\"><div class=\"vc_column-inner\"><div class=\"wpb_wrapper\"><div class=\"w-btn-wrapper width_auto align_center\"><a class=\"w-btn us-btn-style_3\" href=\"https:\/\/somme.com\/es\/cerradoras-de-latas-automaticas\/\" target=\"_blank\" rel=\"noopener\" style=\"font-size:13px;\"><span class=\"w-btn-label\">M\u00e1s informaci\u00f3n<\/span><\/a><\/div><\/div><\/div><\/div><div class=\"vc_col-sm-4 vc_hidden-md vc_hidden-sm vc_hidden-xs wpb_column vc_column_container\"><div class=\"vc_column-inner\"><div class=\"wpb_wrapper\"><div class=\"w-btn-wrapper width_auto align_center\"><a class=\"w-btn us-btn-style_3\" href=\"https:\/\/somme.com\/es\/cerradoras-de-latas-automaticas\/\" target=\"_blank\" rel=\"noopener\" style=\"font-size:13px;\"><span class=\"w-btn-label\">M\u00e1s informaci\u00f3n<\/span><\/a><\/div><\/div><\/div><\/div><div class=\"vc_col-sm-4 vc_hidden-md vc_hidden-sm vc_hidden-xs wpb_column vc_column_container\"><div class=\"vc_column-inner\"><div class=\"wpb_wrapper\"><div class=\"w-btn-wrapper width_auto align_center\"><a class=\"w-btn us-btn-style_3\" href=\"https:\/\/somme.com\/es\/cerradoras-de-latas-automaticas\/\" target=\"_blank\" rel=\"noopener\" style=\"font-size:13px;\"><span class=\"w-btn-label\">M\u00e1s informaci\u00f3n<\/span><\/a><\/div><\/div><\/div><\/div><\/div><\/div><\/section><section class=\"l-section wpb_row height_auto color_secondary\"><div class=\"l-section-h i-cf\"><div class=\"g-cols vc_row type_default valign_top\"><div class=\"vc_col-sm-12 wpb_column vc_column_container\"><div class=\"vc_column-inner\"><div class=\"wpb_wrapper\"><div class=\"w-separator size_medium\"><\/div>\r\n\t<div class=\"wpb_text_column \">\r\n\t\t<div class=\"wpb_wrapper\">\r\n\t\t\t<div id=\"comp-iye9ckv0\" class=\"txtNew\" data-packed=\"true\">\n<h2 class=\"font_6\" style=\"text-align: center;\"><span style=\"color: #e8e8e8;\">M\u00c1S DE <strong><span style=\"color: #ffffff;\">6.000<\/span><\/strong> CERRADORAS DE BOTES JK SOMME<\/span><\/h2>\n<\/div>\n\r\n\t\t<\/div>\r\n\t<\/div>\r\n<div class=\"w-separator size_small\"><\/div>\r\n\t<div class=\"wpb_text_column \">\r\n\t\t<div class=\"wpb_wrapper\">\r\n\t\t\t<p class=\"font_6\" style=\"text-align: center;\"><span style=\"color: #e8e8e8; font-size: 18pt;\">trabajando a total satisfacci\u00f3n en el mundo<\/span><\/p>\n\r\n\t\t<\/div>\r\n\t<\/div>\r\n<div class=\"w-image align_center\"><div class=\"w-image-h\"><img width=\"860\" height=\"525\" src=\"https:\/\/somme.com\/wp-content\/uploads\/2019\/11\/\u1109\u1166\u1100\u1168\u110c\u1175\u1103\u1169.png\" class=\"attachment-full size-full\" alt=\"\" loading=\"lazy\" srcset=\"https:\/\/somme.com\/wp-content\/uploads\/2019\/11\/\u1109\u1166\u1100\u1168\u110c\u1175\u1103\u1169.png 860w, https:\/\/somme.com\/wp-content\/uploads\/2019\/11\/\u1109\u1166\u1100\u1168\u110c\u1175\u1103\u1169-300x183.png 300w\" sizes=\"(max-width: 860px) 100vw, 860px\" \/><\/div><\/div><\/div><\/div><\/div><\/div><\/div><\/section><section class=\"l-section wpb_row height_medium color_custom with_img parallax_ver parallaxdir_reversed with_overlay\"><div class=\"l-section-img\" style=\"background-image: url(https:\/\/somme.com\/wp-content\/uploads\/2019\/08\/fn_somme_antiguo.jpg);background-repeat: no-repeat;\" data-img-width=\"1373\" data-img-height=\"390\"><\/div><div class=\"l-section-overlay\" style=\"background: rgba(255,255,255,0.4)\"><\/div><div class=\"l-section-h i-cf\"><div class=\"g-cols vc_row type_default valign_top\"><div class=\"vc_col-sm-12 wpb_column vc_column_container\"><div class=\"vc_column-inner\"><div class=\"wpb_wrapper\"><div class=\"g-cols wpb_row  type_default valign_top vc_inner  vc_custom_1565248752045\"><div class=\"vc_col-sm-12 wpb_column vc_column_container\"><div class=\"vc_column-inner\"><div class=\"wpb_wrapper\">\r\n\t<div class=\"wpb_text_column  vc_custom_1629204847068\">\r\n\t\t<div class=\"wpb_wrapper\">\r\n\t\t\t<h1 class=\"font_0\" style=\"text-align: center;\"><span class=\"color_15\" style=\"color: #2b65a5;\">CERRADORA DE LATAS<\/span><span class=\"color_15\" style=\"color: #2b65a5;\"> JK SOMME &#8211; <strong>DESDE<\/strong> <strong>1905<\/strong><\/span><\/h1>\n\r\n\t\t<\/div>\r\n\t<\/div>\r\n<div class=\"w-separator size_medium\"><\/div><div class=\"w-image align_center\"><div class=\"w-image-h\"><img width=\"469\" height=\"244\" src=\"https:\/\/somme.com\/wp-content\/uploads\/2019\/07\/somme.png\" class=\"attachment-large size-large\" alt=\"Somme can seamers history esp\" loading=\"lazy\" srcset=\"https:\/\/somme.com\/wp-content\/uploads\/2019\/07\/somme.png 469w, https:\/\/somme.com\/wp-content\/uploads\/2019\/07\/somme-300x156.png 300w\" sizes=\"(max-width: 469px) 100vw, 469px\" \/><\/div><\/div><\/div><\/div><\/div><\/div><div class=\"g-cols wpb_row  type_default valign_top vc_inner  vc_custom_1565248787764\"><div class=\"vc_col-sm-4 wpb_column vc_column_container\"><div class=\"vc_column-inner\"><div class=\"wpb_wrapper\"><div class=\"w-iconbox iconpos_top style_default color_secondary align_center no_title no_text icontype_img\"><a class=\"w-iconbox-link\" href=\"#first\" aria-hidden=\"true\"><div class=\"w-iconbox-icon\" style=\"font-size:70px;\"><img width=\"413\" height=\"296\" src=\"https:\/\/somme.com\/wp-content\/uploads\/2019\/07\/libro.png\" class=\"attachment-full size-full\" alt=\"\" loading=\"lazy\" srcset=\"https:\/\/somme.com\/wp-content\/uploads\/2019\/07\/libro.png 413w, https:\/\/somme.com\/wp-content\/uploads\/2019\/07\/libro-300x215.png 300w\" sizes=\"(max-width: 413px) 100vw, 413px\" \/><\/div><\/a><div class=\"w-iconbox-meta\"><\/div><\/div><div class=\"w-separator size_small\"><\/div>\r\n\t<div class=\"wpb_text_column \">\r\n\t\t<div class=\"wpb_wrapper\">\r\n\t\t\t<div id=\"comp-it5ljz67\" class=\"txtNew\" data-packed=\"true\">\n<p style=\"text-align: center;\"><span style=\"color: #2b65a5; font-size: 14pt;\">HISTORIA<\/span><\/p>\n<\/div>\n\r\n\t\t<\/div>\r\n\t<\/div>\r\n<div class=\"w-separator size_small\"><\/div>\r\n\t<div class=\"wpb_text_column \">\r\n\t\t<div class=\"wpb_wrapper\">\r\n\t\t\t<div id=\"comp-it5ljz67\" class=\"txtNew\" data-packed=\"true\">\n<p class=\"font_6\" style=\"text-align: justify;\"><span class=\"color_14\" style=\"color: #999999;\"><strong><span style=\"color: #447ab8;\">Empresa familiar noruega<\/span><\/strong> que comenz\u00f3 su actividad en la ciudad espa\u00f1ola de Bilbao hace m\u00e1s de cien a\u00f1os. La creatividad fue siempre un pilar fundamental, que condujo a la fabricaci\u00f3n de todo tipo de maquinaria industrial. Finalmente nos especializamos en cerradoras de latas, llegando a ser mundialmente conocidos.<\/span><\/p>\n<\/div>\n\r\n\t\t<\/div>\r\n\t<\/div>\r\n<\/div><\/div><\/div><div class=\"vc_col-sm-4 wpb_column vc_column_container\"><div class=\"vc_column-inner\"><div class=\"wpb_wrapper\"><div class=\"w-iconbox iconpos_top style_default color_secondary align_center no_title no_text\"><a class=\"w-iconbox-link\" href=\"#second\" aria-hidden=\"true\"><div class=\"w-iconbox-icon\" style=\"font-size:3.3rem;\"><i class=\"fal fa-pen-nib\"><\/i><\/div><\/a><div class=\"w-iconbox-meta\"><\/div><\/div><div class=\"w-separator size_small\"><\/div>\r\n\t<div class=\"wpb_text_column \">\r\n\t\t<div class=\"wpb_wrapper\">\r\n\t\t\t<div id=\"comp-ite5cn8c\" class=\"txtNew\" data-packed=\"true\">\n<p style=\"text-align: center;\"><span style=\"color: #2b65a5; font-size: 14pt;\">POSVENTA<\/span><\/p>\n<\/div>\n\r\n\t\t<\/div>\r\n\t<\/div>\r\n<div class=\"w-separator size_small\"><\/div>\r\n\t<div class=\"wpb_text_column \">\r\n\t\t<div class=\"wpb_wrapper\">\r\n\t\t\t<div id=\"comp-ite5cn8c\" class=\"txtNew\" data-packed=\"true\">\n<p class=\"font_6\" style=\"text-align: justify;\"><span class=\"color_14\" style=\"color: #999999;\">JK Somme ofrece a sus clientes no solo robustas y modernas cerradoras de latas, sino tambi\u00e9n un <span style=\"color: #447ab8;\"><strong>eficiente servicio de atenci\u00f3n al cliente posventa<\/strong><\/span> que es mucho m\u00e1s que un simple servicio de reparaci\u00f3n. Destacamos por ser especialistas en diagn\u00f3stico remoto, despacho r\u00e1pido de repuestos y capacitaci\u00f3n para mec\u00e1nicos y personal de mantenimiento.<\/span><\/p>\n<\/div>\n\r\n\t\t<\/div>\r\n\t<\/div>\r\n<\/div><\/div><\/div><div class=\"vc_col-sm-4 wpb_column vc_column_container\"><div class=\"vc_column-inner\"><div class=\"wpb_wrapper\"><div class=\"w-iconbox iconpos_top style_default color_secondary align_center no_title\"><a class=\"w-iconbox-link\" href=\"#third\" aria-hidden=\"true\"><div class=\"w-iconbox-icon\" style=\"font-size:3.3rem;\"><i class=\"fal fa-wrench\"><\/i><\/div><\/a><div class=\"w-iconbox-meta\"><div class=\"w-iconbox-text\"><div id=\"comp-ite5d54o\" class=\"txtNew\" data-packed=\"true\">\n<h6 class=\"font_6\"><\/h6>\n<\/div>\n<div id=\"comp-jta5irqa\" class=\"txtNew\" data-packed=\"false\" data-min-height=\"34\">\n<p class=\"font_9\">\n<\/div>\n<\/div><\/div><\/div><div class=\"w-separator size_small\"><\/div>\r\n\t<div class=\"wpb_text_column \">\r\n\t\t<div class=\"wpb_wrapper\">\r\n\t\t\t<div id=\"comp-ite5d54o\" class=\"txtNew\" data-packed=\"true\">\n<p style=\"text-align: center;\"><span style=\"color: #2b65a5; font-size: 14pt;\">FABRICACI\u00d3N<\/span><\/p>\n<\/div>\n\r\n\t\t<\/div>\r\n\t<\/div>\r\n<div class=\"w-separator size_small\"><\/div>\r\n\t<div class=\"wpb_text_column \">\r\n\t\t<div class=\"wpb_wrapper\">\r\n\t\t\t<div id=\"comp-ite5d54o\" class=\"txtNew\" data-packed=\"true\">\n<p class=\"font_6\" style=\"text-align: justify;\"><span class=\"color_14\"><strong><span style=\"color: #447ab8;\">Fabricamos cerradoras de lata en serie<\/span><\/strong>. <span style=\"color: #999999;\">No hay una l\u00ednea de ensamblaje robotizada: es un proceso laborioso y manual. Se puede comparar al montaje de un reloj suizo al que el artesano coloca su firma una vez que se completa.<\/span><\/span><\/p>\n<\/div>\n\r\n\t\t<\/div>\r\n\t<\/div>\r\n<\/div><\/div><\/div><\/div><\/div><\/div><\/div><\/div><\/div><\/section><section class=\"l-section wpb_row height_auto width_full color_custom with_img\" style=\"background: #2b65a5;\"><div class=\"l-section-img\" style=\"background-image: url(https:\/\/somme.com\/wp-content\/uploads\/2019\/10\/equipo-expertos-fondo-1024x219.png);background-repeat: no-repeat;background-size: contain;\" data-img-width=\"1024\" data-img-height=\"194\"><\/div><div class=\"l-section-h i-cf\"><div class=\"g-cols vc_row type_default valign_top\"><div class=\"vc_col-sm-12 vc_hidden-md vc_hidden-sm vc_hidden-xs wpb_column vc_column_container has-fill\"><div class=\"vc_column-inner  vc_custom_1572870273017\"><div class=\"wpb_wrapper\"><div class=\"w-separator size_medium\"><\/div><div class=\"w-separator size_huge\"><\/div>\r\n\t<div class=\"wpb_text_column \">\r\n\t\t<div class=\"wpb_wrapper\">\r\n\t\t\t<p style=\"text-align: center;\"><span style=\"color: #ffffff; font-size: 18pt;\"><strong>\u00bfQuieres hablar con un experto?<\/strong><\/span><\/p>\n\r\n\t\t<\/div>\r\n\t<\/div>\r\n<div class=\"w-separator size_small\"><\/div><div class=\"w-btn-wrapper width_auto align_center\"><a class=\"w-btn us-btn-style_7 icon_atleft\" href=\"https:\/\/somme.com\/es\/contacto-2\/\" title=\"CONTACTO\"><i class=\"fas fa-envelope\"><\/i><span class=\"w-btn-label\">CONTACTAR<\/span><\/a><\/div><\/div><\/div><\/div><\/div><\/div><\/section><section class=\"l-section wpb_row height_medium color_custom\" style=\"background: #ffffff;\"><div class=\"l-section-h i-cf\"><div class=\"g-cols vc_row type_default valign_top\"><div class=\"vc_col-sm-12 wpb_column vc_column_container\"><div class=\"vc_column-inner\"><div class=\"wpb_wrapper\">\r\n\t<div class=\"wpb_text_column \">\r\n\t\t<div class=\"wpb_wrapper\">\r\n\t\t\t<p class=\"font_2\" style=\"text-align: center;\"><span style=\"color: #2b65a6; font-size: 18pt;\">\u00daLTIMAS NOTICIAS<\/span><\/p>\n\r\n\t\t<\/div>\r\n\t<\/div>\r\n<div class=\"w-separator size_large\"><\/div><div class=\"w-grid type_grid layout_blog_10 cols_3 overflow_hidden\" id=\"us_grid_1\"><style id=\"us_grid_1_css\">#us_grid_1 .w-grid-item{padding:1.5rem}#us_grid_1 .w-grid-list{margin:-1.5rem}.w-grid + #us_grid_1 .w-grid-list{margin-top:1.5rem}.l-section.width_full>div>div>.vc_col-sm-12>div>div>#us_grid_1 .w-grid-list{margin-left:1.5rem;margin-right:1.5rem}.l-section.height_auto>div>div>.vc_col-sm-12>div>div>#us_grid_1:first-child .w-grid-list{margin-top:1.5rem}.l-section.height_auto>div>div>.vc_col-sm-12>div>div>#us_grid_1:last-child .w-grid-list{margin-bottom:1.5rem}@media (max-width:899px){#us_grid_1 .w-grid-item{width:50%}}@media (max-width:599px){#us_grid_1 .w-grid-list{margin:0}#us_grid_1 .w-grid-item{width:100%;padding:0;margin-bottom:1.5rem}}<\/style><style>#us_grid_1 .w-grid-item-h{background:#1e1e1e;border-radius:0.3rem;z-index:3;box-shadow:0 0.03rem 0.06rem rgba(0,0,0,0.1),0 0.10rem 0.30rem rgba(0,0,0,0.1);transition-duration:0.3s}.no-touch #us_grid_1 .w-grid-item-h:hover{box-shadow:0 0.12rem 0.24rem rgba(0,0,0,0.1),0 0.40rem 1.20rem rgba(0,0,0,0.15);z-index:4}#us_grid_1 .usg_post_image_1{}#us_grid_1 .usg_vwrapper_1{background:linear-gradient( transparent, rgba(30,30,30,0.8))}#us_grid_1 .usg_post_taxonomy_1{font-weight:700;text-transform:uppercase;font-size:10px}#us_grid_1 .usg_post_title_1{font-weight:700;font-size:1.4rem;color:#fff}@media (max-width:599px){#us_grid_1 .usg_post_title_1{font-size:1.2rem !important}}#us_grid_1 .usg_vwrapper_1{position:absolute;left:0;right:0;bottom:0;padding-top:4rem;padding-left:1.5rem;padding-right:1.5rem;padding-bottom:1.2rem}#us_grid_1 .usg_post_taxonomy_1{margin-bottom:0.5rem}<\/style><div class=\"w-grid-list\"><article class=\"w-grid-item ratio_1x1 size_1x1 post-7522 post type-post status-publish format-standard has-post-thumbnail hentry category-news-d37\" data-id=\"7522\">\r\n\t<div class=\"w-grid-item-h\">\r\n\t\t\t\t<div class=\"w-post-elm post_image usg_post_image_1 stretched\"><a href=\"https:\/\/somme.com\/es\/we-will-be-present-at-anuga-2019\/\" aria-label=\"WE WILL BE PRESENT AT ANUGA 2019\"><img width=\"815\" height=\"429\" src=\"https:\/\/somme.com\/wp-content\/uploads\/2019\/09\/post.jpg\" class=\"attachment-full size-full wp-post-image\" alt=\"\" loading=\"lazy\" srcset=\"https:\/\/somme.com\/wp-content\/uploads\/2019\/09\/post.jpg 815w, https:\/\/somme.com\/wp-content\/uploads\/2019\/09\/post-300x158.jpg 300w\" sizes=\"(max-width: 815px) 100vw, 815px\" \/><\/a><\/div><div class=\"w-vwrapper usg_vwrapper_1 align_left valign_top bg_gradient \"><div class=\"w-post-elm post_taxonomy usg_post_taxonomy_1 style_badge color_link_inherit\"><a class=\"w-btn us-btn-style_badge\" href=\"https:\/\/somme.com\/es\/category\/news-d37\/\">News<\/a><\/div><h2 class=\"w-post-elm post_title usg_post_title_1 with_text_color entry-title color_link_inherit\"><a href=\"https:\/\/somme.com\/es\/we-will-be-present-at-anuga-2019\/\">WE WILL BE PRESENT AT ANUGA 2019<\/a><\/h2><\/div>\t<\/div>\r\n<\/article>\r\n<article class=\"w-grid-item ratio_1x1 size_1x1 post-7520 post type-post status-publish format-standard has-post-thumbnail hentry category-news-d37\" data-id=\"7520\">\r\n\t<div class=\"w-grid-item-h\">\r\n\t\t\t\t<div class=\"w-post-elm post_image usg_post_image_1 stretched\"><a href=\"https:\/\/somme.com\/es\/exhibiting-at-iffa-frankfurt\/\" aria-label=\"EXHIBITING AT IFFA FRANKFURT\"><img width=\"815\" height=\"429\" src=\"https:\/\/somme.com\/wp-content\/uploads\/2019\/09\/Iffa-1.jpg\" class=\"attachment-full size-full wp-post-image\" alt=\"\" loading=\"lazy\" srcset=\"https:\/\/somme.com\/wp-content\/uploads\/2019\/09\/Iffa-1.jpg 815w, https:\/\/somme.com\/wp-content\/uploads\/2019\/09\/Iffa-1-300x158.jpg 300w\" sizes=\"(max-width: 815px) 100vw, 815px\" \/><\/a><\/div><div class=\"w-vwrapper usg_vwrapper_1 align_left valign_top bg_gradient \"><div class=\"w-post-elm post_taxonomy usg_post_taxonomy_1 style_badge color_link_inherit\"><a class=\"w-btn us-btn-style_badge\" href=\"https:\/\/somme.com\/es\/category\/news-d37\/\">News<\/a><\/div><h2 class=\"w-post-elm post_title usg_post_title_1 with_text_color entry-title color_link_inherit\"><a href=\"https:\/\/somme.com\/es\/exhibiting-at-iffa-frankfurt\/\">EXHIBITING AT IFFA FRANKFURT<\/a><\/h2><\/div>\t<\/div>\r\n<\/article>\r\n<article class=\"w-grid-item ratio_1x1 size_1x1 post-7509 post type-post status-publish format-standard has-post-thumbnail hentry category-news-d37 category-news-ru\" data-id=\"7509\">\r\n\t<div class=\"w-grid-item-h\">\r\n\t\t\t\t<div class=\"w-post-elm post_image usg_post_image_1 stretched\"><a href=\"https:\/\/somme.com\/es\/introducing-robot-round-can-seamer\/\" aria-label=\"INTRODUCING ROBOT ROUND CAN SEAMER\"><img width=\"815\" height=\"429\" src=\"https:\/\/somme.com\/wp-content\/uploads\/2019\/09\/post-2.jpg\" class=\"attachment-full size-full wp-post-image\" alt=\"\" loading=\"lazy\" srcset=\"https:\/\/somme.com\/wp-content\/uploads\/2019\/09\/post-2.jpg 815w, https:\/\/somme.com\/wp-content\/uploads\/2019\/09\/post-2-300x158.jpg 300w\" sizes=\"(max-width: 815px) 100vw, 815px\" \/><\/a><\/div><div class=\"w-vwrapper usg_vwrapper_1 align_left valign_top bg_gradient \"><div class=\"w-post-elm post_taxonomy usg_post_taxonomy_1 style_badge color_link_inherit\"><div class=\"w-post-elm-list\"><a class=\"w-btn us-btn-style_badge\" href=\"https:\/\/somme.com\/es\/category\/news-d37\/\">News<\/a><a class=\"w-btn us-btn-style_badge\" href=\"https:\/\/somme.com\/ru\/category\/news-ru\/\">News<\/a><\/div><\/div><h2 class=\"w-post-elm post_title usg_post_title_1 with_text_color entry-title color_link_inherit\"><a href=\"https:\/\/somme.com\/es\/introducing-robot-round-can-seamer\/\">INTRODUCING ROBOT ROUND CAN SEAMER<\/a><\/h2><\/div>\t<\/div>\r\n<\/article>\r\n<\/div>\t<div class=\"w-grid-json hidden\" onclick='return {&quot;ajax_url&quot;:&quot;https:\\\/\\\/somme.com\\\/wp-admin\\\/admin-ajax.php&quot;,&quot;permalink_url&quot;:&quot;https:\\\/\\\/somme.com\\\/es\\\/introducing-robot-round-can-seamer\\\/&quot;,&quot;action&quot;:&quot;us_ajax_grid&quot;,&quot;max_num_pages&quot;:1,&quot;infinite_scroll&quot;:0,&quot;template_vars&quot;:{&quot;query_args&quot;:{&quot;post_type&quot;:[&quot;post&quot;],&quot;post_status&quot;:[&quot;publish&quot;,&quot;acf-disabled&quot;],&quot;orderby&quot;:{&quot;date&quot;:&quot;DESC&quot;},&quot;posts_per_page&quot;:&quot;3&quot;},&quot;post_id&quot;:6635,&quot;us_grid_index&quot;:1,&quot;us_grid_ajax_index&quot;:1,&quot;exclude_items&quot;:&quot;none&quot;,&quot;items_offset&quot;:&quot;1&quot;,&quot;items_layout&quot;:&quot;blog_10&quot;,&quot;type&quot;:&quot;grid&quot;,&quot;columns&quot;:&quot;3&quot;,&quot;img_size&quot;:&quot;full&quot;,&quot;overriding_link&quot;:&quot;none&quot;,&quot;lang&quot;:&quot;es&quot;}}'><\/div>\r\n<\/div><\/div><\/div><\/div><\/div><\/div><\/section>\n","protected":false},"excerpt":{"rendered":"\/\/INTRODUCING ROBOT ROUND CAN SEAMER\/\/ JK SOMME is delighted to announce the commercial launch of the ROBOT round can seaming machine. This fully mechanical round can closer was designed having in mind modern canneries where stainless steel is a must have. It is ideal for special deli\/gourmet\/high-value canners demanding&nbsp;a fully reliable seam&nbsp;in small&nbsp;batch productions. Main...","protected":false},"author":2,"featured_media":18974,"parent":0,"menu_order":0,"comment_status":"closed","ping_status":"closed","template":"","meta":{"sfsi_plus_gutenberg_text_before_share":"","sfsi_plus_gutenberg_show_text_before_share":"","sfsi_plus_gutenberg_icon_type":"","sfsi_plus_gutenberg_icon_alignemt":"","sfsi_plus_gutenburg_max_per_row":""},"_links":{"self":[{"href":"https:\/\/somme.com\/es\/wp-json\/wp\/v2\/pages\/6635"}],"collection":[{"href":"https:\/\/somme.com\/es\/wp-json\/wp\/v2\/pages"}],"about":[{"href":"https:\/\/somme.com\/es\/wp-json\/wp\/v2\/types\/page"}],"author":[{"embeddable":true,"href":"https:\/\/somme.com\/es\/wp-json\/wp\/v2\/users\/2"}],"replies":[{"embeddable":true,"href":"https:\/\/somme.com\/es\/wp-json\/wp\/v2\/comments?post=6635"}],"version-history":[{"count":385,"href":"https:\/\/somme.com\/es\/wp-json\/wp\/v2\/pages\/6635\/revisions"}],"predecessor-version":[{"id":18938,"href":"https:\/\/somme.com\/es\/wp-json\/wp\/v2\/pages\/6635\/revisions\/18938"}],"wp:featuredmedia":[{"embeddable":true,"href":"https:\/\/somme.com\/es\/wp-json\/wp\/v2\/media\/18974"}],"wp:attachment":[{"href":"https:\/\/somme.com\/es\/wp-json\/wp\/v2\/media?parent=6635"}],"curies":[{"name":"wp","href":"https:\/\/api.w.org\/{rel}","templated":true}]}}