{"id":10425,"date":"2013-12-12T12:01:54","date_gmt":"2013-12-12T12:01:54","guid":{"rendered":"https:\/\/somme.com\/portfolio-grid-1\/"},"modified":"2020-02-14T11:37:59","modified_gmt":"2020-02-14T11:37:59","slug":"pieces-de-rechange","status":"publish","type":"page","link":"https:\/\/somme.com\/fr\/pieces-de-rechange\/","title":{"rendered":"PI\u00c8CES DE RECHANGE"},"content":{"rendered":"<section class=\"l-section wpb_row height_huge with_img parallax_ver parallaxdir_reversed\"><div class=\"l-section-img\" style=\"background-image: url(https:\/\/somme.com\/wp-content\/uploads\/2019\/07\/compri-unsplash.png);\" data-img-width=\"2000\" data-img-height=\"1332\"><\/div><div class=\"l-section-h i-cf\"><div class=\"g-cols vc_row type_default valign_top\"><div class=\"vc_col-sm-12 wpb_column vc_column_container\"><div class=\"vc_column-inner\"><div class=\"wpb_wrapper\"><div class=\"g-cols wpb_row  type_default valign_top vc_inner  vc_custom_1563533830701\"><div class=\"vc_col-sm-12 wpb_column vc_column_container\"><div class=\"vc_column-inner\"><div class=\"wpb_wrapper\"><div class=\"w-separator size_medium\"><\/div>\r\n\t<div class=\"wpb_text_column \">\r\n\t\t<div class=\"wpb_wrapper\">\r\n\t\t\t<div id=\"comp-j3v9ea5p\" class=\"txtNew\" data-packed=\"true\">\n<h1 class=\"font_0\" style=\"text-align: center;\"><span class=\"color_11\" style=\"color: #f5f5f5;\">PI\u00c8CES DE RECHANGE D\u2019ORIGINE<\/span><\/h1>\n<\/div>\n\r\n\t\t<\/div>\r\n\t<\/div>\r\n<div class=\"w-separator size_small\"><\/div>\r\n\t<div class=\"wpb_text_column \">\r\n\t\t<div class=\"wpb_wrapper\">\r\n\t\t\t<p><span style=\"color: #f5f5f5;\">Les pi\u00e8ces de rechange d\u2019origine sont la meilleure mani\u00e8re de prot\u00e9ger votre sertisseuse et garantir la rentabilit\u00e9 maximale pour votre investissement en termes de production et de dur\u00e9e de vie utile. En utilisant les pi\u00e8ces de rechange d\u2019origine de JK SOMME, vous maximisez la dur\u00e9e de vie utile de votre machine.<\/span><\/p>\n\r\n\t\t<\/div>\r\n\t<\/div>\r\n<div class=\"w-separator size_medium\"><\/div><\/div><\/div><\/div><\/div><\/div><\/div><\/div><\/div><\/div><\/section><section class=\"l-section wpb_row height_medium\"><div class=\"l-section-h i-cf\"><div class=\"g-cols vc_row type_default valign_top\"><div class=\"vc_col-sm-12 wpb_column vc_column_container\"><div class=\"vc_column-inner\"><div class=\"wpb_wrapper\">\r\n\t<div class=\"wpb_text_column \">\r\n\t\t<div class=\"wpb_wrapper\">\r\n\t\t\t<div id=\"comp-j82rvbgz\" class=\"txtNew\" data-packed=\"true\">\n<h5 class=\"font_2\"><span style=\"color: #2b65a6;\">JK SOMME ABSOLUMENT : 100 % PERFORMANCE <\/span><\/h5>\n<\/div>\n\r\n\t\t<\/div>\r\n\t<\/div>\r\n<div class=\"w-separator size_small with_line width_default thick_1 style_solid color_custom align_center\" style=\"border-color:#2b65a6;color:#2b65a6;\"><div class=\"w-separator-h\"><\/div><\/div>\r\n\t<div class=\"wpb_text_column \">\r\n\t\t<div class=\"wpb_wrapper\">\r\n\t\t\t<div id=\"comp-j82rvbgz\" class=\"txtNew\" data-packed=\"true\">\n<h5 class=\"font_2\"><span style=\"font-size: 16px;\">Faites confiance aux pi\u00e8ces d\u2019origine, les meilleures sans aucun doute pour remplacer les pi\u00e8ces d\u2019usure de JK SOMME. Qui d&#8217;autre peut vous garantir la meilleure qualit\u00e9, le fonctionnement le plus fiable, la meilleure s\u00e9curit\u00e9 et la fiabilit\u00e9 maximale pour un r\u00e9sultat parfait ? Pr\u00e9cis\u00e9ment : seules les pi\u00e8ces d\u2019origine, seules les pi\u00e8ces de JK SOMME.<\/span><\/h5>\n<\/div>\n\r\n\t\t<\/div>\r\n\t<\/div>\r\n<div class=\"w-separator size_medium\"><\/div><div class=\"w-iconbox iconpos_left style_default color_custom align_center no_title\"><div class=\"w-iconbox-icon\" style=\"color:#2b65a6;\"><i class=\"fas fa-cogs\"><\/i><\/div><div class=\"w-iconbox-meta\"><div class=\"w-iconbox-text\"><p><span style=\"color: #2b65a6; font-size: 12pt;\"><strong>Les pi\u00e8ces d\u2019origine de JK SOMME : la garantie de la fiabilit\u00e9, la qualit\u00e9 pour votre appareil.<\/strong><\/span><\/p>\n<\/div><\/div><\/div><div class=\"w-separator size_medium\"><\/div>\r\n\t<div class=\"wpb_text_column \">\r\n\t\t<div class=\"wpb_wrapper\">\r\n\t\t\t<p style=\"text-align: justify;\">En utilisant les pi\u00e8ces de rechange d\u2019origine de JK SOMME, vous maximisez la dur\u00e9e de vie utile de votre machine. Seules les pi\u00e8ces de rechange d\u2019origine de JK SOMME sont \u00e0 m\u00eame de vous garantir la qualit\u00e9 et la fiabilit\u00e9 sur votre appareil. Nos pi\u00e8ces de rechange sont con\u00e7ues pour supporter de grandes contraintes de travail. Les co\u00fbts de maintenance sont optimis\u00e9s et les op\u00e9rations r\u00e9alis\u00e9es par un large r\u00e9seau de revendeurs locaux exclusifs. Profitez de notre service de livraison express, que vous soyez en Espagne ou partout ailleurs.<\/p>\n\r\n\t\t<\/div>\r\n\t<\/div>\r\n<div class=\"w-separator size_medium\"><\/div><div class=\"g-cols wpb_row  type_default valign_top vc_inner  vc_custom_1563367170274\"><div class=\"vc_col-sm-12 wpb_column vc_column_container\"><div class=\"vc_column-inner\"><div class=\"wpb_wrapper\"><div class=\"w-image align_center animate_wfc\"><div class=\"w-image-h\"><img width=\"640\" height=\"406\" src=\"https:\/\/somme.com\/wp-content\/uploads\/2019\/07\/tuercas-1024x650.png\" class=\"attachment-large size-large\" alt=\"\" loading=\"lazy\" srcset=\"https:\/\/somme.com\/wp-content\/uploads\/2019\/07\/tuercas-1024x650.png 1024w, https:\/\/somme.com\/wp-content\/uploads\/2019\/07\/tuercas-300x190.png 300w, https:\/\/somme.com\/wp-content\/uploads\/2019\/07\/tuercas.png 1081w\" sizes=\"(max-width: 640px) 100vw, 640px\" \/><\/div><\/div><\/div><\/div><\/div><\/div><div class=\"g-cols wpb_row  type_default valign_top vc_inner \"><div class=\"vc_col-sm-12 wpb_column vc_column_container\"><div class=\"vc_column-inner\"><div class=\"wpb_wrapper\"><div class=\"w-separator size_large\"><\/div>\r\n\t<div class=\"wpb_text_column \">\r\n\t\t<div class=\"wpb_wrapper\">\r\n\t\t\t<div id=\"comp-j82rvbgz\" class=\"txtNew\" data-packed=\"true\">\n<h5><span style=\"color: #2b65a6;\">PI\u00c8CES DE RECHANGE POUR LES MACHINES DE SOMME EXISTANTES<\/span><\/h5>\n<\/div>\n\r\n\t\t<\/div>\r\n\t<\/div>\r\n<div class=\"w-separator size_small with_line width_default thick_1 style_solid color_custom align_center\" style=\"border-color:#2b65a6;color:#2b65a6;\"><div class=\"w-separator-h\"><\/div><\/div>\r\n\t<div class=\"wpb_text_column \">\r\n\t\t<div class=\"wpb_wrapper\">\r\n\t\t\t<div id=\"comp-j82rvbgz\" class=\"txtNew\" data-packed=\"true\">\n<h5><span style=\"font-size: 16px;\">Faites confiance \u00e0 JK SOMME, votre partenaire comp\u00e9tent si vous avez besoin de vous procurer des pi\u00e8ces de rechange pour une sertisseuse Somme test\u00e9e et d\u00e9j\u00e0 existante.<\/span><\/h5>\n<div id=\"comp-j82rxi7r\" class=\"txtNew\" data-packed=\"true\">\n<p class=\"font_8\">Si vos sertisseuses fonctionnent depuis tr\u00e8s longtemps, c&#8217;est un indice clair de leur qualit\u00e9 et de leur durabilit\u00e9 sans pareille. Parall\u00e8lement, les machines qui ont atteint un certain \u00e2ge ont \u00e9galement besoin d\u2019une maintenance particuli\u00e8rement soign\u00e9e, qui demande souvent une ou plusieurs pi\u00e8ces de rechange. C&#8217;est l\u00e0 que JK SOMME entre en jeu.<\/p>\n<\/div>\n<\/div>\n\r\n\t\t<\/div>\r\n\t<\/div>\r\n<div class=\"w-separator size_medium\"><\/div><div class=\"w-iconbox iconpos_left style_default color_custom align_center no_title\"><div class=\"w-iconbox-icon\" style=\"font-size:50px;color:#2b65a6;\"><i class=\"fas fa-cogs\"><\/i><\/div><div class=\"w-iconbox-meta\"><div class=\"w-iconbox-text\"><p style=\"text-align: justify;\"><span style=\"color: #2b65a6;\"><strong>Nous sommes le seul fournisseur \u00e0 pouvoir vous livrer des pi\u00e8ces de rechange \u00e0 la qualit\u00e9 et \u00e0 la performance prouv\u00e9es. Nous fournissons les pi\u00e8ces de rechange d\u2019origine pour les machines Somme existantes qui ont \u00e9t\u00e9 produites par la soci\u00e9t\u00e9 dont nous avons pris la rel\u00e8ve, SOMME S.A.<\/strong><\/span><\/p>\n<\/div><\/div><\/div><div class=\"w-separator size_medium\"><\/div><\/div><\/div><\/div><\/div>\r\n\t<div class=\"wpb_text_column \">\r\n\t\t<div class=\"wpb_wrapper\">\r\n\t\t\t<p class=\"font_8\">Nous ne nous contentons pas de fournir les pi\u00e8ces de rechange, nous offrons \u00e9galement un service de transformation int\u00e9gral bas\u00e9 sur les sch\u00e9mas et la documentation d\u2019origine.<\/p>\n<p class=\"font_8\">Expertise : faites confiance aux experts de JK SOMME, ils sont familiaris\u00e9s avec les machines de notre pr\u00e9d\u00e9cesseur depuis de nombreuses ann\u00e9es et ont m\u00eame dans certains cas aid\u00e9 \u00e0 les construire.<\/p>\n<p class=\"font_8\">Ayez toujours \u00e0 l&#8217;esprit la possibilit\u00e9 de moderniser vos lignes et de profiter des pi\u00e8ces de rechange d\u2019origine et du service de tout premier ordre. Pour plus d\u2019informations, n\u2019h\u00e9sitez pas \u00e0 prendre contact avec JK SOMME sans engagement.<\/p>\n\r\n\t\t<\/div>\r\n\t<\/div>\r\n<div class=\"w-separator size_large\"><\/div>\r\n\t<div class=\"wpb_text_column \">\r\n\t\t<div class=\"wpb_wrapper\">\r\n\t\t\t<div id=\"comp-j82rvbgz\" class=\"txtNew\" data-packed=\"true\">\n<div id=\"comp-j8cusey3\" class=\"txtNew\" data-packed=\"true\">\n<div id=\"comp-jrhofc6t\" class=\"txtNew\" data-packed=\"true\">\n<h5 class=\"font_2\"><span style=\"color: #2b65a6;\">AVANTAGES DES PI\u00c8CES DE RECHANGE D\u2019ORIGINE DE JK SOMME<\/span><\/h5>\n<\/div>\n<\/div>\n<\/div>\n\r\n\t\t<\/div>\r\n\t<\/div>\r\n<div class=\"w-separator size_small with_line width_default thick_1 style_solid color_custom align_center\" style=\"border-color:#2b65a6;color:#2b65a6;\"><div class=\"w-separator-h\"><\/div><\/div>\r\n\t<div class=\"wpb_text_column \">\r\n\t\t<div class=\"wpb_wrapper\">\r\n\t\t\t<div id=\"comp-j82rvbgz\" class=\"txtNew\" data-packed=\"true\">\n<div id=\"comp-j8cusey3\" class=\"txtNew\" data-packed=\"true\">\n<div id=\"comp-jrhofc6t\" class=\"txtNew\" data-packed=\"true\">\n<p>&nbsp;<\/p>\n<\/div>\n<div id=\"comp-jrhofc6j\" class=\"txtNew\" data-packed=\"true\">\n<ul class=\"font_8\">\n<li>\n<p class=\"font_8\">Des pi\u00e8ces d\u2019une qualit\u00e9 sup\u00e9rieure, test\u00e9es et qui s&#8217;adaptent parfaitement \u00e0 vos besoins<\/p>\n<\/li>\n<li>\n<p class=\"font_8\">Une performance sans \u00e9gal et une technologie de pointe<\/p>\n<\/li>\n<li>\n<p class=\"font_8\">Installation sans souci, longue dur\u00e9e de vie utile, qui comprend la garantie de JK SOMME sur les pi\u00e8ces neuves.<\/p>\n<\/li>\n<li>\n<p class=\"font_8\">Disponibilit\u00e9 maximale gr\u00e2ce aux temps d&#8217;arr\u00eat r\u00e9duits.<\/p>\n<\/li>\n<li>\n<p class=\"font_8\">Fourniture rapide gr\u00e2ce au r\u00e9seau de service JK SOMME, disponibilit\u00e9 des pi\u00e8ces m\u00eame au bout de 30 ans.<\/p>\n<\/li>\n<li>\n<p class=\"font_8\">Disposici\u00f3n de repuestos para conjuntos adquiridos y ya no disponibles en el mercado.<\/p>\n<\/li>\n<\/ul>\n<\/div>\n<\/div>\n<\/div>\n\r\n\t\t<\/div>\r\n\t<\/div>\r\n<\/div><\/div><\/div><\/div><\/div><\/section>\n","protected":false},"excerpt":{"rendered":"PI\u00c8CES DE RECHANGE D\u2019ORIGINE Les pi\u00e8ces de rechange d\u2019origine sont la meilleure mani\u00e8re de prot\u00e9ger votre sertisseuse et garantir la rentabilit\u00e9 maximale pour votre investissement en termes de production et de dur\u00e9e de vie utile. En utilisant les pi\u00e8ces de rechange d\u2019origine de JK SOMME, vous maximisez la dur\u00e9e de vie utile de votre machine....","protected":false},"author":2,"featured_media":0,"parent":0,"menu_order":0,"comment_status":"closed","ping_status":"closed","template":"","meta":{"sfsi_plus_gutenberg_text_before_share":"","sfsi_plus_gutenberg_show_text_before_share":"","sfsi_plus_gutenberg_icon_type":"","sfsi_plus_gutenberg_icon_alignemt":"","sfsi_plus_gutenburg_max_per_row":""},"_links":{"self":[{"href":"https:\/\/somme.com\/fr\/wp-json\/wp\/v2\/pages\/10425"}],"collection":[{"href":"https:\/\/somme.com\/fr\/wp-json\/wp\/v2\/pages"}],"about":[{"href":"https:\/\/somme.com\/fr\/wp-json\/wp\/v2\/types\/page"}],"author":[{"embeddable":true,"href":"https:\/\/somme.com\/fr\/wp-json\/wp\/v2\/users\/2"}],"replies":[{"embeddable":true,"href":"https:\/\/somme.com\/fr\/wp-json\/wp\/v2\/comments?post=10425"}],"version-history":[{"count":5,"href":"https:\/\/somme.com\/fr\/wp-json\/wp\/v2\/pages\/10425\/revisions"}],"predecessor-version":[{"id":10894,"href":"https:\/\/somme.com\/fr\/wp-json\/wp\/v2\/pages\/10425\/revisions\/10894"}],"wp:attachment":[{"href":"https:\/\/somme.com\/fr\/wp-json\/wp\/v2\/media?parent=10425"}],"curies":[{"name":"wp","href":"https:\/\/api.w.org\/{rel}","templated":true}]}}