{"id":10447,"date":"2013-12-16T20:02:11","date_gmt":"2013-12-16T20:02:11","guid":{"rendered":"https:\/\/somme.com\/empresa\/"},"modified":"2020-02-14T11:38:23","modified_gmt":"2020-02-14T11:38:23","slug":"entreprise","status":"publish","type":"page","link":"https:\/\/somme.com\/fr\/entreprise\/","title":{"rendered":"ENTREPRISE"},"content":{"rendered":"<section class=\"l-section wpb_row height_auto width_full parallax_fixed\"><div class=\"l-section-h i-cf\"><div class=\"g-cols vc_row type_default valign_top\"><div class=\"vc_col-sm-12 wpb_column vc_column_container\"><div class=\"vc_column-inner\"><div class=\"wpb_wrapper\">[rev_slider_vc alias=&#8221;empresa&#8221;]<\/div><\/div><\/div><\/div><\/div><\/section><section class=\"l-section wpb_row height_auto color_custom\" style=\"background: #1c528b; color: #ffffff;\"><div class=\"l-section-h i-cf\"><div class=\"g-cols vc_row type_default valign_top\"><div class=\"vc_col-sm-12 wpb_column vc_column_container\"><div class=\"vc_column-inner\"><div class=\"wpb_wrapper\"><div class=\"g-cols wpb_row  type_default valign_top vc_inner  vc_custom_1565252013423\"><div class=\"vc_col-sm-12 wpb_column vc_column_container\"><div class=\"vc_column-inner\"><div class=\"wpb_wrapper\"><div class=\"w-separator size_medium\"><\/div>\r\n\t<div class=\"wpb_text_column \">\r\n\t\t<div class=\"wpb_wrapper\">\r\n\t\t\t<h1 class=\"font_0\" style=\"text-align: center;\"><span class=\"color_11\" style=\"color: #f5f5f5;\">DES SERTISSEUSES HIGH TECH DE BILBAO VERS LE MONDE<\/span><\/h1>\n\r\n\t\t<\/div>\r\n\t<\/div>\r\n<div class=\"w-separator size_small\"><\/div>\r\n\t<div class=\"wpb_text_column \">\r\n\t\t<div class=\"wpb_wrapper\">\r\n\t\t\t<p class=\"font_0\" style=\"text-align: center;\"><span style=\"font-size: 16px; color: #f5f5f5;\">Des standards d\u2019ing\u00e9nierie tr\u00e8s \u00e9lev\u00e9s, une qualit\u00e9 durable et l\u2019efficacit\u00e9 maximale sont les bases sur lesquelles s&#8217;est construite notre r\u00e9putation dans le monde entier. Nous offrons des solutions de qualit\u00e9 pour le sertissage de tous types de bo\u00eetes irr\u00e9guli\u00e8res et rondes, des machines semi-automatiques et automatiques, avec des vitesses pouvant aller de 10 \u00e0 600 bo\u00eetes minute.<\/span><\/p>\n\r\n\t\t<\/div>\r\n\t<\/div>\r\n<div class=\"w-separator size_medium\"><\/div><\/div><\/div><\/div><\/div><div class=\"g-cols wpb_row  type_default valign_top vc_inner  vc_custom_1565252021590\"><div class=\"vc_col-sm-3 wpb_column vc_column_container\"><div class=\"vc_column-inner\"><div class=\"wpb_wrapper\"><div class=\"w-btn-wrapper width_auto align_center\"><a class=\"w-btn us-btn-style_4\" href=\"https:\/\/somme.com\/fr\/entreprise\/a-porpos-de-nous\/\" title=\"Sobre nosotros\"><span class=\"w-btn-label\">\u00c0 PROPOS DE NOUS<\/span><\/a><\/div><div class=\"w-separator size_medium\"><\/div><\/div><\/div><\/div><div class=\"vc_col-sm-3 wpb_column vc_column_container\"><div class=\"vc_column-inner\"><div class=\"wpb_wrapper\"><div class=\"w-btn-wrapper width_auto align_center\"><a class=\"w-btn us-btn-style_8\" href=\"https:\/\/somme.com\/fr\/entreprise\/histoire\/\"><span class=\"w-btn-label\">NOTRE HISTOIRE<\/span><\/a><\/div><div class=\"w-separator size_medium\"><\/div><\/div><\/div><\/div><div class=\"vc_col-sm-3 wpb_column vc_column_container\"><div class=\"vc_column-inner\"><div class=\"wpb_wrapper\"><div class=\"w-btn-wrapper width_auto align_center\"><a class=\"w-btn us-btn-style_8\" href=\"https:\/\/somme.com\/fr\/entreprise\/fabrication\/\"><span class=\"w-btn-label\">FABRICATION<\/span><\/a><\/div><div class=\"w-separator size_medium\"><\/div><\/div><\/div><\/div><div class=\"vc_col-sm-3 wpb_column vc_column_container\"><div class=\"vc_column-inner\"><div class=\"wpb_wrapper\"><div class=\"w-btn-wrapper width_auto align_center\"><a class=\"w-btn us-btn-style_8\" href=\"https:\/\/somme.com\/fr\/entreprise\/service-apres-vente-sertisseuses-de-boites\/\"><span class=\"w-btn-label\">APR\u00c8S VENTE<\/span><\/a><\/div><div class=\"w-separator size_medium\"><\/div><\/div><\/div><\/div><\/div><\/div><\/div><\/div><\/div><\/div><\/section><section class=\"l-section wpb_row height_medium\"><div class=\"l-section-h i-cf\"><div class=\"g-cols vc_row type_default valign_top\"><div class=\"vc_col-sm-12 wpb_column vc_column_container\"><div class=\"vc_column-inner\"><div class=\"wpb_wrapper\">\r\n\t<div class=\"wpb_text_column \">\r\n\t\t<div class=\"wpb_wrapper\">\r\n\t\t\t<h5 class=\"font_2\"><strong><span class=\"\" style=\"color: #2b65a6;\">\u00c0 PROPOS DE NOUS<\/span><\/strong><\/h5>\n\r\n\t\t<\/div>\r\n\t<\/div>\r\n<div class=\"w-separator size_small with_line width_default thick_1 style_solid color_custom align_center\" style=\"border-color:#2b65a6;color:#2b65a6;\"><div class=\"w-separator-h\"><\/div><\/div><div class=\"g-cols wpb_row  type_default valign_top vc_inner \"><div class=\"vc_col-sm-8 wpb_column vc_column_container\"><div class=\"vc_column-inner\"><div class=\"wpb_wrapper\"><div class=\"w-separator size_large\"><\/div>\r\n\t<div class=\"wpb_text_column \">\r\n\t\t<div class=\"wpb_wrapper\">\r\n\t\t\t<div id=\"comp-j0t7vu1k\" class=\"txtNew\" data-packed=\"true\">\n<p class=\"font_2\" style=\"text-align: justify;\">Depuis la cr\u00e9ation de notre soci\u00e9t\u00e9 en 1905, nous fournissons l\u2019une des gammes de sertisseuses la plus compl\u00e8te, de meilleure qualit\u00e9 et avec le meilleur rapport qualit\u00e9-prix du monde. Con\u00e7ues pour les bo\u00eetes de taille moyenne, petite et grande.<\/p>\n<\/div>\n\r\n\t\t<\/div>\r\n\t<\/div>\r\n<\/div><\/div><\/div><div class=\"vc_col-sm-4 wpb_column vc_column_container\"><div class=\"vc_column-inner\"><div class=\"wpb_wrapper\"><div class=\"w-image align_none\"><div class=\"w-image-h\"><img width=\"395\" height=\"255\" src=\"https:\/\/somme.com\/wp-content\/uploads\/2019\/07\/madespain.jpg\" class=\"attachment-large size-large\" alt=\"\" loading=\"lazy\" srcset=\"https:\/\/somme.com\/wp-content\/uploads\/2019\/07\/madespain.jpg 395w, https:\/\/somme.com\/wp-content\/uploads\/2019\/07\/madespain-300x194.jpg 300w\" sizes=\"(max-width: 395px) 100vw, 395px\" \/><\/div><\/div><\/div><\/div><\/div><\/div><div class=\"g-cols wpb_row  type_default valign_top vc_inner \"><div class=\"vc_col-sm-6 wpb_column vc_column_container\"><div class=\"vc_column-inner\"><div class=\"wpb_wrapper\"><div class=\"w-image align_none\"><div class=\"w-image-h\"><img width=\"640\" height=\"352\" src=\"https:\/\/somme.com\/wp-content\/uploads\/2019\/07\/EMPRESA1.jpg\" class=\"attachment-large size-large\" alt=\"\" loading=\"lazy\" srcset=\"https:\/\/somme.com\/wp-content\/uploads\/2019\/07\/EMPRESA1.jpg 711w, https:\/\/somme.com\/wp-content\/uploads\/2019\/07\/EMPRESA1-300x165.jpg 300w\" sizes=\"(max-width: 640px) 100vw, 640px\" \/><\/div><\/div><\/div><\/div><\/div><div class=\"vc_col-sm-6 wpb_column vc_column_container\"><div class=\"vc_column-inner\"><div class=\"wpb_wrapper\"><div class=\"w-image align_none\"><div class=\"w-image-h\"><img width=\"640\" height=\"352\" src=\"https:\/\/somme.com\/wp-content\/uploads\/2019\/10\/empresapadre-1.png\" class=\"attachment-large size-large\" alt=\"\" loading=\"lazy\" srcset=\"https:\/\/somme.com\/wp-content\/uploads\/2019\/10\/empresapadre-1.png 711w, https:\/\/somme.com\/wp-content\/uploads\/2019\/10\/empresapadre-1-300x165.png 300w\" sizes=\"(max-width: 640px) 100vw, 640px\" \/><\/div><\/div><\/div><\/div><\/div><\/div><div class=\"g-cols wpb_row  type_default valign_top vc_inner \"><div class=\"vc_col-sm-12 wpb_column vc_column_container\"><div class=\"vc_column-inner\"><div class=\"wpb_wrapper\"><div class=\"w-separator size_medium\"><\/div>\r\n\t<div class=\"wpb_text_column \">\r\n\t\t<div class=\"wpb_wrapper\">\r\n\t\t\t<p style=\"text-align: justify;\">Nous offrons des solutions de qualit\u00e9 totale pour le sertissage de tous types de bo\u00eetes irr\u00e9guli\u00e8res et rondes, des machines semi-automatiques et totalement automatiques, avec des vitesses pouvant aller de 10 \u00e0 600 bo\u00eetes minute. Nos familles de produits principales comprennent des sertisseuses de bo\u00eetes non rondes &#8211; irr\u00e9guli\u00e8res, des sertisseuses de bo\u00eetes rondes et des sertisseuses de bo\u00eetes \u00e0 vide.<\/p>\n\r\n\t\t<\/div>\r\n\t<\/div>\r\n<div class=\"w-separator size_small\"><\/div><\/div><\/div><\/div><\/div><div class=\"g-cols wpb_row  type_default valign_top vc_inner \"><div class=\"vc_col-sm-6 wpb_column vc_column_container\"><div class=\"vc_column-inner\"><div class=\"wpb_wrapper\"><div class=\"w-separator size_large\"><\/div><div class=\"w-iconbox iconpos_left style_default color_custom align_left no_title icontype_img\"><div class=\"w-iconbox-icon\" style=\"font-size:60px;color:#2b65a6;\"><img width=\"512\" height=\"512\" src=\"https:\/\/somme.com\/wp-content\/uploads\/2019\/07\/alimentos-enlatados.png\" class=\"attachment-full size-full\" alt=\"\" loading=\"lazy\" srcset=\"https:\/\/somme.com\/wp-content\/uploads\/2019\/07\/alimentos-enlatados.png 512w, https:\/\/somme.com\/wp-content\/uploads\/2019\/07\/alimentos-enlatados-150x150.png 150w, https:\/\/somme.com\/wp-content\/uploads\/2019\/07\/alimentos-enlatados-300x300.png 300w\" sizes=\"(max-width: 512px) 100vw, 512px\" \/><\/div><div class=\"w-iconbox-meta\"><div class=\"w-iconbox-text\"><h5><strong>Avec plus de 6000 machines vendues \u00e0 notre actif, JK SOMME d\u00e9tient aujourd\u2019hui la part de march\u00e9 la plus forte du segment des sertisseuses de bo\u00eetes irr\u00e9guli\u00e8res.<\/strong><\/h5>\n<\/div><\/div><\/div><\/div><\/div><\/div><div class=\"vc_col-sm-6 wpb_column vc_column_container\"><div class=\"vc_column-inner\"><div class=\"wpb_wrapper\"><div class=\"w-image align_none\"><div class=\"w-image-h\"><img width=\"640\" height=\"283\" src=\"https:\/\/somme.com\/wp-content\/uploads\/2019\/07\/LATAS-IRREGULARES.jpg\" class=\"attachment-large size-large\" alt=\"\" loading=\"lazy\" srcset=\"https:\/\/somme.com\/wp-content\/uploads\/2019\/07\/LATAS-IRREGULARES.jpg 645w, https:\/\/somme.com\/wp-content\/uploads\/2019\/07\/LATAS-IRREGULARES-300x133.jpg 300w\" sizes=\"(max-width: 640px) 100vw, 640px\" \/><\/div><\/div><\/div><\/div><\/div><\/div><div class=\"g-cols wpb_row  type_default valign_top vc_inner \"><div class=\"vc_col-sm-12 wpb_column vc_column_container\"><div class=\"vc_column-inner\"><div class=\"wpb_wrapper\"><div class=\"w-separator size_small\"><\/div>\r\n\t<div class=\"wpb_text_column \">\r\n\t\t<div class=\"wpb_wrapper\">\r\n\t\t\t<div id=\"comp-j2k9x3st\" class=\"txtNew\" data-packed=\"true\">\n<p class=\"font_8\" style=\"text-align: justify;\"><span class=\"color_14\">us sommes sp\u00e9cialis\u00e9s dans le sertissage de bo\u00eetes irr\u00e9guli\u00e8res comme les club 1\/4. les dingley, les hansa, 1\/15m 1\/4 ovales, 1 livre ovales, 1\/ P-long, \/4, bo\u00eetes de caf\u00e9 1-2-3, jockey, formes de poire, snack, fiesta, bo\u00eetes spam, etc.<\/span><\/p>\n<p>Le si\u00e8ge social espagnol de JK SOMME est situ\u00e9 \u00e0 Santecilla de Mena, \u00e0 c\u00f4t\u00e9 de Bilbao. Dans le b\u00e2timent de 2000 m2 sont situ\u00e9s tous les d\u00e9partements de la soci\u00e9t\u00e9 : bureaux commerciaux, techniques, atelier d\u2019usinage de pi\u00e8ces et halle d&#8217;assemblage des machines. Aujourd\u2019hui la soci\u00e9t\u00e9 emploie environ 30 personnes.<\/p>\n<\/div>\n\r\n\t\t<\/div>\r\n\t<\/div>\r\n<\/div><\/div><\/div><\/div><\/div><\/div><\/div><\/div><\/div><\/section><section class=\"l-section wpb_row height_auto\"><div class=\"l-section-h i-cf\"><div class=\"g-cols vc_row type_default valign_top\"><div class=\"vc_col-sm-12 wpb_column vc_column_container\"><div class=\"vc_column-inner\"><div class=\"wpb_wrapper\"><div class=\"w-grid type_grid layout_6041 cols_3 height_fixed\" id=\"us_grid_1\"><style id=\"us_grid_1_css\">#us_grid_1 .w-grid-item{padding:0.5rem}#us_grid_1 .w-grid-list{margin:-0.5rem}.w-grid + #us_grid_1 .w-grid-list{margin-top:0.5rem}.l-section.width_full>div>div>.vc_col-sm-12>div>div>#us_grid_1 .w-grid-list{margin-left:0.5rem;margin-right:0.5rem}.l-section.height_auto>div>div>.vc_col-sm-12>div>div>#us_grid_1:first-child .w-grid-list{margin-top:0.5rem}.l-section.height_auto>div>div>.vc_col-sm-12>div>div>#us_grid_1:last-child .w-grid-list{margin-bottom:0.5rem}@media (max-width:899px){#us_grid_1 .w-grid-item{width:50%}#us_grid_1 .w-grid-item.size_2x1,#us_grid_1 .w-grid-item.size_2x2{width:100%}}@media (max-width:599px){#us_grid_1 .w-grid-list{margin:0}#us_grid_1 .w-grid-item{width:100%;padding:0;margin-bottom:0.5rem}}<\/style><style>#us_grid_1 .w-grid-item-h:before{padding-bottom:75.0000%}@media (min-width:600px){#us_grid_1 .w-grid-item.size_1x2 .w-grid-item-h:before{padding-bottom:calc(150% + 0.5rem + 0.5rem)}#us_grid_1 .w-grid-item.size_2x1 .w-grid-item-h:before{padding-bottom:calc(37.5% - 0.5rem * 0.75)}#us_grid_1 .w-grid-item.size_2x2 .w-grid-item-h:before{padding-bottom:calc(75% - 0.5rem * -0.5)}}#us_grid_1 .w-grid-item-h{}#us_grid_1 .usg_post_image_1{border-radius:0}#us_grid_1 .usg_post_image_1{transition-duration:0.3s;transform:scale(1) translate(0%,0%)}#us_grid_1 .w-grid-item-h:hover .usg_post_image_1{transform:scale(1) translate(0%,0%);opacity:0.2}#us_grid_1 .usg_vwrapper_1{border-radius:0}#us_grid_1 .usg_post_title_1{font-weight:700;font-size:1.5rem;border-radius:0}#us_grid_1 .usg_post_title_1{transition-duration:0.35s;transform:scale(1) translate(0%,-60%);opacity:0}#us_grid_1 .w-grid-item-h:hover .usg_post_title_1{transform:scale(1) translate(0%,0%);opacity:1}#us_grid_1 .usg_post_image_1{position:absolute;top:0;right:0;bottom:0;left:0}#us_grid_1 .usg_vwrapper_1{position:absolute;top:0;right:0;bottom:0;left:0;padding:2rem}<\/style><div class=\"w-grid-list\"><article class=\"w-grid-item ratio_4x3 post-11351 attachment type-attachment status-inherit hentry\" data-id=\"11351\">\r\n\t<div class=\"w-grid-item-h\">\r\n\t\t\t\t<div class=\"w-post-elm post_image usg_post_image_1 stretched\"><img width=\"640\" height=\"479\" src=\"https:\/\/somme.com\/wp-content\/uploads\/2019\/07\/empresa1.png\" class=\"attachment-medium_large size-medium_large\" alt=\"\" loading=\"lazy\" srcset=\"https:\/\/somme.com\/wp-content\/uploads\/2019\/07\/empresa1.png 749w, https:\/\/somme.com\/wp-content\/uploads\/2019\/07\/empresa1-300x224.png 300w\" sizes=\"(max-width: 640px) 100vw, 640px\" \/><\/div><div class=\"w-vwrapper usg_vwrapper_1 align_left valign_bottom \"><h2 class=\"w-post-elm post_title usg_post_title_1 entry-title\">Can seamer workshop<\/h2><\/div>\t<\/div>\r\n<\/article>\r\n<article class=\"w-grid-item ratio_4x3 post-10466 attachment type-attachment status-inherit hentry\" data-id=\"10466\">\r\n\t<div class=\"w-grid-item-h\">\r\n\t\t\t\t<div class=\"w-post-elm post_image usg_post_image_1 stretched\"><img width=\"640\" height=\"288\" src=\"https:\/\/somme.com\/wp-content\/uploads\/2019\/07\/emprensa2.png\" class=\"attachment-medium_large size-medium_large\" alt=\"\" loading=\"lazy\" srcset=\"https:\/\/somme.com\/wp-content\/uploads\/2019\/07\/emprensa2.png 1010w, https:\/\/somme.com\/wp-content\/uploads\/2019\/07\/emprensa2-300x135.png 300w\" sizes=\"(max-width: 640px) 100vw, 640px\" \/><\/div><div class=\"w-vwrapper usg_vwrapper_1 align_left valign_bottom \"><h2 class=\"w-post-elm post_title usg_post_title_1 entry-title\">can sealer workshop<\/h2><\/div>\t<\/div>\r\n<\/article>\r\n<article class=\"w-grid-item ratio_4x3 post-10467 attachment type-attachment status-inherit hentry\" data-id=\"10467\">\r\n\t<div class=\"w-grid-item-h\">\r\n\t\t\t\t<div class=\"w-post-elm post_image usg_post_image_1 stretched\"><img width=\"640\" height=\"473\" src=\"https:\/\/somme.com\/wp-content\/uploads\/2019\/07\/emprensa3.png\" class=\"attachment-medium_large size-medium_large\" alt=\"\" loading=\"lazy\" srcset=\"https:\/\/somme.com\/wp-content\/uploads\/2019\/07\/emprensa3.png 759w, https:\/\/somme.com\/wp-content\/uploads\/2019\/07\/emprensa3-300x222.png 300w\" sizes=\"(max-width: 640px) 100vw, 640px\" \/><\/div><div class=\"w-vwrapper usg_vwrapper_1 align_left valign_bottom \"><h2 class=\"w-post-elm post_title usg_post_title_1 entry-title\">Canning machine workshop<\/h2><\/div>\t<\/div>\r\n<\/article>\r\n<article class=\"w-grid-item ratio_4x3 post-10468 attachment type-attachment status-inherit hentry\" data-id=\"10468\">\r\n\t<div class=\"w-grid-item-h\">\r\n\t\t\t\t<div class=\"w-post-elm post_image usg_post_image_1 stretched\"><img width=\"640\" height=\"473\" src=\"https:\/\/somme.com\/wp-content\/uploads\/2019\/07\/emprensa4.png\" class=\"attachment-medium_large size-medium_large\" alt=\"\" loading=\"lazy\" srcset=\"https:\/\/somme.com\/wp-content\/uploads\/2019\/07\/emprensa4.png 759w, https:\/\/somme.com\/wp-content\/uploads\/2019\/07\/emprensa4-300x222.png 300w\" sizes=\"(max-width: 640px) 100vw, 640px\" \/><\/div><div class=\"w-vwrapper usg_vwrapper_1 align_left valign_bottom \"><h2 class=\"w-post-elm post_title usg_post_title_1 entry-title\">Can seaming manufacturing<\/h2><\/div>\t<\/div>\r\n<\/article>\r\n<article class=\"w-grid-item ratio_4x3 post-10469 attachment type-attachment status-inherit hentry\" data-id=\"10469\">\r\n\t<div class=\"w-grid-item-h\">\r\n\t\t\t\t<div class=\"w-post-elm post_image usg_post_image_1 stretched\"><img width=\"640\" height=\"474\" src=\"https:\/\/somme.com\/wp-content\/uploads\/2019\/07\/emprensa5JPG.png\" class=\"attachment-medium_large size-medium_large\" alt=\"\" loading=\"lazy\" srcset=\"https:\/\/somme.com\/wp-content\/uploads\/2019\/07\/emprensa5JPG.png 766w, https:\/\/somme.com\/wp-content\/uploads\/2019\/07\/emprensa5JPG-300x222.png 300w\" sizes=\"(max-width: 640px) 100vw, 640px\" \/><\/div><div class=\"w-vwrapper usg_vwrapper_1 align_left valign_bottom \"><h2 class=\"w-post-elm post_title usg_post_title_1 entry-title\">Machining workshop<\/h2><\/div>\t<\/div>\r\n<\/article>\r\n<article class=\"w-grid-item ratio_4x3 post-11345 attachment type-attachment status-inherit hentry\" data-id=\"11345\">\r\n\t<div class=\"w-grid-item-h\">\r\n\t\t\t\t<div class=\"w-post-elm post_image usg_post_image_1 stretched\"><img width=\"640\" height=\"485\" src=\"https:\/\/somme.com\/wp-content\/uploads\/2019\/07\/emprensa6.png\" class=\"attachment-medium_large size-medium_large\" alt=\"\" loading=\"lazy\" srcset=\"https:\/\/somme.com\/wp-content\/uploads\/2019\/07\/emprensa6.png 758w, https:\/\/somme.com\/wp-content\/uploads\/2019\/07\/emprensa6-300x227.png 300w\" sizes=\"(max-width: 640px) 100vw, 640px\" \/><\/div><div class=\"w-vwrapper usg_vwrapper_1 align_left valign_bottom \"><h2 class=\"w-post-elm post_title usg_post_title_1 entry-title\">Can seamer warehouse<\/h2><\/div>\t<\/div>\r\n<\/article>\r\n<\/div>\t<div class=\"w-grid-json hidden\" onclick='return {&quot;ajax_url&quot;:&quot;https:\\\/\\\/somme.com\\\/wp-admin\\\/admin-ajax.php&quot;,&quot;permalink_url&quot;:&quot;https:\\\/\\\/somme.com\\\/fr\\\/emprensa6-3\\\/&quot;,&quot;action&quot;:&quot;us_ajax_grid&quot;,&quot;max_num_pages&quot;:1,&quot;infinite_scroll&quot;:0,&quot;template_vars&quot;:{&quot;query_args&quot;:{&quot;post_type&quot;:[&quot;attachment&quot;],&quot;post__in&quot;:[&quot;7826&quot;,&quot;7842&quot;,&quot;7841&quot;,&quot;7840&quot;,&quot;7839&quot;,&quot;7828&quot;],&quot;post_status&quot;:&quot;inherit&quot;,&quot;post_mime_type&quot;:&quot;image&quot;,&quot;orderby&quot;:{&quot;post__in&quot;:&quot;DESC&quot;},&quot;posts_per_page&quot;:&quot;6&quot;},&quot;post_id&quot;:10447,&quot;us_grid_index&quot;:1,&quot;us_grid_ajax_index&quot;:1,&quot;exclude_items&quot;:&quot;none&quot;,&quot;items_offset&quot;:&quot;1&quot;,&quot;items_layout&quot;:&quot;6041&quot;,&quot;type&quot;:&quot;grid&quot;,&quot;columns&quot;:&quot;3&quot;,&quot;img_size&quot;:&quot;default&quot;,&quot;overriding_link&quot;:&quot;none&quot;,&quot;lang&quot;:&quot;fr&quot;}}'><\/div>\r\n<\/div><\/div><\/div><\/div><\/div><\/div><\/section><section class=\"l-section wpb_row height_medium dotted-blue\"><div class=\"l-section-h i-cf\"><div class=\"g-cols vc_row type_default valign_top\"><div class=\"vc_col-sm-12 wpb_column vc_column_container\"><div class=\"vc_column-inner\"><div class=\"wpb_wrapper\">\r\n\t<div class=\"wpb_text_column \">\r\n\t\t<div class=\"wpb_wrapper\">\r\n\t\t\t<h5 class=\"font_2\"><strong><span style=\"color: #2b65a6;\">NOTRE MISSION<\/span><\/strong><\/h5>\n\r\n\t\t<\/div>\r\n\t<\/div>\r\n<div class=\"w-separator size_small with_line width_default thick_1 style_solid color_custom align_center\" style=\"border-color:#2b65a6;color:#2b65a6;\"><div class=\"w-separator-h\"><\/div><\/div>\r\n\t<div class=\"wpb_text_column \">\r\n\t\t<div class=\"wpb_wrapper\">\r\n\t\t\t<div id=\"comp-j0t84jka\" class=\"txtNew\" data-packed=\"true\">\n<p>&nbsp;<\/p>\n<\/div>\n<div id=\"comp-j0t84jka1\" class=\"txtNew\" data-packed=\"true\">\n<ul class=\"font_8\">\n<li class=\"font_8\"><span class=\"color_14\">Cr\u00e9er un rapport particulier avec nos clients en apportant une solution rapide \u00e0 leurs besoins et en leur fournissant des sertisseuses de bo\u00eetes innovantes et efficaces.<\/span><\/li>\n<\/ul>\n<ul class=\"font_8\">\n<li class=\"font_8\"><span class=\"color_14\">Conserver la rentabilit\u00e9 sans sacrifier pour autant la qualit\u00e9, le service et la fiabilit\u00e9. Tout en assurant un environnement de travail s\u00fbr pour nos employ\u00e9s, o\u00f9 ils peuvent d\u00e9velopper leurs capacit\u00e9s, et o\u00f9 l&#8217;excellence est reconnue et r\u00e9compens\u00e9e.<\/span><\/li>\n<\/ul>\n<ul class=\"font_8\">\n<li class=\"font_8\"><span class=\"color_14\">Nous nous concentrons sur les besoins de nos clients, ce que d\u00e9montre notre engagement envers la qualit\u00e9, la flexibilit\u00e9, la fiabilit\u00e9 et l&#8217;excellence.<\/span><\/li>\n<\/ul>\n<\/div>\n\r\n\t\t<\/div>\r\n\t<\/div>\r\n<div class=\"w-separator size_huge\"><\/div>\r\n\t<div class=\"wpb_text_column \">\r\n\t\t<div class=\"wpb_wrapper\">\r\n\t\t\t<h5 class=\"font_2\"><strong><span style=\"color: #2b65a6;\">NOS VALEURS<\/span><\/strong><\/h5>\n\r\n\t\t<\/div>\r\n\t<\/div>\r\n<div class=\"w-separator size_small with_line width_default thick_1 style_solid color_custom align_center\" style=\"border-color:#2b65a6;color:#2b65a6;\"><div class=\"w-separator-h\"><\/div><\/div>\r\n\t<div class=\"wpb_text_column \">\r\n\t\t<div class=\"wpb_wrapper\">\r\n\t\t\t<div id=\"comp-j0t84jka\" class=\"txtNew\" data-packed=\"true\">\n<div id=\"comp-j2k9oeze\" class=\"txtNew\" data-packed=\"true\">\n<p>&nbsp;<\/p>\n<\/div>\n<div id=\"comp-j0t8drmn1\" class=\"txtNew\" data-packed=\"true\">\n<ul class=\"font_8\">\n<li class=\"font_8\"><span class=\"color_14\"><span style=\"color: #2b65a6;\"><strong>Innovation et technologie:<\/strong><\/span>En \u00e9tant \u00e0 l\u2019\u00e9coute de nos clients et en r\u00e9agissant souplement aux changements gr\u00e2ce \u00e0 notre investissement en R&amp;D, JK SOMME innove en permanence pour s&#8217;assurer que ses sertisseuses de bo\u00eete sont bien \u00e0 l&#8217;avant-garde de la technologie.<\/span><\/li>\n<\/ul>\n<ul class=\"font_8\">\n<li class=\"font_8\"><span class=\"color_14\"><span style=\"color: #2b65a6;\"><strong>Programme de service client:<\/strong><\/span>Une soci\u00e9t\u00e9 qui vise l&#8217;excellence du service client et est facilement capable de s\u2019adapter aux exigences de chaque client individuel.<\/span><\/li>\n<\/ul>\n<ul class=\"font_8\">\n<li class=\"font_8\"><span class=\"color_14\"><span style=\"color: #2b65a6;\"><strong>La touche humaine:<\/strong><\/span> Nous travaillons avec des employ\u00e9s hautement qualifi\u00e9s et passionn\u00e9s, qui sont \u00e0 m\u00eame de fournir la meilleure solution \u00e0 vos besoins.<\/span><\/li>\n<\/ul>\n<ul class=\"font_8\">\n<li class=\"font_8\"><span class=\"color_14\"><span style=\"color: #2b65a6;\"><strong>Excellence dans la qualit\u00e9:<\/strong><\/span>\u00a0La qualit\u00e9 est la base de tous les aspects de notre activit\u00e9, du contact initial avec notre \u00e9quipe commerciale \u00e0 une machine toujours op\u00e9rationnelle 30 ans plus tard.<\/span><\/li>\n<\/ul>\n<\/div>\n<\/div>\n\r\n\t\t<\/div>\r\n\t<\/div>\r\n<div class=\"w-separator size_large\"><\/div><div class=\"g-cols wpb_row  type_default valign_top vc_inner \"><div class=\"vc_col-sm-12 wpb_column vc_column_container\"><div class=\"vc_column-inner\"><div class=\"wpb_wrapper\">\r\n\t<div class=\"wpb_text_column \">\r\n\t\t<div class=\"wpb_wrapper\">\r\n\t\t\t<h5 class=\"font_2\"><strong><span style=\"color: #2b65a6;\">NOTRE VISION<\/span><\/strong><\/h5>\n<p>&nbsp;<\/p>\n\r\n\t\t<\/div>\r\n\t<\/div>\r\n<div class=\"w-separator size_small with_line width_default thick_1 style_solid color_custom align_center\" style=\"border-color:#2b65a6;color:#2b65a6;\"><div class=\"w-separator-h\"><\/div><\/div>\r\n\t<div class=\"wpb_text_column \">\r\n\t\t<div class=\"wpb_wrapper\">\r\n\t\t\t<div id=\"comp-j0t84jka\" class=\"txtNew\" data-packed=\"true\">\n<div id=\"comp-j2k9gbaj\" class=\"txtNew\" data-packed=\"true\">\n<p>&nbsp;<\/p>\n<\/div>\n<div id=\"comp-j0t8appb\" class=\"txtNew\" data-packed=\"true\">\n<ul class=\"font_8\">\n<li class=\"font_8\"><span class=\"color_14\">\u00catre le premier fournisseur de sertisseuses de bo\u00eetes.<\/span><\/li>\n<\/ul>\n<ul class=\"font_8\">\n<li class=\"font_8\"><span class=\"color_14\">Devenir les leaders technologiques gr\u00e2ce \u00e0 notre \u00e9quipe passionn\u00e9e qui recherche \u00e0 tout moment l&#8217;excellence de notre service client.<\/span><\/li>\n<\/ul>\n<\/div>\n<\/div>\n\r\n\t\t<\/div>\r\n\t<\/div>\r\n<\/div><\/div><\/div><\/div><\/div><\/div><\/div><\/div><\/div><\/section>\n","protected":false},"excerpt":{"rendered":"","protected":false},"author":2,"featured_media":0,"parent":0,"menu_order":0,"comment_status":"closed","ping_status":"closed","template":"","meta":{"sfsi_plus_gutenberg_text_before_share":"","sfsi_plus_gutenberg_show_text_before_share":"","sfsi_plus_gutenberg_icon_type":"","sfsi_plus_gutenberg_icon_alignemt":"","sfsi_plus_gutenburg_max_per_row":""},"_links":{"self":[{"href":"https:\/\/somme.com\/fr\/wp-json\/wp\/v2\/pages\/10447"}],"collection":[{"href":"https:\/\/somme.com\/fr\/wp-json\/wp\/v2\/pages"}],"about":[{"href":"https:\/\/somme.com\/fr\/wp-json\/wp\/v2\/types\/page"}],"author":[{"embeddable":true,"href":"https:\/\/somme.com\/fr\/wp-json\/wp\/v2\/users\/2"}],"replies":[{"embeddable":true,"href":"https:\/\/somme.com\/fr\/wp-json\/wp\/v2\/comments?post=10447"}],"version-history":[{"count":12,"href":"https:\/\/somme.com\/fr\/wp-json\/wp\/v2\/pages\/10447\/revisions"}],"predecessor-version":[{"id":16815,"href":"https:\/\/somme.com\/fr\/wp-json\/wp\/v2\/pages\/10447\/revisions\/16815"}],"wp:attachment":[{"href":"https:\/\/somme.com\/fr\/wp-json\/wp\/v2\/media?parent=10447"}],"curies":[{"name":"wp","href":"https:\/\/api.w.org\/{rel}","templated":true}]}}