{"id":10631,"date":"2015-12-28T15:09:36","date_gmt":"2015-12-28T15:09:36","guid":{"rendered":"https:\/\/somme.com\/empresa\/fabricacion\/"},"modified":"2020-02-14T11:53:11","modified_gmt":"2020-02-14T11:53:11","slug":"fabrication","status":"publish","type":"page","link":"https:\/\/somme.com\/fr\/entreprise\/fabrication\/","title":{"rendered":"Fabrication"},"content":{"rendered":"<section class=\"l-section wpb_row height_auto width_full parallax_ver\"><div class=\"l-section-h i-cf\"><div class=\"g-cols vc_row type_default valign_top\"><div class=\"vc_col-sm-12 wpb_column vc_column_container\"><div class=\"vc_column-inner\"><div class=\"wpb_wrapper\">[rev_slider_vc alias=&#8221;fabricacion&#8221;]<\/div><\/div><\/div><\/div><\/div><\/section><section class=\"l-section wpb_row height_auto color_custom\" style=\"background: #1c528b;\"><div class=\"l-section-h i-cf\"><div class=\"g-cols vc_row type_default valign_top\"><div class=\"vc_col-sm-12 wpb_column vc_column_container\"><div class=\"vc_column-inner\"><div class=\"wpb_wrapper\"><div class=\"g-cols wpb_row  type_default valign_top vc_inner \"><div class=\"vc_col-sm-12 wpb_column vc_column_container\"><div class=\"vc_column-inner\"><div class=\"wpb_wrapper\"><div class=\"w-separator size_medium\"><\/div>\r\n\t<div class=\"wpb_text_column \">\r\n\t\t<div class=\"wpb_wrapper\">\r\n\t\t\t<div id=\"comp-j09acica\" class=\"txtNew\" data-packed=\"true\">\n<h1 class=\"font_0\" style=\"text-align: center;\"><span class=\"color_11\" style=\"color: #f5f5f5;\">PROC\u00c9D\u00c9 DE FABRICATION D\u2019UNE SERTISSEUSE<\/span><\/h1>\n<\/div>\n\r\n\t\t<\/div>\r\n\t<\/div>\r\n<div class=\"w-separator size_small\"><\/div>\r\n\t<div class=\"wpb_text_column \">\r\n\t\t<div class=\"wpb_wrapper\">\r\n\t\t\t<p style=\"text-align: center;\"><span style=\"color: #f5f5f5;\">Une sertisseuse de bo\u00eetes est enti\u00e8rement fabriqu\u00e9e \u00e0 la main et avec une grande pr\u00e9cision. On peut comparer le proc\u00e9d\u00e9 \u00e0 celui de l&#8217;assemblage d\u2019une montre suisse, o\u00f9 le professionnalisme et l\u2019expertise du monteur joue un r\u00f4le fondamental. La pr\u00e9cision de l\u2019usinage de toutes les pi\u00e8ces doit \u00eatre totale, et les tol\u00e9rances les plus basses possible.<\/span><\/p>\n\r\n\t\t<\/div>\r\n\t<\/div>\r\n<\/div><\/div><\/div><\/div><div class=\"g-cols wpb_row  type_default valign_top vc_inner  vc_custom_1563870667329\"><div class=\"vc_col-sm-3 wpb_column vc_column_container\"><div class=\"vc_column-inner\"><div class=\"wpb_wrapper\"><div class=\"w-separator size_medium\"><\/div><div class=\"w-btn-wrapper width_auto align_center\"><a class=\"w-btn us-btn-style_8\" href=\"https:\/\/somme.com\/fr\/entreprise\/a-porpos-de-nous\/\"><span class=\"w-btn-label\">\u00c0 PROPOS DE NOUS<\/span><\/a><\/div><\/div><\/div><\/div><div class=\"vc_col-sm-3 wpb_column vc_column_container\"><div class=\"vc_column-inner\"><div class=\"wpb_wrapper\"><div class=\"w-separator size_medium\"><\/div><div class=\"w-btn-wrapper width_auto align_center\"><a class=\"w-btn us-btn-style_8\" href=\"https:\/\/somme.com\/fr\/entreprise\/histoire\/\"><span class=\"w-btn-label\">NOTRE HISTOIRE<\/span><\/a><\/div><\/div><\/div><\/div><div class=\"vc_col-sm-3 wpb_column vc_column_container\"><div class=\"vc_column-inner\"><div class=\"wpb_wrapper\"><div class=\"w-separator size_medium\"><\/div><div class=\"w-btn-wrapper width_auto align_center\"><a class=\"w-btn us-btn-style_4\" href=\"https:\/\/somme.com\/fr\/entreprise\/fabrication\/\"><span class=\"w-btn-label\">FABRICATION<\/span><\/a><\/div><\/div><\/div><\/div><div class=\"vc_col-sm-3 wpb_column vc_column_container\"><div class=\"vc_column-inner\"><div class=\"wpb_wrapper\"><div class=\"w-separator size_medium\"><\/div><div class=\"w-btn-wrapper width_auto align_center\"><a class=\"w-btn us-btn-style_8\" href=\"https:\/\/somme.com\/fr\/entreprise\/service-apres-vente-sertisseuses-de-boites\/\"><span class=\"w-btn-label\">APR\u00c8S VENTE<\/span><\/a><\/div><\/div><\/div><\/div><\/div><\/div><\/div><\/div><\/div><\/div><\/section><section class=\"l-section wpb_row height_medium with_overlay\"><div class=\"l-section-overlay\" style=\"background: #ededed\"><\/div><div class=\"l-section-h i-cf\"><div class=\"g-cols vc_row type_default valign_top\"><div class=\"vc_col-sm-12 wpb_column vc_column_container\"><div class=\"vc_column-inner\"><div class=\"wpb_wrapper\">\r\n\t<div class=\"wpb_text_column \">\r\n\t\t<div class=\"wpb_wrapper\">\r\n\t\t\t<h5 style=\"text-align: center;\"><span style=\"color: #1c528b;\"><strong>JK SOMME<\/strong> <span style=\"color: #000000;\">dispose d\u2019une grande gamme de sertisseuses de bo\u00eetes. L\u2019un de nos mod\u00e8les les plus populaires est la MASTER 440 ECO. Nous expliquons dans cette section tout le processus de fabrication en d\u00e9tail.<\/span><\/span><\/h5>\n\r\n\t\t<\/div>\r\n\t<\/div>\r\n<\/div><\/div><\/div><\/div><\/div><\/section><section class=\"l-section wpb_row height_medium dotted-blue\"><div class=\"l-section-h i-cf\"><div class=\"g-cols vc_row type_default valign_top\"><div class=\"vc_col-sm-12 wpb_column vc_column_container\"><div class=\"vc_column-inner\"><div class=\"wpb_wrapper\">\r\n\t<div class=\"wpb_text_column \">\r\n\t\t<div class=\"wpb_wrapper\">\r\n\t\t\t<div id=\"comp-j3e6vtzy\" class=\"txtNew\" data-packed=\"true\">\n<h4 class=\"font_2\"><strong><span style=\"color: #1c528b;\">LANCEMENT DE LA S\u00c9RIE<\/span><\/strong><\/h4>\n<\/div>\n\r\n\t\t<\/div>\r\n\t<\/div>\r\n<div class=\"w-separator size_small with_line width_default thick_1 style_solid color_custom align_center\" style=\"border-color:#2b65a6;color:#2b65a6;\"><div class=\"w-separator-h\"><\/div><\/div>\r\n\t<div class=\"wpb_text_column \">\r\n\t\t<div class=\"wpb_wrapper\">\r\n\t\t\t<div id=\"comp-j3e6vtzy\" class=\"txtNew\" data-packed=\"true\">\n<p class=\"font_2\"><span style=\"font-size: 18px;\">Les commandes sont pass\u00e9es pour la fabrication et la fourniture de pi\u00e8ces. Il existe deux types de pi\u00e8ces.<\/span><\/p>\n<\/div>\n<p>&nbsp;<\/p>\n<div id=\"comp-j43zvwki\" class=\"txtNew\" data-packed=\"true\">\n<ul class=\"font_6\">\n<li class=\"font_6\"><span class=\"color_14\"><span style=\"color: #2b65a6;\"><strong>Les pi\u00e8ces personnalis\u00e9es<\/strong><\/span>\u00a0fabriqu\u00e9es par JK SOMME et les ateliers associ\u00e9s. Nos centres de fourniture sont:<\/span>\n<ul>\n<li class=\"font_8\"><span class=\"color_14\">Atelier d\u2019usinage de JK SOMME<\/span><\/li>\n<li class=\"font_8\"><span class=\"color_14\">Ateliers d\u2019usinage nationaux<\/span><\/li>\n<li class=\"font_8\"><span class=\"color_14\">Ateliers d\u2019usinage \u00e9trangers<\/span><\/li>\n<li class=\"font_8\"><span class=\"color_14\">Fonderie<\/span><\/li>\n<\/ul>\n<\/li>\n<\/ul>\n<ul class=\"font_6\">\n<li class=\"font_6\"><span class=\"color_14\"><span style=\"color: #2b65a6;\"><strong>Les pi\u00e8ces commerciales,<\/strong><\/span>, fournies par des fabricants de tout premier ordre comme: roulements, variateurs de moteur, PLC, v\u00e9rins pneumatiques, etc.<\/span><\/li>\n<\/ul>\n<\/div>\n\r\n\t\t<\/div>\r\n\t<\/div>\r\n<div class=\"w-separator size_large\"><\/div><div class=\"w-iconbox iconpos_left style_default color_custom align_center no_title\"><div class=\"w-iconbox-icon\" style=\"font-size:50px;color:#1c528b;\"><i class=\"fas fa-cog\"><\/i><\/div><div class=\"w-iconbox-meta\"><div class=\"w-iconbox-text\"><h5 style=\"text-align: justify;\"><strong><span style=\"color: #000000;\">Les sertisseuses de bo\u00eetes sont fabriqu\u00e9es en s\u00e9rie. Le nombre d\u2019ensembles par s\u00e9rie d\u00e9pend des pr\u00e9visions fournies par le d\u00e9partement commercial. De cette mani\u00e8re nous pouvons \u00e9conomiser sur la production puisque la fabrication de pi\u00e8ces pour une seule machine n&#8217;est pas rentable.<\/span><\/strong><\/h5>\n<\/div><\/div><\/div><\/div><\/div><\/div><\/div><\/div><\/section><section class=\"l-section wpb_row height_auto\"><div class=\"l-section-h i-cf\"><div class=\"g-cols vc_row type_default valign_top\"><div class=\"vc_col-sm-6 wpb_column vc_column_container\"><div class=\"vc_column-inner\"><div class=\"wpb_wrapper\"><div class=\"w-image align_center\"><div class=\"w-image-h\"><img width=\"494\" height=\"324\" src=\"https:\/\/somme.com\/wp-content\/uploads\/2019\/07\/FOTO1.jpg\" class=\"attachment-large size-large\" alt=\"\" loading=\"lazy\" srcset=\"https:\/\/somme.com\/wp-content\/uploads\/2019\/07\/FOTO1.jpg 494w, https:\/\/somme.com\/wp-content\/uploads\/2019\/07\/FOTO1-300x197.jpg 300w\" sizes=\"(max-width: 494px) 100vw, 494px\" \/><\/div><\/div><\/div><\/div><\/div><div class=\"vc_col-sm-6 wpb_column vc_column_container\"><div class=\"vc_column-inner\"><div class=\"wpb_wrapper\"><div class=\"w-image align_center\"><div class=\"w-image-h\"><img width=\"484\" height=\"320\" src=\"https:\/\/somme.com\/wp-content\/uploads\/2019\/07\/FOTO2.jpg\" class=\"attachment-large size-large\" alt=\"\" loading=\"lazy\" srcset=\"https:\/\/somme.com\/wp-content\/uploads\/2019\/07\/FOTO2.jpg 484w, https:\/\/somme.com\/wp-content\/uploads\/2019\/07\/FOTO2-300x198.jpg 300w\" sizes=\"(max-width: 484px) 100vw, 484px\" \/><\/div><\/div><\/div><\/div><\/div><\/div><\/div><\/section><section class=\"l-section wpb_row height_medium\"><div class=\"l-section-h i-cf\"><div class=\"g-cols vc_row type_default valign_top\"><div class=\"vc_col-sm-12 wpb_column vc_column_container\"><div class=\"vc_column-inner\"><div class=\"wpb_wrapper\">\r\n\t<div class=\"wpb_text_column \">\r\n\t\t<div class=\"wpb_wrapper\">\r\n\t\t\t<div id=\"comp-j3e6x1ky\" class=\"txtNew\" data-packed=\"true\">\n<h4 class=\"font_2\"><strong><span style=\"color: #1c528b;\">INSPECTION DES PI\u00c8CES ET MONTAGE DES GROUPES<\/span><\/strong><\/h4>\n<\/div>\n\r\n\t\t<\/div>\r\n\t<\/div>\r\n<div class=\"w-separator size_small with_line width_default thick_1 style_solid color_custom align_center\" style=\"border-color:#2b65a6;color:#2b65a6;\"><div class=\"w-separator-h\"><\/div><\/div>\r\n\t<div class=\"wpb_text_column \">\r\n\t\t<div class=\"wpb_wrapper\">\r\n\t\t\t<div id=\"comp-j3e6x1ky\" class=\"txtNew\" data-packed=\"true\">\n<p class=\"font_2\"><span style=\"font-size: 16px;\">Lorsque toutes les pi\u00e8ces sont pr\u00eates, une inspection de qualit\u00e9 exhaustive est r\u00e9alis\u00e9e. Apr\u00e8s cela elles sont transf\u00e9r\u00e9es vers l\u2019usine de montage, o\u00f9 25 sous-ensembles de pi\u00e8ces sont mont\u00e9s ensemble. Le corps principal, la bo\u00eete d&#8217;engrenages, la colonne, le clincheur et les engrenages principaux sont peints.<\/span><\/p>\n<\/div>\n\r\n\t\t<\/div>\r\n\t<\/div>\r\n<\/div><\/div><\/div><\/div><\/div><\/section><section class=\"l-section wpb_row height_auto\"><div class=\"l-section-h i-cf\"><div class=\"g-cols vc_row type_default valign_top\"><div class=\"vc_col-sm-12 wpb_column vc_column_container\"><div class=\"vc_column-inner\"><div class=\"wpb_wrapper\"><div class=\"w-image align_center\"><div class=\"w-image-h\"><img width=\"640\" height=\"195\" src=\"https:\/\/somme.com\/wp-content\/uploads\/2019\/07\/FLARGA-1024x312.jpg\" class=\"attachment-large size-large\" alt=\"\" loading=\"lazy\" srcset=\"https:\/\/somme.com\/wp-content\/uploads\/2019\/07\/FLARGA-1024x312.jpg 1024w, https:\/\/somme.com\/wp-content\/uploads\/2019\/07\/FLARGA-300x91.jpg 300w, https:\/\/somme.com\/wp-content\/uploads\/2019\/07\/FLARGA.jpg 1124w\" sizes=\"(max-width: 640px) 100vw, 640px\" \/><\/div><\/div><\/div><\/div><\/div><\/div><\/div><\/section><section class=\"l-section wpb_row height_medium\"><div class=\"l-section-h i-cf\"><div class=\"g-cols vc_row type_default valign_top\"><div class=\"vc_col-sm-12 wpb_column vc_column_container\"><div class=\"vc_column-inner\"><div class=\"wpb_wrapper\">\r\n\t<div class=\"wpb_text_column \">\r\n\t\t<div class=\"wpb_wrapper\">\r\n\t\t\t<div id=\"comp-j3e71b8e\" class=\"txtNew\" data-packed=\"true\">\n<h4 class=\"font_2\"><strong><span style=\"color: #1c528b;\">MONTAGE FINAL<\/span><\/strong><\/h4>\n<\/div>\n\r\n\t\t<\/div>\r\n\t<\/div>\r\n<div class=\"w-separator size_small with_line width_default thick_1 style_solid color_custom align_center\" style=\"border-color:#2b65a6;color:#2b65a6;\"><div class=\"w-separator-h\"><\/div><\/div>\r\n\t<div class=\"wpb_text_column \">\r\n\t\t<div class=\"wpb_wrapper\">\r\n\t\t\t<div id=\"comp-j3e71b8e\" class=\"txtNew\" data-packed=\"true\">\n<p class=\"font_2\"><span style=\"font-size: 16px;\">Lorsque tous les sous-ensembles sont finis, ils sont r\u00e9unis \u00e0 l\u2019int\u00e9rieur du b\u00e2ti principal de la sertisseuse. Un contr\u00f4le de fabrication important est r\u00e9alis\u00e9 \u00e0 ce stade ; il consiste en la v\u00e9rification de la concentricit\u00e9 entre la t\u00eate de sertissage et la plaque de levage. Lorsque le test est r\u00e9ussi, le tableau de commande \u00e9lectrique est install\u00e9.<\/span><\/p>\n<\/div>\n\r\n\t\t<\/div>\r\n\t<\/div>\r\n<div class=\"w-separator size_large\"><\/div><div class=\"w-iconbox iconpos_left style_default color_custom align_center no_title\"><div class=\"w-iconbox-icon\" style=\"font-size:50px;color:#1c528b;\"><i class=\"fas fa-cog\"><\/i><\/div><div class=\"w-iconbox-meta\"><div class=\"w-iconbox-text\"><h5 style=\"text-align: justify;\"><span style=\"color: #000000;\">Tous les \u00e9l\u00e9ments et les ensembles sont connect\u00e9s au moyen d&#8217;engrenages, de cha\u00eenes et de pignons. La pr\u00e9cision de l\u2019usinage de toutes les pi\u00e8ces doit \u00eatre totale, et les tol\u00e9rances les plus basses possible. Les machines-outils \u00e0 CNC nous permettent de fabriquer de la meilleure qualit\u00e9 possible.<\/span><\/h5>\n<\/div><\/div><\/div><\/div><\/div><\/div><\/div><\/div><\/section><section class=\"l-section wpb_row height_auto\"><div class=\"l-section-h i-cf\"><div class=\"g-cols vc_row type_default valign_top\"><div class=\"vc_col-sm-6 wpb_column vc_column_container\"><div class=\"vc_column-inner\"><div class=\"wpb_wrapper\"><div class=\"w-image align_none\"><div class=\"w-image-h\"><img width=\"503\" height=\"338\" src=\"https:\/\/somme.com\/wp-content\/uploads\/2019\/07\/F1.jpg\" class=\"attachment-large size-large\" alt=\"\" loading=\"lazy\" srcset=\"https:\/\/somme.com\/wp-content\/uploads\/2019\/07\/F1.jpg 503w, https:\/\/somme.com\/wp-content\/uploads\/2019\/07\/F1-300x202.jpg 300w\" sizes=\"(max-width: 503px) 100vw, 503px\" \/><\/div><\/div><\/div><\/div><\/div><div class=\"vc_col-sm-6 wpb_column vc_column_container\"><div class=\"vc_column-inner\"><div class=\"wpb_wrapper\"><div class=\"w-image align_none\"><div class=\"w-image-h\"><img width=\"599\" height=\"342\" src=\"https:\/\/somme.com\/wp-content\/uploads\/2019\/07\/F2.jpg\" class=\"attachment-large size-large\" alt=\"\" loading=\"lazy\" srcset=\"https:\/\/somme.com\/wp-content\/uploads\/2019\/07\/F2.jpg 599w, https:\/\/somme.com\/wp-content\/uploads\/2019\/07\/F2-300x171.jpg 300w\" sizes=\"(max-width: 599px) 100vw, 599px\" \/><\/div><\/div><\/div><\/div><\/div><\/div><\/div><\/section><section class=\"l-section wpb_row height_medium\"><div class=\"l-section-h i-cf\"><div class=\"g-cols vc_row type_default valign_top\"><div class=\"vc_col-sm-12 wpb_column vc_column_container\"><div class=\"vc_column-inner\"><div class=\"wpb_wrapper\">\r\n\t<div class=\"wpb_text_column \">\r\n\t\t<div class=\"wpb_wrapper\">\r\n\t\t\t<div id=\"comp-j3e73tiu\" class=\"txtNew\" data-packed=\"true\">\n<h4 class=\"font_2\"><strong><span style=\"color: #1c528b;\">INSTALLATION DE L\u2019OUTILLAGE ET ENSEMBLE DE SERTISSAGE<br \/>\n<\/span><\/strong><\/h4>\n<\/div>\n<div id=\"comp-j0dop8qi\" class=\"txtNew\" data-packed=\"true\">\n<p class=\"font_6\">\n<\/div>\n\r\n\t\t<\/div>\r\n\t<\/div>\r\n<div class=\"w-separator size_small with_line width_default thick_1 style_solid color_custom align_center\" style=\"border-color:#2b65a6;color:#2b65a6;\"><div class=\"w-separator-h\"><\/div><\/div>\r\n\t<div class=\"wpb_text_column \">\r\n\t\t<div class=\"wpb_wrapper\">\r\n\t\t\t<div id=\"comp-j3e73tiu\" class=\"txtNew\" data-packed=\"true\">\n<p class=\"font_2\"><span style=\"font-size: 16px;\">Jusqu\u2019\u00e0 ce stade, le proc\u00e9d\u00e9 de fabrication de toutes les sertisseuses est identique. C&#8217;est \u00e0 ce moment qu\u2019un \u00e9l\u00e9ment diff\u00e9renciateur est ajout\u00e9 : l\u2019outillage<\/span><\/p>\n<\/div>\n\r\n\t\t<\/div>\r\n\t<\/div>\r\n<div class=\"g-cols wpb_row  type_default valign_top vc_inner \"><div class=\"vc_col-sm-8 wpb_column vc_column_container\"><div class=\"vc_column-inner\"><div class=\"wpb_wrapper\"><div class=\"w-separator size_medium\"><\/div>\r\n\t<div class=\"wpb_text_column \">\r\n\t\t<div class=\"wpb_wrapper\">\r\n\t\t\t<p class=\"font_6\" style=\"text-align: justify;\">Un outillage est un ensemble de pi\u00e8ces fabriqu\u00e9es pour sertir un type de bo\u00eete de forme particuli\u00e8re. Les pi\u00e8ces qui composent un outillage sont le mandrin de sertissage et les rouleaux, le disque de copie, les crochets de sertissage, le bac \u00e0 couvercles, la cha\u00eene de couvercles, la rampe de chargement de couvercles, les axes de programmation, les plaques de clincheur, les guides, etc. Lors du design de l\u2019outillage, nous demandons au fabriquant de la bo\u00eete de nous fournir les sch\u00e9mas techniques du corps de la bo\u00eete et du couvercle, ainsi que leurs recommandations concernant les profils de rouleaux de sertissage.<\/p>\n<p class=\"font_8\" style=\"text-align: justify;\">Une fois fabriqu\u00e9es, elles sont install\u00e9es dans la sertisseuses et des tests de sertissage sont r\u00e9alis\u00e9s. Cela se fait avec des \u00e9chantillons de bo\u00eetes vides envoy\u00e9s par le client (300 bo\u00eetes et corps). Nous v\u00e9rifions les param\u00e8tres de sertissage obtenus (chevauchement, ondulations, etc.) et faisons des r\u00e9glages jusqu\u2019\u00e0 atteindre la perfection et l&#8217;acceptation finale. Puis nous montons les protections de s\u00e9curit\u00e9 et les voyants LED, et terminons l\u2019installation \u00e9lectrique.<\/p>\n\r\n\t\t<\/div>\r\n\t<\/div>\r\n<\/div><\/div><\/div><div class=\"vc_col-sm-4 wpb_column vc_column_container\"><div class=\"vc_column-inner\"><div class=\"wpb_wrapper\"><div class=\"w-separator size_small\"><\/div><div class=\"w-image align_none\"><div class=\"w-image-h\"><img width=\"353\" height=\"389\" src=\"https:\/\/somme.com\/wp-content\/uploads\/2019\/07\/Captura-1.jpg\" class=\"attachment-large size-large\" alt=\"\" loading=\"lazy\" srcset=\"https:\/\/somme.com\/wp-content\/uploads\/2019\/07\/Captura-1.jpg 353w, https:\/\/somme.com\/wp-content\/uploads\/2019\/07\/Captura-1-272x300.jpg 272w\" sizes=\"(max-width: 353px) 100vw, 353px\" \/><\/div><\/div><\/div><\/div><\/div><\/div><\/div><\/div><\/div><\/div><\/div><\/section><section class=\"l-section wpb_row height_auto\"><div class=\"l-section-h i-cf\" style=\"padding-bottom: 50px !important;\"><div class=\"g-cols vc_row type_default valign_top\"><div class=\"vc_col-sm-12 wpb_column vc_column_container\"><div class=\"vc_column-inner\"><div class=\"wpb_wrapper\">\r\n\t<div class=\"wpb_text_column \">\r\n\t\t<div class=\"wpb_wrapper\">\r\n\t\t\t<div id=\"comp-j3e789gp1\" class=\"txtNew\" data-packed=\"true\">\n<h4 class=\"font_2\"><strong><span style=\"color: #1c528b;\">TEST DE FONCTIONNEMENT \u00c0 VIDE<\/span><\/strong><\/h4>\n<\/div>\n\r\n\t\t<\/div>\r\n\t<\/div>\r\n<div class=\"w-separator size_small with_line width_default thick_1 style_solid color_custom align_center\" style=\"border-color:#2b65a6;color:#2b65a6;\"><div class=\"w-separator-h\"><\/div><\/div>\r\n\t<div class=\"wpb_text_column \">\r\n\t\t<div class=\"wpb_wrapper\">\r\n\t\t\t<div id=\"comp-j3e789gp1\" class=\"txtNew\" data-packed=\"true\">\n<p class=\"font_2\">La sertisseuse doit enfin r\u00e9ussir le test de \u00ab fonctionnement \u00e0 vide \u00bb. Celui-ci consiste \u00e0 laisser la machine tourner sans arr\u00eat \u00e0 vitesse moyenne pendant 24 heures.<\/p>\n<\/div>\n\r\n\t\t<\/div>\r\n\t<\/div>\r\n<div class=\"g-cols wpb_row  type_default valign_top vc_inner \"><div class=\"vc_col-sm-6 wpb_column vc_column_container\"><div class=\"vc_column-inner\"><div class=\"wpb_wrapper\"><div class=\"w-separator size_small\"><\/div>\r\n\t<div class=\"wpb_text_column \">\r\n\t\t<div class=\"wpb_wrapper\">\r\n\t\t\t<p>Lorsque le test est r\u00e9ussi, la MASTER 440 est recouverte d\u2019un film plastique de protection et plac\u00e9e sur une plateforme en bois, pr\u00eate \u00e0 \u00eatre livr\u00e9e<\/p>\n\r\n\t\t<\/div>\r\n\t<\/div>\r\n<div class=\"w-separator size_medium\"><\/div><div class=\"w-iconbox iconpos_left style_default color_custom align_center no_title\"><div class=\"w-iconbox-icon\" style=\"color:#1c528b;\"><i class=\"fas fa-cog\"><\/i><\/div><div class=\"w-iconbox-meta\"><div class=\"w-iconbox-text\"><h5 style=\"text-align: left;\"><strong><span style=\"color: #000000;\">Dur\u00e9e du processus : 5 mois<\/span><\/strong><\/h5>\n<\/div><\/div><\/div><\/div><\/div><\/div><div class=\"vc_col-sm-6 wpb_column vc_column_container\"><div class=\"vc_column-inner\"><div class=\"wpb_wrapper\"><div class=\"w-separator size_small\"><\/div><div class=\"w-image align_none\"><div class=\"w-image-h\"><img width=\"627\" height=\"377\" src=\"https:\/\/somme.com\/wp-content\/uploads\/2019\/07\/ECO.jpg\" class=\"attachment-large size-large\" alt=\"\" loading=\"lazy\" srcset=\"https:\/\/somme.com\/wp-content\/uploads\/2019\/07\/ECO.jpg 627w, https:\/\/somme.com\/wp-content\/uploads\/2019\/07\/ECO-300x180.jpg 300w\" sizes=\"(max-width: 627px) 100vw, 627px\" \/><\/div><\/div><\/div><\/div><\/div><\/div><\/div><\/div><\/div><\/div><\/div><\/section>\n","protected":false},"excerpt":{"rendered":"[rev_slider_vc alias=\"fabricacion\"] PROC\u00c9D\u00c9 DE FABRICATION D\u2019UNE SERTISSEUSE Une sertisseuse de bo\u00eetes est enti\u00e8rement fabriqu\u00e9e \u00e0 la main et avec une grande pr\u00e9cision. On peut comparer le proc\u00e9d\u00e9 \u00e0 celui de l'assemblage d\u2019une montre suisse, o\u00f9 le professionnalisme et l\u2019expertise du monteur joue un r\u00f4le fondamental. La pr\u00e9cision de l\u2019usinage de toutes les pi\u00e8ces doit \u00eatre...","protected":false},"author":2,"featured_media":0,"parent":10447,"menu_order":0,"comment_status":"closed","ping_status":"closed","template":"","meta":{"sfsi_plus_gutenberg_text_before_share":"","sfsi_plus_gutenberg_show_text_before_share":"","sfsi_plus_gutenberg_icon_type":"","sfsi_plus_gutenberg_icon_alignemt":"","sfsi_plus_gutenburg_max_per_row":""},"_links":{"self":[{"href":"https:\/\/somme.com\/fr\/wp-json\/wp\/v2\/pages\/10631"}],"collection":[{"href":"https:\/\/somme.com\/fr\/wp-json\/wp\/v2\/pages"}],"about":[{"href":"https:\/\/somme.com\/fr\/wp-json\/wp\/v2\/types\/page"}],"author":[{"embeddable":true,"href":"https:\/\/somme.com\/fr\/wp-json\/wp\/v2\/users\/2"}],"replies":[{"embeddable":true,"href":"https:\/\/somme.com\/fr\/wp-json\/wp\/v2\/comments?post=10631"}],"version-history":[{"count":17,"href":"https:\/\/somme.com\/fr\/wp-json\/wp\/v2\/pages\/10631\/revisions"}],"predecessor-version":[{"id":16827,"href":"https:\/\/somme.com\/fr\/wp-json\/wp\/v2\/pages\/10631\/revisions\/16827"}],"up":[{"embeddable":true,"href":"https:\/\/somme.com\/fr\/wp-json\/wp\/v2\/pages\/10447"}],"wp:attachment":[{"href":"https:\/\/somme.com\/fr\/wp-json\/wp\/v2\/media?parent=10631"}],"curies":[{"name":"wp","href":"https:\/\/api.w.org\/{rel}","templated":true}]}}