{"id":10673,"date":"2015-10-13T09:04:06","date_gmt":"2015-10-13T09:04:06","guid":{"rendered":"https:\/\/somme.com\/empresa\/posventa\/"},"modified":"2020-02-15T18:32:36","modified_gmt":"2020-02-15T18:32:36","slug":"service-apres-vente-sertisseuses-de-boites","status":"publish","type":"page","link":"https:\/\/somme.com\/fr\/entreprise\/service-apres-vente-sertisseuses-de-boites\/","title":{"rendered":"Apr\u00e9s-vente"},"content":{"rendered":"<section class=\"l-section wpb_row height_auto width_full parallax_fixed with_overlay\"><div class=\"l-section-overlay\" style=\"background: #1c528b\"><\/div><div class=\"l-section-h i-cf\"><div class=\"g-cols vc_row type_default valign_top\"><div class=\"vc_col-sm-12 wpb_column vc_column_container\"><div class=\"vc_column-inner\"><div class=\"wpb_wrapper\">[rev_slider_vc alias=&#8221;posventa&#8221;]<\/div><\/div><\/div><\/div><\/div><\/section><section class=\"l-section wpb_row height_auto color_custom\" style=\"background: #1c528b;\"><div class=\"l-section-h i-cf\"><div class=\"g-cols vc_row type_default valign_top\"><div class=\"vc_col-sm-12 wpb_column vc_column_container\"><div class=\"vc_column-inner\"><div class=\"wpb_wrapper\"><div class=\"g-cols wpb_row  type_default valign_top vc_inner \"><div class=\"vc_col-sm-12 wpb_column vc_column_container\"><div class=\"vc_column-inner\"><div class=\"wpb_wrapper\"><div class=\"w-separator size_medium\"><\/div>\r\n\t<div class=\"wpb_text_column \">\r\n\t\t<div class=\"wpb_wrapper\">\r\n\t\t\t<div id=\"comp-j0w3nua5\" class=\"txtNew\" data-packed=\"true\">\n<h1 class=\"font_0\" style=\"text-align: center;\"><span class=\"color_11\" style=\"color: #f5f5f5;\">SUPPORT CLIENT APR\u00c8S-VENTE EFFICACE ET RAPIDE<\/span><\/h1>\n<\/div>\n\r\n\t\t<\/div>\r\n\t<\/div>\r\n<div class=\"w-separator size_small\"><\/div>\r\n\t<div class=\"wpb_text_column \">\r\n\t\t<div class=\"wpb_wrapper\">\r\n\t\t\t<div id=\"comp-j0w3nua5\" class=\"txtNew\" data-packed=\"true\"><\/div>\n<div id=\"comp-j0w3nuab\" class=\"txtNew\" data-packed=\"true\">\n<p class=\"font_8\" style=\"text-align: center;\"><span class=\"color_11\" style=\"color: #f5f5f5;\">JK Somme propose \u00e0 ses clients des sertisseuses robustes et modernes, accompagn\u00e9es d\u2019un service technique au client et apr\u00e8s-vente efficace qui ne se limite pas \u00e0 apporter un simple service de r\u00e9paration. Nous sommes connus pour \u00eatre les sp\u00e9cialistes des diagnostics \u00e0 distance, la livraison expresse de pi\u00e8ces de rechange et pour la qualit\u00e9 de la formation que nous fournissons aux m\u00e9caniciens et \u00e0 l\u2019\u00e9quipe de maintenance.<\/span><\/p>\n<\/div>\n\r\n\t\t<\/div>\r\n\t<\/div>\r\n<div class=\"w-separator size_medium\"><\/div><\/div><\/div><\/div><\/div><div class=\"g-cols wpb_row  type_default valign_top vc_inner \"><div class=\"vc_col-sm-3 wpb_column vc_column_container\"><div class=\"vc_column-inner\"><div class=\"wpb_wrapper\"><div class=\"w-btn-wrapper width_auto align_center\"><a class=\"w-btn us-btn-style_8\" href=\"https:\/\/somme.com\/fr\/entreprise\/a-porpos-de-nous\/\" title=\"Sobre nosotros\"><span class=\"w-btn-label\">\u00c0 PROPOS DE NOUS<\/span><\/a><\/div><div class=\"w-separator size_medium\"><\/div><\/div><\/div><\/div><div class=\"vc_col-sm-3 wpb_column vc_column_container\"><div class=\"vc_column-inner\"><div class=\"wpb_wrapper\"><div class=\"w-btn-wrapper width_auto align_center\"><a class=\"w-btn us-btn-style_8\" href=\"https:\/\/somme.com\/fr\/entreprise\/histoire\/\" title=\"Historia\"><span class=\"w-btn-label\">NOTRE HISTOIRE<\/span><\/a><\/div><div class=\"w-separator size_medium\"><\/div><\/div><\/div><\/div><div class=\"vc_col-sm-3 wpb_column vc_column_container\"><div class=\"vc_column-inner\"><div class=\"wpb_wrapper\"><div class=\"w-btn-wrapper width_auto align_center\"><a class=\"w-btn us-btn-style_8\" href=\"https:\/\/somme.com\/fr\/entreprise\/fabrication\/\" title=\"Fabricaci\u00f3n\"><span class=\"w-btn-label\">FABRICATION<\/span><\/a><\/div><div class=\"w-separator size_medium\"><\/div><\/div><\/div><\/div><div class=\"vc_col-sm-3 wpb_column vc_column_container\"><div class=\"vc_column-inner\"><div class=\"wpb_wrapper\"><div class=\"w-btn-wrapper width_auto align_center\"><a class=\"w-btn us-btn-style_4\" href=\"https:\/\/somme.com\/fr\/entreprise\/service-apres-vente-sertisseuses-de-boites\/\"><span class=\"w-btn-label\">APR\u00c8S VENTE<\/span><\/a><\/div><div class=\"w-separator size_medium\"><\/div><\/div><\/div><\/div><\/div><\/div><\/div><\/div><\/div><\/div><\/section><section class=\"l-section wpb_row height_medium\"><div class=\"l-section-h i-cf\"><div class=\"g-cols vc_row type_default valign_top\"><div class=\"vc_col-sm-12 wpb_column vc_column_container\"><div class=\"vc_column-inner\"><div class=\"wpb_wrapper\">\r\n\t<div class=\"wpb_text_column \">\r\n\t\t<div class=\"wpb_wrapper\">\r\n\t\t\t<div id=\"comp-j3jtzbm9\" class=\"txtNew\" data-packed=\"true\">\n<h5 class=\"font_2\"><span style=\"color: #1c528b;\">NOUS APPORTONS UNE SOLUTION \u00c0 VOS PROBL\u00c8MES<\/span><\/h5>\n<\/div>\n\r\n\t\t<\/div>\r\n\t<\/div>\r\n<div class=\"w-separator size_small with_line width_default thick_1 style_solid color_custom align_center\" style=\"border-color:#2b65a6;color:#2b65a6;\"><div class=\"w-separator-h\"><\/div><\/div>\r\n\t<div class=\"wpb_text_column \">\r\n\t\t<div class=\"wpb_wrapper\">\r\n\t\t\t<div id=\"comp-j3jtzbm9\" class=\"txtNew\" data-packed=\"true\">\n<p class=\"font_2\" style=\"text-align: justify;\"><span style=\"font-size: 16px;\">Si nos techniciens ont besoin de visiter votre site pour r\u00e9soudre le probl\u00e8me d\u00e9tect\u00e9 sur votre sertisseuse, un probl\u00e8me qui ne peut pas \u00eatre r\u00e9solu par t\u00e9l\u00e9phone, les services d\u2019assistance technique de JK Somme sera \u00e0 votre disposition dans les plus brefs d\u00e9lais possibles.<\/span><\/p>\n<p style=\"text-align: justify;\">\n<\/div>\n<div id=\"comp-j0w3nub0\" class=\"txtNew\" data-packed=\"true\">\n<p class=\"font_8\" style=\"text-align: justify;\">Pour faciliter ce service, nous nous appuyons sur des techniciens sp\u00e9cialis\u00e9s avec de nombreuses ann\u00e9es d\u2019exp\u00e9rience dans le d\u00e9pannage des sertisseuses de bo\u00eetes. Tous les services d&#8217;assistance technique sont compl\u00e9t\u00e9s par un rapport int\u00e9gral qui apporte la transparence n\u00e9cessaire.<\/p>\n<p>Vous avez un probl\u00e8me? <a href=\"https:\/\/somme.com\/fr\/contactez-2\/\">Contactez-nous<\/a><\/p>\n<\/div>\n\r\n\t\t<\/div>\r\n\t<\/div>\r\n<div class=\"w-separator size_large\"><\/div><div class=\"w-iconbox iconpos_left style_default color_custom align_center no_title\"><div class=\"w-iconbox-icon\" style=\"color:#1c528b;\"><i class=\"fas fa-tools\"><\/i><\/div><div class=\"w-iconbox-meta\"><div class=\"w-iconbox-text\"><h5 style=\"text-align: justify;\"><strong><span style=\"color: #000000;\">Nous sommes \u00e0 votre disposition pour r\u00e9soudre vos probl\u00e8mes rapidement, efficacement et apr\u00e8s avoir d\u00e9fini \u00e0 l&#8217;avance les d\u00e9marches \u00e0 suivre.<\/span><\/strong><\/h5>\n<\/div><\/div><\/div><\/div><\/div><\/div><\/div><\/div><\/section><section class=\"l-section wpb_row height_auto\"><div class=\"l-section-h i-cf\"><div class=\"g-cols vc_row type_default valign_top\"><div class=\"vc_col-sm-12 wpb_column vc_column_container\"><div class=\"vc_column-inner\"><div class=\"wpb_wrapper\"><div class=\"w-grid type_grid layout_6041 cols_3 height_fixed\" id=\"us_grid_1\"><style id=\"us_grid_1_css\">#us_grid_1 .w-grid-item{padding:0.5rem}#us_grid_1 .w-grid-list{margin:-0.5rem}.w-grid + #us_grid_1 .w-grid-list{margin-top:0.5rem}.l-section.width_full>div>div>.vc_col-sm-12>div>div>#us_grid_1 .w-grid-list{margin-left:0.5rem;margin-right:0.5rem}.l-section.height_auto>div>div>.vc_col-sm-12>div>div>#us_grid_1:first-child .w-grid-list{margin-top:0.5rem}.l-section.height_auto>div>div>.vc_col-sm-12>div>div>#us_grid_1:last-child .w-grid-list{margin-bottom:0.5rem}@media (max-width:899px){#us_grid_1 .w-grid-item{width:50%}#us_grid_1 .w-grid-item.size_2x1,#us_grid_1 .w-grid-item.size_2x2{width:100%}}@media (max-width:599px){#us_grid_1 .w-grid-list{margin:0}#us_grid_1 .w-grid-item{width:100%;padding:0;margin-bottom:0.5rem}}<\/style><style>#us_grid_1 .w-grid-item-h:before{padding-bottom:75.0000%}@media (min-width:600px){#us_grid_1 .w-grid-item.size_1x2 .w-grid-item-h:before{padding-bottom:calc(150% + 0.5rem + 0.5rem)}#us_grid_1 .w-grid-item.size_2x1 .w-grid-item-h:before{padding-bottom:calc(37.5% - 0.5rem * 0.75)}#us_grid_1 .w-grid-item.size_2x2 .w-grid-item-h:before{padding-bottom:calc(75% - 0.5rem * -0.5)}}#us_grid_1 .w-grid-item-h{}#us_grid_1 .usg_post_image_1{border-radius:0}#us_grid_1 .usg_post_image_1{transition-duration:0.3s;transform:scale(1) translate(0%,0%)}#us_grid_1 .w-grid-item-h:hover .usg_post_image_1{transform:scale(1) translate(0%,0%);opacity:0.2}#us_grid_1 .usg_vwrapper_1{border-radius:0}#us_grid_1 .usg_post_title_1{font-weight:700;font-size:1.5rem;border-radius:0}#us_grid_1 .usg_post_title_1{transition-duration:0.35s;transform:scale(1) translate(0%,-60%);opacity:0}#us_grid_1 .w-grid-item-h:hover .usg_post_title_1{transform:scale(1) translate(0%,0%);opacity:1}#us_grid_1 .usg_post_image_1{position:absolute;top:0;right:0;bottom:0;left:0}#us_grid_1 .usg_vwrapper_1{position:absolute;top:0;right:0;bottom:0;left:0;padding:2rem}<\/style><div class=\"w-grid-list\"><article class=\"w-grid-item ratio_4x3 post-10688 attachment type-attachment status-inherit hentry\" data-id=\"10688\">\r\n\t<div class=\"w-grid-item-h\">\r\n\t\t\t\t<div class=\"w-post-elm post_image usg_post_image_1 stretched\"><img width=\"373\" height=\"239\" src=\"https:\/\/somme.com\/wp-content\/uploads\/2019\/07\/Javier.jpg\" class=\"attachment-medium_large size-medium_large\" alt=\"\" loading=\"lazy\" srcset=\"https:\/\/somme.com\/wp-content\/uploads\/2019\/07\/Javier.jpg 373w, https:\/\/somme.com\/wp-content\/uploads\/2019\/07\/Javier-300x192.jpg 300w\" sizes=\"(max-width: 373px) 100vw, 373px\" \/><\/div><div class=\"w-vwrapper usg_vwrapper_1 align_left valign_bottom \"><h2 class=\"w-post-elm post_title usg_post_title_1 entry-title\">Javier<\/h2><\/div>\t<\/div>\r\n<\/article>\r\n<article class=\"w-grid-item ratio_4x3 post-10687 attachment type-attachment status-inherit hentry\" data-id=\"10687\">\r\n\t<div class=\"w-grid-item-h\">\r\n\t\t\t\t<div class=\"w-post-elm post_image usg_post_image_1 stretched\"><img width=\"373\" height=\"238\" src=\"https:\/\/somme.com\/wp-content\/uploads\/2019\/07\/Juan.jpg\" class=\"attachment-medium_large size-medium_large\" alt=\"\" loading=\"lazy\" srcset=\"https:\/\/somme.com\/wp-content\/uploads\/2019\/07\/Juan.jpg 373w, https:\/\/somme.com\/wp-content\/uploads\/2019\/07\/Juan-300x191.jpg 300w\" sizes=\"(max-width: 373px) 100vw, 373px\" \/><\/div><div class=\"w-vwrapper usg_vwrapper_1 align_left valign_bottom \"><h2 class=\"w-post-elm post_title usg_post_title_1 entry-title\">Juan<\/h2><\/div>\t<\/div>\r\n<\/article>\r\n<article class=\"w-grid-item ratio_4x3 post-10686 attachment type-attachment status-inherit hentry\" data-id=\"10686\">\r\n\t<div class=\"w-grid-item-h\">\r\n\t\t\t\t<div class=\"w-post-elm post_image usg_post_image_1 stretched\"><img width=\"373\" height=\"238\" src=\"https:\/\/somme.com\/wp-content\/uploads\/2019\/07\/Dani.jpg\" class=\"attachment-medium_large size-medium_large\" alt=\"\" loading=\"lazy\" srcset=\"https:\/\/somme.com\/wp-content\/uploads\/2019\/07\/Dani.jpg 373w, https:\/\/somme.com\/wp-content\/uploads\/2019\/07\/Dani-300x191.jpg 300w\" sizes=\"(max-width: 373px) 100vw, 373px\" \/><\/div><div class=\"w-vwrapper usg_vwrapper_1 align_left valign_bottom \"><h2 class=\"w-post-elm post_title usg_post_title_1 entry-title\">Dani<\/h2><\/div>\t<\/div>\r\n<\/article>\r\n<article class=\"w-grid-item ratio_4x3 post-10685 attachment type-attachment status-inherit hentry\" data-id=\"10685\">\r\n\t<div class=\"w-grid-item-h\">\r\n\t\t\t\t<div class=\"w-post-elm post_image usg_post_image_1 stretched\"><img width=\"372\" height=\"238\" src=\"https:\/\/somme.com\/wp-content\/uploads\/2019\/07\/Luismi.jpg\" class=\"attachment-medium_large size-medium_large\" alt=\"\" loading=\"lazy\" srcset=\"https:\/\/somme.com\/wp-content\/uploads\/2019\/07\/Luismi.jpg 372w, https:\/\/somme.com\/wp-content\/uploads\/2019\/07\/Luismi-300x192.jpg 300w\" sizes=\"(max-width: 372px) 100vw, 372px\" \/><\/div><div class=\"w-vwrapper usg_vwrapper_1 align_left valign_bottom \"><h2 class=\"w-post-elm post_title usg_post_title_1 entry-title\">Luismi<\/h2><\/div>\t<\/div>\r\n<\/article>\r\n<article class=\"w-grid-item ratio_4x3 post-10684 attachment type-attachment status-inherit hentry\" data-id=\"10684\">\r\n\t<div class=\"w-grid-item-h\">\r\n\t\t\t\t<div class=\"w-post-elm post_image usg_post_image_1 stretched\"><img width=\"373\" height=\"239\" src=\"https:\/\/somme.com\/wp-content\/uploads\/2019\/07\/Brahim.jpg\" class=\"attachment-medium_large size-medium_large\" alt=\"\" loading=\"lazy\" srcset=\"https:\/\/somme.com\/wp-content\/uploads\/2019\/07\/Brahim.jpg 373w, https:\/\/somme.com\/wp-content\/uploads\/2019\/07\/Brahim-300x192.jpg 300w\" sizes=\"(max-width: 373px) 100vw, 373px\" \/><\/div><div class=\"w-vwrapper usg_vwrapper_1 align_left valign_bottom \"><h2 class=\"w-post-elm post_title usg_post_title_1 entry-title\">Brahim<\/h2><\/div>\t<\/div>\r\n<\/article>\r\n<article class=\"w-grid-item ratio_4x3 post-10674 attachment type-attachment status-inherit hentry\" data-id=\"10674\">\r\n\t<div class=\"w-grid-item-h\">\r\n\t\t\t\t<div class=\"w-post-elm post_image usg_post_image_1 stretched\"><img width=\"372\" height=\"237\" src=\"https:\/\/somme.com\/wp-content\/uploads\/2019\/07\/Joseluis.jpg\" class=\"attachment-medium_large size-medium_large\" alt=\"\" loading=\"lazy\" srcset=\"https:\/\/somme.com\/wp-content\/uploads\/2019\/07\/Joseluis.jpg 372w, https:\/\/somme.com\/wp-content\/uploads\/2019\/07\/Joseluis-300x191.jpg 300w\" sizes=\"(max-width: 372px) 100vw, 372px\" \/><\/div><div class=\"w-vwrapper usg_vwrapper_1 align_left valign_bottom \"><h2 class=\"w-post-elm post_title usg_post_title_1 entry-title\">Joseluis<\/h2><\/div>\t<\/div>\r\n<\/article>\r\n<\/div>\t<div class=\"w-grid-json hidden\" onclick='return {&quot;ajax_url&quot;:&quot;https:\\\/\\\/somme.com\\\/wp-admin\\\/admin-ajax.php&quot;,&quot;permalink_url&quot;:&quot;https:\\\/\\\/somme.com\\\/fr\\\/entreprise\\\/service-apres-vente-sertisseuses-de-boites\\\/joseluis-2\\\/&quot;,&quot;action&quot;:&quot;us_ajax_grid&quot;,&quot;max_num_pages&quot;:1,&quot;infinite_scroll&quot;:0,&quot;template_vars&quot;:{&quot;query_args&quot;:{&quot;post_type&quot;:[&quot;attachment&quot;],&quot;post__in&quot;:[&quot;8165&quot;,&quot;8166&quot;,&quot;8167&quot;,&quot;8168&quot;,&quot;8169&quot;,&quot;8170&quot;],&quot;post_status&quot;:&quot;inherit&quot;,&quot;post_mime_type&quot;:&quot;image&quot;,&quot;orderby&quot;:{&quot;date&quot;:&quot;DESC&quot;},&quot;posts_per_page&quot;:&quot;10&quot;},&quot;post_id&quot;:10673,&quot;us_grid_index&quot;:1,&quot;us_grid_ajax_index&quot;:1,&quot;exclude_items&quot;:&quot;none&quot;,&quot;items_offset&quot;:&quot;1&quot;,&quot;items_layout&quot;:&quot;6041&quot;,&quot;type&quot;:&quot;grid&quot;,&quot;columns&quot;:&quot;3&quot;,&quot;img_size&quot;:&quot;default&quot;,&quot;overriding_link&quot;:&quot;none&quot;,&quot;lang&quot;:&quot;fr&quot;}}'><\/div>\r\n<\/div><\/div><\/div><\/div><\/div><\/div><\/section><section class=\"l-section wpb_row height_medium\"><div class=\"l-section-h i-cf\"><div class=\"g-cols vc_row type_default valign_top\"><div class=\"vc_col-sm-12 wpb_column vc_column_container\"><div class=\"vc_column-inner\"><div class=\"wpb_wrapper\">\r\n\t<div class=\"wpb_text_column \">\r\n\t\t<div class=\"wpb_wrapper\">\r\n\t\t\t<div id=\"comp-j3ju0y7j\" class=\"txtNew\" data-packed=\"true\">\n<h5 class=\"font_2\"><span style=\"color: #1c528b;\">MAINTENANCE PR\u00c9VENTIVE<\/span><\/h5>\n<\/div>\n<div id=\"comp-j0w5gylb\" class=\"txtNew\" data-packed=\"true\">\n<p class=\"font_8\">\n<\/div>\n\r\n\t\t<\/div>\r\n\t<\/div>\r\n<div class=\"w-separator size_small with_line width_default thick_1 style_solid color_custom align_center\" style=\"border-color:#2b65a6;color:#2b65a6;\"><div class=\"w-separator-h\"><\/div><\/div>\r\n\t<div class=\"wpb_text_column \">\r\n\t\t<div class=\"wpb_wrapper\">\r\n\t\t\t<div id=\"comp-j3ju0y7j\" class=\"txtNew\" data-packed=\"true\">\n<p class=\"font_2\" style=\"text-align: justify;\">Les sertisseuses de bo\u00eetes de JK Somme ont une fiabilit\u00e9 exceptionnelle. Si elles sont bien maintenues, elles sont con\u00e7ues pour fournir des ann\u00e9es d\u2019excellent service.<\/p>\n<\/div>\n<div id=\"comp-j0w5gylb\" class=\"txtNew\" data-packed=\"true\">\n<p class=\"font_8\" style=\"text-align: justify;\">JK Somme vous donne le choix entre plusieurs mod\u00e8les de maintenance diff\u00e9rents : forfaits de contr\u00f4les pr\u00e9ventifs, interventions p\u00e9riodiques ou maintenance \u00e0 la carte. La maintenance que nous proposons est disponible pour toutes nos sertisseuses de bo\u00eetes (actuelles et anciennes), m\u00eame si elles n\u2019ont pas \u00e9t\u00e9 fournies par nous. La maintenance est toujours r\u00e9alis\u00e9e par nos experts.<\/p>\n<\/div>\n\r\n\t\t<\/div>\r\n\t<\/div>\r\n<div class=\"w-separator size_large\"><\/div><div class=\"w-iconbox iconpos_left style_default color_custom align_center no_title\"><div class=\"w-iconbox-icon\" style=\"color:#1c528b;\"><i class=\"fas fa-tools\"><\/i><\/div><div class=\"w-iconbox-meta\"><div class=\"w-iconbox-text\"><h5><strong><span style=\"color: #000000;\">La solution pour utiliser id\u00e9alement votre sertisseuse<\/span><\/strong><\/h5>\n<\/div><\/div><\/div><div class=\"w-separator size_large\"><\/div>\r\n\t<div class=\"wpb_text_column \">\r\n\t\t<div class=\"wpb_wrapper\">\r\n\t\t\t<div id=\"comp-j3ju0y7j\" class=\"txtNew\" data-packed=\"true\">\n<p class=\"font_2\" style=\"text-align: justify;\">Pendant la maintenance, les d\u00e9fauts \u00e9ventuels peuvent \u00eatre corrig\u00e9s et, au besoin, nous pouvons nous charger des travaux et des v\u00e9rifications de pr\u00e9vention des accidents. Nous optimisons donc la production de l\u2019usine en fonction des options disponibles sur le site.<\/p>\n<\/div>\n\r\n\t\t<\/div>\r\n\t<\/div>\r\n<\/div><\/div><\/div><\/div><\/div><\/section>\n","protected":false},"excerpt":{"rendered":"","protected":false},"author":2,"featured_media":0,"parent":10447,"menu_order":0,"comment_status":"closed","ping_status":"closed","template":"","meta":{"sfsi_plus_gutenberg_text_before_share":"","sfsi_plus_gutenberg_show_text_before_share":"","sfsi_plus_gutenberg_icon_type":"","sfsi_plus_gutenberg_icon_alignemt":"","sfsi_plus_gutenburg_max_per_row":""},"_links":{"self":[{"href":"https:\/\/somme.com\/fr\/wp-json\/wp\/v2\/pages\/10673"}],"collection":[{"href":"https:\/\/somme.com\/fr\/wp-json\/wp\/v2\/pages"}],"about":[{"href":"https:\/\/somme.com\/fr\/wp-json\/wp\/v2\/types\/page"}],"author":[{"embeddable":true,"href":"https:\/\/somme.com\/fr\/wp-json\/wp\/v2\/users\/2"}],"replies":[{"embeddable":true,"href":"https:\/\/somme.com\/fr\/wp-json\/wp\/v2\/comments?post=10673"}],"version-history":[{"count":26,"href":"https:\/\/somme.com\/fr\/wp-json\/wp\/v2\/pages\/10673\/revisions"}],"predecessor-version":[{"id":17644,"href":"https:\/\/somme.com\/fr\/wp-json\/wp\/v2\/pages\/10673\/revisions\/17644"}],"up":[{"embeddable":true,"href":"https:\/\/somme.com\/fr\/wp-json\/wp\/v2\/pages\/10447"}],"wp:attachment":[{"href":"https:\/\/somme.com\/fr\/wp-json\/wp\/v2\/media?parent=10673"}],"curies":[{"name":"wp","href":"https:\/\/api.w.org\/{rel}","templated":true}]}}