{"id":17331,"date":"2019-10-04T11:45:19","date_gmt":"2019-10-04T11:45:19","guid":{"rendered":"https:\/\/somme.com\/contacto-2\/"},"modified":"2020-02-14T11:08:00","modified_gmt":"2020-02-14T11:08:00","slug":"contacto-2","status":"publish","type":"page","link":"https:\/\/somme.com\/fr\/contacto-2\/","title":{"rendered":"Contacto"},"content":{"rendered":"<section class=\"l-section wpb_row height_medium with_overlay\"><div class=\"l-section-overlay\" style=\"background: #2b65a6\"><\/div><div class=\"l-section-h i-cf\"><div class=\"g-cols vc_row type_default valign_top\"><div class=\"vc_col-sm-12 wpb_column vc_column_container\" style=\"color:#2b65a6;\"><div class=\"vc_column-inner color_custom\"><div class=\"wpb_wrapper\">\r\n\t<div class=\"wpb_text_column \">\r\n\t\t<div class=\"wpb_wrapper\">\r\n\t\t\t<div id=\"comp-j4qwmmh51\" class=\"txtNew\" data-packed=\"true\">\n<div id=\"comp-j4qwmmh51\" class=\"txtNew\" data-packed=\"true\">\n<h1 class=\"font_0\" style=\"text-align: center;\"><span class=\"color_11\" style=\"color: #f5f5f5;\">\u00bfHAY ALGO QUE PODAMOS HACER POR TI?<\/span><\/h1>\n<\/div>\n<\/div>\n\r\n\t\t<\/div>\r\n\t<\/div>\r\n<div class=\"w-separator size_small\"><\/div>\r\n\t<div class=\"wpb_text_column \">\r\n\t\t<div class=\"wpb_wrapper\">\r\n\t\t\t<div id=\"comp-j4qwmmh51\" class=\"txtNew\" data-packed=\"true\">\u00a0<\/div>\n<div id=\"comp-j4qwmmh7\" class=\"txtNew\" data-packed=\"true\">\n<p class=\"font_8\" style=\"text-align: center;\"><span style=\"color: #f5f5f5;\">Desde la pregunta m\u00e1s simple hasta una solicitud de presupuesto para una cerradora, nuestros especialistas responder\u00e1n a su mensaje tan pronto como sea posible. Nuestra empresa est\u00e1 fuertemente ligada a las ra\u00edces de la industria conservera. Si hay alguien capaz de responder a tu pregunta, somos nosotros.<\/span><\/p>\n<\/div>\n\r\n\t\t<\/div>\r\n\t<\/div>\r\n<\/div><\/div><\/div><\/div><\/div><\/section>\n\r\n\r\n<section class=\"l-section wpb_row height_medium\"><div class=\"l-section-h i-cf\"><div class=\"g-cols vc_row type_default valign_top\"><div class=\"vc_col-sm-6 wpb_column vc_column_container\"><div class=\"vc_column-inner\"><div class=\"wpb_wrapper\"><div class=\"g-cols wpb_row  type_default valign_top vc_inner  vc_custom_1563874805329\"><div class=\"vc_col-sm-12 wpb_column vc_column_container\"><div class=\"vc_column-inner\"><div class=\"wpb_wrapper\"><div class=\"w-separator size_medium\"><\/div>\r\n\t<div class=\"wpb_text_column \">\r\n\t\t<div class=\"wpb_wrapper\">\r\n\t\t\t<h5 class=\"font_5\"><strong><span style=\"color: #2b65a6;\">CONT\u00c1CTANOS<\/span><\/strong><\/h5>\n\r\n\t\t<\/div>\r\n\t<\/div>\r\n<div class=\"w-separator size_small\"><\/div><div role=\"form\" class=\"wpcf7\" id=\"wpcf7-f6894-o1\" lang=\"es-ES\" dir=\"ltr\">\n<div class=\"screen-reader-response\"><p role=\"status\" aria-live=\"polite\" aria-atomic=\"true\"><\/p> <ul><\/ul><\/div>\n<form action=\"\/fr\/wp-json\/wp\/v2\/pages\/17331#wpcf7-f6894-o1\" method=\"post\" class=\"wpcf7-form init\" novalidate=\"novalidate\" data-status=\"init\">\n<div style=\"display: none;\">\n<input type=\"hidden\" name=\"_wpcf7\" value=\"6894\" \/>\n<input type=\"hidden\" name=\"_wpcf7_version\" value=\"5.4.2\" \/>\n<input type=\"hidden\" name=\"_wpcf7_locale\" value=\"es_ES\" \/>\n<input type=\"hidden\" name=\"_wpcf7_unit_tag\" value=\"wpcf7-f6894-o1\" \/>\n<input type=\"hidden\" name=\"_wpcf7_container_post\" value=\"0\" \/>\n<input type=\"hidden\" name=\"_wpcf7_posted_data_hash\" value=\"\" \/>\n<input type=\"hidden\" name=\"_wpcf7_recaptcha_response\" value=\"\" \/>\n<\/div>\n<p><span class=\"wpcf7-form-control-wrap email-252\"><input type=\"email\" name=\"email-252\" value=\"\" size=\"40\" class=\"wpcf7-form-control wpcf7-text wpcf7-email wpcf7-validates-as-required wpcf7-validates-as-email inputform\" aria-required=\"true\" aria-invalid=\"false\" placeholder=\"Email\" \/><\/span> <\/p>\n<p><span class=\"wpcf7-form-control-wrap text-878\"><input type=\"text\" name=\"text-878\" value=\"\" size=\"40\" class=\"wpcf7-form-control wpcf7-text inputform\" aria-invalid=\"false\" placeholder=\"Nombre\" \/><\/span> <\/p>\n<p><span class=\"wpcf7-form-control-wrap text-768\"><input type=\"text\" name=\"text-768\" value=\"\" size=\"40\" class=\"wpcf7-form-control wpcf7-text inputform\" aria-invalid=\"false\" placeholder=\"Empresa\" \/><\/span> <\/p>\n<p><span class=\"wpcf7-form-control-wrap text-769\"><input type=\"text\" name=\"text-769\" value=\"\" size=\"40\" class=\"wpcf7-form-control wpcf7-text inputform\" aria-invalid=\"false\" placeholder=\"Direcci\u00f3n\" \/><\/span> <\/p>\n<p><span class=\"wpcf7-form-control-wrap tel-894\"><input type=\"tel\" name=\"tel-894\" value=\"\" size=\"40\" class=\"wpcf7-form-control wpcf7-text wpcf7-tel wpcf7-validates-as-required wpcf7-validates-as-tel inputform\" aria-required=\"true\" aria-invalid=\"false\" placeholder=\"Tel\u00e9fono\" \/><\/span> <\/p>\n<p><span class=\"wpcf7-form-control-wrap your-subject\"><input type=\"text\" name=\"your-subject\" value=\"\" size=\"40\" class=\"wpcf7-form-control wpcf7-text inputform\" aria-invalid=\"false\" placeholder=\"Asunto\" \/><\/span> <\/p>\n<p><span class=\"wpcf7-form-control-wrap your-message\"><textarea name=\"your-message\" cols=\"40\" rows=\"10\" class=\"wpcf7-form-control wpcf7-textarea inputform\" aria-invalid=\"false\" placeholder=\"Message\"><\/textarea><\/span> <\/p>\n<p><span class=\"wpcf7-form-control-wrap acceptance-894\"><span class=\"wpcf7-form-control wpcf7-acceptance optional\"><span class=\"wpcf7-list-item\"><label><input type=\"checkbox\" name=\"acceptance-894\" value=\"1\" aria-invalid=\"false\" \/><span class=\"wpcf7-list-item-label\">Suscribirse a la newsletter<\/span><\/label><\/span><\/span><\/span><\/p>\n<p><input type=\"submit\" value=\"Enviar\" class=\"wpcf7-form-control wpcf7-submit\" \/><\/p>\n<div class=\"wpcf7-response-output\" aria-hidden=\"true\"><\/div><\/form><\/div><div class=\"w-separator size_small\"><\/div><\/div><\/div><\/div><\/div><\/div><\/div><\/div><div class=\"vc_col-sm-6 wpb_column vc_column_container\"><div class=\"vc_column-inner\"><div class=\"wpb_wrapper\"><div class=\"w-separator size_small\"><\/div>\r\n\t<div class=\"wpb_text_column \">\r\n\t\t<div class=\"wpb_wrapper\">\r\n\t\t\t<div id=\"comp-j4qwe7nh1\" class=\"txtNew\" data-packed=\"true\">\n<h5><span style=\"color: #2b65a6;\">JK SOMME<\/span><\/h5>\n<\/div>\n\r\n\t\t<\/div>\r\n\t<\/div>\r\n<div class=\"w-separator size_small with_line width_default thick_1 style_solid color_custom align_center\" style=\"border-color:#2b65a6;color:#2b65a6;\"><div class=\"w-separator-h\"><\/div><\/div><div class=\"w-iconbox iconpos_left style_default color_custom align_left\"><div class=\"w-iconbox-icon\" style=\"font-size:30px;color:#2b65a6;\"><i class=\"fas fa-map-marker-alt\"><\/i><\/div><div class=\"w-iconbox-meta\"><h6 class=\"w-iconbox-title\">Pol. Industrial Santecilla, Area 2, Pab. 4&amp; 09585 Santecilla, Burgos (Espa\u00f1a)<\/h6><div class=\"w-iconbox-text\"><p class=\"font_8\"><span class=\"wixGuard\">\u200b<\/span><\/p>\n<\/div><\/div><\/div><div class=\"w-iconbox iconpos_left style_default color_custom align_left no_text\"><div class=\"w-iconbox-icon\" style=\"font-size:30px;color:#2b65a6;\"><i class=\"fas fa-phone\"><\/i><\/div><div class=\"w-iconbox-meta\"><h6 class=\"w-iconbox-title\">Tel: + 34 947 144 374<\/h6><\/div><\/div><div class=\"w-separator size_small\"><\/div><div class=\"w-iconbox iconpos_left style_default color_custom align_left no_text\"><div class=\"w-iconbox-icon\" style=\"font-size:30px;color:#2b65a6;\"><i class=\"fas fa-envelope\"><\/i><\/div><div class=\"w-iconbox-meta\"><h6 class=\"w-iconbox-title\">contact@somme.com<\/h6><\/div><\/div><div class=\"w-separator size_small with_line width_default thick_1 style_solid color_custom align_center\" style=\"border-color:#2b65a6;color:#2b65a6;\"><div class=\"w-separator-h\"><\/div><\/div>[vc_raw_html]JTNDaWZyYW1lJTIwc3JjJTNEJTIyaHR0cHMlM0ElMkYlMkZ3d3cuZ29vZ2xlLmNvbSUyRm1hcHMlMkZlbWJlZCUzRnBiJTNEJTIxMW0xOCUyMTFtMTIlMjExbTMlMjExZDE0NTUuMTcwOTE5OTc4MzMzNCUyMTJkLTMuMjQxNzg0MzkxNzExMjE5NSUyMTNkNDMuMTYwMzQ4MjAxMzAyNTclMjEybTMlMjExZjAlMjEyZjAlMjEzZjAlMjEzbTIlMjExaTEwMjQlMjEyaTc2OCUyMTRmMTMuMSUyMTNtMyUyMTFtMiUyMTFzMHhkNGVmZDIzNmI0NjhhNGQlMjUzQTB4MzA5YTc1ZTU4ZjBmNjAzNyUyMTJzSkslMkJTb21tZSUyMTVlMCUyMTNtMiUyMTFzZXMlMjEyc2VzJTIxNHYxNTYzNzk0NjI3MjI4JTIxNW0yJTIxMXNlcyUyMTJzZXMlMjIlMjB3aWR0aCUzRCUyMjYwMCUyMiUyMGhlaWdodCUzRCUyMjQzMiUyMiUyMGZyYW1lYm9yZGVyJTNEJTIyMCUyMiUyMHN0eWxlJTNEJTIyYm9yZGVyJTNBMCUyMiUyMGFsbG93ZnVsbHNjcmVlbiUzRSUzQyUyRmlmcmFtZSUzRQ==[\/vc_raw_html]<\/div><\/div><\/div><\/div><\/div><\/section>\n","protected":false},"excerpt":{"rendered":"\u00bfHAY ALGO QUE PODAMOS HACER POR TI? \u00a0 Desde la pregunta m\u00e1s simple hasta una solicitud de presupuesto para una cerradora, nuestros especialistas responder\u00e1n a su mensaje tan pronto como sea posible. Nuestra empresa est\u00e1 fuertemente ligada a las ra\u00edces de la industria conservera. Si hay alguien capaz de responder a tu pregunta, somos nosotros....","protected":false},"author":2,"featured_media":0,"parent":0,"menu_order":0,"comment_status":"closed","ping_status":"closed","template":"","meta":{"sfsi_plus_gutenberg_text_before_share":"","sfsi_plus_gutenberg_show_text_before_share":"","sfsi_plus_gutenberg_icon_type":"","sfsi_plus_gutenberg_icon_alignemt":"","sfsi_plus_gutenburg_max_per_row":""},"_links":{"self":[{"href":"https:\/\/somme.com\/fr\/wp-json\/wp\/v2\/pages\/17331"}],"collection":[{"href":"https:\/\/somme.com\/fr\/wp-json\/wp\/v2\/pages"}],"about":[{"href":"https:\/\/somme.com\/fr\/wp-json\/wp\/v2\/types\/page"}],"author":[{"embeddable":true,"href":"https:\/\/somme.com\/fr\/wp-json\/wp\/v2\/users\/2"}],"replies":[{"embeddable":true,"href":"https:\/\/somme.com\/fr\/wp-json\/wp\/v2\/comments?post=17331"}],"version-history":[{"count":1,"href":"https:\/\/somme.com\/fr\/wp-json\/wp\/v2\/pages\/17331\/revisions"}],"predecessor-version":[{"id":17334,"href":"https:\/\/somme.com\/fr\/wp-json\/wp\/v2\/pages\/17331\/revisions\/17334"}],"wp:attachment":[{"href":"https:\/\/somme.com\/fr\/wp-json\/wp\/v2\/media?parent=17331"}],"curies":[{"name":"wp","href":"https:\/\/api.w.org\/{rel}","templated":true}]}}