{"id":9821,"date":"2013-05-31T11:58:45","date_gmt":"2013-05-31T11:58:45","guid":{"rendered":"https:\/\/somme.com\/cerradoras-de-latas\/semiautomaticas-y-manuales\/"},"modified":"2020-02-14T11:39:57","modified_gmt":"2020-02-14T11:39:57","slug":"sertisseuses-de-boites-manuelles","status":"publish","type":"page","link":"https:\/\/somme.com\/fr\/sertisseuses-de-boites\/sertisseuses-de-boites-manuelles\/","title":{"rendered":"Sertisseuse de bo\u00eetes  semi-automatiques et  manuelles"},"content":{"rendered":"<section class=\"l-section wpb_row height_auto with_overlay\"><div class=\"l-section-overlay\" style=\"background: #2b65a6\"><\/div><div class=\"l-section-h i-cf\"><div class=\"g-cols vc_row type_default valign_top\"><div class=\"vc_col-sm-12 wpb_column vc_column_container\"><div class=\"vc_column-inner\"><div class=\"wpb_wrapper\"><div class=\"w-separator size_medium\"><\/div>\r\n\t<div class=\"wpb_text_column \">\r\n\t\t<div class=\"wpb_wrapper\">\r\n\t\t\t<div id=\"comp-j21nngdf\" class=\"txtNew\" data-packed=\"true\">\n<h3 class=\"font_0\" style=\"text-align: center;\"><span class=\"color_11\" style=\"color: #f5f5f5;\">SERTISSEUSES DE BO\u00ceTES SEMI-AUTOMATIQUES ET MANUELLES<\/span><\/h3>\n<p>&nbsp;<\/p>\n<\/div>\n<div id=\"comp-j21nngdi\" class=\"txtNew\" data-packed=\"true\">\n<p class=\"font_8\" style=\"text-align: center;\"><span style=\"color: #f5f5f5;\">Sertisseuses des bo\u00eetes manuel &amp; semi-automatique peut \u00eatre utilis\u00e9 pour de petites productions industrielles, la mise en conserve domestique, des tests de march\u00e9, des laboratoires, des \u00e9coles techniques \/ \u00e9coles, etc. C&#8217;est le principal avantage des sertisseuses de par leur grande polyvalence, ce qui permet de coudre diff\u00e9rentes tailles le m\u00eame jour.<\/span><\/p>\n<\/div>\n\r\n\t\t<\/div>\r\n\t<\/div>\r\n<div class=\"w-separator size_medium\"><\/div><\/div><\/div><\/div><\/div><\/div><\/section><section class=\"l-section wpb_row height_large\"><div class=\"l-section-h i-cf\"><div class=\"g-cols vc_row type_default valign_top\"><div class=\"vc_col-sm-6 vc_hidden-md vc_hidden-sm vc_hidden-xs wpb_column vc_column_container\"><div class=\"vc_column-inner  vc_custom_1572946020522\"><div class=\"wpb_wrapper\">\r\n\t<div class=\"wpb_text_column \">\r\n\t\t<div class=\"wpb_wrapper\">\r\n\t\t\t<div id=\"comp-jatfeedh\" class=\"txtNew\" data-packed=\"true\">\n<h3 class=\"font_2\"><span class=\"color_15\" style=\"color: #ffc400;\">S1<\/span><\/h3>\n<\/div>\n<div id=\"comp-jatfeedi\" class=\"txtNew\" data-packed=\"true\">\n<h5 class=\"font_6\"><span style=\"color: #ffc400;\">Sertisseuse de bo\u00eetes manuelle<\/span><\/h5>\n<div id=\"comp-jam7kx5f1\" class=\"txtNew\" data-packed=\"true\">\n<p>Jusqu&#8217;\u00e0<strong> 10 bo\u00eetes\/minute.<\/strong><\/p>\n<\/div>\n<div class=\"txtNew\" data-packed=\"true\">Pour bo\u00eetes avec un diam\u00e8tre max. de 214mm.<\/div>\n<\/div>\n\r\n\t\t<\/div>\r\n\t<\/div>\r\n<div class=\"w-separator size_medium\"><\/div><div class=\"w-btn-wrapper width_auto align_left\"><a class=\"w-btn us-btn-style_3\" href=\"https:\/\/somme.com\/fr\/sertisseuses-de-boites\/s1\/\" style=\"font-size:13px;\"><span class=\"w-btn-label\">En savoir plus<\/span><\/a><\/div><div class=\"w-separator size_small\"><\/div><div class=\"w-image align_right\"><div class=\"w-image-h\"><img width=\"450\" height=\"288\" src=\"https:\/\/somme.com\/wp-content\/uploads\/2019\/10\/Captura-2.jpg\" class=\"attachment-large size-large\" alt=\"\" loading=\"lazy\" srcset=\"https:\/\/somme.com\/wp-content\/uploads\/2019\/10\/Captura-2.jpg 450w, https:\/\/somme.com\/wp-content\/uploads\/2019\/10\/Captura-2-300x192.jpg 300w\" sizes=\"(max-width: 450px) 100vw, 450px\" \/><\/div><\/div><\/div><\/div><\/div><div class=\"vc_col-sm-6 vc_hidden-md vc_hidden-sm vc_hidden-xs wpb_column vc_column_container\"><div class=\"vc_column-inner\"><div class=\"wpb_wrapper\"><div class=\"w-image align_none\"><div class=\"w-image-h\"><img width=\"640\" height=\"543\" src=\"https:\/\/somme.com\/wp-content\/uploads\/2019\/07\/hombrebest.png\" class=\"attachment-large size-large\" alt=\"\" loading=\"lazy\" srcset=\"https:\/\/somme.com\/wp-content\/uploads\/2019\/07\/hombrebest.png 716w, https:\/\/somme.com\/wp-content\/uploads\/2019\/07\/hombrebest-300x254.png 300w\" sizes=\"(max-width: 640px) 100vw, 640px\" \/><\/div><\/div><\/div><\/div><\/div><\/div><\/div><\/section>\n","protected":false},"excerpt":{"rendered":"SERTISSEUSES DE BO\u00ceTES SEMI-AUTOMATIQUES ET MANUELLES &nbsp; Sertisseuses des bo\u00eetes manuel &amp; semi-automatique peut \u00eatre utilis\u00e9 pour de petites productions industrielles, la mise en conserve domestique, des tests de march\u00e9, des laboratoires, des \u00e9coles techniques \/ \u00e9coles, etc. C'est le principal avantage des sertisseuses de par leur grande polyvalence, ce qui permet de coudre diff\u00e9rentes...","protected":false},"author":2,"featured_media":0,"parent":9762,"menu_order":0,"comment_status":"closed","ping_status":"closed","template":"","meta":{"sfsi_plus_gutenberg_text_before_share":"","sfsi_plus_gutenberg_show_text_before_share":"","sfsi_plus_gutenberg_icon_type":"","sfsi_plus_gutenberg_icon_alignemt":"","sfsi_plus_gutenburg_max_per_row":""},"_links":{"self":[{"href":"https:\/\/somme.com\/fr\/wp-json\/wp\/v2\/pages\/9821"}],"collection":[{"href":"https:\/\/somme.com\/fr\/wp-json\/wp\/v2\/pages"}],"about":[{"href":"https:\/\/somme.com\/fr\/wp-json\/wp\/v2\/types\/page"}],"author":[{"embeddable":true,"href":"https:\/\/somme.com\/fr\/wp-json\/wp\/v2\/users\/2"}],"replies":[{"embeddable":true,"href":"https:\/\/somme.com\/fr\/wp-json\/wp\/v2\/comments?post=9821"}],"version-history":[{"count":11,"href":"https:\/\/somme.com\/fr\/wp-json\/wp\/v2\/pages\/9821\/revisions"}],"predecessor-version":[{"id":16805,"href":"https:\/\/somme.com\/fr\/wp-json\/wp\/v2\/pages\/9821\/revisions\/16805"}],"up":[{"embeddable":true,"href":"https:\/\/somme.com\/fr\/wp-json\/wp\/v2\/pages\/9762"}],"wp:attachment":[{"href":"https:\/\/somme.com\/fr\/wp-json\/wp\/v2\/media?parent=9821"}],"curies":[{"name":"wp","href":"https:\/\/api.w.org\/{rel}","templated":true}]}}