{"id":9834,"date":"2013-05-31T11:57:37","date_gmt":"2013-05-31T11:57:37","guid":{"rendered":"https:\/\/somme.com\/cerradoras-de-latas\/automaticas\/"},"modified":"2019-09-03T08:49:49","modified_gmt":"2019-09-03T08:49:49","slug":"automatiques","status":"publish","type":"page","link":"https:\/\/somme.com\/fr\/sertisseuses-de-boites\/automatiques\/","title":{"rendered":"Automatiques"},"content":{"rendered":"<section class=\"l-section wpb_row height_auto color_primary with_slider with_overlay\"><div class=\"l-section-slider\">\t\t<div style=\"width:800px;height:300px;margin-bottom:10px;margin:0px auto;\">\r\n\t\t\t<div style=\"margin: auto; line-height: 40px; font-size: 14px; color: #FFF; padding: 15px; background: #E74C3C; margin: 20px 0px;\">\r\n\t\t\t\tRevolution Slider Error: Slider with alias <strong>somme<\/strong> not found. <br>Maybe you mean: 'inicio' or 'producto-master-340' or 'producto-robot' or 'producto-robot-galeria' or 'producto-saga' or 'producto-saga-galeria'\t\t\t<\/div>\r\n\t\t<\/div>\r\n\t\t<script type=\"text\/javascript\">\r\n\t\t\tjQuery(document).ready(function(){\r\n\t\t\t\tjQuery(\".rev_slider\").show();\r\n\t\t\t});\r\n\t\t<\/script>\r\n\t\t<\/div><div class=\"l-section-overlay\" style=\"background: #2b65a6\"><\/div><div class=\"l-section-h i-cf\" style=\"padding-top: 50px !important;padding-bottom: 50px !important;\"><div class=\"g-cols vc_row type_default valign_top\"><div class=\"vc_col-sm-12 wpb_column vc_column_container\"><div class=\"vc_column-inner\"><div class=\"wpb_wrapper\">\r\n\t<div class=\"wpb_text_column \">\r\n\t\t<div class=\"wpb_wrapper\">\r\n\t\t\t<h1 class=\"font_0\" style=\"text-align: center;\"><span class=\"color_11\">SERTISSEUSES DE BO\u00ceTES AUTOMATIQUES<\/span><\/h1>\n\r\n\t\t<\/div>\r\n\t<\/div>\r\n<div class=\"w-separator size_small\"><\/div>\r\n\t<div class=\"wpb_text_column \">\r\n\t\t<div class=\"wpb_wrapper\">\r\n\t\t\t<p style=\"text-align: center;\">Avec des productions pouvant atteindre 600 bo\u00eetes \/ minute et la possibilit\u00e9 de sertir du plus petit au plus grand bo\u00eetes (rond et irr\u00e9gulier), nos sertisseuses automatiques de bo\u00eetes sont une option gagnante pour votre entreprise. Con\u00e7u pour les petites conserveries, les multinationales et les grands fabricants.<\/p>\n\r\n\t\t<\/div>\r\n\t<\/div>\r\n<div class=\"w-separator size_small\"><\/div><div class=\"g-cols wpb_row  type_default valign_top vc_inner \"><div class=\"vc_col-sm-4 wpb_column vc_column_container\"><div class=\"vc_column-inner\"><div class=\"wpb_wrapper\"><div class=\"w-btn-wrapper width_full\"><div class=\"w-btn us-btn-style_4\" style=\"font-size:20;\"><span class=\"w-btn-label\">GAMME COMPL\u00c8TE<\/span><\/div><\/div><\/div><\/div><\/div><div class=\"vc_col-sm-4 wpb_column vc_column_container\"><div class=\"vc_column-inner\"><div class=\"wpb_wrapper\"><div class=\"w-btn-wrapper width_full\"><a class=\"w-btn us-btn-style_8\" href=\"#redondas\" style=\"font-size:20;\"><span class=\"w-btn-label\">POUR BO\u00ceTES RONDES<\/span><\/a><\/div><\/div><\/div><\/div><div class=\"vc_col-sm-4 wpb_column vc_column_container\"><div class=\"vc_column-inner\"><div class=\"wpb_wrapper\"><div class=\"w-btn-wrapper width_full\"><a class=\"w-btn us-btn-style_8\" href=\"#irregulares\" style=\"font-size:20;\"><span class=\"w-btn-label\">POUR BO\u00ceTES DE FORME<\/span><\/a><\/div><\/div><\/div><\/div><\/div><\/div><\/div><\/div><\/div><\/div><\/section><section class=\"l-section wpb_row height_auto\" id=\"irregulares\"><div class=\"l-section-h i-cf\" style=\"padding-top: 90px !important;\"><div class=\"g-cols vc_row type_default valign_top\"><div class=\"vc_col-sm-6 wpb_column vc_column_container has-fill\"><div class=\"vc_column-inner  vc_custom_1563530748571\"><div class=\"wpb_wrapper\"><div class=\"w-separator size_small\"><\/div>\r\n\t<div class=\"wpb_text_column  vc_custom_1566993970814\">\r\n\t\t<div class=\"wpb_wrapper\">\r\n\t\t\t<div id=\"comp-jamj01z8\" class=\"txtNew\" data-packed=\"true\">\n<h4 class=\"font_2\" style=\"text-align: left;\"><span class=\"color_15\">NEPTUN<\/span><\/h4>\n<\/div>\n<div id=\"comp-jamj01zc\" class=\"txtNew\" data-packed=\"true\">\n<h6><span style=\"color: #2b65a6;\">Sertisseuse de bo\u00eetes irr\u00e9guli\u00e8re<\/span><\/h6>\n<div id=\"comp-jam7mjlp\" class=\"txtNew\" data-packed=\"true\">\n<div id=\"comp-jam7mjlr\" class=\"txtNew\" data-packed=\"true\">\n<div id=\"comp-jam7kx5f1\" class=\"txtNew\" data-packed=\"true\">\n<p>Jusqu\u2019\u00e0<strong> 70 bo\u00eetes\/minute.<\/strong><\/p>\n<\/div>\n<div class=\"txtNew\" data-packed=\"true\">Pour les bo\u00eetes de taille moyenne et petite.<\/div>\n<\/div>\n<\/div>\n<\/div>\n\r\n\t\t<\/div>\r\n\t<\/div>\r\n<div class=\"w-separator size_small\"><\/div><div class=\"w-btn-wrapper width_auto align_left vc_custom_1567494912863\"><a class=\"w-btn us-btn-style_3\" href=\"https:\/\/somme.com\/neptun\/?lang=fr\" title=\"Neptun FRA\" style=\"font-size:12px;\"><span class=\"w-btn-label\">En savoir plus<\/span><\/a><\/div><\/div><\/div><\/div><div class=\"vc_col-sm-6 wpb_column vc_column_container\"><div class=\"vc_column-inner\"><div class=\"wpb_wrapper\"><div class=\"w-separator size_small\"><\/div><div class=\"w-image align_center animate_afr\"><div class=\"w-image-h\"><img width=\"300\" height=\"276\" src=\"https:\/\/somme.com\/wp-content\/uploads\/2019\/07\/Captura4-300x276.png\" class=\"attachment-medium size-medium\" alt=\"Neptun vacuum can seamer machine\" loading=\"lazy\" srcset=\"https:\/\/somme.com\/wp-content\/uploads\/2019\/07\/Captura4-300x276.png 300w, https:\/\/somme.com\/wp-content\/uploads\/2019\/07\/Captura4.png 867w\" sizes=\"(max-width: 300px) 100vw, 300px\" \/><\/div><\/div><\/div><\/div><\/div><\/div><\/div><\/section><section class=\"l-section wpb_row height_auto\"><div class=\"l-section-h i-cf\"><div class=\"g-cols vc_row type_default valign_top\"><div class=\"vc_col-sm-6 wpb_column vc_column_container\"><div class=\"vc_column-inner\"><div class=\"wpb_wrapper\"><div class=\"w-separator size_small\"><\/div><div class=\"w-image align_center animate_afl\"><div class=\"w-image-h\"><img width=\"300\" height=\"276\" src=\"https:\/\/somme.com\/wp-content\/uploads\/2019\/07\/Captura6bis-300x276.png\" class=\"attachment-medium size-medium\" alt=\"Neptun 40 large can seamer\" loading=\"lazy\" srcset=\"https:\/\/somme.com\/wp-content\/uploads\/2019\/07\/Captura6bis-300x276.png 300w, https:\/\/somme.com\/wp-content\/uploads\/2019\/07\/Captura6bis.png 867w\" sizes=\"(max-width: 300px) 100vw, 300px\" \/><\/div><\/div><\/div><\/div><\/div><div class=\"vc_col-sm-6 wpb_column vc_column_container has-fill\"><div class=\"vc_column-inner  vc_custom_1563530737907\"><div class=\"wpb_wrapper\"><div class=\"w-separator size_small\"><\/div>\r\n\t<div class=\"wpb_text_column  vc_custom_1566994113965\">\r\n\t\t<div class=\"wpb_wrapper\">\r\n\t\t\t<div id=\"comp-jamj01z8\" class=\"txtNew\" data-packed=\"true\">\n<div id=\"comp-jam7kx83\" class=\"txtNew\" data-packed=\"true\">\n<h4 class=\"font_2\"><span class=\"color_15\">NEPTUN<\/span>\u00a0<span style=\"color: #3a6fac;\">XL<\/span><\/h4>\n<\/div>\n<div id=\"comp-jam7kx85\" class=\"txtNew\" data-packed=\"true\">\n<div id=\"comp-jamj01zc\" class=\"txtNew\" data-packed=\"true\">\n<h6><span style=\"color: #2b65a6;\">Sertisseuse de bo\u00eetes irr\u00e9guli\u00e8re<\/span><\/h6>\n<div id=\"comp-jam7mjlp\" class=\"txtNew\" data-packed=\"true\">\n<div id=\"comp-jam7mjlr\" class=\"txtNew\" data-packed=\"true\">\n<div id=\"comp-jam7kx5f1\" class=\"txtNew\" data-packed=\"true\">\n<p>Jusqu&#8217;\u00e0<strong> 40 bo\u00eetes\/minute<\/strong><\/p>\n<\/div>\n<div class=\"txtNew\" data-packed=\"true\">Pour les bo\u00eetes de taille grande<\/div>\n<\/div>\n<\/div>\n<\/div>\n<\/div>\n<\/div>\n\r\n\t\t<\/div>\r\n\t<\/div>\r\n<div class=\"w-separator size_small\"><\/div><div class=\"w-btn-wrapper width_auto align_left vc_custom_1567492811041\"><a class=\"w-btn us-btn-style_3\" href=\"https:\/\/somme.com\/neptun\/?lang=fr\" title=\"Neptun FRA\" style=\"font-size:12px;\"><span class=\"w-btn-label\">En savoir plus<\/span><\/a><\/div><\/div><\/div><\/div><\/div><\/div><\/section><section class=\"l-section wpb_row height_auto\"><div class=\"l-section-h i-cf\"><div class=\"g-cols vc_row type_default valign_top\"><div class=\"vc_col-sm-6 wpb_column vc_column_container has-fill\"><div class=\"vc_column-inner  vc_custom_1563530760051\"><div class=\"wpb_wrapper\"><div class=\"w-separator size_small\"><\/div>\r\n\t<div class=\"wpb_text_column  vc_custom_1566994210342\">\r\n\t\t<div class=\"wpb_wrapper\">\r\n\t\t\t<div id=\"comp-jamj01z8\" class=\"txtNew\" data-packed=\"true\">\n<div id=\"comp-jam7kx5f1\" class=\"txtNew\" data-packed=\"true\">\n<h4 class=\"font_2\"><span class=\"color_15\">MASTER 440<\/span><span class=\"color_11\">\u00a0<\/span><span style=\"color: #99cc00;\">ECO<\/span><\/h4>\n<h6><span style=\"color: #99cc00;\">Sertisseuse de bo\u00eetes irr\u00e9guli\u00e8re<\/span><\/h6>\n<p>Jusqu&#8217;\u00e0 <strong>100 bo\u00eetes\/minute.<\/strong><\/p>\n<\/div>\n<div class=\"txtNew\" data-packed=\"true\">Pour les bo\u00eetes de taille moyenne et petite.<\/div>\n<\/div>\n\r\n\t\t<\/div>\r\n\t<\/div>\r\n<div class=\"w-separator size_small\"><\/div><div class=\"w-btn-wrapper width_auto align_left vc_custom_1567492827323\"><a class=\"w-btn us-btn-style_3\" href=\"https:\/\/somme.com\/master-440-eco\/?lang=fr\" title=\"MASTER 440 ECO FRA\" style=\"font-size:12px;\"><span class=\"w-btn-label\">En savoir plus<\/span><\/a><\/div><\/div><\/div><\/div><div class=\"vc_col-sm-6 wpb_column vc_column_container\"><div class=\"vc_column-inner\"><div class=\"wpb_wrapper\"><div class=\"w-separator size_small\"><\/div><div class=\"w-image align_center animate_afr\"><div class=\"w-image-h\"><img width=\"300\" height=\"276\" src=\"https:\/\/somme.com\/wp-content\/uploads\/2019\/07\/Captura5-300x276.png\" class=\"attachment-medium size-medium\" alt=\"\" loading=\"lazy\" srcset=\"https:\/\/somme.com\/wp-content\/uploads\/2019\/07\/Captura5-300x276.png 300w, https:\/\/somme.com\/wp-content\/uploads\/2019\/07\/Captura5.png 867w\" sizes=\"(max-width: 300px) 100vw, 300px\" \/><\/div><\/div><\/div><\/div><\/div><\/div><\/div><\/section><section class=\"l-section wpb_row height_auto\"><div class=\"l-section-h i-cf\"><div class=\"g-cols vc_row type_default valign_top\"><div class=\"vc_col-sm-6 wpb_column vc_column_container\"><div class=\"vc_column-inner\"><div class=\"wpb_wrapper\"><div class=\"w-separator size_small\"><\/div><div class=\"w-image align_center animate_afl\"><div class=\"w-image-h\"><img width=\"300\" height=\"276\" src=\"https:\/\/somme.com\/wp-content\/uploads\/2019\/07\/Captura7-300x276.png\" class=\"attachment-medium size-medium\" alt=\"Viking irregular can seamer\" loading=\"lazy\" srcset=\"https:\/\/somme.com\/wp-content\/uploads\/2019\/07\/Captura7-300x276.png 300w, https:\/\/somme.com\/wp-content\/uploads\/2019\/07\/Captura7.png 867w\" sizes=\"(max-width: 300px) 100vw, 300px\" \/><\/div><\/div><\/div><\/div><\/div><div class=\"vc_col-sm-6 wpb_column vc_column_container has-fill\"><div class=\"vc_column-inner  vc_custom_1563530775731\"><div class=\"wpb_wrapper\"><div class=\"w-separator size_small\"><\/div>\r\n\t<div class=\"wpb_text_column  vc_custom_1566994379133\">\r\n\t\t<div class=\"wpb_wrapper\">\r\n\t\t\t<div id=\"comp-jamj01z8\" class=\"txtNew\" data-packed=\"true\">\n<div id=\"comp-jam7kx83\" class=\"txtNew\" data-packed=\"true\">\n<div id=\"comp-jamfcj2v\" class=\"txtNew\" data-packed=\"true\">\n<h2 class=\"font_2\"><span class=\"color_15\">VIKING 300\u00a0<\/span><span style=\"color: #e21c22;\">RAPID<\/span><\/h2>\n<\/div>\n<div id=\"comp-jamfcj2y\" class=\"txtNew\" data-packed=\"true\">\n<div id=\"comp-jamj01zc\" class=\"txtNew\" data-packed=\"true\">\n<h6><span style=\"color: #e21c22;\">Sertisseuse de bo\u00eetes irr\u00e9guli\u00e8re<\/span><\/h6>\n<div id=\"comp-jam7mjlp\" class=\"txtNew\" data-packed=\"true\">\n<div id=\"comp-jam7mjlr\" class=\"txtNew\" data-packed=\"true\">\n<div id=\"comp-jam7kx5f1\" class=\"txtNew\" data-packed=\"true\">\n<p>Jusqu&#8217;\u00e0 <strong>300 bo\u00eetes\/minute.<\/strong><\/p>\n<\/div>\n<div class=\"txtNew\" data-packed=\"true\">Pour les bo\u00eetes de taille moyenne et petite.<\/div>\n<\/div>\n<\/div>\n<\/div>\n<\/div>\n<\/div>\n<\/div>\n\r\n\t\t<\/div>\r\n\t<\/div>\r\n<div class=\"w-separator size_small\"><\/div><div class=\"w-btn-wrapper width_auto align_left vc_custom_1567492856083\"><a class=\"w-btn us-btn-style_3\" href=\"https:\/\/somme.com\/viking-300-rapid\/?lang=fr\" title=\"Viking 300 Rapid\" style=\"font-size:12px;\"><span class=\"w-btn-label\">En savoir plus<\/span><\/a><\/div><\/div><\/div><\/div><\/div><\/div><\/section><section class=\"l-section wpb_row height_auto\" id=\"redondas\"><div class=\"l-section-h i-cf\"><div class=\"g-cols vc_row type_default valign_top\"><div class=\"vc_col-sm-6 wpb_column vc_column_container has-fill\"><div class=\"vc_column-inner  vc_custom_1563530783564\"><div class=\"wpb_wrapper\"><div class=\"w-separator size_small\"><\/div>\r\n\t<div class=\"wpb_text_column  vc_custom_1566994465460\">\r\n\t\t<div class=\"wpb_wrapper\">\r\n\t\t\t<div id=\"comp-jamj01z8\" class=\"txtNew\" data-packed=\"true\">\n<div id=\"comp-jam7kx5f1\" class=\"txtNew\" data-packed=\"true\">\n<h4 class=\"font_2\"><span class=\"color_15\">ROBOT<\/span><\/h4>\n<h6><span style=\"color: #2b65a6;\">Sertisseuse de bo\u00eetes rondes<\/span><\/h6>\n<div id=\"comp-jam7mjlp\" class=\"txtNew\" data-packed=\"true\">\n<div id=\"comp-jam7mjlr\" class=\"txtNew\" data-packed=\"true\">\n<div id=\"comp-jam7kx5f1\" class=\"txtNew\" data-packed=\"true\">\n<p>Jusqu&#8217;\u00e0<strong> 60 bo\u00eetes\/minute.<\/strong><\/p>\n<\/div>\n<div class=\"txtNew\" data-packed=\"true\">Pour les bo\u00eetes de taille moyenne, petite et grande.<\/div>\n<\/div>\n<\/div>\n<\/div>\n<\/div>\n\r\n\t\t<\/div>\r\n\t<\/div>\r\n<div class=\"w-separator size_small\"><\/div><div class=\"w-btn-wrapper width_auto align_left vc_custom_1567492882846\"><a class=\"w-btn us-btn-style_3\" href=\"https:\/\/somme.com\/robot\/?lang=fr\" title=\"Robot Fran\" style=\"font-size:12px;\"><span class=\"w-btn-label\">En savoir plus<\/span><\/a><\/div><\/div><\/div><\/div><div class=\"vc_col-sm-6 wpb_column vc_column_container\"><div class=\"vc_column-inner\"><div class=\"wpb_wrapper\"><div class=\"w-separator size_small\"><\/div><div class=\"w-image align_center animate_afr\"><div class=\"w-image-h\"><img width=\"300\" height=\"276\" src=\"https:\/\/somme.com\/wp-content\/uploads\/2019\/07\/Captura1-300x276.png\" class=\"attachment-medium size-medium\" alt=\"Robot 80 round can seamer machine\" loading=\"lazy\" srcset=\"https:\/\/somme.com\/wp-content\/uploads\/2019\/07\/Captura1-300x276.png 300w, https:\/\/somme.com\/wp-content\/uploads\/2019\/07\/Captura1.png 867w\" sizes=\"(max-width: 300px) 100vw, 300px\" \/><\/div><\/div><\/div><\/div><\/div><\/div><\/div><\/section><section class=\"l-section wpb_row height_auto\"><div class=\"l-section-h i-cf\"><div class=\"g-cols vc_row type_default valign_top\"><div class=\"vc_col-sm-6 wpb_column vc_column_container\"><div class=\"vc_column-inner\"><div class=\"wpb_wrapper\"><div class=\"w-separator size_small\"><\/div><div class=\"w-image align_center animate_afl\"><div class=\"w-image-h\"><img width=\"300\" height=\"276\" src=\"https:\/\/somme.com\/wp-content\/uploads\/2019\/07\/Captura2-300x276.png\" class=\"attachment-medium size-medium\" alt=\"\" loading=\"lazy\" srcset=\"https:\/\/somme.com\/wp-content\/uploads\/2019\/07\/Captura2-300x276.png 300w, https:\/\/somme.com\/wp-content\/uploads\/2019\/07\/Captura2.png 867w\" sizes=\"(max-width: 300px) 100vw, 300px\" \/><\/div><\/div><\/div><\/div><\/div><div class=\"vc_col-sm-6 wpb_column vc_column_container has-fill\"><div class=\"vc_column-inner  vc_custom_1563530791892\"><div class=\"wpb_wrapper\"><div class=\"w-separator size_small\"><\/div>\r\n\t<div class=\"wpb_text_column  vc_custom_1566994586636\">\r\n\t\t<div class=\"wpb_wrapper\">\r\n\t\t\t<div id=\"comp-jamj01z8\" class=\"txtNew\" data-packed=\"true\">\n<div id=\"comp-jam7kx83\" class=\"txtNew\" data-packed=\"true\">\n<div id=\"comp-jamfcj2v\" class=\"txtNew\" data-packed=\"true\">\n<div id=\"comp-jam7kx5f1\" class=\"txtNew\" data-packed=\"true\">\n<h4 class=\"font_2\"><span class=\"color_15\">MASTER 340<\/span><span class=\"color_11\">\u00a0<\/span><span style=\"color: #99cc00;\">ECO<\/span><\/h4>\n<h6><span style=\"color: #99cc00;\">\u200bSertisseuse de bo\u00eetes rondes<\/span><\/h6>\n<p>Jusqu&#8217;\u00e0 <strong>90 bo\u00eetes\/minute.<\/strong><\/p>\n<\/div>\n<div class=\"txtNew\" data-packed=\"true\">Pour les bo\u00eetes de taille moyenne, petite et grande.<\/div>\n<\/div>\n<\/div>\n<\/div>\n\r\n\t\t<\/div>\r\n\t<\/div>\r\n<div class=\"w-separator size_small\"><\/div><div class=\"w-btn-wrapper width_auto align_left vc_custom_1567492923440\"><a class=\"w-btn us-btn-style_3\" href=\"https:\/\/somme.com\/master-340\/?lang=fr\" title=\"MASTER 340 GENERACI\u00d3N 2019 FRA\" style=\"font-size:12px;\"><span class=\"w-btn-label\">En savoir plus<\/span><\/a><\/div><\/div><\/div><\/div><\/div><\/div><\/section><section class=\"l-section wpb_row height_auto\"><div class=\"l-section-h i-cf\"><div class=\"g-cols vc_row type_default valign_top\"><div class=\"vc_col-sm-6 wpb_column vc_column_container has-fill\"><div class=\"vc_column-inner  vc_custom_1563530801291\"><div class=\"wpb_wrapper\"><div class=\"w-separator size_small\"><\/div>\r\n\t<div class=\"wpb_text_column  vc_custom_1566994714917\">\r\n\t\t<div class=\"wpb_wrapper\">\r\n\t\t\t<div id=\"comp-jamj01z8\" class=\"txtNew\" data-packed=\"true\">\n<div id=\"comp-jam7kx5f1\" class=\"txtNew\" data-packed=\"true\">\n<div id=\"comp-jatbppe31\" class=\"txtNew\" data-packed=\"false\" data-min-height=\"24\"><\/div>\n<div id=\"comp-jatbppe4\" class=\"txtNew\" data-packed=\"true\">\n<div id=\"comp-jatbppe31\" class=\"txtNew\" data-packed=\"false\" data-min-height=\"24\">\n<h4 class=\"font_6\"><span class=\"color_15\" style=\"font-size: 24px;\">SAGA <\/span><span style=\"font-size: 24px; color: #ffcf4c;\">4M<\/span><span class=\"color_15\" style=\"font-size: 24px;\">\/<\/span><span style=\"font-size: 24px; color: #ffcf4c;\">6M<\/span><span class=\"color_15\" style=\"font-size: 24px;\">\/<\/span><span style=\"font-size: 24px; color: #ffcf4c;\">8M<\/span><\/h4>\n<div id=\"comp-jam7kx5f1\" class=\"txtNew\" data-packed=\"true\">\n<h6><span style=\"color: #ffcc00;\">Sertisseuse de bo\u00eetes rondes<\/span><\/h6>\n<p>Jusqu&#8217;\u00e0 <strong>300, 450 ou 600 bo\u00eetes\/minute.<\/strong><\/p>\n<\/div>\n<div class=\"txtNew\" data-packed=\"true\">Pour les bo\u00eetes de taille moyenne et petite.<\/div>\n<\/div>\n<\/div>\n<\/div>\n<\/div>\n\r\n\t\t<\/div>\r\n\t<\/div>\r\n<div class=\"w-separator size_small\"><\/div><div class=\"w-btn-wrapper width_auto align_left vc_custom_1567492950719\"><a class=\"w-btn us-btn-style_3\" href=\"https:\/\/somme.com\/saga-m\/?lang=fr\" title=\"Saga M FRA\" style=\"font-size:12px;\"><span class=\"w-btn-label\">En savoir plus<\/span><\/a><\/div><\/div><\/div><\/div><div class=\"vc_col-sm-6 wpb_column vc_column_container\"><div class=\"vc_column-inner\"><div class=\"wpb_wrapper\"><div class=\"w-separator size_small\"><\/div><div class=\"w-image align_center animate_afr\"><div class=\"w-image-h\"><img width=\"300\" height=\"276\" src=\"https:\/\/somme.com\/wp-content\/uploads\/2019\/07\/Captura3-300x276.png\" class=\"attachment-medium size-medium\" alt=\"Saga round can seamer machine\" loading=\"lazy\" srcset=\"https:\/\/somme.com\/wp-content\/uploads\/2019\/07\/Captura3-300x276.png 300w, https:\/\/somme.com\/wp-content\/uploads\/2019\/07\/Captura3.png 867w\" sizes=\"(max-width: 300px) 100vw, 300px\" \/><\/div><\/div><\/div><\/div><\/div><\/div><\/div><\/section>\n","protected":false},"excerpt":{"rendered":"Revolution Slider Error: Slider with alias somme not found. Maybe you mean: 'inicio' or 'producto-master-340' or 'producto-robot' or 'producto-robot-galeria' or 'producto-saga' or 'producto-saga-galeria' SERTISSEUSES DE BO\u00ceTES AUTOMATIQUES Avec des productions pouvant atteindre 600 bo\u00eetes \/ minute et la possibilit\u00e9 de sertir du plus petit au plus grand bo\u00eetes (rond et irr\u00e9gulier), nos sertisseuses automatiques de...","protected":false},"author":2,"featured_media":0,"parent":9762,"menu_order":0,"comment_status":"closed","ping_status":"closed","template":"","meta":{"sfsi_plus_gutenberg_text_before_share":"","sfsi_plus_gutenberg_show_text_before_share":"","sfsi_plus_gutenberg_icon_type":"","sfsi_plus_gutenberg_icon_alignemt":"","sfsi_plus_gutenburg_max_per_row":""},"_links":{"self":[{"href":"https:\/\/somme.com\/fr\/wp-json\/wp\/v2\/pages\/9834"}],"collection":[{"href":"https:\/\/somme.com\/fr\/wp-json\/wp\/v2\/pages"}],"about":[{"href":"https:\/\/somme.com\/fr\/wp-json\/wp\/v2\/types\/page"}],"author":[{"embeddable":true,"href":"https:\/\/somme.com\/fr\/wp-json\/wp\/v2\/users\/2"}],"replies":[{"embeddable":true,"href":"https:\/\/somme.com\/fr\/wp-json\/wp\/v2\/comments?post=9834"}],"version-history":[{"count":8,"href":"https:\/\/somme.com\/fr\/wp-json\/wp\/v2\/pages\/9834\/revisions"}],"predecessor-version":[{"id":10885,"href":"https:\/\/somme.com\/fr\/wp-json\/wp\/v2\/pages\/9834\/revisions\/10885"}],"up":[{"embeddable":true,"href":"https:\/\/somme.com\/fr\/wp-json\/wp\/v2\/pages\/9762"}],"wp:attachment":[{"href":"https:\/\/somme.com\/fr\/wp-json\/wp\/v2\/media?parent=9834"}],"curies":[{"name":"wp","href":"https:\/\/api.w.org\/{rel}","templated":true}]}}