{"id":9914,"date":"2019-08-29T07:04:01","date_gmt":"2019-08-29T07:04:01","guid":{"rendered":"https:\/\/somme.com\/?page_id=9914"},"modified":"2019-12-26T12:40:42","modified_gmt":"2019-12-26T12:40:42","slug":"sertisseuses-de-boites-occasion","status":"publish","type":"page","link":"https:\/\/somme.com\/fr\/sertisseuses-de-boites\/sertisseuses-de-boites-occasion\/","title":{"rendered":"Sertisseuses de bo\u00eetes d\u00b4occasion"},"content":{"rendered":"<section class=\"l-section wpb_row height_auto with_slider with_overlay\"><div class=\"l-section-slider\">\t\t<div style=\"width:800px;height:300px;margin-bottom:10px;margin:0px auto;\">\r\n\t\t\t<div style=\"margin: auto; line-height: 40px; font-size: 14px; color: #FFF; padding: 15px; background: #E74C3C; margin: 20px 0px;\">\r\n\t\t\t\tRevolution Slider Error: Slider with alias <strong>somme<\/strong> not found. <br>Maybe you mean: 'inicio' or 'producto-master-340' or 'producto-robot' or 'producto-robot-galeria' or 'producto-saga' or 'producto-saga-galeria'\t\t\t<\/div>\r\n\t\t<\/div>\r\n\t\t<script type=\"text\/javascript\">\r\n\t\t\tjQuery(document).ready(function(){\r\n\t\t\t\tjQuery(\".rev_slider\").show();\r\n\t\t\t});\r\n\t\t<\/script>\r\n\t\t<\/div><div class=\"l-section-overlay\" style=\"background: #2b65a6\"><\/div><div class=\"l-section-h i-cf\"><div class=\"g-cols vc_row type_default valign_top\"><div class=\"vc_col-sm-12 wpb_column vc_column_container\"><div class=\"vc_column-inner\"><div class=\"wpb_wrapper\"><div class=\"w-separator size_medium\"><\/div>\r\n\t<div class=\"wpb_text_column \">\r\n\t\t<div class=\"wpb_wrapper\">\r\n\t\t\t<h1 class=\"font_0\" style=\"text-align: center;\"><span class=\"color_11\" style=\"color: #f5f5f5;\">SERTISSEUSES DE BO\u00ceTES D\u2019OCCASION<\/span><\/h1>\n\r\n\t\t<\/div>\r\n\t<\/div>\r\n<div class=\"w-separator size_small\"><\/div>\r\n\t<div class=\"wpb_text_column \">\r\n\t\t<div class=\"wpb_wrapper\">\r\n\t\t\t<div id=\"comp-j1xceqin\" class=\"txtNew\" data-packed=\"true\">\n<p class=\"font_8\" style=\"text-align: center;\"><span style=\"color: #f5f5f5;\">De temps en temps, nous recevons des sertisseuses d&#8217;occasion qui peuvent \u00eatre parfaitement r\u00e9vis\u00e9es pour r\u00e9pondre aux besoins de nos clients. En bas, vous trouverez une liste des machines disponibles pour le moment. Vous pouvez nous contacter pour plus d&#8217;informations<\/span><\/p>\n<\/div>\n\r\n\t\t<\/div>\r\n\t<\/div>\r\n<div class=\"w-separator size_medium\"><\/div><\/div><\/div><\/div><\/div><\/div><\/section>\n","protected":false},"excerpt":{"rendered":"Revolution Slider Error: Slider with alias somme not found. Maybe you mean: 'inicio' or 'producto-master-340' or 'producto-robot' or 'producto-robot-galeria' or 'producto-saga' or 'producto-saga-galeria' SERTISSEUSES DE BO\u00ceTES D\u2019OCCASION De temps en temps, nous recevons des sertisseuses d'occasion qui peuvent \u00eatre parfaitement r\u00e9vis\u00e9es pour r\u00e9pondre aux besoins de nos clients. En bas, vous trouverez une liste des...","protected":false},"author":2,"featured_media":0,"parent":9762,"menu_order":0,"comment_status":"closed","ping_status":"closed","template":"","meta":{"sfsi_plus_gutenberg_text_before_share":"","sfsi_plus_gutenberg_show_text_before_share":"","sfsi_plus_gutenberg_icon_type":"","sfsi_plus_gutenberg_icon_alignemt":"","sfsi_plus_gutenburg_max_per_row":""},"_links":{"self":[{"href":"https:\/\/somme.com\/fr\/wp-json\/wp\/v2\/pages\/9914"}],"collection":[{"href":"https:\/\/somme.com\/fr\/wp-json\/wp\/v2\/pages"}],"about":[{"href":"https:\/\/somme.com\/fr\/wp-json\/wp\/v2\/types\/page"}],"author":[{"embeddable":true,"href":"https:\/\/somme.com\/fr\/wp-json\/wp\/v2\/users\/2"}],"replies":[{"embeddable":true,"href":"https:\/\/somme.com\/fr\/wp-json\/wp\/v2\/comments?post=9914"}],"version-history":[{"count":5,"href":"https:\/\/somme.com\/fr\/wp-json\/wp\/v2\/pages\/9914\/revisions"}],"predecessor-version":[{"id":10888,"href":"https:\/\/somme.com\/fr\/wp-json\/wp\/v2\/pages\/9914\/revisions\/10888"}],"up":[{"embeddable":true,"href":"https:\/\/somme.com\/fr\/wp-json\/wp\/v2\/pages\/9762"}],"wp:attachment":[{"href":"https:\/\/somme.com\/fr\/wp-json\/wp\/v2\/media?parent=9914"}],"curies":[{"name":"wp","href":"https:\/\/api.w.org\/{rel}","templated":true}]}}